{"id":6002,"date":"2025-07-29T13:39:34","date_gmt":"2025-07-29T13:39:34","guid":{"rendered":"https:\/\/puffvapestore.com\/?post_type=product&#038;p=6002"},"modified":"2026-01-19T10:36:10","modified_gmt":"2026-01-19T10:36:10","slug":"bang-king-30000-resistance-mesh-et-une-batterie-rechargeable","status":"publish","type":"product","link":"https:\/\/puffvapestore.com\/nl\/product\/bang-king-30000-mesh-weerstand-en-oplaadbare-batterij\/","title":{"rendered":"Bang King 30000: 36 ml e-vloeistof, gaasweerstand, optionele nicotineconcentraties: 0 %, 2 %, 3 %, 5 %"},"content":{"rendered":"<div data-elementor-type=\"wp-post\" data-elementor-id=\"6002\" class=\"elementor elementor-6002\">\n\t\t\t\t<div class=\"elementor-element elementor-element-08c26f9 e-flex e-con-boxed e-con e-parent\" data-id=\"08c26f9\" data-element_type=\"container\" data-e-type=\"container\">\n\t\t\t\t\t<div class=\"e-con-inner\">\n\t\t\t\t<div class=\"elementor-element elementor-element-a005a97 elementor-widget elementor-widget-text-editor\" data-id=\"a005a97\" data-element_type=\"widget\" data-e-type=\"widget\" data-widget_type=\"text-editor.default\">\n\t\t\t\t<div class=\"elementor-widget-container\">\n\t\t\t\t\t\t\t\t\t<h2>Specificaties van de Bang King 30000<\/h2><p>Aantal trekjes: Elke elektronische sigaret biedt tot 30.000 trekjes.<\/p><p>Vloeistofinhoud: 36 ml<\/p><p>Batterijcapaciteit: 550 mAh, oplaadbaar via USB-C<\/p><p>Verstuivingsweerstand: maasweerstand van 1,0 \u03a9, rekening houdend met de smaak en het rookvolume.<\/p><p>Keuze uit nicotineconcentraties: 0 %, 2 %, 3 %, 5 %<\/p><h2>Functies van de Bang King 30000<\/h2><p>Dubbele smaakschakelfunctie: ondersteunt twee verschillende smaakschakelfuncties, gemakkelijk schakelen tussen smaken<\/p><p>Type-C snelladen: biedt sneller opladen voor de oplaadbare batterij van 550 mAh.<\/p><h2>Voordelen van de Bang King 30000<\/h2><p>Lichtgewicht: wegwerp elektronische sigaret ontwerp, geen noodzaak om olie toe te voegen of het gaas weerstand te vervangen, gemakkelijk mee te nemen.<\/p><p>Uitstekende autonomie: geschikt voor langdurig gebruik, u hoeft niet vaak op te laden of olie toe te voegen.<\/p><p>Structureel ontwerp: standaard stripvormig lichaam, aangenaam gevoel, gemakkelijke smaakverandering.<\/p><p>Hoge capaciteit (36 ml olie + 550 mAh batterij), lange levensduur.<\/p><p>De dubbele smaakverandering biedt verschillende smaakervaringen.<\/p><p>De weerstand van de mazen verbetert de rook en smaak.<\/p><p>Snel en handig opladen via USB-C.<\/p><h2>De Bang King 30000 dual flavour biedt 12 unieke smaakcombinaties<\/h2><p>De Bang King 30000 elektronische sigaret met twee smaken biedt 12 unieke smaakcombinaties om aan elke smaak te voldoen. Elke elektronische sigaret bevat 36 ml e-liquid met hoge capaciteit en biedt 30000 rookpufjes. Deze smaken zijn ontworpen met een dual flavour schakelsysteem, waardoor gebruikers kunnen genieten van twee totaal verschillende smaken in \u00e9\u00e9n enkele elektronische sigaret. Met een 1,0 ohm gaasweerstand en een 550 mAh oplaadbare batterij garandeert het een zachte, langdurige smaak. Of je nu de voorkeur geeft aan verfrissende, zoete of originele smaken, de Bang King 30K biedt je een ruime keuze.<\/p><h3>Verfrissende fruitige categorie:<\/h3><p>\u00abWatermelon Ice &amp; Blueberry Mint: Bevroren watermeloen biedt de zoete, sappige smaak van watermeloen, gecombineerd met de frisheid en zoetheid van bosbessenmunt, voor een sensatie van zomerse frisheid.<\/p><p>\u00abBlueberry Ice &amp; Black Dragon Ice: Blueberry ijs combineert met de mysterieuze smaak van zwarte drakenvrucht. Het zoete zuur van de bosbes en de unieke smaak van de drakenvrucht vullen elkaar harmonieus aan, voor een betoverende ijskoude nasmaak.<\/p><p>\u00abStrawberry Kiwi &amp; Peach Ice: De zoetzure fusie van aardbei kiwi, gecombineerd met het fruitige aroma en de frisheid van perzikijs, levert een rijke smaak, ideaal voor fans van verfrissende fruitsmaken.<\/p><h3>Zoete en fruitige categorie:<\/h3><p>Bosbessenijs &amp; Aardbei en banaan: Zoetzuur bosbessenijs combineert met de romige zoetheid van aardbei en banaan, met een vleugje zoete frisheid, ideaal voor zoetekauwen.<\/p><p>Aardbei Watermeloen &amp; Kiwi Passievrucht Guava: De zoetheid van aardbeienwatermeloen mengt zich met de tropische smaken van kiwi, passievrucht en guave voor een rijk fruitig feest.<\/p><p>Watermeloenijs &amp; Aardbei En Mango: De verfrissende smaak van watermeloenijs combineert met de tropische smaak van aardbei mango, zoet maar niet vet, voor een onvergetelijk moment.<\/p><p>\u00abBlueberry Raspberry &amp; Peach Mango Watermelon: De zuurgraad van bosbes en framboos mengt zich met de tropische smaken van perzik, mango en watermeloen voor een rijk, subtiel fruitig aroma.<\/p><p>\u00abAardbei en watermeloen &amp; druivenijs: De zoetheid van aardbei en watermeloen wordt gecombineerd met de frisse, fruitige smaak van ijskoude druiven om een evenwichtige ervaring van zoetheid en frisheid te cre\u00ebren.<\/p><h3>Een unieke en creatieve categorie:<\/h3><p>\u00abRed Bull &amp; Blueberry Watermelon: De unieke stimulatie van de Red Bull energiedrank wordt gecombineerd met de zoete, fruitige smaak van bosbes en watermeloen voor een levendige rookervaring.<\/p><p>\u00abRed Bull &amp; Watermelon Bubble Candy: De verfrissende smaak van Red Bull wordt gecombineerd met de zoetheid van watermeloenkauwgom voor een originele en aangename smaak.<\/p><p>\u00abBlueberry Raspberry &amp; Mixed Mouldy Fruit: De klassieke fruitige smaak van bosbes en framboos wordt gecombineerd met het unieke aroma van gefermenteerd fruit om een nieuwe smaakervaring te cre\u00ebren, ideaal voor vapers die op zoek zijn naar iets nieuws.<\/p><p>\u2018Strawberry Kiwi &amp; Sour Apple Raspberry\u2019: De zoetheid van aardbei kiwi wordt gecombineerd met de lichtzure fruitsmaak van zure appel framboos, met een evenwichtige zoete en zure smaak die opwindend is.<\/p>\t\t\t\t\t\t\t\t<\/div>\n\t\t\t\t<\/div>\n\t\t\t\t\t<\/div>\n\t\t\t\t<\/div>\n\t\t\t\t<\/div>","protected":false},"excerpt":{"rendered":"<p>Sp\u00e9cifications de la Bang King 30000 Nombre de bouff\u00e9es\u00a0: Chaque cigarette \u00e9lectronique offre jusqu\u2019\u00e0 30000 bouff\u00e9es. Capacit\u00e9 en liquide\u00a0: 36\u00a0ml Capacit\u00e9 de la batterie\u00a0: 550\u00a0mAh, rechargeable par USB-C R\u00e9sistance d\u2019atomisation\u00a0: R\u00e9sistance mesh de 1,0\u00a0\u03a9, prenant en compte le go\u00fbt et le volume de fum\u00e9e. Concentration de nicotine au choix\u00a0: 0\u00a0%, 2\u00a0%, 3\u00a0%, 5\u00a0% Fonctions de [&hellip;]<\/p>\n","protected":false},"featured_media":5987,"comment_status":"open","ping_status":"closed","template":"","meta":{"site-sidebar-layout":"no-sidebar","site-content-layout":"page-builder","ast-site-content-layout":"normal-width-container","site-content-style":"default","site-sidebar-style":"default","ast-global-header-display":"","ast-banner-title-visibility":"","ast-main-header-display":"","ast-hfb-above-header-display":"","ast-hfb-below-header-display":"","ast-hfb-mobile-header-display":"","site-post-title":"disabled","ast-breadcrumbs-content":"","ast-featured-img":"disabled","footer-sml-layout":"","ast-disable-related-posts":"","theme-transparent-header-meta":"default","adv-header-id-meta":"","stick-header-meta":"default","header-above-stick-meta":"","header-main-stick-meta":"","header-below-stick-meta":"","astra-migrate-meta-layouts":"set","ast-page-background-enabled":"default","ast-page-background-meta":{"desktop":{"background-color":"","background-image":"","background-repeat":"repeat","background-position":"center center","background-size":"auto","background-attachment":"scroll","background-type":"","background-media":"","overlay-type":"","overlay-color":"","overlay-opacity":"","overlay-gradient":""},"tablet":{"background-color":"","background-image":"","background-repeat":"repeat","background-position":"center center","background-size":"auto","background-attachment":"scroll","background-type":"","background-media":"","overlay-type":"","overlay-color":"","overlay-opacity":"","overlay-gradient":""},"mobile":{"background-color":"","background-image":"","background-repeat":"repeat","background-position":"center center","background-size":"auto","background-attachment":"scroll","background-type":"","background-media":"","overlay-type":"","overlay-color":"","overlay-opacity":"","overlay-gradient":""}},"ast-content-background-meta":{"desktop":{"background-color":"var(--ast-global-color-5)","background-image":"","background-repeat":"repeat","background-position":"center center","background-size":"auto","background-attachment":"scroll","background-type":"","background-media":"","overlay-type":"","overlay-color":"","overlay-opacity":"","overlay-gradient":""},"tablet":{"background-color":"var(--ast-global-color-5)","background-image":"","background-repeat":"repeat","background-position":"center center","background-size":"auto","background-attachment":"scroll","background-type":"","background-media":"","overlay-type":"","overlay-color":"","overlay-opacity":"","overlay-gradient":""},"mobile":{"background-color":"var(--ast-global-color-5)","background-image":"","background-repeat":"repeat","background-position":"center center","background-size":"auto","background-attachment":"scroll","background-type":"","background-media":"","overlay-type":"","overlay-color":"","overlay-opacity":"","overlay-gradient":""}}},"product_brand":[52],"product_cat":[55,86,15],"product_tag":[],"class_list":{"0":"post-6002","1":"product","2":"type-product","3":"status-publish","4":"has-post-thumbnail","6":"product_brand-bang-king","7":"product_cat-bang-king-30000-double-saveur-offre-jusqua-36ml-de-liquide","8":"product_cat-puff-30k","9":"product_cat-magasin-cigarette-electronique","10":"desktop-align-center","11":"tablet-align-center","12":"mobile-align-center","13":"ast-product-gallery-layout-horizontal","14":"ast-product-single-variable","15":"ast-product-tabs-layout-horizontal","16":"ast-qv-on-image","18":"first","19":"instock","20":"sale","21":"shipping-taxable","22":"purchasable","23":"product-type-variable","24":"has-default-attributes"},"tiered_pricing_type":"fixed","tiered_pricing_fixed_rules":{"50":7.33,"100":6.66},"tiered_pricing_product_settings":{"layout":"default","base_unit_name":{"singular":null,"plural":null},"default_variation":null},"tiered_pricing_minimum_quantity":null,"tiered_pricing_roles_data":[],"tiered_pricing_percentage_rules":[],"_links":{"self":[{"href":"https:\/\/puffvapestore.com\/nl\/wp-json\/wp\/v2\/product\/6002","targetHints":{"allow":["GET"]}}],"collection":[{"href":"https:\/\/puffvapestore.com\/nl\/wp-json\/wp\/v2\/product"}],"about":[{"href":"https:\/\/puffvapestore.com\/nl\/wp-json\/wp\/v2\/types\/product"}],"replies":[{"embeddable":true,"href":"https:\/\/puffvapestore.com\/nl\/wp-json\/wp\/v2\/comments?post=6002"}],"version-history":[{"count":6,"href":"https:\/\/puffvapestore.com\/nl\/wp-json\/wp\/v2\/product\/6002\/revisions"}],"predecessor-version":[{"id":6064,"href":"https:\/\/puffvapestore.com\/nl\/wp-json\/wp\/v2\/product\/6002\/revisions\/6064"}],"wp:featuredmedia":[{"embeddable":true,"href":"https:\/\/puffvapestore.com\/nl\/wp-json\/wp\/v2\/media\/5987"}],"wp:attachment":[{"href":"https:\/\/puffvapestore.com\/nl\/wp-json\/wp\/v2\/media?parent=6002"}],"wp:term":[{"taxonomy":"product_brand","embeddable":true,"href":"https:\/\/puffvapestore.com\/nl\/wp-json\/wp\/v2\/product_brand?post=6002"},{"taxonomy":"product_cat","embeddable":true,"href":"https:\/\/puffvapestore.com\/nl\/wp-json\/wp\/v2\/product_cat?post=6002"},{"taxonomy":"product_tag","embeddable":true,"href":"https:\/\/puffvapestore.com\/nl\/wp-json\/wp\/v2\/product_tag?post=6002"}],"curies":[{"name":"wp","href":"https:\/\/api.w.org\/{rel}","templated":true}]}}