{"id":5945,"date":"2025-07-29T06:29:07","date_gmt":"2025-07-29T06:29:07","guid":{"rendered":"https:\/\/puffvapestore.com\/?post_type=product&#038;p=5945"},"modified":"2026-02-05T03:54:29","modified_gmt":"2026-02-05T03:54:29","slug":"raspberry-mojito-peach-ice-strawberry-watermelon-kiwi-passion-fruit-guava-bang-leader-80k","status":"publish","type":"product","link":"https:\/\/puffvapestore.com\/nl\/product\/framboos-mojito-perzik-ijs-aardbei-watermeloen-kiwi-passievrucht-guave-bang-leader-80k\/","title":{"rendered":"Framboos Mojito Perzikijs &amp; Aardbei Watermeloen &amp; Kiwi Passievrucht Guave - Bang Leader 80K 3 in 1 Drievoudige Smaak"},"content":{"rendered":"<div data-elementor-type=\"wp-post\" data-elementor-id=\"5945\" class=\"elementor elementor-5945\">\n\t\t\t\t<div class=\"elementor-element elementor-element-08c26f9 e-flex e-con-boxed e-con e-parent\" data-id=\"08c26f9\" data-element_type=\"container\" data-e-type=\"container\">\n\t\t\t\t\t<div class=\"e-con-inner\">\n\t\t\t\t<div class=\"elementor-element elementor-element-a005a97 elementor-widget elementor-widget-text-editor\" data-id=\"a005a97\" data-element_type=\"widget\" data-e-type=\"widget\" data-widget_type=\"text-editor.default\">\n\t\t\t\t<div class=\"elementor-widget-container\">\n\t\t\t\t\t\t\t\t\t<p>Bang Leader 80000 3 in 1 Raspberry Mojito Iced Peach &amp; Strawberry Watermelon &amp; Kiwi Passion Fruit Guava biedt een combinatie van drie tropische, fruitige smaken: \u00abRaspberry Mojito Iced Peach\u00bb, \u00abStrawberry Watermelon\u00bb en \u00abKiwi Passion Fruit Guava\u00bb. Deze drie-in-een smaak voor elektronische sigaretten biedt een fusie van fruit, zoetzure balans en een ijzige sensatie, met complexe maar heldere nuances, ideaal voor fans van elektronische sigaretten die van fruitige smaken houden.<\/p><h2>Bevroren frambozenperzik Mojito<\/h2><p>Verfrissende Mojitobasis: De klassieke elementen van de Mojito - limoen en munt - zorgen voor een verfrissende koelte zodra je inhaleert, waardoor je de indruk krijgt midden in de zomer van een ijsdrankje aan zee te genieten.<\/p><p>De pittige frambozensmaak is krachtig en doordringend, met een unieke zuurgraad en een aroma van rood fruit die zeer verfrissend zijn.<\/p><p>De perzik is rond en zachtjes in balans: de smaak is niet overdreven, maar eerder een warme zoetheid, als een vruchtenmoes, die de zuurheid van de munt aan het begin van het gehemelte subtiel neutraliseert, waardoor het geheel completer wordt.<\/p><p>De sensatie van frisheid in de afdronk blijft lang hangen, met een lichte nasmaak van munt.<\/p><h2>Watermeloen Aardbei<\/h2><p>Watermeloen is het hoofdingredi\u00ebnt, met een volle, verfrissende zoetheid: in tegenstelling tot kunstmatige watermeloensnoepjes staat deze watermeloensmaak dichter bij het sap van verse vruchtenpulp.<\/p><p>Aardbei versterkt het aroma, de zoetheid en de zachtheid: aardbei onthult een melkachtige toets die zich mengt met de fruitige aroma's, waardoor de algehele zoetheid aangenamer en niet vet wordt.<\/p><h2>Kiwi, passievrucht, guave<\/h2><p>Kiwi heeft een pittige, geurige basis, met een lichte huidsensatie: het geeft je een lichte huidsensatie vanaf de eerste inhalatie, zeer vergelijkbaar met echte kiwi.<\/p><p>Passievrucht verlicht het aroma in het hart: zijn krachtige aroma is explosief, met een lichte sensatie van frisheid, zoals een fruitkraam onder de tropische zon.<\/p><p>De guave voegt een gevoel van dikte en een licht melkachtige, zoete afdronk toe: het voegt een intense smaak van vruchtenmoes toe, terwijl de staart voller en langer is.<\/p><p>Het is zuurder dan zoet en heeft een typische \u00abtropische storm\u00bb-smaak: de pittige, verfrissende impact is duidelijk, ideaal voor mensen met een sterke smaak die de echte smaak van tropisch fruit waarderen.<\/p><h2>Drie smaakveranderingssystemen, grote 78 ml e-vloeistoftank<\/h2><p>De Bang Leader 80000 Raspberry Mojito Peach Ice &amp; Strawberry Watermelon &amp; Kiwi Passion Fruit Guava heeft een innovatief drie-in-\u00e9\u00e9n ontwerp, met drie onafhankelijke ge\u00efntegreerde e-liquid tanks, elk met een capaciteit van 26 ml, voor een totaal van 78 ml vloeistof. De smaakkeuzeschakelaar maakt het gemakkelijk om van smaak te veranderen, en er verschijnen drie smaken tegelijk op dezelfde elektronische sigaret, waardoor je de vrijheid hebt om op elk moment van stemming en smaak te veranderen.<\/p><p>Elke Bang Leader 80000 Raspberry Mojito Peach Ice &amp; Strawberry Watermelon &amp; Kiwi Passion Fruit Guava elektronische sigaret is uitzonderlijk duurzaam onder de wegwerpartikelen en kan tot 80K trekjes leveren, waardoor het de ideale keuze is voor regelmatige gebruikers. Geniet van langdurig gebruik en minder vaak vervangen.<\/p><p>Tot vier nicotinesterktes beschikbaar: 0 %, 2 %, 3 %, 5 %. Of je nu op zoek bent naar een verfrissende nicotinevrije ervaring of een roker bent die op zoek is naar een zeer geconcentreerde throat hit, je zult de intensiteit vinden die bij je past en gemakkelijk aan te passen aan je stoppen-met-roken behoeften of veranderingen in smaak.<\/p><h2>1,0 \u03a9 maasweerstand, exquise smaak van het volgende niveau<\/h2><p>De Bang Leader 80000 Raspberry Mojito Peach Ice &amp; Strawberry Watermelon &amp; Kiwi Passion Fruit Guava heeft een hoogwaardige 1.0 \u03a9 mesh weerstand, die gelijkmatiger verwarmt en beter vernevelt dan traditionele weerstanden, voor een rijke, niet-irriterende rook. Elk trekje is zacht en romig, waardoor de authentieke smaak van de e-liquid maximaal vrijkomt.<\/p><h2>Type-C 850 mAh snellaadbatterij, stabiele uitvoer zonder stroomonderbreking<\/h2><p>Ingebouwde oplaadbare lithiumbatterij met een hoge capaciteit van 850 mAh, compatibel met Type-C snellaadinterface, voor een oplaadtijd van ongeveer 60 minuten. Dankzij de lange levensduur van de batterij en het effici\u00ebnte opladen kun je gemotiveerd blijven en genieten van een ononderbroken, hoogwaardige vaping-ervaring.<\/p><p>De ge\u00efntegreerde behuizing is licht en draagbaar en combineert een ergonomisch ontwerp met slijtvastheid, waardoor het ideaal is voor dagelijks vervoer en intensief gebruik. Het drie-in-\u00e9\u00e9n ontwerp is niet alleen praktischer, maar vermindert ook het gewicht dat gepaard gaat met het meenemen van meerdere elektronische sigaretten. Een must-have voor fans van rijke smaken.<\/p>\t\t\t\t\t\t\t\t<\/div>\n\t\t\t\t<\/div>\n\t\t\t\t\t<\/div>\n\t\t\t\t<\/div>\n\t\t\t\t<\/div>","protected":false},"excerpt":{"rendered":"<p>Le Bang Leader 80000 3 en 1 Framboise Mojito P\u00eache Glac\u00e9e &amp; Fraise Past\u00e8que &amp; Kiwi Fruit de la Passion Goyave propose une combinaison de trois saveurs tropicales et fruit\u00e9es\u00a0: \u00ab\u00a0Framboise Mojito P\u00eache Glac\u00e9e\u00a0\u00bb, \u00ab\u00a0Fraise Past\u00e8que\u00a0\u00bb et \u00ab\u00a0Kiwi Fruit de la Passion Goyave\u00a0\u00bb. Cet ar\u00f4me trois-en-un pour cigarette \u00e9lectronique offre une fusion de fruits, un [&hellip;]<\/p>\n","protected":false},"featured_media":5724,"comment_status":"open","ping_status":"closed","template":"","meta":{"site-sidebar-layout":"no-sidebar","site-content-layout":"page-builder","ast-site-content-layout":"normal-width-container","site-content-style":"default","site-sidebar-style":"default","ast-global-header-display":"","ast-banner-title-visibility":"","ast-main-header-display":"","ast-hfb-above-header-display":"","ast-hfb-below-header-display":"","ast-hfb-mobile-header-display":"","site-post-title":"disabled","ast-breadcrumbs-content":"","ast-featured-img":"disabled","footer-sml-layout":"","ast-disable-related-posts":"","theme-transparent-header-meta":"default","adv-header-id-meta":"","stick-header-meta":"default","header-above-stick-meta":"","header-main-stick-meta":"","header-below-stick-meta":"","astra-migrate-meta-layouts":"set","ast-page-background-enabled":"default","ast-page-background-meta":{"desktop":{"background-color":"","background-image":"","background-repeat":"repeat","background-position":"center center","background-size":"auto","background-attachment":"scroll","background-type":"","background-media":"","overlay-type":"","overlay-color":"","overlay-opacity":"","overlay-gradient":""},"tablet":{"background-color":"","background-image":"","background-repeat":"repeat","background-position":"center center","background-size":"auto","background-attachment":"scroll","background-type":"","background-media":"","overlay-type":"","overlay-color":"","overlay-opacity":"","overlay-gradient":""},"mobile":{"background-color":"","background-image":"","background-repeat":"repeat","background-position":"center center","background-size":"auto","background-attachment":"scroll","background-type":"","background-media":"","overlay-type":"","overlay-color":"","overlay-opacity":"","overlay-gradient":""}},"ast-content-background-meta":{"desktop":{"background-color":"var(--ast-global-color-5)","background-image":"","background-repeat":"repeat","background-position":"center center","background-size":"auto","background-attachment":"scroll","background-type":"","background-media":"","overlay-type":"","overlay-color":"","overlay-opacity":"","overlay-gradient":""},"tablet":{"background-color":"var(--ast-global-color-5)","background-image":"","background-repeat":"repeat","background-position":"center center","background-size":"auto","background-attachment":"scroll","background-type":"","background-media":"","overlay-type":"","overlay-color":"","overlay-opacity":"","overlay-gradient":""},"mobile":{"background-color":"var(--ast-global-color-5)","background-image":"","background-repeat":"repeat","background-position":"center center","background-size":"auto","background-attachment":"scroll","background-type":"","background-media":"","overlay-type":"","overlay-color":"","overlay-opacity":"","overlay-gradient":""}}},"product_brand":[53],"product_cat":[54,106,15],"product_tag":[],"class_list":{"0":"post-5945","1":"product","2":"type-product","3":"status-publish","4":"has-post-thumbnail","6":"product_brand-bang-cree-une-cigarette-electronique-plus-confortable","7":"product_cat-bang-leader-80k-dispose-de-trois-reservoirs-de-liquide-independants-integres","8":"product_cat-puff-80k","9":"product_cat-magasin-cigarette-electronique","10":"desktop-align-center","11":"tablet-align-center","12":"mobile-align-center","13":"ast-product-gallery-layout-horizontal","14":"ast-product-gallery-with-no-image","15":"ast-product-single-variable","16":"ast-product-tabs-layout-horizontal","17":"ast-qv-on-image","19":"first","20":"outofstock","21":"sale","22":"shipping-taxable","23":"purchasable","24":"product-type-variable","25":"has-default-attributes"},"tiered_pricing_type":"fixed","tiered_pricing_fixed_rules":{"50":7.24,"100":6.45},"tiered_pricing_product_settings":{"layout":"default","base_unit_name":{"singular":null,"plural":null},"default_variation":null},"tiered_pricing_minimum_quantity":null,"tiered_pricing_roles_data":[],"tiered_pricing_percentage_rules":[],"_links":{"self":[{"href":"https:\/\/puffvapestore.com\/nl\/wp-json\/wp\/v2\/product\/5945","targetHints":{"allow":["GET"]}}],"collection":[{"href":"https:\/\/puffvapestore.com\/nl\/wp-json\/wp\/v2\/product"}],"about":[{"href":"https:\/\/puffvapestore.com\/nl\/wp-json\/wp\/v2\/types\/product"}],"replies":[{"embeddable":true,"href":"https:\/\/puffvapestore.com\/nl\/wp-json\/wp\/v2\/comments?post=5945"}],"version-history":[{"count":11,"href":"https:\/\/puffvapestore.com\/nl\/wp-json\/wp\/v2\/product\/5945\/revisions"}],"predecessor-version":[{"id":6227,"href":"https:\/\/puffvapestore.com\/nl\/wp-json\/wp\/v2\/product\/5945\/revisions\/6227"}],"wp:featuredmedia":[{"embeddable":true,"href":"https:\/\/puffvapestore.com\/nl\/wp-json\/wp\/v2\/media\/5724"}],"wp:attachment":[{"href":"https:\/\/puffvapestore.com\/nl\/wp-json\/wp\/v2\/media?parent=5945"}],"wp:term":[{"taxonomy":"product_brand","embeddable":true,"href":"https:\/\/puffvapestore.com\/nl\/wp-json\/wp\/v2\/product_brand?post=5945"},{"taxonomy":"product_cat","embeddable":true,"href":"https:\/\/puffvapestore.com\/nl\/wp-json\/wp\/v2\/product_cat?post=5945"},{"taxonomy":"product_tag","embeddable":true,"href":"https:\/\/puffvapestore.com\/nl\/wp-json\/wp\/v2\/product_tag?post=5945"}],"curies":[{"name":"wp","href":"https:\/\/api.w.org\/{rel}","templated":true}]}}