{"id":5934,"date":"2025-07-29T03:19:53","date_gmt":"2025-07-29T03:19:53","guid":{"rendered":"https:\/\/puffvapestore.com\/?post_type=product&#038;p=5934"},"modified":"2026-02-05T03:54:29","modified_gmt":"2026-02-05T03:54:29","slug":"watermelon-ice-strawberry-mango-banana-bang-leader-80k","status":"publish","type":"product","link":"https:\/\/puffvapestore.com\/nl\/product\/watermeloen-ijs-aardbei-mango-banaan-bang-leader-80k\/","title":{"rendered":"Watermeloenijs &amp; Aardbei Mango &amp; Banaan - Bang Leader 80K 3 in 1 Drievoudige Smaak"},"content":{"rendered":"<div data-elementor-type=\"wp-post\" data-elementor-id=\"5934\" class=\"elementor elementor-5934\">\n\t\t\t\t<div class=\"elementor-element elementor-element-08c26f9 e-flex e-con-boxed e-con e-parent\" data-id=\"08c26f9\" data-element_type=\"container\" data-e-type=\"container\">\n\t\t\t\t\t<div class=\"e-con-inner\">\n\t\t\t\t<div class=\"elementor-element elementor-element-a005a97 elementor-widget elementor-widget-text-editor\" data-id=\"a005a97\" data-element_type=\"widget\" data-e-type=\"widget\" data-widget_type=\"text-editor.default\">\n\t\t\t\t<div class=\"elementor-widget-container\">\n\t\t\t\t\t\t\t\t\t<p>De kracht van de Bang Leader 80000 ligt in zijn unieke drie-in-een ontwerp, uitgerust met drie onafhankelijke 26 ml e-liquid tanks, met een totale capaciteit van maximaal 78 ml, waardoor tot 80.000 trekjes mogelijk zijn. Elke Bang Leader 80000 e-sigaret is verkrijgbaar in drie verschillende smaken, ontworpen om elke liefhebber tevreden te stellen:<\/p><h2>Bevroren watermeloen smaak<\/h2><p>Wanneer de laatste stralen van de Parijse schemering verschijnen, neem dan een langzame slok ijskoude watermeloen damp vanaf je balkon. Het frisse, fruitige aroma brengt je naar een zomerse boomgaard in Zuid-Frankrijk. De verfrissende smaak, vergezeld van een subtiel vleugje munt en ijs, kalmeert lichaam en geest na een vermoeiende dag.<\/p><h2>Aardbei Mango smaak<\/h2><p>Deze aardbeien-mangosmaak doet denken aan een zonsondergang aan de C\u00f4te d'Azur in Zuid-Frankrijk met zijn fruitige, hartstochtelijke aroma's. De zoetheid van aardbeien ontmoet de tropische rijkdom van mango's voor een rijke smaak. De zoetheid van aardbeien ontmoet de tropische rijkdom van mango's voor een rijke smaak. Een sigaret roken op straat 's avonds laat na een muziekfestival is niet alleen een genot voor de smaakpapillen, maar ook een spirituele dans.<\/p><h2>Bananensmaak<\/h2><p>Het bananenaroma geeft je een warm, zacht gevoel van welzijn, alsof je in een hoekje van een literair caf\u00e9 zit, in een lichte regen, en je thuis bent, bladerend door oude tijdschriften terwijl je geniet van de zachte wolken gehuld in een bananenaroma. Neem een trekje van een elektronische sigaret om te ontspannen; deze rust is een zeldzaam moment van welzijn in ons moderne ritme.<\/p><h2>Drie smaakveranderingssystemen, grote 78 ml e-vloeistoftank<\/h2><p>De Bang Leader 80000 Watermelon Ice &amp; Strawberry Mango &amp; Banana heeft een innovatief drie-in-\u00e9\u00e9n ontwerp, met drie onafhankelijke ge\u00efntegreerde e-liquid tanks, elk met een capaciteit van 26 ml, voor een totaal van 78 ml vloeistof. De smaakkeuzeschakelaar maakt het gemakkelijk om van smaak te veranderen en er verschijnen drie smaken tegelijk op dezelfde elektronische sigaret, zodat je op elk moment van stemming en smaak kunt veranderen.<\/p><p>Elke elektronische sigaret Bang Leader 80000 Watermelon Ice &amp; Strawberry Mango &amp; Banana is uitzonderlijk duurzaam onder de wegwerpproducten en kan tot 80K trekjes leveren, waardoor het de ideale keuze is voor regelmatige dampers. Geniet van langdurig gebruik en minder vaak vervangen.<\/p><p>Tot vier nicotinesterktes beschikbaar: 0 %, 2 %, 3 %, 5 %. Of je nu op zoek bent naar een verfrissende nicotinevrije ervaring of een roker bent die op zoek is naar een zeer geconcentreerde throat hit, je zult de intensiteit vinden die bij je past en gemakkelijk aan te passen aan je stoppen-met-roken behoeften of veranderingen in smaak.<\/p><h2>1,0 \u03a9 maasweerstand, exquise smaak van het volgende niveau<\/h2><p>De Bang Leader 80000 Watermelon Ice &amp; Strawberry Mango &amp; Banana is voorzien van een hoogwaardige 1.0 \u03a9 mesh weerstand, die gelijkmatiger verwarmt en beter vernevelt dan traditionele weerstanden, voor een rijke, niet-irriterende rook. Elk trekje is zacht en romig, waardoor de authentieke smaak van de e-liquid maximaal vrijkomt.<\/p><h2>Type-C 850 mAh snellaadbatterij, stabiele uitvoer zonder stroomonderbreking<\/h2><p>Ingebouwde oplaadbare lithiumbatterij met een hoge capaciteit van 850 mAh, compatibel met Type-C snellaadinterface, voor een oplaadtijd van ongeveer 60 minuten. Dankzij de lange levensduur van de batterij en het effici\u00ebnte opladen kun je gemotiveerd blijven en genieten van een ononderbroken, hoogwaardige vaping-ervaring.<\/p><p>De ge\u00efntegreerde behuizing is licht en draagbaar en combineert een ergonomisch ontwerp met slijtvastheid, waardoor het ideaal is voor dagelijks vervoer en intensief gebruik. Het drie-in-\u00e9\u00e9n ontwerp is niet alleen praktischer, maar vermindert ook het gewicht dat gepaard gaat met het meenemen van meerdere elektronische sigaretten. Een must-have voor fans van rijke smaken.<\/p>\t\t\t\t\t\t\t\t<\/div>\n\t\t\t\t<\/div>\n\t\t\t\t\t<\/div>\n\t\t\t\t<\/div>\n\t\t\t\t<\/div>","protected":false},"excerpt":{"rendered":"<p>Le point fort du Bang Leader 80000 r\u00e9side dans sa conception unique trois-en-un, \u00e9quip\u00e9e de trois r\u00e9servoirs d&rsquo;e-liquide ind\u00e9pendants de 26 ml, d&rsquo;une capacit\u00e9 totale allant jusqu&rsquo;\u00e0 78 ml, permettant jusqu&rsquo;\u00e0 80000 bouff\u00e9es. Chaque e-cigarette Bang Leader 80000 propose trois saveurs diff\u00e9rentes, con\u00e7ues pour satisfaire tous les amateurs\u00a0: Saveur Past\u00e8que Glac\u00e9e Lorsque le cr\u00e9puscule parisien [&hellip;]<\/p>\n","protected":false},"featured_media":5729,"comment_status":"open","ping_status":"closed","template":"","meta":{"site-sidebar-layout":"no-sidebar","site-content-layout":"page-builder","ast-site-content-layout":"normal-width-container","site-content-style":"default","site-sidebar-style":"default","ast-global-header-display":"","ast-banner-title-visibility":"","ast-main-header-display":"","ast-hfb-above-header-display":"","ast-hfb-below-header-display":"","ast-hfb-mobile-header-display":"","site-post-title":"disabled","ast-breadcrumbs-content":"","ast-featured-img":"disabled","footer-sml-layout":"","ast-disable-related-posts":"","theme-transparent-header-meta":"default","adv-header-id-meta":"","stick-header-meta":"default","header-above-stick-meta":"","header-main-stick-meta":"","header-below-stick-meta":"","astra-migrate-meta-layouts":"set","ast-page-background-enabled":"default","ast-page-background-meta":{"desktop":{"background-color":"","background-image":"","background-repeat":"repeat","background-position":"center center","background-size":"auto","background-attachment":"scroll","background-type":"","background-media":"","overlay-type":"","overlay-color":"","overlay-opacity":"","overlay-gradient":""},"tablet":{"background-color":"","background-image":"","background-repeat":"repeat","background-position":"center center","background-size":"auto","background-attachment":"scroll","background-type":"","background-media":"","overlay-type":"","overlay-color":"","overlay-opacity":"","overlay-gradient":""},"mobile":{"background-color":"","background-image":"","background-repeat":"repeat","background-position":"center center","background-size":"auto","background-attachment":"scroll","background-type":"","background-media":"","overlay-type":"","overlay-color":"","overlay-opacity":"","overlay-gradient":""}},"ast-content-background-meta":{"desktop":{"background-color":"var(--ast-global-color-5)","background-image":"","background-repeat":"repeat","background-position":"center center","background-size":"auto","background-attachment":"scroll","background-type":"","background-media":"","overlay-type":"","overlay-color":"","overlay-opacity":"","overlay-gradient":""},"tablet":{"background-color":"var(--ast-global-color-5)","background-image":"","background-repeat":"repeat","background-position":"center center","background-size":"auto","background-attachment":"scroll","background-type":"","background-media":"","overlay-type":"","overlay-color":"","overlay-opacity":"","overlay-gradient":""},"mobile":{"background-color":"var(--ast-global-color-5)","background-image":"","background-repeat":"repeat","background-position":"center center","background-size":"auto","background-attachment":"scroll","background-type":"","background-media":"","overlay-type":"","overlay-color":"","overlay-opacity":"","overlay-gradient":""}}},"product_brand":[53],"product_cat":[54,106,15],"product_tag":[],"class_list":{"0":"post-5934","1":"product","2":"type-product","3":"status-publish","4":"has-post-thumbnail","6":"product_brand-bang-cree-une-cigarette-electronique-plus-confortable","7":"product_cat-bang-leader-80k-dispose-de-trois-reservoirs-de-liquide-independants-integres","8":"product_cat-puff-80k","9":"product_cat-magasin-cigarette-electronique","10":"desktop-align-center","11":"tablet-align-center","12":"mobile-align-center","13":"ast-product-gallery-layout-horizontal","14":"ast-product-gallery-with-no-image","15":"ast-product-single-variable","16":"ast-product-tabs-layout-horizontal","17":"ast-qv-on-image","19":"first","20":"outofstock","21":"sale","22":"shipping-taxable","23":"purchasable","24":"product-type-variable","25":"has-default-attributes"},"tiered_pricing_type":"fixed","tiered_pricing_fixed_rules":{"50":7.24,"100":6.45},"tiered_pricing_product_settings":{"layout":"default","base_unit_name":{"singular":null,"plural":null},"default_variation":null},"tiered_pricing_minimum_quantity":null,"tiered_pricing_roles_data":[],"tiered_pricing_percentage_rules":[],"_links":{"self":[{"href":"https:\/\/puffvapestore.com\/nl\/wp-json\/wp\/v2\/product\/5934","targetHints":{"allow":["GET"]}}],"collection":[{"href":"https:\/\/puffvapestore.com\/nl\/wp-json\/wp\/v2\/product"}],"about":[{"href":"https:\/\/puffvapestore.com\/nl\/wp-json\/wp\/v2\/types\/product"}],"replies":[{"embeddable":true,"href":"https:\/\/puffvapestore.com\/nl\/wp-json\/wp\/v2\/comments?post=5934"}],"version-history":[{"count":7,"href":"https:\/\/puffvapestore.com\/nl\/wp-json\/wp\/v2\/product\/5934\/revisions"}],"predecessor-version":[{"id":6226,"href":"https:\/\/puffvapestore.com\/nl\/wp-json\/wp\/v2\/product\/5934\/revisions\/6226"}],"wp:featuredmedia":[{"embeddable":true,"href":"https:\/\/puffvapestore.com\/nl\/wp-json\/wp\/v2\/media\/5729"}],"wp:attachment":[{"href":"https:\/\/puffvapestore.com\/nl\/wp-json\/wp\/v2\/media?parent=5934"}],"wp:term":[{"taxonomy":"product_brand","embeddable":true,"href":"https:\/\/puffvapestore.com\/nl\/wp-json\/wp\/v2\/product_brand?post=5934"},{"taxonomy":"product_cat","embeddable":true,"href":"https:\/\/puffvapestore.com\/nl\/wp-json\/wp\/v2\/product_cat?post=5934"},{"taxonomy":"product_tag","embeddable":true,"href":"https:\/\/puffvapestore.com\/nl\/wp-json\/wp\/v2\/product_tag?post=5934"}],"curies":[{"name":"wp","href":"https:\/\/api.w.org\/{rel}","templated":true}]}}