{"id":5923,"date":"2025-07-27T18:11:26","date_gmt":"2025-07-27T18:11:26","guid":{"rendered":"https:\/\/puffvapestore.com\/?post_type=product&#038;p=5923"},"modified":"2026-02-05T03:54:29","modified_gmt":"2026-02-05T03:54:29","slug":"avocado-ice-lemon-lime-watermelon-raspberry-bang-leader-80k-triple-saveur","status":"publish","type":"product","link":"https:\/\/puffvapestore.com\/nl\/product\/avocado-ijs-citroen-limoen-watermeloen-framboos-bang-leader-80k-driedubbele-smaak\/","title":{"rendered":"Avocado Ice &amp; Citroenlimoen &amp; Watermeloen Framboos - Bang Leader 80K 3 in 1 Drievoudige Smaak"},"content":{"rendered":"<div data-elementor-type=\"wp-post\" data-elementor-id=\"5923\" class=\"elementor elementor-5923\">\n\t\t\t\t<div class=\"elementor-element elementor-element-08c26f9 e-flex e-con-boxed e-con e-parent\" data-id=\"08c26f9\" data-element_type=\"container\" data-e-type=\"container\">\n\t\t\t\t\t<div class=\"e-con-inner\">\n\t\t\t\t<div class=\"elementor-element elementor-element-a005a97 elementor-widget elementor-widget-text-editor\" data-id=\"a005a97\" data-element_type=\"widget\" data-e-type=\"widget\" data-widget_type=\"text-editor.default\">\n\t\t\t\t<div class=\"elementor-widget-container\">\n\t\t\t\t\t\t\t\t\t<p>Ga na een drukke werkdag comfortabel op een balkon in een ligstoel zitten, haal diep adem en trek de elektronische sigaret Bang Leader 80K Avocado Ice &amp; Lemon Lime &amp; Watermelon Raspberry uit de kast. Het eerste trekje is Avocado Ice, een verfrissende samensmelting van de zoetheid van avocado en ijs, alsof je je ontspant in de zeebries van de Provence, in het zuiden van Frankrijk. Schakel over naar de Lime smaak en je voelt de dubbele citroenachtige frisheid van limoen en citroen in je mond, net als de opwinding van een ijskoude limonade in de straten van Parijs. En als je overschakelt naar de Watermelon Raspberry smaak, een mix van zoete watermeloen en licht wrange framboos, waan je je 's middags op een prachtig strand. Het is een aangename ervaring, ideaal voor een moment van ontspanning.<\/p><h2>Drie smaakveranderingssystemen, grote 78 ml e-vloeistoftank<\/h2><p>De Bang Leader 80000 Avocado Ice &amp; Lemon Lime &amp; Watermelon Raspberry heeft een innovatief drie-in-\u00e9\u00e9n ontwerp, met drie onafhankelijke ge\u00efntegreerde e-liquid tanks, elk met een capaciteit van 26 ml, voor een totaal van 78 ml vloeistof. De smaakkeuzeschakelaar maakt het gemakkelijk om van smaak te veranderen en er verschijnen drie smaken tegelijk op dezelfde elektronische sigaret, zodat je op elk moment van stemming en smaak kunt veranderen.<\/p><p>Uitzonderlijk duurzaam onder de wegwerptoestellen, kan elke Bang Leader 80000 Avocado Ice &amp; Lemon Lime &amp; Watermelon Raspberry elektronische sigaret tot 80K trekjes leveren, waardoor het de ideale keuze is voor regelmatige vapers. Geniet van langdurig gebruik en verminder het aantal vervangingen.<\/p><p>Tot vier nicotinesterktes beschikbaar: 0 %, 2 %, 3 %, 5 %. Of je nu op zoek bent naar een verfrissende nicotinevrije ervaring of een roker bent die op zoek is naar een zeer geconcentreerde throat hit, je zult de intensiteit vinden die bij je past en gemakkelijk aan te passen aan je stoppen-met-roken behoeften of veranderingen in smaak.<\/p><h2>1,0 \u03a9 maasweerstand, exquise smaak van het volgende niveau<\/h2><p>De Bang Leader 80000 Avocado Ice &amp; Lemon Lime &amp; Watermelon Raspberry heeft een hoogwaardige 1.0 \u03a9 mesh weerstand, die gelijkmatiger verwarmt en beter vernevelt dan traditionele weerstanden, voor een rijke, niet-irriterende rook. Elk trekje is zacht en romig, waardoor de authentieke smaak van de e-liquid maximaal vrijkomt.<\/p><h2>Type-C 850 mAh snellaadbatterij, stabiele uitvoer zonder stroomonderbreking<\/h2><p>Ingebouwde oplaadbare lithiumbatterij met een hoge capaciteit van 850 mAh, compatibel met Type-C snellaadinterface, voor een oplaadtijd van ongeveer 60 minuten. Dankzij de lange levensduur van de batterij en het effici\u00ebnte opladen kun je gemotiveerd blijven en genieten van een ononderbroken, hoogwaardige vaping-ervaring.<\/p><p>De ge\u00efntegreerde behuizing is licht en draagbaar en combineert een ergonomisch ontwerp met slijtvastheid, waardoor het ideaal is voor dagelijks vervoer en intensief gebruik. Het drie-in-\u00e9\u00e9n ontwerp is niet alleen praktischer, maar vermindert ook het gewicht dat gepaard gaat met het meenemen van meerdere elektronische sigaretten. Een must-have voor fans van rijke smaken.<\/p>\t\t\t\t\t\t\t\t<\/div>\n\t\t\t\t<\/div>\n\t\t\t\t\t<\/div>\n\t\t\t\t<\/div>\n\t\t\t\t<\/div>","protected":false},"excerpt":{"rendered":"<p>Apr\u00e8s une journ\u00e9e de travail bien remplie, installez-vous confortablement sur un balcon, dans une chaise longue, inspirez profond\u00e9ment et sortez la cigarette \u00e9lectronique Bang Leader 80K Avocado Ice &amp; Lemon Lime &amp; Watermelon Raspberry. La premi\u00e8re bouff\u00e9e est \u00e0 l&rsquo;Avocat Glac\u00e9, une fusion rafra\u00eechissante de la douceur de l&rsquo;avocat et de la glace, comme si [&hellip;]<\/p>\n","protected":false},"featured_media":5718,"comment_status":"open","ping_status":"closed","template":"","meta":{"site-sidebar-layout":"no-sidebar","site-content-layout":"page-builder","ast-site-content-layout":"normal-width-container","site-content-style":"default","site-sidebar-style":"default","ast-global-header-display":"","ast-banner-title-visibility":"","ast-main-header-display":"","ast-hfb-above-header-display":"","ast-hfb-below-header-display":"","ast-hfb-mobile-header-display":"","site-post-title":"disabled","ast-breadcrumbs-content":"","ast-featured-img":"disabled","footer-sml-layout":"","ast-disable-related-posts":"","theme-transparent-header-meta":"default","adv-header-id-meta":"","stick-header-meta":"default","header-above-stick-meta":"","header-main-stick-meta":"","header-below-stick-meta":"","astra-migrate-meta-layouts":"set","ast-page-background-enabled":"default","ast-page-background-meta":{"desktop":{"background-color":"","background-image":"","background-repeat":"repeat","background-position":"center center","background-size":"auto","background-attachment":"scroll","background-type":"","background-media":"","overlay-type":"","overlay-color":"","overlay-opacity":"","overlay-gradient":""},"tablet":{"background-color":"","background-image":"","background-repeat":"repeat","background-position":"center center","background-size":"auto","background-attachment":"scroll","background-type":"","background-media":"","overlay-type":"","overlay-color":"","overlay-opacity":"","overlay-gradient":""},"mobile":{"background-color":"","background-image":"","background-repeat":"repeat","background-position":"center center","background-size":"auto","background-attachment":"scroll","background-type":"","background-media":"","overlay-type":"","overlay-color":"","overlay-opacity":"","overlay-gradient":""}},"ast-content-background-meta":{"desktop":{"background-color":"var(--ast-global-color-5)","background-image":"","background-repeat":"repeat","background-position":"center center","background-size":"auto","background-attachment":"scroll","background-type":"","background-media":"","overlay-type":"","overlay-color":"","overlay-opacity":"","overlay-gradient":""},"tablet":{"background-color":"var(--ast-global-color-5)","background-image":"","background-repeat":"repeat","background-position":"center center","background-size":"auto","background-attachment":"scroll","background-type":"","background-media":"","overlay-type":"","overlay-color":"","overlay-opacity":"","overlay-gradient":""},"mobile":{"background-color":"var(--ast-global-color-5)","background-image":"","background-repeat":"repeat","background-position":"center center","background-size":"auto","background-attachment":"scroll","background-type":"","background-media":"","overlay-type":"","overlay-color":"","overlay-opacity":"","overlay-gradient":""}}},"product_brand":[53],"product_cat":[54,106,15],"product_tag":[],"class_list":{"0":"post-5923","1":"product","2":"type-product","3":"status-publish","4":"has-post-thumbnail","6":"product_brand-bang-cree-une-cigarette-electronique-plus-confortable","7":"product_cat-bang-leader-80k-dispose-de-trois-reservoirs-de-liquide-independants-integres","8":"product_cat-puff-80k","9":"product_cat-magasin-cigarette-electronique","10":"desktop-align-center","11":"tablet-align-center","12":"mobile-align-center","13":"ast-product-gallery-layout-horizontal","14":"ast-product-gallery-with-no-image","15":"ast-product-single-variable","16":"ast-product-tabs-layout-horizontal","17":"ast-qv-on-image","19":"first","20":"outofstock","21":"sale","22":"shipping-taxable","23":"purchasable","24":"product-type-variable","25":"has-default-attributes"},"tiered_pricing_type":"fixed","tiered_pricing_fixed_rules":{"50":7.24,"100":6.45},"tiered_pricing_product_settings":{"layout":"default","base_unit_name":{"singular":null,"plural":null},"default_variation":null},"tiered_pricing_minimum_quantity":null,"tiered_pricing_roles_data":[],"tiered_pricing_percentage_rules":[],"_links":{"self":[{"href":"https:\/\/puffvapestore.com\/nl\/wp-json\/wp\/v2\/product\/5923","targetHints":{"allow":["GET"]}}],"collection":[{"href":"https:\/\/puffvapestore.com\/nl\/wp-json\/wp\/v2\/product"}],"about":[{"href":"https:\/\/puffvapestore.com\/nl\/wp-json\/wp\/v2\/types\/product"}],"replies":[{"embeddable":true,"href":"https:\/\/puffvapestore.com\/nl\/wp-json\/wp\/v2\/comments?post=5923"}],"version-history":[{"count":7,"href":"https:\/\/puffvapestore.com\/nl\/wp-json\/wp\/v2\/product\/5923\/revisions"}],"predecessor-version":[{"id":6225,"href":"https:\/\/puffvapestore.com\/nl\/wp-json\/wp\/v2\/product\/5923\/revisions\/6225"}],"wp:featuredmedia":[{"embeddable":true,"href":"https:\/\/puffvapestore.com\/nl\/wp-json\/wp\/v2\/media\/5718"}],"wp:attachment":[{"href":"https:\/\/puffvapestore.com\/nl\/wp-json\/wp\/v2\/media?parent=5923"}],"wp:term":[{"taxonomy":"product_brand","embeddable":true,"href":"https:\/\/puffvapestore.com\/nl\/wp-json\/wp\/v2\/product_brand?post=5923"},{"taxonomy":"product_cat","embeddable":true,"href":"https:\/\/puffvapestore.com\/nl\/wp-json\/wp\/v2\/product_cat?post=5923"},{"taxonomy":"product_tag","embeddable":true,"href":"https:\/\/puffvapestore.com\/nl\/wp-json\/wp\/v2\/product_tag?post=5923"}],"curies":[{"name":"wp","href":"https:\/\/api.w.org\/{rel}","templated":true}]}}