{"id":5908,"date":"2025-07-27T11:52:42","date_gmt":"2025-07-27T11:52:42","guid":{"rendered":"https:\/\/puffvapestore.com\/?post_type=product&#038;p=5908"},"modified":"2026-02-05T03:54:29","modified_gmt":"2026-02-05T03:54:29","slug":"red-bull-watermelon-bubble-candy-strawberry-ice-cream-bang-leader-80k","status":"publish","type":"product","link":"https:\/\/puffvapestore.com\/nl\/product\/red-bull-watermeloen-noppensnoepje-aardbei-ijs-bang-leader-80k\/","title":{"rendered":"Red Bull &amp; Watermeloen Bubbelsnoep &amp; Aardbeienijs - Bang Leader 80000 3 in 1"},"content":{"rendered":"<div data-elementor-type=\"wp-post\" data-elementor-id=\"5908\" class=\"elementor elementor-5908\">\n\t\t\t\t<div class=\"elementor-element elementor-element-08c26f9 e-flex e-con-boxed e-con e-parent\" data-id=\"08c26f9\" data-element_type=\"container\" data-e-type=\"container\">\n\t\t\t\t\t<div class=\"e-con-inner\">\n\t\t\t\t<div class=\"elementor-element elementor-element-a005a97 elementor-widget elementor-widget-text-editor\" data-id=\"a005a97\" data-element_type=\"widget\" data-e-type=\"widget\" data-widget_type=\"text-editor.default\">\n\t\t\t\t<div class=\"elementor-widget-container\">\n\t\t\t\t\t\t\t\t\t<p>De drie-in-\u00e9\u00e9n smaak van de Bang Leader 80000 Red Bull &amp; Watermelon Bubble Candy &amp; Strawberry Ice Cream 3-in-1 elektronische sigaret combineert perfect drie verschillende en harmonieuze smaakervaringen:<\/p><p><strong>Red Bull smaak<\/strong>\u00a0Deze smaak van de elektronische sigaret is als een slokje van een energiedrank dat je overvalt en zorgt voor een verfrissende en opwekkende sensatie, ideaal om je snel aan te passen aan een actieve levensstijl.<\/p><p><strong>Bubble Candy Watermeloen smaakstof\u00a0<\/strong>Een smaak die zoete herinneringen oproept aan de kindertijd, met de verfrissende smaak van watermeloen en de lichtheid van kauwgom, een smaak die een glimlach op je gezicht tovert;<\/p><p><strong>Aardbeienijsaroma\u00a0<\/strong>Een zoete melksmaak wordt gecombineerd met de pittige zoetheid van aardbeien. Elk trekje van de elektronische sigaret is als genieten van een ijsje in de zomerse straten van Zuid-Frankrijk, licht en bevredigend.<\/p><p>De drie smaken zijn gemakkelijk verwisselbaar dankzij de smaakkeuzeschakelaar en kunnen op elk moment worden aangepast aan je stemming. Net als de verschillende momenten in het leven, vind je altijd de juiste melodie voor jou.<\/p><h2>Verschillende nicotineconcentraties<\/h2><p>De Bang Leader 80000 Red Bull &amp; Watermelon Bubble Candy &amp; Strawberry Ice Cream biedt verschillende nicotinesterktes, waaronder 0 %, 2 %, 3 % en 5 %, om te voldoen aan de behoeften van elke gebruiker. Of je nu op zoek bent naar een nicotinevrije ervaring of naar een hogere concentratie om je trek te stillen, deze elektronische sigaret biedt flexibele gebruiksmogelijkheden die passen bij jouw voorkeuren.<\/p><h2>Innovatief drie-in-\u00e9\u00e9n e-liquid ontwerp<\/h2><p>Deze elektronische sigaret biedt een capaciteit van 78 ml extra grote vloeistof, slim verdeeld over drie aparte tanks van 26 ml. Dit unieke drie-in-\u00e9\u00e9n ontwerp verhoogt niet alleen het gebruikscomfort, maar maakt het ook gemakkelijk om van de ene smaak naar de andere over te schakelen voor een gevarieerde ervaring. Elke tank is zorgvuldig ontworpen voor een veilige opslag en eenvoudige vervanging van de vloeistof.<\/p><p>De Bang Leader 80000 Red Bull &amp; Watermelon Bubble Candy &amp; Strawberry Ice Cream biedt tot 80K puffs en is ontworpen voor langdurig gebruik. Of het nu voor dagelijks gebruik is of voor lange uitstapjes, dit apparaat biedt een continue en stabiele vaping ervaring, zonder veelvuldig vervangen of bijvullen. Ideaal voor gebruikers die op zoek zijn naar duurzaamheid.<\/p><h2>Krachtige batterij en snel opladen<\/h2><p>Deze elektronische sigaret heeft een ingebouwde 850mAh oplaadbare batterij en ondersteunt Type-C snellaadtechnologie, die slechts ongeveer 60 minuten duurt. Het effici\u00ebnte batterij management systeem zorgt voor een langere levensduur van de batterij, terwijl de snellaadfunctie ervoor zorgt dat je het gebruik snel kunt hervatten, voor een soepele ervaring altijd en overal.<\/p><h2>Geoptimaliseerde maasbestendigheidstechnologie<\/h2><p>De Bang Leader 80000 Red Bull &amp; Watermelon Bubble Candy &amp; Strawberry Ice Cream maakt gebruik van een 1.0 \u03a9 gaasweerstand. Dit zorgt voor een gelijkmatige verwarming en een rijke, romige damp. De structuur van de gaasweerstand optimaliseert de verstuiving van de vloeistof en garandeert een consistente rijke smaak bij elk trekje.<\/p>\t\t\t\t\t\t\t\t<\/div>\n\t\t\t\t<\/div>\n\t\t\t\t\t<\/div>\n\t\t\t\t<\/div>\n\t\t\t\t<\/div>","protected":false},"excerpt":{"rendered":"<p>L&rsquo;ar\u00f4me trois-en-un de la cigarette \u00e9lectronique Bang Leader 80000 Red Bull &amp; Watermelon Bubble Candy &amp; Strawberry Ice Cream 3-en-1 combine parfaitement trois exp\u00e9riences gustatives distinctes et harmonieuses\u00a0: Saveur Red Bull\u00a0: Cette saveur de cigarette \u00e9lectronique est comme une gorg\u00e9e de boisson \u00e9nergisante qui vous envahit, procurant une sensation rafra\u00eechissante et exaltante, id\u00e9ale pour s&rsquo;adapter [&hellip;]<\/p>\n","protected":false},"featured_media":5726,"comment_status":"open","ping_status":"closed","template":"","meta":{"site-sidebar-layout":"no-sidebar","site-content-layout":"page-builder","ast-site-content-layout":"normal-width-container","site-content-style":"default","site-sidebar-style":"default","ast-global-header-display":"","ast-banner-title-visibility":"","ast-main-header-display":"","ast-hfb-above-header-display":"","ast-hfb-below-header-display":"","ast-hfb-mobile-header-display":"","site-post-title":"disabled","ast-breadcrumbs-content":"","ast-featured-img":"disabled","footer-sml-layout":"","ast-disable-related-posts":"","theme-transparent-header-meta":"default","adv-header-id-meta":"","stick-header-meta":"default","header-above-stick-meta":"","header-main-stick-meta":"","header-below-stick-meta":"","astra-migrate-meta-layouts":"set","ast-page-background-enabled":"default","ast-page-background-meta":{"desktop":{"background-color":"","background-image":"","background-repeat":"repeat","background-position":"center center","background-size":"auto","background-attachment":"scroll","background-type":"","background-media":"","overlay-type":"","overlay-color":"","overlay-opacity":"","overlay-gradient":""},"tablet":{"background-color":"","background-image":"","background-repeat":"repeat","background-position":"center center","background-size":"auto","background-attachment":"scroll","background-type":"","background-media":"","overlay-type":"","overlay-color":"","overlay-opacity":"","overlay-gradient":""},"mobile":{"background-color":"","background-image":"","background-repeat":"repeat","background-position":"center center","background-size":"auto","background-attachment":"scroll","background-type":"","background-media":"","overlay-type":"","overlay-color":"","overlay-opacity":"","overlay-gradient":""}},"ast-content-background-meta":{"desktop":{"background-color":"var(--ast-global-color-5)","background-image":"","background-repeat":"repeat","background-position":"center center","background-size":"auto","background-attachment":"scroll","background-type":"","background-media":"","overlay-type":"","overlay-color":"","overlay-opacity":"","overlay-gradient":""},"tablet":{"background-color":"var(--ast-global-color-5)","background-image":"","background-repeat":"repeat","background-position":"center center","background-size":"auto","background-attachment":"scroll","background-type":"","background-media":"","overlay-type":"","overlay-color":"","overlay-opacity":"","overlay-gradient":""},"mobile":{"background-color":"var(--ast-global-color-5)","background-image":"","background-repeat":"repeat","background-position":"center center","background-size":"auto","background-attachment":"scroll","background-type":"","background-media":"","overlay-type":"","overlay-color":"","overlay-opacity":"","overlay-gradient":""}}},"product_brand":[53],"product_cat":[54,106,15],"product_tag":[],"class_list":{"0":"post-5908","1":"product","2":"type-product","3":"status-publish","4":"has-post-thumbnail","6":"product_brand-bang-cree-une-cigarette-electronique-plus-confortable","7":"product_cat-bang-leader-80k-dispose-de-trois-reservoirs-de-liquide-independants-integres","8":"product_cat-puff-80k","9":"product_cat-magasin-cigarette-electronique","10":"desktop-align-center","11":"tablet-align-center","12":"mobile-align-center","13":"ast-product-gallery-layout-horizontal","14":"ast-product-gallery-with-no-image","15":"ast-product-single-variable","16":"ast-product-tabs-layout-horizontal","17":"ast-qv-on-image","19":"first","20":"outofstock","21":"sale","22":"shipping-taxable","23":"purchasable","24":"product-type-variable","25":"has-default-attributes"},"tiered_pricing_type":"fixed","tiered_pricing_fixed_rules":{"50":7.24,"100":6.45},"tiered_pricing_product_settings":{"layout":"default","base_unit_name":{"singular":null,"plural":null},"default_variation":null},"tiered_pricing_minimum_quantity":null,"tiered_pricing_roles_data":[],"tiered_pricing_percentage_rules":[],"_links":{"self":[{"href":"https:\/\/puffvapestore.com\/nl\/wp-json\/wp\/v2\/product\/5908","targetHints":{"allow":["GET"]}}],"collection":[{"href":"https:\/\/puffvapestore.com\/nl\/wp-json\/wp\/v2\/product"}],"about":[{"href":"https:\/\/puffvapestore.com\/nl\/wp-json\/wp\/v2\/types\/product"}],"replies":[{"embeddable":true,"href":"https:\/\/puffvapestore.com\/nl\/wp-json\/wp\/v2\/comments?post=5908"}],"version-history":[{"count":7,"href":"https:\/\/puffvapestore.com\/nl\/wp-json\/wp\/v2\/product\/5908\/revisions"}],"predecessor-version":[{"id":6224,"href":"https:\/\/puffvapestore.com\/nl\/wp-json\/wp\/v2\/product\/5908\/revisions\/6224"}],"wp:featuredmedia":[{"embeddable":true,"href":"https:\/\/puffvapestore.com\/nl\/wp-json\/wp\/v2\/media\/5726"}],"wp:attachment":[{"href":"https:\/\/puffvapestore.com\/nl\/wp-json\/wp\/v2\/media?parent=5908"}],"wp:term":[{"taxonomy":"product_brand","embeddable":true,"href":"https:\/\/puffvapestore.com\/nl\/wp-json\/wp\/v2\/product_brand?post=5908"},{"taxonomy":"product_cat","embeddable":true,"href":"https:\/\/puffvapestore.com\/nl\/wp-json\/wp\/v2\/product_cat?post=5908"},{"taxonomy":"product_tag","embeddable":true,"href":"https:\/\/puffvapestore.com\/nl\/wp-json\/wp\/v2\/product_tag?post=5908"}],"curies":[{"name":"wp","href":"https:\/\/api.w.org\/{rel}","templated":true}]}}