{"id":5852,"date":"2025-07-26T11:58:19","date_gmt":"2025-07-26T11:58:19","guid":{"rendered":"https:\/\/puffvapestore.com\/?post_type=product&#038;p=5852"},"modified":"2026-02-05T03:54:29","modified_gmt":"2026-02-05T03:54:29","slug":"bang-leader-80k-kiwi-passion-fruit-guava-lychee-ice-mango-peach-pineapple","status":"publish","type":"product","link":"https:\/\/puffvapestore.com\/nl\/product\/bang-leader-80k-kiwi-passievrucht-guave-lychee-ijs-mango-perzik-ananas\/","title":{"rendered":"Bang Leader 80000 3 in 1 - Kiwi passievrucht guave &amp; lychee ijs &amp; mango perzik ananas"},"content":{"rendered":"<div data-elementor-type=\"wp-post\" data-elementor-id=\"5852\" class=\"elementor elementor-5852\">\n\t\t\t\t<div class=\"elementor-element elementor-element-08c26f9 e-flex e-con-boxed e-con e-parent\" data-id=\"08c26f9\" data-element_type=\"container\" data-e-type=\"container\">\n\t\t\t\t\t<div class=\"e-con-inner\">\n\t\t\t\t<div class=\"elementor-element elementor-element-a005a97 elementor-widget elementor-widget-text-editor\" data-id=\"a005a97\" data-element_type=\"widget\" data-e-type=\"widget\" data-widget_type=\"text-editor.default\">\n\t\t\t\t<div class=\"elementor-widget-container\">\n\t\t\t\t\t\t\t\t\t<p>Als je van rijke fruitige aroma's houdt en complexe, verfrissende en intense tropische smaken wilt ontdekken, dan is deze Bang Leader 80000 3 in 1 een uitstekende keuze.<\/p><p>Kiwi, passievrucht, guave: De subtiele zoetheid vermengd met tropische fruitaroma's biedt je een puur moment van frisheid, zoals een glas ijssap aan de C\u00f4te d'Azur op een warme zomerdag.<\/p><p>Litchi, Glace: Een lichtzoete, frisse noot vermengt zich met oosterse charme. In de schemering in Parijs, alleen zittend op het terras van een caf\u00e9, inhaleer ik zachtjes de rook die geurt naar lychee, alsof de tijd heeft stilgestaan.<\/p><p>Mango, perzik en ananas: een rijk, subtiel fruitig aroma met uitgesproken nuances dat het dessert kan vervangen bij een gezellig samenzijn met vrienden en voor een ander ontspannend ritueel kan zorgen.<\/p><h2>Specificaties van de Bang Leader 80000 Kiwi Passion Fruit Guava &amp; Lychee Ice &amp; Mango Perzik Ananas 3 in 1 :<\/h2><p>Aantal trekjes: Elke Bang Leader 80000 Kiwi Passion Fruit Guava &amp; Lychee Ice &amp; Mango Perzik Ananas biedt tot 80000 trekjes, voor langdurig gebruik.<\/p><p>Capaciteit: 78 ml vloeistof in drie onafhankelijke reservoirs van 26 ml.<\/p><p>Batterij: 850 mAh oplaadbare batterij, compatibel met snelladen Type-C, voor een oplaadtijd van ongeveer 60 minuten.<\/p><p>Nicotineconcentratie: 0 %, 2 %, 3 % en 5 % nicotine zijn beschikbaar om aan de behoeften van elke gebruiker te voldoen.<\/p><p>Gaasweerstand: 1,0 \u03a9 gaasweerstand voor gelijkmatige verwarming en gelijkmatige stoom.<\/p><h2>Kenmerken van de Bang Leader 80000 Kiwi Passion Fruit Guava &amp; Lychee Ice &amp; Mango Perzik Ananas 3 in 1 :<\/h2><p>Drievoudig smaaksysteem: Uitgerust met drie onafhankelijke reservoirs maakt de smaakkeuzeschakelaar het makkelijk om van smaak te veranderen, waardoor de eentonigheid van \u00e9\u00e9n smaak wordt vermeden.<\/p><p>Krachtige gaasweerstand: de 1.0 \u03a9 gaasweerstand levert een zachte damp en rijke smaak, en garandeert een consistente vape bij elk trekje.<\/p><p>Oplaadbaar ontwerp: 850 mAh batterij met Type C snel opladen, waardoor de uitvaltijd wordt verkort en de batterij langer meegaat.<\/p><p>Ergonomisch ontwerp: draagbaar, lichtgewicht en comfortabel om vast te houden, geschikt voor dagelijks vervoer en veelvuldig gebruik.<\/p><p>Verschillende nicotineopties: van nicotinevrij (0 %) tot nicotine met een hoge concentratie (5 %), geschikt voor zowel beginnende als ervaren dampers.<\/p><p>Veiligheidsfuncties: ingebouwde beveiliging tegen overbelasting, kortsluiting en laagspanning voor een veilige werking.<\/p>\t\t\t\t\t\t\t\t<\/div>\n\t\t\t\t<\/div>\n\t\t\t\t\t<\/div>\n\t\t\t\t<\/div>\n\t\t\t\t<\/div>","protected":false},"excerpt":{"rendered":"<p>Si vous aimez les ar\u00f4mes fruit\u00e9s riches et souhaitez d\u00e9couvrir des saveurs tropicales complexes, rafra\u00eechissantes et intenses, ce Bang Leader 80000 3 en 1 est un excellent choix. Kiwi, Fruit de la Passion, Goyave\u00a0: La douceur subtile m\u00eal\u00e9e aux ar\u00f4mes fruit\u00e9s tropicaux vous offre un pur moment de fra\u00eecheur, comme un verre de jus glac\u00e9 [&hellip;]<\/p>\n","protected":false},"featured_media":5723,"comment_status":"open","ping_status":"closed","template":"","meta":{"site-sidebar-layout":"no-sidebar","site-content-layout":"page-builder","ast-site-content-layout":"normal-width-container","site-content-style":"default","site-sidebar-style":"default","ast-global-header-display":"","ast-banner-title-visibility":"","ast-main-header-display":"","ast-hfb-above-header-display":"","ast-hfb-below-header-display":"","ast-hfb-mobile-header-display":"","site-post-title":"disabled","ast-breadcrumbs-content":"","ast-featured-img":"disabled","footer-sml-layout":"","ast-disable-related-posts":"","theme-transparent-header-meta":"default","adv-header-id-meta":"","stick-header-meta":"default","header-above-stick-meta":"","header-main-stick-meta":"","header-below-stick-meta":"","astra-migrate-meta-layouts":"set","ast-page-background-enabled":"default","ast-page-background-meta":{"desktop":{"background-color":"","background-image":"","background-repeat":"repeat","background-position":"center center","background-size":"auto","background-attachment":"scroll","background-type":"","background-media":"","overlay-type":"","overlay-color":"","overlay-opacity":"","overlay-gradient":""},"tablet":{"background-color":"","background-image":"","background-repeat":"repeat","background-position":"center center","background-size":"auto","background-attachment":"scroll","background-type":"","background-media":"","overlay-type":"","overlay-color":"","overlay-opacity":"","overlay-gradient":""},"mobile":{"background-color":"","background-image":"","background-repeat":"repeat","background-position":"center center","background-size":"auto","background-attachment":"scroll","background-type":"","background-media":"","overlay-type":"","overlay-color":"","overlay-opacity":"","overlay-gradient":""}},"ast-content-background-meta":{"desktop":{"background-color":"var(--ast-global-color-5)","background-image":"","background-repeat":"repeat","background-position":"center center","background-size":"auto","background-attachment":"scroll","background-type":"","background-media":"","overlay-type":"","overlay-color":"","overlay-opacity":"","overlay-gradient":""},"tablet":{"background-color":"var(--ast-global-color-5)","background-image":"","background-repeat":"repeat","background-position":"center center","background-size":"auto","background-attachment":"scroll","background-type":"","background-media":"","overlay-type":"","overlay-color":"","overlay-opacity":"","overlay-gradient":""},"mobile":{"background-color":"var(--ast-global-color-5)","background-image":"","background-repeat":"repeat","background-position":"center center","background-size":"auto","background-attachment":"scroll","background-type":"","background-media":"","overlay-type":"","overlay-color":"","overlay-opacity":"","overlay-gradient":""}}},"product_brand":[53],"product_cat":[54,106,15],"product_tag":[],"class_list":{"0":"post-5852","1":"product","2":"type-product","3":"status-publish","4":"has-post-thumbnail","6":"product_brand-bang-cree-une-cigarette-electronique-plus-confortable","7":"product_cat-bang-leader-80k-dispose-de-trois-reservoirs-de-liquide-independants-integres","8":"product_cat-puff-80k","9":"product_cat-magasin-cigarette-electronique","10":"desktop-align-center","11":"tablet-align-center","12":"mobile-align-center","13":"ast-product-gallery-layout-horizontal","14":"ast-product-gallery-with-no-image","15":"ast-product-single-variable","16":"ast-product-tabs-layout-horizontal","17":"ast-qv-on-image","19":"first","20":"outofstock","21":"sale","22":"shipping-taxable","23":"purchasable","24":"product-type-variable","25":"has-default-attributes"},"tiered_pricing_type":"fixed","tiered_pricing_fixed_rules":{"50":7.24,"100":6.45},"tiered_pricing_product_settings":{"layout":"default","base_unit_name":{"singular":null,"plural":null},"default_variation":null},"tiered_pricing_minimum_quantity":null,"tiered_pricing_roles_data":[],"tiered_pricing_percentage_rules":[],"_links":{"self":[{"href":"https:\/\/puffvapestore.com\/nl\/wp-json\/wp\/v2\/product\/5852","targetHints":{"allow":["GET"]}}],"collection":[{"href":"https:\/\/puffvapestore.com\/nl\/wp-json\/wp\/v2\/product"}],"about":[{"href":"https:\/\/puffvapestore.com\/nl\/wp-json\/wp\/v2\/types\/product"}],"replies":[{"embeddable":true,"href":"https:\/\/puffvapestore.com\/nl\/wp-json\/wp\/v2\/comments?post=5852"}],"version-history":[{"count":7,"href":"https:\/\/puffvapestore.com\/nl\/wp-json\/wp\/v2\/product\/5852\/revisions"}],"predecessor-version":[{"id":6220,"href":"https:\/\/puffvapestore.com\/nl\/wp-json\/wp\/v2\/product\/5852\/revisions\/6220"}],"wp:featuredmedia":[{"embeddable":true,"href":"https:\/\/puffvapestore.com\/nl\/wp-json\/wp\/v2\/media\/5723"}],"wp:attachment":[{"href":"https:\/\/puffvapestore.com\/nl\/wp-json\/wp\/v2\/media?parent=5852"}],"wp:term":[{"taxonomy":"product_brand","embeddable":true,"href":"https:\/\/puffvapestore.com\/nl\/wp-json\/wp\/v2\/product_brand?post=5852"},{"taxonomy":"product_cat","embeddable":true,"href":"https:\/\/puffvapestore.com\/nl\/wp-json\/wp\/v2\/product_cat?post=5852"},{"taxonomy":"product_tag","embeddable":true,"href":"https:\/\/puffvapestore.com\/nl\/wp-json\/wp\/v2\/product_tag?post=5852"}],"curies":[{"name":"wp","href":"https:\/\/api.w.org\/{rel}","templated":true}]}}