{"id":5841,"date":"2025-07-26T07:51:01","date_gmt":"2025-07-26T07:51:01","guid":{"rendered":"https:\/\/puffvapestore.com\/?post_type=product&#038;p=5841"},"modified":"2026-02-05T03:54:29","modified_gmt":"2026-02-05T03:54:29","slug":"bang-leader-80k-cola-ice-blueberry-raspberry-peach-mango-watermelon-une-detente-instantanee","status":"publish","type":"product","link":"https:\/\/puffvapestore.com\/nl\/product\/bang-leader-80k-cola-ijs-bosbes-framboos-perzik-mango-watermeloen-instant-ontspanning\/","title":{"rendered":"Bang Leader 80000 3 in 1 - Cola Ice &amp; Bosbes Framboos &amp; Perzik Mango Watermeloen"},"content":{"rendered":"<div data-elementor-type=\"wp-post\" data-elementor-id=\"5841\" class=\"elementor elementor-5841\">\n\t\t\t\t<div class=\"elementor-element elementor-element-08c26f9 e-flex e-con-boxed e-con e-parent\" data-id=\"08c26f9\" data-element_type=\"container\" data-e-type=\"container\">\n\t\t\t\t\t<div class=\"e-con-inner\">\n\t\t\t\t<div class=\"elementor-element elementor-element-a005a97 elementor-widget elementor-widget-text-editor\" data-id=\"a005a97\" data-element_type=\"widget\" data-e-type=\"widget\" data-widget_type=\"text-editor.default\">\n\t\t\t\t<div class=\"elementor-widget-container\">\n\t\t\t\t\t\t\t\t\t<p>Het drie-in-\u00e9\u00e9n ontwerp van de elektronische sigaret Bang Leader 80000 is een van zijn grootste troeven, vooral op een markt zoals Frankrijk, waar smaak primeert en die meer keuze en mogelijkheden biedt. De Cola Ice-smaak, gedragen door de rook, geeft je een gevoel van frisheid en koelte, alsof je midden in de zomer naar een caf\u00e9 aan zee wordt getransporteerd. Het briesje mengt zich met de vertrouwde geur van sodaschuim, voor instant ontspanning. De Blueberry, Raspberry smaak biedt een rijpere, elegantere zoetheid. De wrange, zoete mix van bessen doet denken aan een fruittaart in de straten van Parijs, zoet zonder vettig te zijn, en prikkelt de zintuigen. En als je trek hebt in tropisch comfort, brengt de sappige, frisse smaak van perzik, mango en watermeloen je naar de mediterrane zon, naar het hart van de boomgaarden, ontspannen en energiek.<\/p><h2>Specificaties van de Bang Leader 80000 Cola Ice &amp; Blueberry Raspberry &amp; Peach Mango Watermelon 3 in 1 :<\/h2><p>Aantal trekjes: Elke Bang Leader 80000 Cola Ice &amp; Blueberry Raspberry &amp; Peach Mango Watermelon biedt tot 80000 trekjes, voor langdurig gebruik.<\/p><p>Capaciteit: 78 ml vloeistof in drie onafhankelijke reservoirs van 26 ml.<\/p><p>Batterij: 850 mAh oplaadbare batterij, compatibel met snelladen Type-C, voor een oplaadtijd van ongeveer 60 minuten.<\/p><p>Nicotineconcentratie: 0 %, 2 %, 3 % en 5 % nicotine zijn beschikbaar om aan de behoeften van elke gebruiker te voldoen.<\/p><p>Gaasweerstand: 1,0 \u03a9 gaasweerstand voor gelijkmatige verwarming en gelijkmatige stoom.<\/p><h2>Kenmerken van de Bang Leader 80000 Cola Ice &amp; Blueberry Raspberry &amp; Peach Mango Watermelon 3 in 1 :<\/h2><p>Drievoudig smaaksysteem: Uitgerust met drie onafhankelijke reservoirs maakt de smaakkeuzeschakelaar het makkelijk om van smaak te veranderen, waardoor de eentonigheid van \u00e9\u00e9n smaak wordt vermeden.<\/p><p>Krachtige gaasweerstand: de 1.0 \u03a9 gaasweerstand levert een zachte damp en rijke smaak, en garandeert een consistente vape bij elk trekje.<\/p><p>Oplaadbaar ontwerp: 850 mAh batterij met Type C snel opladen, waardoor de uitvaltijd wordt verkort en de batterij langer meegaat.<\/p><p>Ergonomisch ontwerp: draagbaar, lichtgewicht en comfortabel om vast te houden, geschikt voor dagelijks vervoer en veelvuldig gebruik.<\/p><p>Verschillende nicotineopties: van nicotinevrij (0 %) tot nicotine met een hoge concentratie (5 %), geschikt voor zowel beginnende als ervaren dampers.<\/p><p>Veiligheidsfuncties: ingebouwde beveiliging tegen overbelasting, kortsluiting en laagspanning voor een veilige werking.<\/p>\t\t\t\t\t\t\t\t<\/div>\n\t\t\t\t<\/div>\n\t\t\t\t\t<\/div>\n\t\t\t\t<\/div>\n\t\t\t\t<\/div>","protected":false},"excerpt":{"rendered":"<p>La conception trois en un de la cigarette \u00e9lectronique Bang Leader 80000 est l&rsquo;un de ses atouts majeurs, notamment sur un march\u00e9 comme la France, o\u00f9 le go\u00fbt est primordial, offrant un choix et des possibilit\u00e9s plus vastes. L&rsquo;ar\u00f4me Cola Ice, port\u00e9 par la fum\u00e9e, procure une sensation de fra\u00eecheur et de fra\u00eecheur, comme si [&hellip;]<\/p>\n","protected":false},"featured_media":5722,"comment_status":"open","ping_status":"closed","template":"","meta":{"site-sidebar-layout":"no-sidebar","site-content-layout":"page-builder","ast-site-content-layout":"normal-width-container","site-content-style":"default","site-sidebar-style":"default","ast-global-header-display":"","ast-banner-title-visibility":"","ast-main-header-display":"","ast-hfb-above-header-display":"","ast-hfb-below-header-display":"","ast-hfb-mobile-header-display":"","site-post-title":"disabled","ast-breadcrumbs-content":"","ast-featured-img":"disabled","footer-sml-layout":"","ast-disable-related-posts":"","theme-transparent-header-meta":"default","adv-header-id-meta":"","stick-header-meta":"default","header-above-stick-meta":"","header-main-stick-meta":"","header-below-stick-meta":"","astra-migrate-meta-layouts":"set","ast-page-background-enabled":"default","ast-page-background-meta":{"desktop":{"background-color":"","background-image":"","background-repeat":"repeat","background-position":"center center","background-size":"auto","background-attachment":"scroll","background-type":"","background-media":"","overlay-type":"","overlay-color":"","overlay-opacity":"","overlay-gradient":""},"tablet":{"background-color":"","background-image":"","background-repeat":"repeat","background-position":"center center","background-size":"auto","background-attachment":"scroll","background-type":"","background-media":"","overlay-type":"","overlay-color":"","overlay-opacity":"","overlay-gradient":""},"mobile":{"background-color":"","background-image":"","background-repeat":"repeat","background-position":"center center","background-size":"auto","background-attachment":"scroll","background-type":"","background-media":"","overlay-type":"","overlay-color":"","overlay-opacity":"","overlay-gradient":""}},"ast-content-background-meta":{"desktop":{"background-color":"var(--ast-global-color-5)","background-image":"","background-repeat":"repeat","background-position":"center center","background-size":"auto","background-attachment":"scroll","background-type":"","background-media":"","overlay-type":"","overlay-color":"","overlay-opacity":"","overlay-gradient":""},"tablet":{"background-color":"var(--ast-global-color-5)","background-image":"","background-repeat":"repeat","background-position":"center center","background-size":"auto","background-attachment":"scroll","background-type":"","background-media":"","overlay-type":"","overlay-color":"","overlay-opacity":"","overlay-gradient":""},"mobile":{"background-color":"var(--ast-global-color-5)","background-image":"","background-repeat":"repeat","background-position":"center center","background-size":"auto","background-attachment":"scroll","background-type":"","background-media":"","overlay-type":"","overlay-color":"","overlay-opacity":"","overlay-gradient":""}}},"product_brand":[53],"product_cat":[54,106,15],"product_tag":[],"class_list":{"0":"post-5841","1":"product","2":"type-product","3":"status-publish","4":"has-post-thumbnail","6":"product_brand-bang-cree-une-cigarette-electronique-plus-confortable","7":"product_cat-bang-leader-80k-dispose-de-trois-reservoirs-de-liquide-independants-integres","8":"product_cat-puff-80k","9":"product_cat-magasin-cigarette-electronique","10":"desktop-align-center","11":"tablet-align-center","12":"mobile-align-center","13":"ast-product-gallery-layout-horizontal","14":"ast-product-gallery-with-no-image","15":"ast-product-single-variable","16":"ast-product-tabs-layout-horizontal","17":"ast-qv-on-image","19":"first","20":"outofstock","21":"sale","22":"shipping-taxable","23":"purchasable","24":"product-type-variable","25":"has-default-attributes"},"tiered_pricing_type":"fixed","tiered_pricing_fixed_rules":{"50":7.24,"100":6.45},"tiered_pricing_product_settings":{"layout":"default","base_unit_name":{"singular":null,"plural":null},"default_variation":null},"tiered_pricing_minimum_quantity":null,"tiered_pricing_roles_data":[],"tiered_pricing_percentage_rules":[],"_links":{"self":[{"href":"https:\/\/puffvapestore.com\/nl\/wp-json\/wp\/v2\/product\/5841","targetHints":{"allow":["GET"]}}],"collection":[{"href":"https:\/\/puffvapestore.com\/nl\/wp-json\/wp\/v2\/product"}],"about":[{"href":"https:\/\/puffvapestore.com\/nl\/wp-json\/wp\/v2\/types\/product"}],"replies":[{"embeddable":true,"href":"https:\/\/puffvapestore.com\/nl\/wp-json\/wp\/v2\/comments?post=5841"}],"version-history":[{"count":7,"href":"https:\/\/puffvapestore.com\/nl\/wp-json\/wp\/v2\/product\/5841\/revisions"}],"predecessor-version":[{"id":6219,"href":"https:\/\/puffvapestore.com\/nl\/wp-json\/wp\/v2\/product\/5841\/revisions\/6219"}],"wp:featuredmedia":[{"embeddable":true,"href":"https:\/\/puffvapestore.com\/nl\/wp-json\/wp\/v2\/media\/5722"}],"wp:attachment":[{"href":"https:\/\/puffvapestore.com\/nl\/wp-json\/wp\/v2\/media?parent=5841"}],"wp:term":[{"taxonomy":"product_brand","embeddable":true,"href":"https:\/\/puffvapestore.com\/nl\/wp-json\/wp\/v2\/product_brand?post=5841"},{"taxonomy":"product_cat","embeddable":true,"href":"https:\/\/puffvapestore.com\/nl\/wp-json\/wp\/v2\/product_cat?post=5841"},{"taxonomy":"product_tag","embeddable":true,"href":"https:\/\/puffvapestore.com\/nl\/wp-json\/wp\/v2\/product_tag?post=5841"}],"curies":[{"name":"wp","href":"https:\/\/api.w.org\/{rel}","templated":true}]}}