{"id":5751,"date":"2025-07-24T11:00:28","date_gmt":"2025-07-24T11:00:28","guid":{"rendered":"https:\/\/puffvapestore.com\/?post_type=product&#038;p=5751"},"modified":"2026-02-05T03:54:29","modified_gmt":"2026-02-05T03:54:29","slug":"bang-leader-80000-avec-78ml-de-liquide","status":"publish","type":"product","link":"https:\/\/puffvapestore.com\/nl\/product\/bang-leader-80000-met-78-ml-vloeistof\/","title":{"rendered":"Bang Leader 80K 3-in-1: 80.000 trekjes rook, 78 ml e-liquid, 850 mAh oplaadbare batterij en gaasweerstand"},"content":{"rendered":"<div data-elementor-type=\"wp-post\" data-elementor-id=\"5751\" class=\"elementor elementor-5751\">\n\t\t\t\t<div class=\"elementor-element elementor-element-08c26f9 e-flex e-con-boxed e-con e-parent\" data-id=\"08c26f9\" data-element_type=\"container\" data-e-type=\"container\">\n\t\t\t\t\t<div class=\"e-con-inner\">\n\t\t\t\t<div class=\"elementor-element elementor-element-a005a97 elementor-widget elementor-widget-text-editor\" data-id=\"a005a97\" data-element_type=\"widget\" data-e-type=\"widget\" data-widget_type=\"text-editor.default\">\n\t\t\t\t<div class=\"elementor-widget-container\">\n\t\t\t\t\t\t\t\t\t<h2>Specificaties van de Bang Leader 80000 3 in 1 :<\/h2><p>Aantal pufjes: Elke Bang Leader 80000 biedt tot 80000 pufjes, voor langdurig gebruik.<\/p><p>Capaciteit: 78 ml vloeistof in drie onafhankelijke reservoirs van 26 ml.<\/p><p>Batterij: 850 mAh oplaadbare batterij, compatibel met snelladen Type-C, voor een oplaadtijd van ongeveer 60 minuten.<\/p><p>Nicotineconcentratie: 0 %, 2 %, 3 % en 5 % nicotine zijn beschikbaar om aan de behoeften van elke gebruiker te voldoen.<\/p><p>Gaasweerstand: 1,0 \u03a9 gaasweerstand voor gelijkmatige verwarming en gelijkmatige stoom.<\/p><h2>Kenmerken van de Bang Leader 80000 3 in 1 :<\/h2><p>Drievoudig smaaksysteem: Uitgerust met drie onafhankelijke reservoirs maakt de smaakkeuzeschakelaar het makkelijk om van smaak te veranderen, waardoor de eentonigheid van \u00e9\u00e9n smaak wordt vermeden.<\/p><p>Krachtige gaasweerstand: de 1.0 \u03a9 gaasweerstand levert een zachte damp en rijke smaak, en garandeert een consistente vape bij elk trekje.<\/p><p>Oplaadbaar ontwerp: 850 mAh batterij met Type C snel opladen, waardoor de uitvaltijd wordt verkort en de batterij langer meegaat.<\/p><p>Ergonomisch ontwerp: draagbaar, lichtgewicht en comfortabel om vast te houden, geschikt voor dagelijks vervoer en veelvuldig gebruik.<\/p><p>Verschillende nicotineopties: van nicotinevrij (0 %) tot nicotine met een hoge concentratie (5 %), geschikt voor zowel beginnende als ervaren dampers.<\/p><p>Veiligheidsfuncties: ingebouwde beveiliging tegen overbelasting, kortsluiting en laagspanning voor een veilige werking.<\/p><h2>De Bang Leader 80K 3-in-1 biedt 12 unieke smaakcombinaties<\/h2><p>De Bang Leader 80K 3-in-1 elektronische sigaret biedt 12 unieke smaakcombinaties, gecombineerd met verschillende ingredi\u00ebnten zoals fruit, ijs, desserts en drankjes, om aan de behoeften van elke gebruiker te voldoen.<\/p><p>\u00abAvocado Ice &amp; Lemon Lime &amp; Watermelon Raspberry: Deze smaakcombinatie combineert de romige smaak van avocado-ijs, het verfrissende zuurtje van citroen en limoen, en het zoete, fruitige aroma van watermeloen en framboos, voor een evenwichtige ervaring van frisheid en fruitigheid.<\/p><p>\u00abBlueberry Ice &amp; Black Dragon Ice &amp; Mango Peach: Verfrissend bosbessenijs ontmoet mysterieus pitaya-ijs, gecombineerd met de tropische smaak van mango-perzik, voor een unieke combinatie van fruitige frisheid en koelte.<\/p><p>\u00abBosbessenijs &amp; Aardbei Banaan &amp; Gemengde Bessen: De frisheid van bosbessenijs combineert met de melkzoete smaak van aardbei en banaan, en de rijke fruitige smaak van gemengde bessen, rijk aan nuances en barstensvol fruitige aroma's.<\/p><p>\u00abBosbes Watermeloen &amp; Aardbei Mango &amp; Zwarte Bes: De zoetheid van bosbes en watermeloen vult de tropische smaak van aardbei en mango aan, terwijl de zuurgraad van zwarte bes diepte toevoegt.<\/p><p>\u2018Cola Ice &amp; Blueberry Raspberry &amp; Peach Mango Watermelon\u2019: Deze ijskoude cola biedt de klassieke smaak van frisdrank, waarbij het zuur van bosbessen-framboos contrasteert met de tropische zoetheid van perzik-mango watermeloen.<\/p><p>\u2018Kiwi passievrucht guave &amp; lychee ijs &amp; mango perzik ananas\u2019: De tropische combinatie van kiwi, passievrucht en guave, met de frisheid van lychee ijs en de zoetheid van mango perzik ananas, biedt een exotische stijl.<\/p><p>\u2018Raspberry Mojito Peach Ice &amp; Strawberry Watermelon &amp; Kiwi Passion Fruit Guava\u2019: De frisheid van frambozen mojito en perzikijs, gecombineerd met aardbeien watermeloen en kiwi passievrucht guave, cre\u00ebert een fruitige en verfrissende sensatie op vele niveaus.<\/p><p>\u2018Red Bull &amp; Blueberry Watermelon &amp; Apple Pear\u2019: de smaak van de Red Bull energiedrank wordt gecombineerd met de zoetheid van bosbessenwatermeloen en het levendige, fruitige aroma van appelpeer, voor een sensatie vol vitaliteit.<\/p><p>\u00abRed Bull &amp; Watermelon Bubble Candy &amp; Strawberry Ice Cream\u00bb: De opwinding van Red Bull wordt gecombineerd met de zoetheid van watermeloen bubble-gum en de melkachtige smaak van aardbeienijs, voor een resultaat dat zowel zoet als heerlijk is.<\/p><p>\u00abAardbei Kiwi &amp; Perzikijs &amp; Kersencola: De zoetheid van aardbei Kiwi, de frisheid van perzikijs en de klassieke smaak van kersencola cre\u00ebren een unieke combinatie van fruitige aroma's en frisdrank.<\/p><p>\u00abAardbei Watermeloen &amp; Druivenijs &amp; Regenboogsnoepjes: De zoetheid van aardbeienwatermeloen, de frisheid van druivenijs en de kleurrijke zoetheid van regenboogsnoepjes zorgen voor een fruitige en verfrissende combinatie.<\/p><p>\u00abWatermelon Ice &amp; Strawberry Mango &amp; Banana: De frisheid van watermeloenijs, de tropische zoetheid van aardbeienmango en het melkachtige aroma van banaan, voor een romige smaak en rijke fruitsmaak.<\/p>\t\t\t\t\t\t\t\t<\/div>\n\t\t\t\t<\/div>\n\t\t\t\t\t<\/div>\n\t\t\t\t<\/div>\n\t\t\t\t<\/div>","protected":false},"excerpt":{"rendered":"<p>Sp\u00e9cifications du Bang Leader 80000 3 en 1\u00a0: Nombre de bouff\u00e9es\u00a0: Chaque Bang Leader 80000 offre jusqu\u2019\u00e0 80000 bouff\u00e9es, pour une utilisation longue dur\u00e9e. Capacit\u00e9\u00a0: 78\u00a0ml de liquide, r\u00e9partis dans trois r\u00e9servoirs ind\u00e9pendants de 26\u00a0ml. Batterie\u00a0: Batterie rechargeable de 850\u00a0mAh, compatible avec la charge rapide Type-C, pour une dur\u00e9e de charge d\u2019environ 60\u00a0minutes. Concentration en [&hellip;]<\/p>\n","protected":false},"featured_media":5730,"comment_status":"open","ping_status":"closed","template":"","meta":{"site-sidebar-layout":"no-sidebar","site-content-layout":"page-builder","ast-site-content-layout":"normal-width-container","site-content-style":"default","site-sidebar-style":"default","ast-global-header-display":"","ast-banner-title-visibility":"","ast-main-header-display":"","ast-hfb-above-header-display":"","ast-hfb-below-header-display":"","ast-hfb-mobile-header-display":"","site-post-title":"disabled","ast-breadcrumbs-content":"","ast-featured-img":"disabled","footer-sml-layout":"","ast-disable-related-posts":"","theme-transparent-header-meta":"default","adv-header-id-meta":"","stick-header-meta":"default","header-above-stick-meta":"","header-main-stick-meta":"","header-below-stick-meta":"","astra-migrate-meta-layouts":"set","ast-page-background-enabled":"default","ast-page-background-meta":{"desktop":{"background-color":"","background-image":"","background-repeat":"repeat","background-position":"center center","background-size":"auto","background-attachment":"scroll","background-type":"","background-media":"","overlay-type":"","overlay-color":"","overlay-opacity":"","overlay-gradient":""},"tablet":{"background-color":"","background-image":"","background-repeat":"repeat","background-position":"center center","background-size":"auto","background-attachment":"scroll","background-type":"","background-media":"","overlay-type":"","overlay-color":"","overlay-opacity":"","overlay-gradient":""},"mobile":{"background-color":"","background-image":"","background-repeat":"repeat","background-position":"center center","background-size":"auto","background-attachment":"scroll","background-type":"","background-media":"","overlay-type":"","overlay-color":"","overlay-opacity":"","overlay-gradient":""}},"ast-content-background-meta":{"desktop":{"background-color":"var(--ast-global-color-5)","background-image":"","background-repeat":"repeat","background-position":"center center","background-size":"auto","background-attachment":"scroll","background-type":"","background-media":"","overlay-type":"","overlay-color":"","overlay-opacity":"","overlay-gradient":""},"tablet":{"background-color":"var(--ast-global-color-5)","background-image":"","background-repeat":"repeat","background-position":"center center","background-size":"auto","background-attachment":"scroll","background-type":"","background-media":"","overlay-type":"","overlay-color":"","overlay-opacity":"","overlay-gradient":""},"mobile":{"background-color":"var(--ast-global-color-5)","background-image":"","background-repeat":"repeat","background-position":"center center","background-size":"auto","background-attachment":"scroll","background-type":"","background-media":"","overlay-type":"","overlay-color":"","overlay-opacity":"","overlay-gradient":""}}},"product_brand":[53],"product_cat":[54,106,15],"product_tag":[],"class_list":{"0":"post-5751","1":"product","2":"type-product","3":"status-publish","4":"has-post-thumbnail","6":"product_brand-bang-cree-une-cigarette-electronique-plus-confortable","7":"product_cat-bang-leader-80k-dispose-de-trois-reservoirs-de-liquide-independants-integres","8":"product_cat-puff-80k","9":"product_cat-magasin-cigarette-electronique","10":"desktop-align-center","11":"tablet-align-center","12":"mobile-align-center","13":"ast-product-gallery-layout-horizontal","14":"ast-product-single-variable","15":"ast-product-tabs-layout-horizontal","16":"ast-qv-on-image","18":"first","19":"outofstock","20":"sale","21":"shipping-taxable","22":"purchasable","23":"product-type-variable","24":"has-default-attributes"},"tiered_pricing_type":"fixed","tiered_pricing_fixed_rules":{"50":7.24,"100":6.45},"tiered_pricing_product_settings":{"layout":"default","base_unit_name":{"singular":null,"plural":null},"default_variation":null},"tiered_pricing_minimum_quantity":null,"tiered_pricing_roles_data":[],"tiered_pricing_percentage_rules":[],"_links":{"self":[{"href":"https:\/\/puffvapestore.com\/nl\/wp-json\/wp\/v2\/product\/5751","targetHints":{"allow":["GET"]}}],"collection":[{"href":"https:\/\/puffvapestore.com\/nl\/wp-json\/wp\/v2\/product"}],"about":[{"href":"https:\/\/puffvapestore.com\/nl\/wp-json\/wp\/v2\/types\/product"}],"replies":[{"embeddable":true,"href":"https:\/\/puffvapestore.com\/nl\/wp-json\/wp\/v2\/comments?post=5751"}],"version-history":[{"count":7,"href":"https:\/\/puffvapestore.com\/nl\/wp-json\/wp\/v2\/product\/5751\/revisions"}],"predecessor-version":[{"id":5814,"href":"https:\/\/puffvapestore.com\/nl\/wp-json\/wp\/v2\/product\/5751\/revisions\/5814"}],"wp:featuredmedia":[{"embeddable":true,"href":"https:\/\/puffvapestore.com\/nl\/wp-json\/wp\/v2\/media\/5730"}],"wp:attachment":[{"href":"https:\/\/puffvapestore.com\/nl\/wp-json\/wp\/v2\/media?parent=5751"}],"wp:term":[{"taxonomy":"product_brand","embeddable":true,"href":"https:\/\/puffvapestore.com\/nl\/wp-json\/wp\/v2\/product_brand?post=5751"},{"taxonomy":"product_cat","embeddable":true,"href":"https:\/\/puffvapestore.com\/nl\/wp-json\/wp\/v2\/product_cat?post=5751"},{"taxonomy":"product_tag","embeddable":true,"href":"https:\/\/puffvapestore.com\/nl\/wp-json\/wp\/v2\/product_tag?post=5751"}],"curies":[{"name":"wp","href":"https:\/\/api.w.org\/{rel}","templated":true}]}}