{"id":5707,"date":"2025-07-26T01:00:44","date_gmt":"2025-07-26T01:00:44","guid":{"rendered":"https:\/\/puffvapestore.com\/?post_type=product&#038;p=5707"},"modified":"2026-01-19T10:54:35","modified_gmt":"2026-01-19T10:54:35","slug":"peach-mango-blue-razz-cherry-cool-mint-bang-king-85k-le-petit-bonheur-dont-vous-avez-besoin","status":"publish","type":"product","link":"https:\/\/puffvapestore.com\/nl\/product\/perzik-mango-blauw-razz-kers-cool-mint-bang-king-85k-het-kleine-geluk-dat-je-nodig-hebt\/","title":{"rendered":"Perzik Mango &amp; Blauwe Razz Kers &amp; Koele Munt - Bang King Triple 85000 3 in 1"},"content":{"rendered":"<div data-elementor-type=\"wp-post\" data-elementor-id=\"5707\" class=\"elementor elementor-5707\">\n\t\t\t\t<div class=\"elementor-element elementor-element-08c26f9 e-flex e-con-boxed e-con e-parent\" data-id=\"08c26f9\" data-element_type=\"container\" data-e-type=\"container\">\n\t\t\t\t\t<div class=\"e-con-inner\">\n\t\t\t\t<div class=\"elementor-element elementor-element-a005a97 elementor-widget elementor-widget-text-editor\" data-id=\"a005a97\" data-element_type=\"widget\" data-e-type=\"widget\" data-widget_type=\"text-editor.default\">\n\t\t\t\t<div class=\"elementor-widget-container\">\n\t\t\t\t\t\t\t\t\t<p>Drie smaken, drie emotionele ervaringen, om de smaak te vinden die het beste bij je stemming past:<\/p><p>Peach Mango: Een fruitig aroma, alsof je in een zonnige boomgaard in het zuiden van Frankrijk bent, kauwend op een rijpe mango, gevolgd door de zoetheid van perzik. Op een weekendnamiddag op je balkon, open een boek, inhaleer diep de geurige Peach Mango rook en je lichaam zal gehuld worden in een zoet fruitig aroma.<\/p><p>Blue Razz Cerise: Een gedurfdere fruitige combinatie, met zoetzure noten en uitgesproken nuances. Alsof je in een kleine kunsttentoonstelling in de straten van Parijs bent, inspireert elke vleug Blue Razz Cerise tot nieuwe inspiratie. Ideaal voor een rustig moment van ontspanning, alleen op caf\u00e9.<\/p><p>Frisse munt: Fris en puur, als de ochtendbries boven de Loirevallei. De frisheid van munt prikkelt onmiddellijk de zintuigen en brengt rust en sereniteit. Vooral als je 's avonds gaat wandelen of werken, neem een vleugje Fresh Mint: de lichte frisheid is precies wat je nodig hebt.<\/p><p>\u00abPerzik Mango\u00bb, \u00abBlue Razz Cherry\u00bb, \u00abFresh Mint\u00bb: drie smaken, drie stemmingen, allemaal in \u00e9\u00e9n elektronische sigaret.<\/p><p>De Bang King 85000 Peach Mango &amp; Blue Razz Cherry &amp; Cool Mint 3 in 1 Triple Flavour is uitgerust met een krachtige 600 mAh oplaadbare lithium batterij en ondersteunt snel opladen via USB-C, waardoor je een stabiele en langdurige vape-ervaring krijgt. Zelfs intensieve gebruikers kunnen gemakkelijk dagelijks gebruik aan zonder vaak te moeten opladen.<\/p><p>Uitgerust met een intelligent, high-definition OLED-display, toont het in realtime het batterijniveau en de resterende hoeveelheid e-liquid. Gebruikers kunnen de status van het apparaat intu\u00eftief bekijken, zodat ze van tevoren kunnen opladen en naar believen van smaak kunnen veranderen.<\/p><h2>Drie smaken in \u00e9\u00e9n machine<\/h2><p>De Bang King 85000 Peach Mango &amp; Blue Razz Cherry &amp; Cool Mint heeft een originele tank met drie e-liquids, die elk onafhankelijk kunnen worden ge\u00efnjecteerd met verschillende e-liquid smaken, voor een totale capaciteit van maximaal 63 ml (21 ml per tank). Dankzij de smaakkeuzeschakelaar kun je op elk moment van smaak veranderen, zonder je apparaat of cartridge te hoeven verwisselen.<\/p><p>Elke Bang King Triple 85000 Peach Mango &amp; Blue Razz Cherry &amp; Cool Mint e-sigaret biedt tot 85.000 trekjes, en elke smaak ongeveer 28.300 trekjes onafhankelijk. Veelzijdig en duurzaam, het is de toonaangevende e-sigaret met hoge capaciteit op de markt.<\/p><h2>Drie sets onafhankelijke 1,0 \u03a9 gaasweerstanden<\/h2><p>De Bang King 85000 Peach Mango &amp; Blue Razz Cherry &amp; Cool Mint 3 in 1 Triple Flavor is uitgerust met drie sets van onafhankelijke ge\u00efntegreerde 1.0 \u03a9 mesh weerstanden, die hun respectievelijke tanks voeden met e-vloeistof, waardoor de zuiverheid van elke smaak behouden blijft en de uniformiteit van de verstuiving en de rijkdom van de smaak worden verbeterd. Zonder smaakvermenging is het de ideale keuze voor de ultieme smaakervaring.<\/p><h2>Verschillende nicotineconcentraties<\/h2><p>Om aan de behoeften van elke gebruiker te voldoen, biedt Bang King Triple 85000 Peach Mango &amp; Blue Razz Cherry &amp; Cool Mint vier nicotineconcentratie-opties:<\/p><p>0 % (nicotinevrije versie, ideaal voor e-sigaretliefhebbers die de best mogelijke smaakervaring willen)<\/p><p>2 %, 3 %, 5 % (verschillende nicotineconcentraties beschikbaar)<\/p><p>Kies de intensiteit die bij je past, van gemakkelijke reductie tot een verfrissende, bevredigende smaak.<\/p><p>Of je nu onderweg bent, op een feestje of thuis, de Bang King Triple 85000's grote capaciteit en selectie van smaken passen zich aan elke behoefte aan, ongeacht de omgeving. In combinatie met een verfijnd industrieel ontwerp en ergonomische techniek combineert hij functionaliteit met esthetische aantrekkingskracht.<\/p><h2>Specificaties van de Bang King 85000 3 in 1 Drievoudige Smaak<\/h2><p>Maximaal trekvolume: 85.000 trekjes (ongeveer 28.300 trekjes per smaak)<\/p><p>Totale capaciteit e-vloeistof: 63 ml (3 x 21 ml)<\/p><p>Batterijcapaciteit: 600 mAh, oplaadbaar<\/p><p>Snel opladen: USB-C-interface<\/p><p>Weerstandsconfiguratie: drie sets onafhankelijke 1,0 \u03a9 gaasweerstanden<\/p><p>Nicotineconcentratie-opties: 0 %, 2 %, 3 %, 5 %<\/p><p>Displayfunctie: OLED-scherm (toont batterijlading en resterende hoeveelheid e-vloeistof)<\/p><p>Belangrijkste kenmerken: eenvoudig schakelen tussen drie smaken, zonder smaakoverlapping<\/p>\t\t\t\t\t\t\t\t<\/div>\n\t\t\t\t<\/div>\n\t\t\t\t\t<\/div>\n\t\t\t\t<\/div>\n\t\t\t\t<\/div>","protected":false},"excerpt":{"rendered":"<p>Trois saveurs, trois exp\u00e9riences \u00e9motionnelles, pour trouver la saveur qui vous convient le mieux selon votre humeur\u00a0: P\u00eache Mangue\u00a0: Ar\u00f4me fruit\u00e9, comme si vous \u00e9tiez dans un verger ensoleill\u00e9 du sud de la France, croquant une mangue m\u00fbre, suivi de la douceur de la p\u00eache. Un apr\u00e8s-midi de week-end sur votre balcon, ouvrez un livre, [&hellip;]<\/p>\n","protected":false},"featured_media":5397,"comment_status":"open","ping_status":"closed","template":"","meta":{"site-sidebar-layout":"no-sidebar","site-content-layout":"page-builder","ast-site-content-layout":"normal-width-container","site-content-style":"default","site-sidebar-style":"default","ast-global-header-display":"","ast-banner-title-visibility":"","ast-main-header-display":"","ast-hfb-above-header-display":"","ast-hfb-below-header-display":"","ast-hfb-mobile-header-display":"","site-post-title":"disabled","ast-breadcrumbs-content":"","ast-featured-img":"disabled","footer-sml-layout":"","ast-disable-related-posts":"","theme-transparent-header-meta":"default","adv-header-id-meta":"","stick-header-meta":"default","header-above-stick-meta":"","header-main-stick-meta":"","header-below-stick-meta":"","astra-migrate-meta-layouts":"set","ast-page-background-enabled":"default","ast-page-background-meta":{"desktop":{"background-color":"","background-image":"","background-repeat":"repeat","background-position":"center center","background-size":"auto","background-attachment":"scroll","background-type":"","background-media":"","overlay-type":"","overlay-color":"","overlay-opacity":"","overlay-gradient":""},"tablet":{"background-color":"","background-image":"","background-repeat":"repeat","background-position":"center center","background-size":"auto","background-attachment":"scroll","background-type":"","background-media":"","overlay-type":"","overlay-color":"","overlay-opacity":"","overlay-gradient":""},"mobile":{"background-color":"","background-image":"","background-repeat":"repeat","background-position":"center center","background-size":"auto","background-attachment":"scroll","background-type":"","background-media":"","overlay-type":"","overlay-color":"","overlay-opacity":"","overlay-gradient":""}},"ast-content-background-meta":{"desktop":{"background-color":"var(--ast-global-color-5)","background-image":"","background-repeat":"repeat","background-position":"center center","background-size":"auto","background-attachment":"scroll","background-type":"","background-media":"","overlay-type":"","overlay-color":"","overlay-opacity":"","overlay-gradient":""},"tablet":{"background-color":"var(--ast-global-color-5)","background-image":"","background-repeat":"repeat","background-position":"center center","background-size":"auto","background-attachment":"scroll","background-type":"","background-media":"","overlay-type":"","overlay-color":"","overlay-opacity":"","overlay-gradient":""},"mobile":{"background-color":"var(--ast-global-color-5)","background-image":"","background-repeat":"repeat","background-position":"center center","background-size":"auto","background-attachment":"scroll","background-type":"","background-media":"","overlay-type":"","overlay-color":"","overlay-opacity":"","overlay-gradient":""}}},"product_brand":[52],"product_cat":[51,107,15],"product_tag":[],"class_list":{"0":"post-5707","1":"product","2":"type-product","3":"status-publish","4":"has-post-thumbnail","6":"product_brand-bang-king","7":"product_cat-bang-king-triple-85000-trois-saveurs-en-une","8":"product_cat-puff-85k","9":"product_cat-magasin-cigarette-electronique","10":"desktop-align-center","11":"tablet-align-center","12":"mobile-align-center","13":"ast-product-gallery-layout-horizontal","14":"ast-product-gallery-with-no-image","15":"ast-product-single-variable","16":"ast-product-tabs-layout-horizontal","17":"ast-qv-on-image","19":"first","20":"instock","21":"sale","22":"shipping-taxable","23":"purchasable","24":"product-type-variable","25":"has-default-attributes"},"tiered_pricing_type":"fixed","tiered_pricing_fixed_rules":[],"tiered_pricing_product_settings":{"layout":"default","base_unit_name":{"singular":null,"plural":null},"default_variation":null},"tiered_pricing_minimum_quantity":null,"tiered_pricing_roles_data":[],"tiered_pricing_percentage_rules":[],"_links":{"self":[{"href":"https:\/\/puffvapestore.com\/nl\/wp-json\/wp\/v2\/product\/5707","targetHints":{"allow":["GET"]}}],"collection":[{"href":"https:\/\/puffvapestore.com\/nl\/wp-json\/wp\/v2\/product"}],"about":[{"href":"https:\/\/puffvapestore.com\/nl\/wp-json\/wp\/v2\/types\/product"}],"replies":[{"embeddable":true,"href":"https:\/\/puffvapestore.com\/nl\/wp-json\/wp\/v2\/comments?post=5707"}],"version-history":[{"count":8,"href":"https:\/\/puffvapestore.com\/nl\/wp-json\/wp\/v2\/product\/5707\/revisions"}],"predecessor-version":[{"id":10710,"href":"https:\/\/puffvapestore.com\/nl\/wp-json\/wp\/v2\/product\/5707\/revisions\/10710"}],"wp:featuredmedia":[{"embeddable":true,"href":"https:\/\/puffvapestore.com\/nl\/wp-json\/wp\/v2\/media\/5397"}],"wp:attachment":[{"href":"https:\/\/puffvapestore.com\/nl\/wp-json\/wp\/v2\/media?parent=5707"}],"wp:term":[{"taxonomy":"product_brand","embeddable":true,"href":"https:\/\/puffvapestore.com\/nl\/wp-json\/wp\/v2\/product_brand?post=5707"},{"taxonomy":"product_cat","embeddable":true,"href":"https:\/\/puffvapestore.com\/nl\/wp-json\/wp\/v2\/product_cat?post=5707"},{"taxonomy":"product_tag","embeddable":true,"href":"https:\/\/puffvapestore.com\/nl\/wp-json\/wp\/v2\/product_tag?post=5707"}],"curies":[{"name":"wp","href":"https:\/\/api.w.org\/{rel}","templated":true}]}}