{"id":5696,"date":"2025-07-24T07:51:02","date_gmt":"2025-07-24T07:51:02","guid":{"rendered":"https:\/\/puffvapestore.com\/?post_type=product&#038;p=5696"},"modified":"2026-01-19T10:54:36","modified_gmt":"2026-01-19T10:54:36","slug":"blue-razz-ice-strawberry-watermelon-watermelon-ice-bang-king-85000-3-en-1","status":"publish","type":"product","link":"https:\/\/puffvapestore.com\/nl\/product\/blue-razz-ijs-aardbei-watermeloen-ijs-bang-king-85000-3-in-1\/","title":{"rendered":"Blue Razz Ice &amp; Aardbeienwatermeloen &amp; Watermeloenijs - Bang King Triple 85000 3 in 1"},"content":{"rendered":"<div data-elementor-type=\"wp-post\" data-elementor-id=\"5696\" class=\"elementor elementor-5696\">\n\t\t\t\t<div class=\"elementor-element elementor-element-08c26f9 e-flex e-con-boxed e-con e-parent\" data-id=\"08c26f9\" data-element_type=\"container\" data-e-type=\"container\">\n\t\t\t\t\t<div class=\"e-con-inner\">\n\t\t\t\t<div class=\"elementor-element elementor-element-a005a97 elementor-widget elementor-widget-text-editor\" data-id=\"a005a97\" data-element_type=\"widget\" data-e-type=\"widget\" data-widget_type=\"text-editor.default\">\n\t\t\t\t<div class=\"elementor-widget-container\">\n\t\t\t\t\t\t\t\t\t<p>De Blue Razz Ice-smaak biedt een krachtig aroma van bosbessen en frambozen, gecombineerd met een vleugje verse munt, zoals een glas ijssap op het strand van Marseille in de zomer, dat de hitte onmiddellijk verdrijft. De Strawberry Watermelon smaak is een zachte, complexe zoetheid, waar de zoetheid van aardbeien en de frisheid van watermeloen zich vermengen in de mond, zoals in de velden van de Provence, waar de zon door de schaduw van de bomen schijnt en zoetheid alomtegenwoordig is. Iced Watermelon smaak is nog frisser en puurder, en combineert perfect de sappige smaak van watermeloen met de frisheid ervan. Na \u00e9\u00e9n vleugje waan je je op de Seine in Parijs, gesust door de bries en ontspannen.<\/p><p>Gebruik gewoon de smaakkiezer van de elektronische sigaret om te kiezen uit de drie beschikbare smaken en bevredig uw meest veeleisende verlangens. Het leven biedt meer dan \u00e9\u00e9n smaak en uw elektronische sigaret zou u geen enkele keuze moeten bieden.<\/p><p>De Bang King 85000 Blue Razz Ice &amp; Strawberry Watermelon &amp; Watermelon Ice 3 in 1 Triple Flavour is uitgerust met een hoogwaardige oplaadbare lithiumbatterij van 600 mAh en ondersteunt snel opladen via USB-C, zodat je kunt genieten van een stabiele en langdurige vape-ervaring. Zelfs intensieve gebruikers kunnen gemakkelijk dagelijks gebruik aan zonder vaak te moeten opladen.<\/p><p>Uitgerust met een intelligent, high-definition OLED-display, toont het in realtime het batterijniveau en de resterende hoeveelheid e-liquid. Gebruikers kunnen de status van het apparaat intu\u00eftief bekijken, zodat ze van tevoren kunnen opladen en naar believen van smaak kunnen veranderen.<\/p><h2>Drie smaken in \u00e9\u00e9n machine<\/h2><p>De Bang King 85000 Blue Razz Ice &amp; Strawberry Watermelon &amp; Watermelon Ice heeft een originele tank met drie e-liquids, die elk onafhankelijk ge\u00efnjecteerd kunnen worden met verschillende e-liquid smaken, voor een totale capaciteit van maximaal 63 ml (21 ml per tank). Dankzij de smaakkeuzeschakelaar kun je op elk moment van smaak veranderen, zonder je apparaat of cartridge te hoeven verwisselen.<\/p><p>Elke Bang King Triple 85000 Blue Razz Ice &amp; Strawberry Watermelon &amp; Watermelon Ice e-sigaret biedt tot 85.000 trekjes rook, en elke smaak ongeveer 28.300 trekjes onafhankelijk. Veelzijdig en duurzaam, het is de toonaangevende e-sigaret met hoge capaciteit op de markt.<\/p><h2>Drie sets onafhankelijke 1,0 \u03a9 gaasweerstanden<\/h2><p>De Bang King 85000 Blue Razz Ice &amp; Strawberry Watermelon &amp; Watermelon Ice 3 in 1 Triple Flavor is uitgerust met drie sets van onafhankelijke ge\u00efntegreerde 1.0 \u03a9 mesh weerstanden, die hun respectievelijke tanks voeden met e-vloeistof, waardoor de zuiverheid van elke smaak behouden blijft en de uniformiteit van de verstuiving en de rijkdom van de smaak worden verbeterd. Zonder smaakvermenging is het de ideale keuze voor de ultieme smaakervaring.<\/p><h2>Verschillende nicotineconcentraties<\/h2><p>Om aan de behoeften van elke gebruiker te voldoen, biedt Bang King Triple 85000 Blue Razz Ice &amp; Strawberry Watermelon &amp; Watermelon Ice vier nicotineconcentratie-opties:<\/p><p>0 % (nicotinevrije versie, ideaal voor e-sigaretliefhebbers die de best mogelijke smaakervaring willen)<\/p><p>2 %, 3 %, 5 % (verschillende nicotineconcentraties beschikbaar)<\/p><p>Kies de intensiteit die bij je past, van gemakkelijke reductie tot een verfrissende, bevredigende smaak.<\/p><p>Of je nu onderweg bent, op een feestje of thuis, de grote capaciteit en de selectie smaken van de Bang King Triple 85000 Blue Razz Ice &amp; Strawberry Watermelon &amp; Watermelon Ice kunnen worden aangepast aan alle behoeften, ongeacht de omgeving. In combinatie met een geraffineerd industrieel ontwerp en een ergonomische lay-out combineert hij functionaliteit en esthetiek.<\/p><h2>Specificaties voor Bang King 85000 Blue Razz Ice &amp; Strawberry Watermelon &amp; Watermelon Ice 3 in 1 Drievoudige Smaak<\/h2><p>Maximaal trekvolume: 85.000 trekjes (ongeveer 28.300 trekjes per smaak)<\/p><p>Totale capaciteit e-vloeistof: 63 ml (3 x 21 ml)<\/p><p>Batterijcapaciteit: 600 mAh, oplaadbaar<\/p><p>Snel opladen: USB-C-interface<\/p><p>Weerstandsconfiguratie: drie sets onafhankelijke 1,0 \u03a9 gaasweerstanden<\/p><p>Nicotineconcentratie-opties: 0 %, 2 %, 3 %, 5 %<\/p><p>Displayfunctie: OLED-scherm (toont batterijlading en resterende hoeveelheid e-vloeistof)<\/p><p>Belangrijkste kenmerken: eenvoudig schakelen tussen drie smaken, zonder smaakoverlapping<\/p>\t\t\t\t\t\t\t\t<\/div>\n\t\t\t\t<\/div>\n\t\t\t\t\t<\/div>\n\t\t\t\t<\/div>\n\t\t\t\t<\/div>","protected":false},"excerpt":{"rendered":"<p>La saveur Blue Razz Ice offre un ar\u00f4me puissant de myrtille et de framboise, associ\u00e9 \u00e0 une touche de menthe fra\u00eeche, comme un verre de jus glac\u00e9 sur la plage de Marseille en \u00e9t\u00e9, dissipant instantan\u00e9ment la chaleur. La saveur Fraise Past\u00e8que est une douceur douce et complexe, o\u00f9 la douceur des fraises et la [&hellip;]<\/p>\n","protected":false},"featured_media":5390,"comment_status":"open","ping_status":"closed","template":"","meta":{"site-sidebar-layout":"no-sidebar","site-content-layout":"page-builder","ast-site-content-layout":"normal-width-container","site-content-style":"default","site-sidebar-style":"default","ast-global-header-display":"","ast-banner-title-visibility":"","ast-main-header-display":"","ast-hfb-above-header-display":"","ast-hfb-below-header-display":"","ast-hfb-mobile-header-display":"","site-post-title":"disabled","ast-breadcrumbs-content":"","ast-featured-img":"disabled","footer-sml-layout":"","ast-disable-related-posts":"","theme-transparent-header-meta":"default","adv-header-id-meta":"","stick-header-meta":"default","header-above-stick-meta":"","header-main-stick-meta":"","header-below-stick-meta":"","astra-migrate-meta-layouts":"set","ast-page-background-enabled":"default","ast-page-background-meta":{"desktop":{"background-color":"","background-image":"","background-repeat":"repeat","background-position":"center center","background-size":"auto","background-attachment":"scroll","background-type":"","background-media":"","overlay-type":"","overlay-color":"","overlay-opacity":"","overlay-gradient":""},"tablet":{"background-color":"","background-image":"","background-repeat":"repeat","background-position":"center center","background-size":"auto","background-attachment":"scroll","background-type":"","background-media":"","overlay-type":"","overlay-color":"","overlay-opacity":"","overlay-gradient":""},"mobile":{"background-color":"","background-image":"","background-repeat":"repeat","background-position":"center center","background-size":"auto","background-attachment":"scroll","background-type":"","background-media":"","overlay-type":"","overlay-color":"","overlay-opacity":"","overlay-gradient":""}},"ast-content-background-meta":{"desktop":{"background-color":"var(--ast-global-color-5)","background-image":"","background-repeat":"repeat","background-position":"center center","background-size":"auto","background-attachment":"scroll","background-type":"","background-media":"","overlay-type":"","overlay-color":"","overlay-opacity":"","overlay-gradient":""},"tablet":{"background-color":"var(--ast-global-color-5)","background-image":"","background-repeat":"repeat","background-position":"center center","background-size":"auto","background-attachment":"scroll","background-type":"","background-media":"","overlay-type":"","overlay-color":"","overlay-opacity":"","overlay-gradient":""},"mobile":{"background-color":"var(--ast-global-color-5)","background-image":"","background-repeat":"repeat","background-position":"center center","background-size":"auto","background-attachment":"scroll","background-type":"","background-media":"","overlay-type":"","overlay-color":"","overlay-opacity":"","overlay-gradient":""}}},"product_brand":[52],"product_cat":[51,107,15],"product_tag":[],"class_list":{"0":"post-5696","1":"product","2":"type-product","3":"status-publish","4":"has-post-thumbnail","6":"product_brand-bang-king","7":"product_cat-bang-king-triple-85000-trois-saveurs-en-une","8":"product_cat-puff-85k","9":"product_cat-magasin-cigarette-electronique","10":"desktop-align-center","11":"tablet-align-center","12":"mobile-align-center","13":"ast-product-gallery-layout-horizontal","14":"ast-product-gallery-with-no-image","15":"ast-product-single-variable","16":"ast-product-tabs-layout-horizontal","17":"ast-qv-on-image","19":"first","20":"instock","21":"sale","22":"shipping-taxable","23":"purchasable","24":"product-type-variable","25":"has-default-attributes"},"tiered_pricing_type":"fixed","tiered_pricing_fixed_rules":[],"tiered_pricing_product_settings":{"layout":"default","base_unit_name":{"singular":null,"plural":null},"default_variation":null},"tiered_pricing_minimum_quantity":null,"tiered_pricing_roles_data":[],"tiered_pricing_percentage_rules":[],"_links":{"self":[{"href":"https:\/\/puffvapestore.com\/nl\/wp-json\/wp\/v2\/product\/5696","targetHints":{"allow":["GET"]}}],"collection":[{"href":"https:\/\/puffvapestore.com\/nl\/wp-json\/wp\/v2\/product"}],"about":[{"href":"https:\/\/puffvapestore.com\/nl\/wp-json\/wp\/v2\/types\/product"}],"replies":[{"embeddable":true,"href":"https:\/\/puffvapestore.com\/nl\/wp-json\/wp\/v2\/comments?post=5696"}],"version-history":[{"count":8,"href":"https:\/\/puffvapestore.com\/nl\/wp-json\/wp\/v2\/product\/5696\/revisions"}],"predecessor-version":[{"id":10709,"href":"https:\/\/puffvapestore.com\/nl\/wp-json\/wp\/v2\/product\/5696\/revisions\/10709"}],"wp:featuredmedia":[{"embeddable":true,"href":"https:\/\/puffvapestore.com\/nl\/wp-json\/wp\/v2\/media\/5390"}],"wp:attachment":[{"href":"https:\/\/puffvapestore.com\/nl\/wp-json\/wp\/v2\/media?parent=5696"}],"wp:term":[{"taxonomy":"product_brand","embeddable":true,"href":"https:\/\/puffvapestore.com\/nl\/wp-json\/wp\/v2\/product_brand?post=5696"},{"taxonomy":"product_cat","embeddable":true,"href":"https:\/\/puffvapestore.com\/nl\/wp-json\/wp\/v2\/product_cat?post=5696"},{"taxonomy":"product_tag","embeddable":true,"href":"https:\/\/puffvapestore.com\/nl\/wp-json\/wp\/v2\/product_tag?post=5696"}],"curies":[{"name":"wp","href":"https:\/\/api.w.org\/{rel}","templated":true}]}}