{"id":5680,"date":"2025-07-24T05:37:12","date_gmt":"2025-07-24T05:37:12","guid":{"rendered":"https:\/\/puffvapestore.com\/?post_type=product&#038;p=5680"},"modified":"2026-01-19T10:54:36","modified_gmt":"2026-01-19T10:54:36","slug":"kiwi-passion-fruit-guava-lush-ice-straw-mango-bang-king-85k-un-plaisir-et-un-soulagement-instantanes","status":"publish","type":"product","link":"https:\/\/puffvapestore.com\/nl\/product\/kiwi-passievrucht-guave-weelderig-ijs-stro-mango-bang-king-85k-onmiddellijk-plezier-en-opluchting\/","title":{"rendered":"Kiwi passievrucht guave &amp; weelderig ijs &amp; stro mango - Bang King Triple 85000 3 in 1"},"content":{"rendered":"<div data-elementor-type=\"wp-post\" data-elementor-id=\"5680\" class=\"elementor elementor-5680\">\n\t\t\t\t<div class=\"elementor-element elementor-element-08c26f9 e-flex e-con-boxed e-con e-parent\" data-id=\"08c26f9\" data-element_type=\"container\" data-e-type=\"container\">\n\t\t\t\t\t<div class=\"e-con-inner\">\n\t\t\t\t<div class=\"elementor-element elementor-element-a005a97 elementor-widget elementor-widget-text-editor\" data-id=\"a005a97\" data-element_type=\"widget\" data-e-type=\"widget\" data-widget_type=\"text-editor.default\">\n\t\t\t\t<div class=\"elementor-widget-container\">\n\t\t\t\t\t\t\t\t\t<p>De drie smaken Kiwi Passion Fruit Guava &amp; Lush Ice &amp; Straw Mango belichamen de kracht van tropische fruitaroma's, de frisheid van koele munt en de zachtheid van zoete vruchtenpulp. Dankzij de intelligente selector kun je direct van smaak veranderen door simpelweg de selector te verstellen, waardoor elke inhalatie een echte reis wordt.<\/p><h2>Kiwi Passievrucht Guave<\/h2><p>Dit unieke tropische trio combineert zoetzure kiwi, geurige passievrucht en sappige guave voor een intense, complexe smaak. Als je bij zonsondergang op je balkon zit, neem je een trekje van deze gearomatiseerde elektronische sigaret en waan je je op het strand van Martinique, terwijl je je gedachten laat zweven in de wind.<\/p><h2>Weelderig ijs<\/h2><p>De zoetheid van watermeloen wordt subtiel omhuld door de frisheid van munt en verfrist je smaakpapillen. Deze elektronische sigaret met de smaak Lush Ice is ideaal om 's middags te ontspannen, vooral in de zomer. Stap uit het caf\u00e9 en neem een trekje van Lush Ice, als een koele bries op je gezicht.<\/p><h2>Stro Mango<\/h2><p>De combinatie van romige mango en pittige aardbei is als een zelfgemaakte smoothie. Neem na een drankje of een leesmoment een vleugje Straw Mango voor een moment van ontspanning en genot.<\/p><p>De Bang King 85000 Kiwi Passion Fruit Guava &amp; Lush Ice &amp; Straw Mango 3 in 1 Triple Flavour is uitgerust met een krachtige 600 mAh oplaadbare lithium batterij en ondersteunt snel opladen via USB-C, waardoor je een stabiele en langdurige vape-ervaring krijgt. Zelfs intensieve gebruikers kunnen gemakkelijk dagelijks gebruik aan zonder vaak te moeten opladen.<\/p><p>Uitgerust met een intelligent, high-definition OLED-display, toont het in realtime het batterijniveau en de resterende hoeveelheid e-liquid. Gebruikers kunnen de status van het apparaat intu\u00eftief bekijken, zodat ze van tevoren kunnen opladen en naar believen van smaak kunnen veranderen.<\/p><h2>Drie smaken in \u00e9\u00e9n machine<\/h2><p>De Bang King 85000 Kiwi Passion Fruit Guava &amp; Lush Ice &amp; Straw Mango heeft een originele tank met drie e-liquids, die elk onafhankelijk ge\u00efnjecteerd kunnen worden met verschillende e-liquid smaken, voor een totale capaciteit van maximaal 63 ml (21 ml per tank). Dankzij de smaakkeuzeschakelaar kun je op elk moment van smaak veranderen, zonder je apparaat of cartridge te hoeven verwisselen.<\/p><p>Elke Bang King Triple 85000 Kiwi Passion Fruit Guava &amp; Lush Ice &amp; Straw Mango e-sigaret biedt tot 85.000 trekjes rook, en elke smaak ongeveer 28.300 trekjes onafhankelijk. Veelzijdig en duurzaam, het is de toonaangevende e-sigaret met hoge capaciteit op de markt.<\/p><h2>Drie sets onafhankelijke 1,0 \u03a9 gaasweerstanden<\/h2><p>De Bang King 85000 Kiwi Passion Fruit Guava &amp; Lush Ice &amp; Straw Mango 3 in 1 Triple Flavor is uitgerust met drie sets van onafhankelijke ge\u00efntegreerde 1,0 \u03a9 mesh weerstanden, die hun respectieve tanks voeden met e-vloeistof, waardoor de zuiverheid van elke smaak behouden blijft en de uniformiteit van de verstuiving en de rijkdom van de smaak worden verbeterd. Zonder smaakvermenging is het de ideale keuze voor de ultieme smaakervaring.<\/p><h2>Verschillende nicotineconcentraties<\/h2><p>Om aan de behoeften van elke gebruiker te voldoen, biedt Bang King Triple 85000 Kiwi Passion Fruit Guava &amp; Lush Ice &amp; Straw Mango vier nicotineconcentratie-opties:<\/p><p>0 % (nicotinevrije versie, ideaal voor e-sigaretliefhebbers die de best mogelijke smaakervaring willen)<\/p><p>2 %, 3 %, 5 % (verschillende nicotineconcentraties beschikbaar)<\/p><p>Kies de intensiteit die bij je past, van gemakkelijke reductie tot een verfrissende, bevredigende smaak.<\/p><p>Of je nu op reis bent, op een feestje of thuis, de grote capaciteit en selectie van smaken in de Bang King Triple 85000 Kiwi Passion Fruit Guava &amp; Lush Ice &amp; Straw Mango kan worden aangepast aan alle behoeften, ongeacht de omgeving. In combinatie met het verfijnde industri\u00eble design en ergonomische concept combineert hij functionaliteit en esthetiek.<\/p><h2>Specificaties van de Bang King 85000 3 in 1 Drievoudige Smaak<\/h2><p>Maximaal trekvolume: 85.000 trekjes (ongeveer 28.300 trekjes per smaak)<\/p><p>Totale capaciteit e-vloeistof: 63 ml (3 x 21 ml)<\/p><p>Batterijcapaciteit: 600 mAh, oplaadbaar<\/p><p>Snel opladen: USB-C-interface<\/p><p>Weerstandsconfiguratie: drie sets onafhankelijke 1,0 \u03a9 gaasweerstanden<\/p><p>Nicotineconcentratie-opties: 0 %, 2 %, 3 %, 5 %<\/p><p>Displayfunctie: OLED-scherm (toont batterijlading en resterende hoeveelheid e-vloeistof)<\/p><p>Belangrijkste kenmerken: eenvoudig schakelen tussen drie smaken, zonder smaakoverlapping<\/p>\t\t\t\t\t\t\t\t<\/div>\n\t\t\t\t<\/div>\n\t\t\t\t\t<\/div>\n\t\t\t\t<\/div>\n\t\t\t\t<\/div>","protected":false},"excerpt":{"rendered":"<p>Les trois saveurs Kiwi Passion Fruit Guava &amp; Lush Ice &amp; Straw Mango incarnent la puissance des ar\u00f4mes de fruits tropicaux, la fra\u00eecheur de la menthe fra\u00eeche et la douceur de la pulpe de fruit sucr\u00e9e. Gr\u00e2ce au s\u00e9lecteur intelligent, vous pouvez changer de saveur instantan\u00e9ment en ajustant simplement le s\u00e9lecteur, transformant chaque inhalation en [&hellip;]<\/p>\n","protected":false},"featured_media":5395,"comment_status":"open","ping_status":"closed","template":"","meta":{"site-sidebar-layout":"no-sidebar","site-content-layout":"page-builder","ast-site-content-layout":"normal-width-container","site-content-style":"default","site-sidebar-style":"default","ast-global-header-display":"","ast-banner-title-visibility":"","ast-main-header-display":"","ast-hfb-above-header-display":"","ast-hfb-below-header-display":"","ast-hfb-mobile-header-display":"","site-post-title":"disabled","ast-breadcrumbs-content":"","ast-featured-img":"disabled","footer-sml-layout":"","ast-disable-related-posts":"","theme-transparent-header-meta":"default","adv-header-id-meta":"","stick-header-meta":"default","header-above-stick-meta":"","header-main-stick-meta":"","header-below-stick-meta":"","astra-migrate-meta-layouts":"set","ast-page-background-enabled":"default","ast-page-background-meta":{"desktop":{"background-color":"","background-image":"","background-repeat":"repeat","background-position":"center center","background-size":"auto","background-attachment":"scroll","background-type":"","background-media":"","overlay-type":"","overlay-color":"","overlay-opacity":"","overlay-gradient":""},"tablet":{"background-color":"","background-image":"","background-repeat":"repeat","background-position":"center center","background-size":"auto","background-attachment":"scroll","background-type":"","background-media":"","overlay-type":"","overlay-color":"","overlay-opacity":"","overlay-gradient":""},"mobile":{"background-color":"","background-image":"","background-repeat":"repeat","background-position":"center center","background-size":"auto","background-attachment":"scroll","background-type":"","background-media":"","overlay-type":"","overlay-color":"","overlay-opacity":"","overlay-gradient":""}},"ast-content-background-meta":{"desktop":{"background-color":"var(--ast-global-color-5)","background-image":"","background-repeat":"repeat","background-position":"center center","background-size":"auto","background-attachment":"scroll","background-type":"","background-media":"","overlay-type":"","overlay-color":"","overlay-opacity":"","overlay-gradient":""},"tablet":{"background-color":"var(--ast-global-color-5)","background-image":"","background-repeat":"repeat","background-position":"center center","background-size":"auto","background-attachment":"scroll","background-type":"","background-media":"","overlay-type":"","overlay-color":"","overlay-opacity":"","overlay-gradient":""},"mobile":{"background-color":"var(--ast-global-color-5)","background-image":"","background-repeat":"repeat","background-position":"center center","background-size":"auto","background-attachment":"scroll","background-type":"","background-media":"","overlay-type":"","overlay-color":"","overlay-opacity":"","overlay-gradient":""}}},"product_brand":[52],"product_cat":[51,107,15],"product_tag":[],"class_list":{"0":"post-5680","1":"product","2":"type-product","3":"status-publish","4":"has-post-thumbnail","6":"product_brand-bang-king","7":"product_cat-bang-king-triple-85000-trois-saveurs-en-une","8":"product_cat-puff-85k","9":"product_cat-magasin-cigarette-electronique","10":"desktop-align-center","11":"tablet-align-center","12":"mobile-align-center","13":"ast-product-gallery-layout-horizontal","14":"ast-product-gallery-with-no-image","15":"ast-product-single-variable","16":"ast-product-tabs-layout-horizontal","17":"ast-qv-on-image","19":"first","20":"instock","21":"sale","22":"shipping-taxable","23":"purchasable","24":"product-type-variable","25":"has-default-attributes"},"tiered_pricing_type":"fixed","tiered_pricing_fixed_rules":[],"tiered_pricing_product_settings":{"layout":"default","base_unit_name":{"singular":null,"plural":null},"default_variation":null},"tiered_pricing_minimum_quantity":null,"tiered_pricing_roles_data":[],"tiered_pricing_percentage_rules":[],"_links":{"self":[{"href":"https:\/\/puffvapestore.com\/nl\/wp-json\/wp\/v2\/product\/5680","targetHints":{"allow":["GET"]}}],"collection":[{"href":"https:\/\/puffvapestore.com\/nl\/wp-json\/wp\/v2\/product"}],"about":[{"href":"https:\/\/puffvapestore.com\/nl\/wp-json\/wp\/v2\/types\/product"}],"replies":[{"embeddable":true,"href":"https:\/\/puffvapestore.com\/nl\/wp-json\/wp\/v2\/comments?post=5680"}],"version-history":[{"count":12,"href":"https:\/\/puffvapestore.com\/nl\/wp-json\/wp\/v2\/product\/5680\/revisions"}],"predecessor-version":[{"id":10708,"href":"https:\/\/puffvapestore.com\/nl\/wp-json\/wp\/v2\/product\/5680\/revisions\/10708"}],"wp:featuredmedia":[{"embeddable":true,"href":"https:\/\/puffvapestore.com\/nl\/wp-json\/wp\/v2\/media\/5395"}],"wp:attachment":[{"href":"https:\/\/puffvapestore.com\/nl\/wp-json\/wp\/v2\/media?parent=5680"}],"wp:term":[{"taxonomy":"product_brand","embeddable":true,"href":"https:\/\/puffvapestore.com\/nl\/wp-json\/wp\/v2\/product_brand?post=5680"},{"taxonomy":"product_cat","embeddable":true,"href":"https:\/\/puffvapestore.com\/nl\/wp-json\/wp\/v2\/product_cat?post=5680"},{"taxonomy":"product_tag","embeddable":true,"href":"https:\/\/puffvapestore.com\/nl\/wp-json\/wp\/v2\/product_tag?post=5680"}],"curies":[{"name":"wp","href":"https:\/\/api.w.org\/{rel}","templated":true}]}}