{"id":5650,"date":"2025-07-23T10:11:33","date_gmt":"2025-07-23T10:11:33","guid":{"rendered":"https:\/\/puffvapestore.com\/?post_type=product&#038;p=5650"},"modified":"2026-01-19T10:54:36","modified_gmt":"2026-01-19T10:54:36","slug":"double-apple-pineapple-ice-fruity-fusion-bang-king-85000-3-en-1-triple-saveur","status":"publish","type":"product","link":"https:\/\/puffvapestore.com\/nl\/product\/dubbele-appel-ananas-ijs-fruitige-fusie-bang-king-85000-3-in-1-drievoudige-smaak\/","title":{"rendered":"Dubbele appel &amp; ananas ijs &amp; fruitige fusie - Bang King 85000 3 in 1 drievoudige smaak"},"content":{"rendered":"<div data-elementor-type=\"wp-post\" data-elementor-id=\"5650\" class=\"elementor elementor-5650\">\n\t\t\t\t<div class=\"elementor-element elementor-element-08c26f9 e-flex e-con-boxed e-con e-parent\" data-id=\"08c26f9\" data-element_type=\"container\" data-e-type=\"container\">\n\t\t\t\t\t<div class=\"e-con-inner\">\n\t\t\t\t<div class=\"elementor-element elementor-element-a005a97 elementor-widget elementor-widget-text-editor\" data-id=\"a005a97\" data-element_type=\"widget\" data-e-type=\"widget\" data-widget_type=\"text-editor.default\">\n\t\t\t\t<div class=\"elementor-widget-container\">\n\t\t\t\t\t\t\t\t\t<p>De combinatie \u00abDouble Apple &amp; Glazed Pineapple &amp; Fruity Fusion\u00bb is een ideale keuze geworden voor stadsbewoners die willen ontspannen dankzij de verfrissende, rijke en exotische smaak.<\/p><h2>Dit unieke fruitige drievoudige aroma combineert :<\/h2><p>Double Apple: een zoetzuur aroma, typisch voor waterpijp, een veel voorkomende inspiratiebron in de Franse koffiecultuur.<\/p><p>IJzige ananas: Verfrissend en stimulerend, met een licht ijzige sensatie, zoals een verse ananas die in de Middellandse Zee wordt gekneusd, voor een onmiddellijk fris gevoel.<\/p><p>Fruitige samensmelting: Een verscheidenheid aan vruchten vermengt zich om een zoet aroma te cre\u00ebren, als een zonnige boomgaard, dat de stimulatie en zoetheid van de eerste twee smaken in evenwicht brengt.<\/p><p>Of je nu 's middags geniet van een espresso op een terras in Parijs of 's avonds aan zee in Zuid-Frankrijk, deze combinatie van smaken van de Bang King 85000 elektronische sigaret roept zintuiglijk genot en mentale ontspanning op.<\/p><h2>Intelligent HD-scherm<\/h2><p>De Bang King Triple 85000 Double Apple &amp; Pineapple Ice &amp; Fruity Fusion is uitgerust met een geavanceerd ge\u00efntegreerd HD-scherm dat een intu\u00eftieve gebruikerservaring biedt. Het display toont belangrijke informatie in realtime, zoals de resterende batterijlading en de resterende hoeveelheid e-liquid, zodat gebruikers altijd de status van het apparaat kunnen controleren en hun ervaring kunnen optimaliseren.<\/p><h2>Keuze uit drie smaken en onafhankelijk oliereservoir<\/h2><p>De Bang King 85000 Double Apple &amp; Pineapple Ice &amp; Fruity Fusion 3 in 1 Triple Flavour integreert op innovatieve wijze drie onafhankelijke e-liquid tanks, elk voorgevuld met 21 ml e-liquid, voor een totale capaciteit van maximaal 63 ml. Met een praktische keuzeschakelaar kun je vrij kiezen tussen drie smaken. Elke smaak biedt tot 28.300 trekjes en tot 85.000 trekjes in totaal, voor een gevarieerde, langdurige vape-ervaring.<\/p><p>Om aan de behoeften van elke gebruiker te voldoen, biedt Bang King Triple 85000 Double Apple &amp; Pineapple Ice &amp; Fruity Fusion vier niveaus van nicotineconcentratie: 0 % (geen nicotine), 2 %, 3 % en 5 %. Deze flexibiliteit betekent dat je de dosering kunt kiezen die past bij jouw voorkeuren, van rokers tot gelegenheidsgebruikers.<\/p><p>Deze elektronische sigaret is uitgerust met een oplaadbare batterij van 600 mAh en ondersteunt de USB-C snellaadtechnologie. Hierdoor kan het apparaat snel worden opgeladen, waardoor de wachttijd korter wordt en het apparaat constant beschikbaar is, wat ideaal is voor veelvuldig gebruik.<\/p><h2>Geoptimaliseerde configuratie van weerstanden<\/h2><p>De Bang King Triple 85000 Double Apple &amp; Pineapple Ice &amp; Fruity Fusion maakt gebruik van een maasweerstand van 1,0 \u03a9 met drie niveaus, geoptimaliseerd voor een optimale smaakweergave en verstuiving. De gaasweerstand zorgt voor een gelijkmatige verwarming en garandeert een intense smaak en dampproductie bij elk trekje.<\/p><p>Elke Bang King Triple 85000 Double Apple &amp; Pineapple Ice &amp; Fruity Fusion elektronische sigaret biedt een totale capaciteit van 63 ml e-vloeistof (3 tanks van elk 21 ml) en tot 85.000 trekjes, waardoor het een van de apparaten is met de langste gebruiksduur op de markt. Of je hem nu elke dag gebruikt of lange tijd uitgaat, je zult genieten van een zorgeloze vaping ervaring.<\/p>\t\t\t\t\t\t\t\t<\/div>\n\t\t\t\t<\/div>\n\t\t\t\t\t<\/div>\n\t\t\t\t<\/div>\n\t\t\t\t<\/div>","protected":false},"excerpt":{"rendered":"<p>La combinaison \u00ab\u00a0Double Pomme &amp; Ananas Glac\u00e9 &amp; Fusion Fruit\u00e9e\u00a0\u00bb est devenue un choix id\u00e9al pour les citadins qui souhaitent se d\u00e9tendre gr\u00e2ce \u00e0 son go\u00fbt rafra\u00eechissant, riche et exotique. Ce triple ar\u00f4me fruit\u00e9 unique combine\u00a0: Double Pomme\u00a0: un ar\u00f4me aigre-doux, typique du narguil\u00e9, une source d&rsquo;inspiration fr\u00e9quente dans la culture des caf\u00e9s fran\u00e7ais. Ananas [&hellip;]<\/p>\n","protected":false},"featured_media":5393,"comment_status":"open","ping_status":"closed","template":"","meta":{"site-sidebar-layout":"no-sidebar","site-content-layout":"page-builder","ast-site-content-layout":"normal-width-container","site-content-style":"default","site-sidebar-style":"default","ast-global-header-display":"","ast-banner-title-visibility":"","ast-main-header-display":"","ast-hfb-above-header-display":"","ast-hfb-below-header-display":"","ast-hfb-mobile-header-display":"","site-post-title":"disabled","ast-breadcrumbs-content":"","ast-featured-img":"disabled","footer-sml-layout":"","ast-disable-related-posts":"","theme-transparent-header-meta":"default","adv-header-id-meta":"","stick-header-meta":"default","header-above-stick-meta":"","header-main-stick-meta":"","header-below-stick-meta":"","astra-migrate-meta-layouts":"set","ast-page-background-enabled":"default","ast-page-background-meta":{"desktop":{"background-color":"","background-image":"","background-repeat":"repeat","background-position":"center center","background-size":"auto","background-attachment":"scroll","background-type":"","background-media":"","overlay-type":"","overlay-color":"","overlay-opacity":"","overlay-gradient":""},"tablet":{"background-color":"","background-image":"","background-repeat":"repeat","background-position":"center center","background-size":"auto","background-attachment":"scroll","background-type":"","background-media":"","overlay-type":"","overlay-color":"","overlay-opacity":"","overlay-gradient":""},"mobile":{"background-color":"","background-image":"","background-repeat":"repeat","background-position":"center center","background-size":"auto","background-attachment":"scroll","background-type":"","background-media":"","overlay-type":"","overlay-color":"","overlay-opacity":"","overlay-gradient":""}},"ast-content-background-meta":{"desktop":{"background-color":"var(--ast-global-color-5)","background-image":"","background-repeat":"repeat","background-position":"center center","background-size":"auto","background-attachment":"scroll","background-type":"","background-media":"","overlay-type":"","overlay-color":"","overlay-opacity":"","overlay-gradient":""},"tablet":{"background-color":"var(--ast-global-color-5)","background-image":"","background-repeat":"repeat","background-position":"center center","background-size":"auto","background-attachment":"scroll","background-type":"","background-media":"","overlay-type":"","overlay-color":"","overlay-opacity":"","overlay-gradient":""},"mobile":{"background-color":"var(--ast-global-color-5)","background-image":"","background-repeat":"repeat","background-position":"center center","background-size":"auto","background-attachment":"scroll","background-type":"","background-media":"","overlay-type":"","overlay-color":"","overlay-opacity":"","overlay-gradient":""}}},"product_brand":[52],"product_cat":[51,107,15],"product_tag":[],"class_list":{"0":"post-5650","1":"product","2":"type-product","3":"status-publish","4":"has-post-thumbnail","6":"product_brand-bang-king","7":"product_cat-bang-king-triple-85000-trois-saveurs-en-une","8":"product_cat-puff-85k","9":"product_cat-magasin-cigarette-electronique","10":"desktop-align-center","11":"tablet-align-center","12":"mobile-align-center","13":"ast-product-gallery-layout-horizontal","14":"ast-product-gallery-with-no-image","15":"ast-product-single-variable","16":"ast-product-tabs-layout-horizontal","17":"ast-qv-on-image","19":"first","20":"instock","21":"sale","22":"shipping-taxable","23":"purchasable","24":"product-type-variable","25":"has-default-attributes"},"tiered_pricing_type":"fixed","tiered_pricing_fixed_rules":[],"tiered_pricing_product_settings":{"layout":"default","base_unit_name":{"singular":null,"plural":null},"default_variation":null},"tiered_pricing_minimum_quantity":null,"tiered_pricing_roles_data":[],"tiered_pricing_percentage_rules":[],"_links":{"self":[{"href":"https:\/\/puffvapestore.com\/nl\/wp-json\/wp\/v2\/product\/5650","targetHints":{"allow":["GET"]}}],"collection":[{"href":"https:\/\/puffvapestore.com\/nl\/wp-json\/wp\/v2\/product"}],"about":[{"href":"https:\/\/puffvapestore.com\/nl\/wp-json\/wp\/v2\/types\/product"}],"replies":[{"embeddable":true,"href":"https:\/\/puffvapestore.com\/nl\/wp-json\/wp\/v2\/comments?post=5650"}],"version-history":[{"count":8,"href":"https:\/\/puffvapestore.com\/nl\/wp-json\/wp\/v2\/product\/5650\/revisions"}],"predecessor-version":[{"id":10699,"href":"https:\/\/puffvapestore.com\/nl\/wp-json\/wp\/v2\/product\/5650\/revisions\/10699"}],"wp:featuredmedia":[{"embeddable":true,"href":"https:\/\/puffvapestore.com\/nl\/wp-json\/wp\/v2\/media\/5393"}],"wp:attachment":[{"href":"https:\/\/puffvapestore.com\/nl\/wp-json\/wp\/v2\/media?parent=5650"}],"wp:term":[{"taxonomy":"product_brand","embeddable":true,"href":"https:\/\/puffvapestore.com\/nl\/wp-json\/wp\/v2\/product_brand?post=5650"},{"taxonomy":"product_cat","embeddable":true,"href":"https:\/\/puffvapestore.com\/nl\/wp-json\/wp\/v2\/product_cat?post=5650"},{"taxonomy":"product_tag","embeddable":true,"href":"https:\/\/puffvapestore.com\/nl\/wp-json\/wp\/v2\/product_tag?post=5650"}],"curies":[{"name":"wp","href":"https:\/\/api.w.org\/{rel}","templated":true}]}}