{"id":5602,"date":"2025-07-22T20:14:07","date_gmt":"2025-07-22T20:14:07","guid":{"rendered":"https:\/\/puffvapestore.com\/?post_type=product&#038;p=5602"},"modified":"2026-01-19T10:54:36","modified_gmt":"2026-01-19T10:54:36","slug":"cola-ice-cherry-cola-mr-blue-bang-king-85k-possede-des-nuances-et-des-caracteristiques-uniques","status":"publish","type":"product","link":"https:\/\/puffvapestore.com\/nl\/product\/cola-ice-cherry-cola-mr-blue-bang-king-85k-heeft-unieke-tinten-en-kenmerken\/","title":{"rendered":"Bang King Triple 85000 3 in 1 - Cola Ice &amp; Cherry Cola &amp; Mr Blue"},"content":{"rendered":"<div data-elementor-type=\"wp-post\" data-elementor-id=\"5602\" class=\"elementor elementor-5602\">\n\t\t\t\t<div class=\"elementor-element elementor-element-08c26f9 e-flex e-con-boxed e-con e-parent\" data-id=\"08c26f9\" data-element_type=\"container\" data-e-type=\"container\">\n\t\t\t\t\t<div class=\"e-con-inner\">\n\t\t\t\t<div class=\"elementor-element elementor-element-a005a97 elementor-widget elementor-widget-text-editor\" data-id=\"a005a97\" data-element_type=\"widget\" data-e-type=\"widget\" data-widget_type=\"text-editor.default\">\n\t\t\t\t<div class=\"elementor-widget-container\">\n\t\t\t\t\t\t\t\t\t<p>Bang King 85000 3 in 1 Triple Flavour - Cola Ice &amp; Cherry Cola &amp; Mr Blue is een elektronische sigaret die drie klassieke smaken combineert, elk met zijn eigen unieke nuances en kenmerken.<\/p><p>Het aroma van Cola Ice is als een rookwolk die je meeneemt naar een caf\u00e9terras op de kades van de Seine op een warme middag, met een koel briesje dat je meteen kalmeert.<\/p><p>Cherry Cola is een subtiele inversie: de zoetheid van kersen en de unieke bubbel van cola vermengen zich, als straatjazz in een Parijs steegje, vertrouwd en verrassend. Het is een smaak vol Franse romantiek, ideaal in de schemering, op het balkon of op een bankje in de tuin, om zachtjes de rook in te ademen en je gedachten weg te laten drijven.<\/p><p>En de mysterieuze Mr Blue, met zijn complexe geur van rode vruchten en ijs, doet denken aan een Montmartre bistro om middernacht, mysterieus en fascinerend, met een rijke nasmaak die uitnodigt om te ontspannen.<\/p><h2>Drievoudig smaakwisselsysteem<\/h2><p>De Bang King 85000 Cola Ice &amp; Cherry Cola &amp; Mr Blue 3 in 1 Triple Flavour wordt geleverd met drie onafhankelijke e-liquid tanks, elk voorgevuld met 21 ml e-liquid van hoge kwaliteit, voor een totale capaciteit van maximaal 63 ml. Je kunt dus naar believen van smaak wisselen. Schakel gemakkelijk over van de ene naar de andere smaak, zonder je apparaat te veranderen. Ontdek drie verschillende smaken om zelfs de meest veeleisende fijnproevers tevreden te stellen.<\/p><p>De Bang King Triple 85000 Cola Ice &amp; Cherry Cola &amp; Mr Blue biedt 85.000 trekjes, of ongeveer 28.300 trekjes per smaak. Of je hem nu elke dag gebruikt of onderweg, je zult er lang op kunnen vertrouwen zonder hem vaak te hoeven vervangen.<\/p><h2>Intelligent digitaal display, duidelijk in \u00e9\u00e9n oogopslag<\/h2><p>De Bang King 85000 3 in 1 Triple Flavour heeft een ingebouwd high-definition smart display dat de batterijlading en het resterende e-liquid niveau in real-time weergeeft. Intu\u00eftieve indicaties maken het gemakkelijk om de gebruikstoestand te zien en zorgen voor een constante lading van e-liquid en batterij.<\/p><h2>Er zijn verschillende concentraties nicotine verkrijgbaar om aan verschillende behoeften te voldoen.<\/h2><p>De Bang King Triple 85000 Cola Ice &amp; Cherry Cola &amp; Mr Blue biedt vier nicotineconcentraties: 0 %, 2 %, 3 % en 5 %, passend bij verschillende rookgewoonten. Van eenvoudig nicotinevrij genot tot hoge concentraties voor intensief gebruik, het past zich aan verschillende gebruiksscenario's aan.<\/p><p>Drie sets van onafhankelijke 1.0 \u03a9 gaasweerstanden, ingebouwd in elke oliebox, verbeteren de verstuivingseffici\u00ebntie en smaakweergave. De gaasstructuur warmt gelijkmatiger op, de damp is rijker en de rookinvoer gladder, voor een pure en soepele rookervaring.<\/p><p>Uitgerust met een krachtige oplaadbare batterij van 600 mAh en compatibel met USB-C snellaadtechnologie. Het opladen gaat snel en zorgt ervoor dat je kunt blijven genieten van je vape zonder je zorgen te maken over de levensduur van de batterij, waardoor het ideaal is voor frequente vapers of langdurige gebruikers.<\/p><h2>Nieuw uiterlijk en ergonomisch ontwerp<\/h2><p>De behuizing van de Bang King 85000 3 in 1 Triple Flavour heeft een moderne, gestroomlijnde vorm en combineert technologie en functionaliteit. Het lekvrije ontwerp van de e-liquid structuur zorgt voor probleemloos dagelijks transport, en het vakmanschap wordt weerspiegeld in elk detail.<\/p>\t\t\t\t\t\t\t\t<\/div>\n\t\t\t\t<\/div>\n\t\t\t\t\t<\/div>\n\t\t\t\t<\/div>\n\t\t\t\t<\/div>","protected":false},"excerpt":{"rendered":"<p>Bang King 85000 3 en 1 Triple Saveur &#8211; Cola Ice &amp; Cherry Cola &amp; Mr Blue est une cigarette \u00e9lectronique qui combine trois saveurs classiques, chacune poss\u00e9dant ses propres nuances et caract\u00e9ristiques uniques. L&rsquo;ar\u00f4me Cola Ice du cola est comme une bouff\u00e9e de fum\u00e9e qui vous transportera \u00e0 une terrasse de caf\u00e9 sur les [&hellip;]<\/p>\n","protected":false},"featured_media":5392,"comment_status":"open","ping_status":"closed","template":"","meta":{"site-sidebar-layout":"no-sidebar","site-content-layout":"page-builder","ast-site-content-layout":"normal-width-container","site-content-style":"default","site-sidebar-style":"default","ast-global-header-display":"","ast-banner-title-visibility":"","ast-main-header-display":"","ast-hfb-above-header-display":"","ast-hfb-below-header-display":"","ast-hfb-mobile-header-display":"","site-post-title":"disabled","ast-breadcrumbs-content":"","ast-featured-img":"disabled","footer-sml-layout":"","ast-disable-related-posts":"","theme-transparent-header-meta":"default","adv-header-id-meta":"","stick-header-meta":"default","header-above-stick-meta":"","header-main-stick-meta":"","header-below-stick-meta":"","astra-migrate-meta-layouts":"set","ast-page-background-enabled":"default","ast-page-background-meta":{"desktop":{"background-color":"","background-image":"","background-repeat":"repeat","background-position":"center center","background-size":"auto","background-attachment":"scroll","background-type":"","background-media":"","overlay-type":"","overlay-color":"","overlay-opacity":"","overlay-gradient":""},"tablet":{"background-color":"","background-image":"","background-repeat":"repeat","background-position":"center center","background-size":"auto","background-attachment":"scroll","background-type":"","background-media":"","overlay-type":"","overlay-color":"","overlay-opacity":"","overlay-gradient":""},"mobile":{"background-color":"","background-image":"","background-repeat":"repeat","background-position":"center center","background-size":"auto","background-attachment":"scroll","background-type":"","background-media":"","overlay-type":"","overlay-color":"","overlay-opacity":"","overlay-gradient":""}},"ast-content-background-meta":{"desktop":{"background-color":"var(--ast-global-color-5)","background-image":"","background-repeat":"repeat","background-position":"center center","background-size":"auto","background-attachment":"scroll","background-type":"","background-media":"","overlay-type":"","overlay-color":"","overlay-opacity":"","overlay-gradient":""},"tablet":{"background-color":"var(--ast-global-color-5)","background-image":"","background-repeat":"repeat","background-position":"center center","background-size":"auto","background-attachment":"scroll","background-type":"","background-media":"","overlay-type":"","overlay-color":"","overlay-opacity":"","overlay-gradient":""},"mobile":{"background-color":"var(--ast-global-color-5)","background-image":"","background-repeat":"repeat","background-position":"center center","background-size":"auto","background-attachment":"scroll","background-type":"","background-media":"","overlay-type":"","overlay-color":"","overlay-opacity":"","overlay-gradient":""}}},"product_brand":[52],"product_cat":[51,107,15],"product_tag":[],"class_list":{"0":"post-5602","1":"product","2":"type-product","3":"status-publish","4":"has-post-thumbnail","6":"product_brand-bang-king","7":"product_cat-bang-king-triple-85000-trois-saveurs-en-une","8":"product_cat-puff-85k","9":"product_cat-magasin-cigarette-electronique","10":"desktop-align-center","11":"tablet-align-center","12":"mobile-align-center","13":"ast-product-gallery-layout-horizontal","14":"ast-product-gallery-with-no-image","15":"ast-product-single-variable","16":"ast-product-tabs-layout-horizontal","17":"ast-qv-on-image","19":"first","20":"instock","21":"sale","22":"shipping-taxable","23":"purchasable","24":"product-type-variable","25":"has-default-attributes"},"tiered_pricing_type":"fixed","tiered_pricing_fixed_rules":[],"tiered_pricing_product_settings":{"layout":"default","base_unit_name":{"singular":null,"plural":null},"default_variation":null},"tiered_pricing_minimum_quantity":null,"tiered_pricing_roles_data":[],"tiered_pricing_percentage_rules":[],"_links":{"self":[{"href":"https:\/\/puffvapestore.com\/nl\/wp-json\/wp\/v2\/product\/5602","targetHints":{"allow":["GET"]}}],"collection":[{"href":"https:\/\/puffvapestore.com\/nl\/wp-json\/wp\/v2\/product"}],"about":[{"href":"https:\/\/puffvapestore.com\/nl\/wp-json\/wp\/v2\/types\/product"}],"replies":[{"embeddable":true,"href":"https:\/\/puffvapestore.com\/nl\/wp-json\/wp\/v2\/comments?post=5602"}],"version-history":[{"count":8,"href":"https:\/\/puffvapestore.com\/nl\/wp-json\/wp\/v2\/product\/5602\/revisions"}],"predecessor-version":[{"id":10701,"href":"https:\/\/puffvapestore.com\/nl\/wp-json\/wp\/v2\/product\/5602\/revisions\/10701"}],"wp:featuredmedia":[{"embeddable":true,"href":"https:\/\/puffvapestore.com\/nl\/wp-json\/wp\/v2\/media\/5392"}],"wp:attachment":[{"href":"https:\/\/puffvapestore.com\/nl\/wp-json\/wp\/v2\/media?parent=5602"}],"wp:term":[{"taxonomy":"product_brand","embeddable":true,"href":"https:\/\/puffvapestore.com\/nl\/wp-json\/wp\/v2\/product_brand?post=5602"},{"taxonomy":"product_cat","embeddable":true,"href":"https:\/\/puffvapestore.com\/nl\/wp-json\/wp\/v2\/product_cat?post=5602"},{"taxonomy":"product_tag","embeddable":true,"href":"https:\/\/puffvapestore.com\/nl\/wp-json\/wp\/v2\/product_tag?post=5602"}],"curies":[{"name":"wp","href":"https:\/\/api.w.org\/{rel}","templated":true}]}}