{"id":5523,"date":"2025-07-20T06:44:42","date_gmt":"2025-07-20T06:44:42","guid":{"rendered":"https:\/\/puffvapestore.com\/?post_type=product&#038;p=5523"},"modified":"2026-01-19T10:54:36","modified_gmt":"2026-01-19T10:54:36","slug":"bang-king-85000-mixed-berries-mango-peach-grape-ice","status":"publish","type":"product","link":"https:\/\/puffvapestore.com\/nl\/product\/bang-king-85000-gemengde-bessen-mango-perzik-druif-ijs\/","title":{"rendered":"Bang King 85000 3 in 1 Drievoudige smaak - gemengde bessen &amp; mango perzik &amp; druivenijs"},"content":{"rendered":"<div data-elementor-type=\"wp-post\" data-elementor-id=\"5523\" class=\"elementor elementor-5523\">\n\t\t\t\t<div class=\"elementor-element elementor-element-d3f3f97 e-flex e-con-boxed e-con e-parent\" data-id=\"d3f3f97\" data-element_type=\"container\" data-e-type=\"container\">\n\t\t\t\t\t<div class=\"e-con-inner\">\n\t\t\t\t<div class=\"elementor-element elementor-element-9600b1d elementor-widget elementor-widget-text-editor\" data-id=\"9600b1d\" data-element_type=\"widget\" data-e-type=\"widget\" data-widget_type=\"text-editor.default\">\n\t\t\t\t<div class=\"elementor-widget-container\">\n\t\t\t\t\t\t\t\t\t<p>Met de Bang King 85000 3 in 1 Triple Flavour - Mixed Berries &amp; Mango Peach &amp; Grape Ice kunnen gebruikers vrij kiezen tussen de drie smaken \u00abMixed Berries\u00bb, \u00abMango Peach\u00bb en \u00abGrape Ice\u00bb. Dit ontwerp biedt een verscheidenheid aan keuzes voor alle stemmingen en scenario's. Elke smaak biedt een complete smaakervaring. De Mixed Berry is voor fruitliefhebbers, de Mango Peach biedt tropische smaken en de Iced Grape is voor liefhebbers van frisheid.<\/p><h2>Gemengde bessen<\/h2><p>Als de rook het gehemelte binnenkomt, is de eerste indruk een krachtig bessenaroma, dat doet denken aan de samensmelting van bosbessen en bramen, met een matige zoetheid en lichte zuurgraad van wild fruit. De complexe fruitige smaak wordt gekenmerkt door een zachte, zoete topnoot van bosbessen, gevolgd door een licht zuurtje van bramen en frambozen in het midden, wat voor extra complexiteit zorgt. Het geheel is vol en niet vet, met een lichtgroene geur van wild fruit die doet denken aan vers geplukte bessen.<\/p><h2>Mango Perzik<\/h2><p>De rijke, tropische zoetheid van de mango en het zachte, vlezige aroma van de witte perzik vermengen zich, zoet zonder vettig te zijn, zacht en natuurlijk. Het dikke vruchtvlees van de mango is de eerste sensatie die wordt waargenomen, gevolgd door de rondheid en delicatesse van de perzik, die harmonieus in elkaar overgaan.<\/p><p>Aroma's: De afdronk roept de warmte op van een zonnige boomgaard, terwijl de zoetheid van het vruchtvlees tussen de lippen en tanden blijft hangen.<\/p><h2>Druivenijs<\/h2><p>Smaak: Met een basis van zoete paarse druiven, gecombineerd met een sterke sensatie van frisheid, is dit de meest verfrissende van de drie.<\/p><p>Smaakdetails: Het druivenaroma is zeer vol, met een lichte zoete smaak van druivensoda en een natuurlijk fruitig aroma. De sensatie van ijs dat snel de keel binnendringt explodeert en zorgt voor een extreem verfrissende ervaring, bijzonder geschikt om gevoelens van vet of hitte te verlichten.<\/p><p>Aroma's: Fris en aanhoudend, vergelijkbaar met de nasmaak van druivenijs of druivenkauwgom, met een licht aanhoudende frisheid.<\/p>\t\t\t\t\t\t\t\t<\/div>\n\t\t\t\t<\/div>\n\t\t\t\t\t<\/div>\n\t\t\t\t<\/div>\n\t\t<div class=\"elementor-element elementor-element-08c26f9 e-flex e-con-boxed e-con e-parent\" data-id=\"08c26f9\" data-element_type=\"container\" data-e-type=\"container\">\n\t\t\t\t\t<div class=\"e-con-inner\">\n\t\t\t\t<div class=\"elementor-element elementor-element-a005a97 elementor-widget elementor-widget-text-editor\" data-id=\"a005a97\" data-element_type=\"widget\" data-e-type=\"widget\" data-widget_type=\"text-editor.default\">\n\t\t\t\t<div class=\"elementor-widget-container\">\n\t\t\t\t\t\t\t\t\t<h2>Innovatief drie-in-\u00e9\u00e9n ontwerp - drie onafhankelijke smaaksystemen<\/h2><p>De Bang King Triple 85000 Mixed Berries &amp; Mango Peach &amp; Grape Ice biedt een maximaal aantal trekjes, een marktrecord, met 85.000 trekjes. E\u00e9n enkele BangKing Triple85000 elektronische sigaret maakt langdurig gebruik mogelijk, zonder dat deze vaak vervangen of vervoerd hoeft te worden, waardoor deze ideaal is voor intensieve gebruikers of langdurige reizigers. Of hij nu dagelijks wordt gebruikt of als accessoire voor noodgevallen, hij biedt een stabiele, langdurige vape-kracht en blijft tegelijkertijd uiterst zuinig.<\/p><p>De Bang King Triple 85000 Mixed Berries &amp; Mango Peach &amp; Grape Ice heeft een unieke tank met drie e-liquids, elk voorgevuld met een specifieke e-liquid. De gebruiker kan naar believen kiezen tussen drie verschillende smaken dankzij de selector, en zelfs mixen en roken, voor een ongekende smaakervaring.<\/p><h2>Milieuvriendelijk oplaadbaar ontwerp - Type-C snel opladen<\/h2><p>De Bang King Triple 85000 is uitgerust met een krachtige 600 mAh lithiumbatterij en een Type-C snellaadinterface, waardoor meerdere oplaadcycli mogelijk zijn. Vergeleken met traditionele elektronische wegwerpsigaretten is het niet alleen milieuvriendelijker, maar ook zuiniger op de lange termijn. Bovendien is de levensduur van de batterij stabiel en het geleverde vermogen bij elk trekje constant, wat een consistente smaak garandeert.<\/p><p>Elke e-liquid tank is uitgerust met een zeer effici\u00ebnte 1.0 \u03a9 mesh verstuivingsweerstand, die zorgt voor een gelijkmatige warmtegeleiding, snelle verwarming, vollere verstuiving en een zachtere, vollere smaak. Of het nu vers fruit of een room dessert is, het reproduceert trouw de originele smaak van de e-vloeistof, voor een smelt-in-your-mouth rook en aanhoudende nasmaak, drastisch verbeteren van de rookervaring. Zelfs bij continu inhaleren zul je geen last hebben van verbranding of oververhitting.<\/p><h2>Intelligent LED-scherm<\/h2><p>De Bang King Triple 85000 Mixed Berries &amp; Mango Peach &amp; Grape Ice is uitgerust met een intelligent LED-scherm aan de voorkant, dat het batterijniveau, het resterende e-liquid niveau en andere informatie in real time weergeeft, zodat gebruikers hun gebruikstijd en resterende capaciteit effectief kunnen beheren. Voor regelmatige gebruikers is het niet langer nodig om de resterende levensduur van het apparaat in te schatten: visueel gebruik is menselijker en intelligenter.<\/p><p>BangKing Triple 85000 Mixed Berries &amp; Mango Peach &amp; Grape Ice biedt tot vier niveaus van nicotineconcentratie: 0 %, 2 %, 3 % en 5 %. Of u nu wilt stoppen met roken, uw nicotine-inname wilt verminderen of uw smaakgenot wilt behouden, u vindt de ideale oplossing. Voor gebruikers van elektronische sigaretten van alle niveaus biedt dit ontwerp een grote vrijheid en een doordacht ontwerp, dat niet alleen tegemoet komt aan de behoeften van beginners, maar ook aan de gepersonaliseerde ervaring van ervaren gebruikers.<\/p><h2>Andere hoogtepunten:<\/h2><p>Automatische activeringsfunctie: je hoeft niet op een knop te drukken, door te inhaleren activeer je de elektronische sigaret, waardoor hij gemakkelijk te gebruiken is.<\/p><p>Trendy, kleurrijke look: veelkleurig ontwerp en trendy lichteffecten, voor een meer technologische, trendy look.<\/p><h2>Specificaties van Bang King Triple 85000 3 in 1 Gemengde Bessen &amp; Mango Perzik &amp; Druivenijs<\/h2><p>Maximum aantal trekjes: tot 85.000 trekjes (28.300 trekjes voor elk van de drie smaken)<\/p><p>Drie oliereservoirs: Bevat 3 oliereservoirs, met een keuzeschakelaar om van smaak te veranderen.<\/p><p>Totaal volume: 63 ml voorgevulde e-vloeistof (21 ml x 3 per stuk).<\/p><p>Batterijcapaciteit en opladen: 600 mAh oplaadbare batterij, compatibel met USB-C snel opladen.<\/p><p>Weerstandsconfiguratie: drie sets 1,0 \u03a9 gaasweerstanden om de smaak en verstuivingsprestaties te verbeteren.<\/p><p>Nicotineconcentratie: keuze uit vier niveaus: 0 %, 2 %, 3 % en 5 %.<\/p><p>Intelligent display: uitgerust met een high-definition scherm dat de acculading en het resterende oliepeil weergeeft<\/p>\t\t\t\t\t\t\t\t<\/div>\n\t\t\t\t<\/div>\n\t\t\t\t\t<\/div>\n\t\t\t\t<\/div>\n\t\t\t\t<\/div>","protected":false},"excerpt":{"rendered":"<p>La Bang King 85000 3 en 1 Triple Saveur &#8211; Mixed Berries &amp; Mango Peach &amp; Grape Ice permet aux utilisateurs de choisir librement entre les trois saveurs \u00ab Baies Mixtes \u00bb, \u00ab Mangue, P\u00eache \u00bb et \u00ab Raisin Glac\u00e9 \u00bb. Ce design offre une vari\u00e9t\u00e9 de choix pour r\u00e9pondre \u00e0 toutes les humeurs et [&hellip;]<\/p>\n","protected":false},"featured_media":5396,"comment_status":"open","ping_status":"closed","template":"","meta":{"site-sidebar-layout":"no-sidebar","site-content-layout":"page-builder","ast-site-content-layout":"normal-width-container","site-content-style":"default","site-sidebar-style":"default","ast-global-header-display":"","ast-banner-title-visibility":"","ast-main-header-display":"","ast-hfb-above-header-display":"","ast-hfb-below-header-display":"","ast-hfb-mobile-header-display":"","site-post-title":"disabled","ast-breadcrumbs-content":"","ast-featured-img":"disabled","footer-sml-layout":"","ast-disable-related-posts":"","theme-transparent-header-meta":"default","adv-header-id-meta":"","stick-header-meta":"default","header-above-stick-meta":"","header-main-stick-meta":"","header-below-stick-meta":"","astra-migrate-meta-layouts":"set","ast-page-background-enabled":"default","ast-page-background-meta":{"desktop":{"background-color":"","background-image":"","background-repeat":"repeat","background-position":"center center","background-size":"auto","background-attachment":"scroll","background-type":"","background-media":"","overlay-type":"","overlay-color":"","overlay-opacity":"","overlay-gradient":""},"tablet":{"background-color":"","background-image":"","background-repeat":"repeat","background-position":"center center","background-size":"auto","background-attachment":"scroll","background-type":"","background-media":"","overlay-type":"","overlay-color":"","overlay-opacity":"","overlay-gradient":""},"mobile":{"background-color":"","background-image":"","background-repeat":"repeat","background-position":"center center","background-size":"auto","background-attachment":"scroll","background-type":"","background-media":"","overlay-type":"","overlay-color":"","overlay-opacity":"","overlay-gradient":""}},"ast-content-background-meta":{"desktop":{"background-color":"var(--ast-global-color-5)","background-image":"","background-repeat":"repeat","background-position":"center center","background-size":"auto","background-attachment":"scroll","background-type":"","background-media":"","overlay-type":"","overlay-color":"","overlay-opacity":"","overlay-gradient":""},"tablet":{"background-color":"var(--ast-global-color-5)","background-image":"","background-repeat":"repeat","background-position":"center center","background-size":"auto","background-attachment":"scroll","background-type":"","background-media":"","overlay-type":"","overlay-color":"","overlay-opacity":"","overlay-gradient":""},"mobile":{"background-color":"var(--ast-global-color-5)","background-image":"","background-repeat":"repeat","background-position":"center center","background-size":"auto","background-attachment":"scroll","background-type":"","background-media":"","overlay-type":"","overlay-color":"","overlay-opacity":"","overlay-gradient":""}}},"product_brand":[52],"product_cat":[51,107,15],"product_tag":[],"class_list":{"0":"post-5523","1":"product","2":"type-product","3":"status-publish","4":"has-post-thumbnail","6":"product_brand-bang-king","7":"product_cat-bang-king-triple-85000-trois-saveurs-en-une","8":"product_cat-puff-85k","9":"product_cat-magasin-cigarette-electronique","10":"desktop-align-center","11":"tablet-align-center","12":"mobile-align-center","13":"ast-product-gallery-layout-horizontal","14":"ast-product-gallery-with-no-image","15":"ast-product-single-variable","16":"ast-product-tabs-layout-horizontal","17":"ast-qv-on-image","19":"first","20":"instock","21":"sale","22":"shipping-taxable","23":"purchasable","24":"product-type-variable","25":"has-default-attributes"},"tiered_pricing_type":"fixed","tiered_pricing_fixed_rules":[],"tiered_pricing_product_settings":{"layout":"default","base_unit_name":{"singular":null,"plural":null},"default_variation":null},"tiered_pricing_minimum_quantity":null,"tiered_pricing_roles_data":[],"tiered_pricing_percentage_rules":[],"_links":{"self":[{"href":"https:\/\/puffvapestore.com\/nl\/wp-json\/wp\/v2\/product\/5523","targetHints":{"allow":["GET"]}}],"collection":[{"href":"https:\/\/puffvapestore.com\/nl\/wp-json\/wp\/v2\/product"}],"about":[{"href":"https:\/\/puffvapestore.com\/nl\/wp-json\/wp\/v2\/types\/product"}],"replies":[{"embeddable":true,"href":"https:\/\/puffvapestore.com\/nl\/wp-json\/wp\/v2\/comments?post=5523"}],"version-history":[{"count":8,"href":"https:\/\/puffvapestore.com\/nl\/wp-json\/wp\/v2\/product\/5523\/revisions"}],"predecessor-version":[{"id":10707,"href":"https:\/\/puffvapestore.com\/nl\/wp-json\/wp\/v2\/product\/5523\/revisions\/10707"}],"wp:featuredmedia":[{"embeddable":true,"href":"https:\/\/puffvapestore.com\/nl\/wp-json\/wp\/v2\/media\/5396"}],"wp:attachment":[{"href":"https:\/\/puffvapestore.com\/nl\/wp-json\/wp\/v2\/media?parent=5523"}],"wp:term":[{"taxonomy":"product_brand","embeddable":true,"href":"https:\/\/puffvapestore.com\/nl\/wp-json\/wp\/v2\/product_brand?post=5523"},{"taxonomy":"product_cat","embeddable":true,"href":"https:\/\/puffvapestore.com\/nl\/wp-json\/wp\/v2\/product_cat?post=5523"},{"taxonomy":"product_tag","embeddable":true,"href":"https:\/\/puffvapestore.com\/nl\/wp-json\/wp\/v2\/product_tag?post=5523"}],"curies":[{"name":"wp","href":"https:\/\/api.w.org\/{rel}","templated":true}]}}