{"id":5319,"date":"2025-07-17T20:20:28","date_gmt":"2025-07-17T20:20:28","guid":{"rendered":"https:\/\/puffvapestore.com\/?post_type=product&#038;p=5319"},"modified":"2026-04-21T07:08:12","modified_gmt":"2026-04-21T07:08:12","slug":"strawberry-watermelon-tornado-40000-est-delicate","status":"publish","type":"product","link":"https:\/\/puffvapestore.com\/nl\/product\/aardbei-watermeloen-tornado-40000-is-delicaat\/","title":{"rendered":"Fumot Leopard 40000 - Aardbei Watermeloen"},"content":{"rendered":"<div data-elementor-type=\"wp-post\" data-elementor-id=\"5319\" class=\"elementor elementor-5319\">\n\t\t\t\t<div class=\"elementor-element elementor-element-08c26f9 e-flex e-con-boxed e-con e-parent\" data-id=\"08c26f9\" data-element_type=\"container\" data-e-type=\"container\">\n\t\t\t\t\t<div class=\"e-con-inner\">\n\t\t\t\t<div class=\"elementor-element elementor-element-a005a97 elementor-widget elementor-widget-text-editor\" data-id=\"a005a97\" data-element_type=\"widget\" data-e-type=\"widget\" data-widget_type=\"text-editor.default\">\n\t\t\t\t<div class=\"elementor-widget-container\">\n\t\t\t\t\t\t\t\t\t<p>Strawberry Watermelon flavour heeft een zoete, frisse en gebalanceerde fruitige combinatie, die de natuurlijke smaken van rijpe aardbeien en sappige watermeloen perfect weergeeft. Elk trekje biedt een harmonieuze fruitige fusie, niet te zoet en niet te licht, ideaal voor liefhebbers van fruitsmaken. De zachte smaak en delicate damp bieden langdurig smaakplezier, ideaal om een vleugje frisheid toe te voegen bij warm weer.<\/p><p>Smaakkenmerken aardbei: Zodra je rookt, ervaar je voor het eerst het aroma van rijpe aardbeien, met een natuurlijke, versgeplukte zoetheid. In het eerste deel van de inhalatie overheerst de aardbei, waardoor de smaakpapillen snel verrukt raken.<\/p><p>Kenmerken van watermeloen: De smaak van watermeloen overheerst in het midden en aan het einde van de inhalatie en bootst de smaak na van een ijskoude watermeloen in de zomer, met een subtiele sensatie van frisheid en zoetheid. Het is alsof je in een sappig stuk watermeloen bijt: het sap \u00abexplodeert\u00bb in de mond en geeft een lichte, frisse sensatie.<\/p><h2>Smaakprestaties van de combinatie aardbei en watermeloen :<\/h2><p>Uitgebalanceerde samensmelting: Aardbei en watermeloen vermengen zich heel natuurlijk, zonder de ander te domineren, wat zorgt voor een evenwichtige en complexe fruitige ervaring.<\/p><p>Zoet in de mond en verfrissend op de afdronk: De zoetheid van de aardbei domineert het begin van het gehemelte, terwijl het midden van het gehemelte en de afdronk plaatsmaken voor de frisheid van de watermeloen. De algehele smaak schommelt tussen zoet en fris, waarbij een opeenhoping van suiker wordt vermeden.<\/p>\t\t\t\t\t\t\t\t<\/div>\n\t\t\t\t<\/div>\n\t\t\t\t\t<\/div>\n\t\t\t\t<\/div>\n\t\t<div class=\"elementor-element elementor-element-718b380 e-flex e-con-boxed e-con e-parent\" data-id=\"718b380\" data-element_type=\"container\" data-e-type=\"container\">\n\t\t\t\t\t<div class=\"e-con-inner\">\n\t\t\t\t<div class=\"elementor-element elementor-element-d2cc8fa elementor-widget elementor-widget-text-editor\" data-id=\"d2cc8fa\" data-element_type=\"widget\" data-e-type=\"widget\" data-widget_type=\"text-editor.default\">\n\t\t\t\t<div class=\"elementor-widget-container\">\n\t\t\t\t\t\t\t\t\t<h2>Batterij met hoge capaciteit - 700 mAh oplaadbare lithiumbatterij<\/h2><p>De Fumot Leopard 40000 (RandM Tornado 40K) biedt tot 40000 pufjes, wat ver boven het marktgemiddelde ligt. Het biedt een langdurige ervaring, met name geschikt voor regelmatige gebruikers, waardoor het probleem van het vaak vervangen van het apparaat verdwijnt.<\/p><p>De ingebouwde batterij met een hoge capaciteit van 700 mAh kan meerdere keren worden opgeladen via de USB Type-C interface. Vergeleken met traditionele wegwerpartikelen is het oplaadbare ontwerp milieuvriendelijker en zuiniger, en de batterij gaat lang mee, zodat zelfs intensieve gebruikers hem meer dan een dag kunnen gebruiken.<\/p><p>Dankzij de moderne, mainstream USB Type-C-interface is het opladen niet alleen effici\u00ebnter, maar ook gemakkelijker aan te sluiten en los te koppelen. Dankzij de snellaadtechnologie is hij meestal in korte tijd volledig opgeladen, waardoor je minder lang hoeft te wachten en altijd en overal verbonden kunt blijven.<\/p><h2>Dubbele gaasweerstandstechnologie<\/h2><p>De Fumot Leopard 40000 (RandM Tornado 40K) heeft een geavanceerde dubbelmazige verwarmingsdraadstructuur voor een gelijkmatigere en effici\u00ebntere verwarming, wat zorgt voor een rijke, delicate rook met zachte smaken bij elk trekje. De dubbele weerstand verlengt effectief de levensduur van de weerstand, behoudt de smaakstabiliteit en voorkomt degradatie.<\/p><p>Om aan de voorkeuren van elke gebruiker te voldoen, biedt Fumot Leopard 40000 vier nicotineconcentraties: 0 %, 2 %, 3 % en 5 %. Of je nu een incidentele gebruiker bent die geen nicotine gebruikt of een zware roker die een hoge concentratie nodig heeft om aan je ontwenningsbehoefte te voldoen, je zult het ideale product vinden.<\/p><h2>LED-scherm met hoge definitie<\/h2><p>De Fumot Leopard 40000 (RandM Tornado 40K) is uitgerust met een geavanceerd digitaal LED-display dat het niveau van de resterende e-liquid en de batterijlading in real-time weergeeft. Dit betekent dat gebruikers de status van het apparaat in een oogopslag kunnen controleren, kunnen anticiperen wanneer het tijd is om hun batterij op te laden of bij te vullen en black-outs of lege batterijen kunnen voorkomen.<\/p><p>De schelp met luipaardtextuur, gemaakt van een materiaal met hoge doorlaatbaarheid, combineert visuele impact met elegantie. Bij het inhaleren draaien en knipperen de dynamische, trendy RGB-lampjes, waardoor elk trekje een nachtclubgevoel geeft. Het is een trendy product dat ideaal is voor feestjes en speciale gelegenheden.<\/p><p>De handige automatische inhalatietechnologie heeft geen knoppen of instellingen, waardoor het voor beginners makkelijk te leren is. Inhaleer gewoon zachtjes en het apparaat begint automatisch te verstuiven, voor een soepele en aangename inhalatie-ervaring.<\/p><h2>Ergonomisch ontwerp<\/h2><p>Het ergonomische ontwerp van de Fumot Leopard 40000 (RandM Tornado 40K) ligt prettig in de hand en is dankzij het compacte formaat gemakkelijk mee te nemen. Lichtgewicht, dus gemakkelijk mee te nemen.<\/p>\t\t\t\t\t\t\t\t<\/div>\n\t\t\t\t<\/div>\n\t\t\t\t\t<\/div>\n\t\t\t\t<\/div>\n\t\t\t\t<\/div>","protected":false},"excerpt":{"rendered":"<p>L&rsquo;ar\u00f4me Fraise Past\u00e8que se caract\u00e9rise par une combinaison fruit\u00e9e douce, fra\u00eeche et \u00e9quilibr\u00e9e, reproduisant parfaitement les saveurs naturelles de fraises m\u00fbres et de past\u00e8ques juteuses. Chaque bouff\u00e9e de fum\u00e9e offre une fusion fruit\u00e9e harmonieuse, ni trop sucr\u00e9e ni trop l\u00e9g\u00e8re, id\u00e9ale pour les e-cigarettes amateurs de saveurs fruit\u00e9es. Son go\u00fbt onctueux et sa vapeur d\u00e9licate [&hellip;]<\/p>\n","protected":false},"featured_media":5095,"comment_status":"open","ping_status":"closed","template":"","meta":{"site-sidebar-layout":"no-sidebar","site-content-layout":"page-builder","ast-site-content-layout":"normal-width-container","site-content-style":"default","site-sidebar-style":"default","ast-global-header-display":"","ast-banner-title-visibility":"","ast-main-header-display":"","ast-hfb-above-header-display":"","ast-hfb-below-header-display":"","ast-hfb-mobile-header-display":"","site-post-title":"disabled","ast-breadcrumbs-content":"","ast-featured-img":"disabled","footer-sml-layout":"","ast-disable-related-posts":"","theme-transparent-header-meta":"default","adv-header-id-meta":"","stick-header-meta":"default","header-above-stick-meta":"","header-main-stick-meta":"","header-below-stick-meta":"","astra-migrate-meta-layouts":"set","ast-page-background-enabled":"default","ast-page-background-meta":{"desktop":{"background-color":"","background-image":"","background-repeat":"repeat","background-position":"center center","background-size":"auto","background-attachment":"scroll","background-type":"","background-media":"","overlay-type":"","overlay-color":"","overlay-opacity":"","overlay-gradient":""},"tablet":{"background-color":"","background-image":"","background-repeat":"repeat","background-position":"center center","background-size":"auto","background-attachment":"scroll","background-type":"","background-media":"","overlay-type":"","overlay-color":"","overlay-opacity":"","overlay-gradient":""},"mobile":{"background-color":"","background-image":"","background-repeat":"repeat","background-position":"center center","background-size":"auto","background-attachment":"scroll","background-type":"","background-media":"","overlay-type":"","overlay-color":"","overlay-opacity":"","overlay-gradient":""}},"ast-content-background-meta":{"desktop":{"background-color":"var(--ast-global-color-5)","background-image":"","background-repeat":"repeat","background-position":"center center","background-size":"auto","background-attachment":"scroll","background-type":"","background-media":"","overlay-type":"","overlay-color":"","overlay-opacity":"","overlay-gradient":""},"tablet":{"background-color":"var(--ast-global-color-5)","background-image":"","background-repeat":"repeat","background-position":"center center","background-size":"auto","background-attachment":"scroll","background-type":"","background-media":"","overlay-type":"","overlay-color":"","overlay-opacity":"","overlay-gradient":""},"mobile":{"background-color":"var(--ast-global-color-5)","background-image":"","background-repeat":"repeat","background-position":"center center","background-size":"auto","background-attachment":"scroll","background-type":"","background-media":"","overlay-type":"","overlay-color":"","overlay-opacity":"","overlay-gradient":""}}},"product_brand":[42],"product_cat":[50,88,77,15],"product_tag":[],"class_list":{"0":"post-5319","1":"product","2":"type-product","3":"status-publish","4":"has-post-thumbnail","6":"product_brand-randm-tornado","7":"product_cat-randm-tornado-40000-avec-ecran-led-hd","8":"product_cat-puff-40k","9":"product_cat-entrepot-de-lue","10":"product_cat-magasin-cigarette-electronique","11":"desktop-align-center","12":"tablet-align-center","13":"mobile-align-center","14":"ast-product-gallery-layout-horizontal","15":"ast-product-gallery-with-no-image","16":"ast-product-single-variable","17":"ast-product-tabs-layout-horizontal","18":"ast-qv-on-image","20":"first","21":"instock","22":"sale","23":"shipping-taxable","24":"purchasable","25":"product-type-variable","26":"has-default-attributes"},"tiered_pricing_type":"fixed","tiered_pricing_fixed_rules":{"30":10.42,"60":9.26,"100":8.05,"200":7.8,"500":7.67,"1000":7.38},"tiered_pricing_product_settings":{"layout":"default","base_unit_name":{"singular":null,"plural":null},"default_variation":null},"tiered_pricing_minimum_quantity":null,"tiered_pricing_roles_data":[],"tiered_pricing_percentage_rules":[],"_links":{"self":[{"href":"https:\/\/puffvapestore.com\/nl\/wp-json\/wp\/v2\/product\/5319","targetHints":{"allow":["GET"]}}],"collection":[{"href":"https:\/\/puffvapestore.com\/nl\/wp-json\/wp\/v2\/product"}],"about":[{"href":"https:\/\/puffvapestore.com\/nl\/wp-json\/wp\/v2\/types\/product"}],"replies":[{"embeddable":true,"href":"https:\/\/puffvapestore.com\/nl\/wp-json\/wp\/v2\/comments?post=5319"}],"version-history":[{"count":8,"href":"https:\/\/puffvapestore.com\/nl\/wp-json\/wp\/v2\/product\/5319\/revisions"}],"predecessor-version":[{"id":10764,"href":"https:\/\/puffvapestore.com\/nl\/wp-json\/wp\/v2\/product\/5319\/revisions\/10764"}],"wp:featuredmedia":[{"embeddable":true,"href":"https:\/\/puffvapestore.com\/nl\/wp-json\/wp\/v2\/media\/5095"}],"wp:attachment":[{"href":"https:\/\/puffvapestore.com\/nl\/wp-json\/wp\/v2\/media?parent=5319"}],"wp:term":[{"taxonomy":"product_brand","embeddable":true,"href":"https:\/\/puffvapestore.com\/nl\/wp-json\/wp\/v2\/product_brand?post=5319"},{"taxonomy":"product_cat","embeddable":true,"href":"https:\/\/puffvapestore.com\/nl\/wp-json\/wp\/v2\/product_cat?post=5319"},{"taxonomy":"product_tag","embeddable":true,"href":"https:\/\/puffvapestore.com\/nl\/wp-json\/wp\/v2\/product_tag?post=5319"}],"curies":[{"name":"wp","href":"https:\/\/api.w.org\/{rel}","templated":true}]}}