{"id":5282,"date":"2025-07-17T08:46:37","date_gmt":"2025-07-17T08:46:37","guid":{"rendered":"https:\/\/puffvapestore.com\/?post_type=product&#038;p=5282"},"modified":"2026-04-21T07:09:22","modified_gmt":"2026-04-21T07:09:22","slug":"blueberry-on-ice-fumot-leopard-40000-est-un-arome-de-myrtille-authentique","status":"publish","type":"product","link":"https:\/\/puffvapestore.com\/nl\/product\/blueberry-on-ice-fumot-leopard-40000-is-een-authentieke-bosbessensmaak\/","title":{"rendered":"Bosbes op ijs - Fumot Leopard 40000"},"content":{"rendered":"<div data-elementor-type=\"wp-post\" data-elementor-id=\"5282\" class=\"elementor elementor-5282\">\n\t\t\t\t<div class=\"elementor-element elementor-element-08c26f9 e-flex e-con-boxed e-con e-parent\" data-id=\"08c26f9\" data-element_type=\"container\" data-e-type=\"container\">\n\t\t\t\t\t<div class=\"e-con-inner\">\n\t\t\t\t<div class=\"elementor-element elementor-element-a005a97 elementor-widget elementor-widget-text-editor\" data-id=\"a005a97\" data-element_type=\"widget\" data-e-type=\"widget\" data-widget_type=\"text-editor.default\">\n\t\t\t\t<div class=\"elementor-widget-container\">\n\t\t\t\t\t\t\t\t\t<p>Fumot Leopard 40000 Blueberry on Ice is een smaak voor elektronische sigaretten op basis van authentieke bosbessen en biedt een sensatie van frisheid en koelte die zeer gewaardeerd en algemeen aanvaard wordt. De kenmerken zijn: een rijk fruitig aroma, gematigde zoetheid, een sensatie van ijzige frisheid en uitgesproken nuances. Het is een klassieke smaak, geschikt voor langdurige consumptie en met een aangename smaak.<\/p><p>Bosbessenaroma: Natuurlijke bosbessensmaak is rijk, met de wrange, zoete smaak van echt fruit, en doet denken aan de sappige smaak van rijpe bosbessen, in plaats van een kunstmatige snoepjessmaak.<\/p><p>Frisheid (over ijs): De frisheid is matig tot sterk, niet gewoon muntachtig, maar meer als een koel mondgevoel na inname van de smoothie. De frisheid strekt zich uit van het puntje van de tong tot in de keel, is verfrissend en verkoelend, helpt de zoetheid van de bosbessen te neutraliseren en zorgt voor een zachte olfactorische ervaring.<\/p><h2>Balans en gelaagdheid van smaken in Blueberry on Ice<\/h2><p>Topnoten: De rook verspreidt een levendige, frisse bosbessengeur, licht samentrekkend en bitterzoet.<\/p><p>Hartnoot: De zoetheid wordt geaccentueerd, de fruitige sensatie is voller, met een lichte jamachtige sensatie en zachte rook.<\/p><p>Basisnoot: De sensatie van ijs neemt geleidelijk toe en de frisheid wordt verspreid bij het uitademen, waardoor een lichte bosbessengeur en een licht koele nasmaak in de keel achterblijven.<\/p><p>Algehele ervaring: De fruitige en ijzige sensaties versmelten op natuurlijke wijze, zonder de indruk te wekken dat de twee smaken van elkaar gescheiden zijn.<\/p>\t\t\t\t\t\t\t\t<\/div>\n\t\t\t\t<\/div>\n\t\t\t\t\t<\/div>\n\t\t\t\t<\/div>\n\t\t<div class=\"elementor-element elementor-element-718b380 e-flex e-con-boxed e-con e-parent\" data-id=\"718b380\" data-element_type=\"container\" data-e-type=\"container\">\n\t\t\t\t\t<div class=\"e-con-inner\">\n\t\t\t\t<div class=\"elementor-element elementor-element-d2cc8fa elementor-widget elementor-widget-text-editor\" data-id=\"d2cc8fa\" data-element_type=\"widget\" data-e-type=\"widget\" data-widget_type=\"text-editor.default\">\n\t\t\t\t<div class=\"elementor-widget-container\">\n\t\t\t\t\t\t\t\t\t<h2>Kenmerken van de Fumot Leopard 40000 Blueberry on Ice:<\/h2><p>Pufjes en batterij: Uitgerust met een 700 mAh oplaadbare batterij die wordt opgeladen via USB-C voor maximaal 40.000 pufjes.<\/p><p>Dubbel gaas-weerstandssysteem: Uitgerust met een dubbel gaas-weerstandssysteem dat continu verwarmt en rijke, romige stoom produceert gedurende de hele levensduur.<\/p><p>LED en digitaal display: Uitgerust met een set RGB-lampjes en een dubbel digitaal buisdisplay: de ene kant toont het niveau van de resterende e-vloeistof, de andere kant het batterijniveau.<\/p><p>Nicotineniveaus en smaken: Verkrijgbaar in 0 %, 2 %, 3 % of 5 % nicotineniveaus.<\/p><p>Ontwerp: Transparante schelp met opvallende luipaardprint, gekleurde lampjes aan de binnenkant die draaien bij elk trekje.<\/p><h2>Voordelen van de Fumot Leopard 40000 Blueberry on Ice:<\/h2><p>Oplaadbaar, dus je hoeft hem niet voortijdig weg te gooien.<\/p><p>Elegante LED-afbeeldingen + helder, aantrekkelijk ontwerp.<\/p><p>Eenvoudige controle van de resterende e-vloeistof en het batterijniveau.<\/p>\t\t\t\t\t\t\t\t<\/div>\n\t\t\t\t<\/div>\n\t\t\t\t\t<\/div>\n\t\t\t\t<\/div>\n\t\t\t\t<\/div>","protected":false},"excerpt":{"rendered":"<p>Fumot Leopard 40000 Blueberry on Ice est un ar\u00f4me de cigarette \u00e9lectronique \u00e0 base de myrtille authentique, offrant une sensation de fra\u00eecheur et de fra\u00eecheur, tr\u00e8s appr\u00e9ci\u00e9 et largement accept\u00e9. Ses caract\u00e9ristiques sont\u00a0: un ar\u00f4me fruit\u00e9 riche, une douceur mod\u00e9r\u00e9e, une sensation de fra\u00eecheur glac\u00e9e et des nuances distinctes. C&rsquo;est un ar\u00f4me classique adapt\u00e9 \u00e0 [&hellip;]<\/p>\n","protected":false},"featured_media":5084,"comment_status":"open","ping_status":"closed","template":"","meta":{"site-sidebar-layout":"no-sidebar","site-content-layout":"page-builder","ast-site-content-layout":"normal-width-container","site-content-style":"default","site-sidebar-style":"default","ast-global-header-display":"","ast-banner-title-visibility":"","ast-main-header-display":"","ast-hfb-above-header-display":"","ast-hfb-below-header-display":"","ast-hfb-mobile-header-display":"","site-post-title":"disabled","ast-breadcrumbs-content":"","ast-featured-img":"disabled","footer-sml-layout":"","ast-disable-related-posts":"","theme-transparent-header-meta":"default","adv-header-id-meta":"","stick-header-meta":"default","header-above-stick-meta":"","header-main-stick-meta":"","header-below-stick-meta":"","astra-migrate-meta-layouts":"set","ast-page-background-enabled":"default","ast-page-background-meta":{"desktop":{"background-color":"","background-image":"","background-repeat":"repeat","background-position":"center center","background-size":"auto","background-attachment":"scroll","background-type":"","background-media":"","overlay-type":"","overlay-color":"","overlay-opacity":"","overlay-gradient":""},"tablet":{"background-color":"","background-image":"","background-repeat":"repeat","background-position":"center center","background-size":"auto","background-attachment":"scroll","background-type":"","background-media":"","overlay-type":"","overlay-color":"","overlay-opacity":"","overlay-gradient":""},"mobile":{"background-color":"","background-image":"","background-repeat":"repeat","background-position":"center center","background-size":"auto","background-attachment":"scroll","background-type":"","background-media":"","overlay-type":"","overlay-color":"","overlay-opacity":"","overlay-gradient":""}},"ast-content-background-meta":{"desktop":{"background-color":"var(--ast-global-color-5)","background-image":"","background-repeat":"repeat","background-position":"center center","background-size":"auto","background-attachment":"scroll","background-type":"","background-media":"","overlay-type":"","overlay-color":"","overlay-opacity":"","overlay-gradient":""},"tablet":{"background-color":"var(--ast-global-color-5)","background-image":"","background-repeat":"repeat","background-position":"center center","background-size":"auto","background-attachment":"scroll","background-type":"","background-media":"","overlay-type":"","overlay-color":"","overlay-opacity":"","overlay-gradient":""},"mobile":{"background-color":"var(--ast-global-color-5)","background-image":"","background-repeat":"repeat","background-position":"center center","background-size":"auto","background-attachment":"scroll","background-type":"","background-media":"","overlay-type":"","overlay-color":"","overlay-opacity":"","overlay-gradient":""}}},"product_brand":[42],"product_cat":[50,88,77,15],"product_tag":[],"class_list":{"0":"post-5282","1":"product","2":"type-product","3":"status-publish","4":"has-post-thumbnail","6":"product_brand-randm-tornado","7":"product_cat-randm-tornado-40000-avec-ecran-led-hd","8":"product_cat-puff-40k","9":"product_cat-entrepot-de-lue","10":"product_cat-magasin-cigarette-electronique","11":"desktop-align-center","12":"tablet-align-center","13":"mobile-align-center","14":"ast-product-gallery-layout-horizontal","15":"ast-product-gallery-with-no-image","16":"ast-product-single-variable","17":"ast-product-tabs-layout-horizontal","18":"ast-qv-on-image","20":"first","21":"instock","22":"sale","23":"shipping-taxable","24":"purchasable","25":"product-type-variable","26":"has-default-attributes"},"tiered_pricing_type":"fixed","tiered_pricing_fixed_rules":{"30":10.42,"60":9.26,"100":8.05,"200":7.8,"500":7.67,"1000":7.38},"tiered_pricing_product_settings":{"layout":"default","base_unit_name":{"singular":null,"plural":null},"default_variation":null},"tiered_pricing_minimum_quantity":null,"tiered_pricing_roles_data":[],"tiered_pricing_percentage_rules":[],"_links":{"self":[{"href":"https:\/\/puffvapestore.com\/nl\/wp-json\/wp\/v2\/product\/5282","targetHints":{"allow":["GET"]}}],"collection":[{"href":"https:\/\/puffvapestore.com\/nl\/wp-json\/wp\/v2\/product"}],"about":[{"href":"https:\/\/puffvapestore.com\/nl\/wp-json\/wp\/v2\/types\/product"}],"replies":[{"embeddable":true,"href":"https:\/\/puffvapestore.com\/nl\/wp-json\/wp\/v2\/comments?post=5282"}],"version-history":[{"count":7,"href":"https:\/\/puffvapestore.com\/nl\/wp-json\/wp\/v2\/product\/5282\/revisions"}],"predecessor-version":[{"id":10755,"href":"https:\/\/puffvapestore.com\/nl\/wp-json\/wp\/v2\/product\/5282\/revisions\/10755"}],"wp:featuredmedia":[{"embeddable":true,"href":"https:\/\/puffvapestore.com\/nl\/wp-json\/wp\/v2\/media\/5084"}],"wp:attachment":[{"href":"https:\/\/puffvapestore.com\/nl\/wp-json\/wp\/v2\/media?parent=5282"}],"wp:term":[{"taxonomy":"product_brand","embeddable":true,"href":"https:\/\/puffvapestore.com\/nl\/wp-json\/wp\/v2\/product_brand?post=5282"},{"taxonomy":"product_cat","embeddable":true,"href":"https:\/\/puffvapestore.com\/nl\/wp-json\/wp\/v2\/product_cat?post=5282"},{"taxonomy":"product_tag","embeddable":true,"href":"https:\/\/puffvapestore.com\/nl\/wp-json\/wp\/v2\/product_tag?post=5282"}],"curies":[{"name":"wp","href":"https:\/\/api.w.org\/{rel}","templated":true}]}}