{"id":5271,"date":"2025-07-17T06:37:40","date_gmt":"2025-07-17T06:37:40","guid":{"rendered":"https:\/\/puffvapestore.com\/?post_type=product&#038;p=5271"},"modified":"2026-04-21T07:09:14","modified_gmt":"2026-04-21T07:09:14","slug":"watermelon-bubblegum-fumot-leopard-40000-offre-la-fraicheur","status":"publish","type":"product","link":"https:\/\/puffvapestore.com\/nl\/product\/watermeloen-bubblegum-fumot-leopard-40000-biedt-versheid\/","title":{"rendered":"Watermeloen Bubblegum - Fumot Leopard 40000"},"content":{"rendered":"<div data-elementor-type=\"wp-post\" data-elementor-id=\"5271\" class=\"elementor elementor-5271\">\n\t\t\t\t<div class=\"elementor-element elementor-element-08c26f9 e-flex e-con-boxed e-con e-parent\" data-id=\"08c26f9\" data-element_type=\"container\" data-e-type=\"container\">\n\t\t\t\t\t<div class=\"e-con-inner\">\n\t\t\t\t<div class=\"elementor-element elementor-element-a005a97 elementor-widget elementor-widget-text-editor\" data-id=\"a005a97\" data-element_type=\"widget\" data-e-type=\"widget\" data-widget_type=\"text-editor.default\">\n\t\t\t\t<div class=\"elementor-widget-container\">\n\t\t\t\t\t\t\t\t\t<p>Deze Watermelon Bubblegum smaak combineert de frisheid van een sappige watermeloen met het zoete aroma van bubblegum. Zodra je inhaleert, onthult de rook de natuurlijke frisheid van een zomerse boomgaard, gevolgd door de zoete geur van roze bubblegum, het symbool van de kindertijd. Bij elke inhalatie waan je je in een openluchttuin in Zuid-Frankrijk. De zon schijnt en op een ontspannen middag laat een elektronische sigaret Fumot Leopard 40000 in Watermelon Bubblegum smaak in je hand je een trekje damp uitademen. De sfeer lijkt getint met een zacht briesje, bijzonder natuurlijk en elegant in deze omgeving.<\/p><h2>Zoete en sappige watermeloen<\/h2><p>Hoofdensmaak: Watermeloen vormt de kern van deze smaak, met de frisse, zoete en sappige kenmerken van een rijpe watermeloen.<\/p><p>Details : Watermeloen heeft een fris fruitig aroma met een licht vruchtvleesachtige textuur, alsof je watermeloensap drinkt. Deze zoetheid is onmiddellijk waarneembaar bij het inhaleren en biedt een zomerse frisheid aan de smaakpapillen.<\/p><h2>De zoetheid en nostalgie van Bubblegum<\/h2><p>Bijkomende smaak: Bubblegum geeft deze smaak een zoete, licht romige toets en roept nostalgische herinneringen op aan de kauwgom uit je kindertijd. Het is iets zoeter dan watermeloen en heeft een mild snoeparoma, vergelijkbaar met klassieke Bubblicious of Hubba Bubba kauwgom.<\/p><p>Details : De kauwgomsmaak komt duidelijker naar voren bij het uitademen en biedt een zachte, zoete finish.<\/p>\t\t\t\t\t\t\t\t<\/div>\n\t\t\t\t<\/div>\n\t\t\t\t\t<\/div>\n\t\t\t\t<\/div>\n\t\t<div class=\"elementor-element elementor-element-718b380 e-flex e-con-boxed e-con e-parent\" data-id=\"718b380\" data-element_type=\"container\" data-e-type=\"container\">\n\t\t\t\t\t<div class=\"e-con-inner\">\n\t\t\t\t<div class=\"elementor-element elementor-element-d2cc8fa elementor-widget elementor-widget-text-editor\" data-id=\"d2cc8fa\" data-element_type=\"widget\" data-e-type=\"widget\" data-widget_type=\"text-editor.default\">\n\t\t\t\t<div class=\"elementor-widget-container\">\n\t\t\t\t\t\t\t\t\t<h2>Kenmerken van de Fumot Leopard 40000 Watermelon Bubblegum:<\/h2><p>Pufjes en batterij: Uitgerust met een 700 mAh oplaadbare batterij die wordt opgeladen via USB-C voor maximaal 40.000 pufjes.<\/p><p>Dubbel gaas-weerstandssysteem: Uitgerust met een dubbel gaas-weerstandssysteem dat continu verwarmt en rijke, romige stoom produceert gedurende de hele levensduur.<\/p><p>LED en digitaal display: Uitgerust met een set RGB-lampjes en een dubbel digitaal buisdisplay: de ene kant toont het niveau van de resterende e-vloeistof, de andere kant het batterijniveau.<\/p><p>Nicotineniveaus en smaken: Verkrijgbaar in 0 %, 2 %, 3 % of 5 % nicotineniveaus.<\/p><p>Ontwerp: Transparante schelp met opvallende luipaardprint, gekleurde lampjes aan de binnenkant die draaien bij elk trekje.<\/p><h2>Voordelen van de Fumot Leopard 40000 Watermelon Bubblegum:<\/h2><p>Oplaadbaar, dus je hoeft hem niet voortijdig weg te gooien.<\/p><p>Elegante LED-afbeeldingen + helder, aantrekkelijk ontwerp.<\/p><p>Eenvoudige controle van de resterende e-vloeistof en het batterijniveau.<\/p>\t\t\t\t\t\t\t\t<\/div>\n\t\t\t\t<\/div>\n\t\t\t\t\t<\/div>\n\t\t\t\t<\/div>\n\t\t\t\t<\/div>","protected":false},"excerpt":{"rendered":"<p>Ce go\u00fbt Past\u00e8que Bubblegum allie avec raffinement la fra\u00eecheur d&rsquo;une past\u00e8que juteuse \u00e0 l&rsquo;ar\u00f4me sucr\u00e9 du bubblegum. D\u00e8s l&rsquo;inhalation, la fum\u00e9e r\u00e9v\u00e8le la fra\u00eecheur naturelle d&rsquo;un verger estival, suivie du doux parfum d&rsquo;un bubblegum rose, symbole de l&rsquo;enfance. \u00c0 chaque inhalation, vous vous sentirez comme dans un jardin en plein air du sud de la [&hellip;]<\/p>\n","protected":false},"featured_media":5096,"comment_status":"open","ping_status":"closed","template":"","meta":{"site-sidebar-layout":"no-sidebar","site-content-layout":"page-builder","ast-site-content-layout":"normal-width-container","site-content-style":"default","site-sidebar-style":"default","ast-global-header-display":"","ast-banner-title-visibility":"","ast-main-header-display":"","ast-hfb-above-header-display":"","ast-hfb-below-header-display":"","ast-hfb-mobile-header-display":"","site-post-title":"disabled","ast-breadcrumbs-content":"","ast-featured-img":"disabled","footer-sml-layout":"","ast-disable-related-posts":"","theme-transparent-header-meta":"default","adv-header-id-meta":"","stick-header-meta":"default","header-above-stick-meta":"","header-main-stick-meta":"","header-below-stick-meta":"","astra-migrate-meta-layouts":"set","ast-page-background-enabled":"default","ast-page-background-meta":{"desktop":{"background-color":"","background-image":"","background-repeat":"repeat","background-position":"center center","background-size":"auto","background-attachment":"scroll","background-type":"","background-media":"","overlay-type":"","overlay-color":"","overlay-opacity":"","overlay-gradient":""},"tablet":{"background-color":"","background-image":"","background-repeat":"repeat","background-position":"center center","background-size":"auto","background-attachment":"scroll","background-type":"","background-media":"","overlay-type":"","overlay-color":"","overlay-opacity":"","overlay-gradient":""},"mobile":{"background-color":"","background-image":"","background-repeat":"repeat","background-position":"center center","background-size":"auto","background-attachment":"scroll","background-type":"","background-media":"","overlay-type":"","overlay-color":"","overlay-opacity":"","overlay-gradient":""}},"ast-content-background-meta":{"desktop":{"background-color":"var(--ast-global-color-5)","background-image":"","background-repeat":"repeat","background-position":"center center","background-size":"auto","background-attachment":"scroll","background-type":"","background-media":"","overlay-type":"","overlay-color":"","overlay-opacity":"","overlay-gradient":""},"tablet":{"background-color":"var(--ast-global-color-5)","background-image":"","background-repeat":"repeat","background-position":"center center","background-size":"auto","background-attachment":"scroll","background-type":"","background-media":"","overlay-type":"","overlay-color":"","overlay-opacity":"","overlay-gradient":""},"mobile":{"background-color":"var(--ast-global-color-5)","background-image":"","background-repeat":"repeat","background-position":"center center","background-size":"auto","background-attachment":"scroll","background-type":"","background-media":"","overlay-type":"","overlay-color":"","overlay-opacity":"","overlay-gradient":""}}},"product_brand":[42],"product_cat":[50,88,77,15],"product_tag":[],"class_list":{"0":"post-5271","1":"product","2":"type-product","3":"status-publish","4":"has-post-thumbnail","6":"product_brand-randm-tornado","7":"product_cat-randm-tornado-40000-avec-ecran-led-hd","8":"product_cat-puff-40k","9":"product_cat-entrepot-de-lue","10":"product_cat-magasin-cigarette-electronique","11":"desktop-align-center","12":"tablet-align-center","13":"mobile-align-center","14":"ast-product-gallery-layout-horizontal","15":"ast-product-gallery-with-no-image","16":"ast-product-single-variable","17":"ast-product-tabs-layout-horizontal","18":"ast-qv-on-image","20":"first","21":"instock","22":"sale","23":"shipping-taxable","24":"purchasable","25":"product-type-variable","26":"has-default-attributes"},"tiered_pricing_type":"fixed","tiered_pricing_fixed_rules":{"30":10.42,"60":9.26,"100":8.05,"200":7.8,"500":7.67,"1000":7.38},"tiered_pricing_product_settings":{"layout":"default","base_unit_name":{"singular":null,"plural":null},"default_variation":null},"tiered_pricing_minimum_quantity":null,"tiered_pricing_roles_data":[],"tiered_pricing_percentage_rules":[],"_links":{"self":[{"href":"https:\/\/puffvapestore.com\/nl\/wp-json\/wp\/v2\/product\/5271","targetHints":{"allow":["GET"]}}],"collection":[{"href":"https:\/\/puffvapestore.com\/nl\/wp-json\/wp\/v2\/product"}],"about":[{"href":"https:\/\/puffvapestore.com\/nl\/wp-json\/wp\/v2\/types\/product"}],"replies":[{"embeddable":true,"href":"https:\/\/puffvapestore.com\/nl\/wp-json\/wp\/v2\/comments?post=5271"}],"version-history":[{"count":7,"href":"https:\/\/puffvapestore.com\/nl\/wp-json\/wp\/v2\/product\/5271\/revisions"}],"predecessor-version":[{"id":10756,"href":"https:\/\/puffvapestore.com\/nl\/wp-json\/wp\/v2\/product\/5271\/revisions\/10756"}],"wp:featuredmedia":[{"embeddable":true,"href":"https:\/\/puffvapestore.com\/nl\/wp-json\/wp\/v2\/media\/5096"}],"wp:attachment":[{"href":"https:\/\/puffvapestore.com\/nl\/wp-json\/wp\/v2\/media?parent=5271"}],"wp:term":[{"taxonomy":"product_brand","embeddable":true,"href":"https:\/\/puffvapestore.com\/nl\/wp-json\/wp\/v2\/product_brand?post=5271"},{"taxonomy":"product_cat","embeddable":true,"href":"https:\/\/puffvapestore.com\/nl\/wp-json\/wp\/v2\/product_cat?post=5271"},{"taxonomy":"product_tag","embeddable":true,"href":"https:\/\/puffvapestore.com\/nl\/wp-json\/wp\/v2\/product_tag?post=5271"}],"curies":[{"name":"wp","href":"https:\/\/api.w.org\/{rel}","templated":true}]}}