{"id":5241,"date":"2025-07-16T12:11:27","date_gmt":"2025-07-16T12:11:27","guid":{"rendered":"https:\/\/puffvapestore.com\/?post_type=product&#038;p=5241"},"modified":"2026-04-21T07:10:03","modified_gmt":"2026-04-21T07:10:03","slug":"mixed-berries-fumot-randm-tornado-40000","status":"publish","type":"product","link":"https:\/\/puffvapestore.com\/nl\/product\/gemengde-bessen-fumot-randm-tornado-40000\/","title":{"rendered":"Gemengde bessen - Fumot Leopard 40000"},"content":{"rendered":"<div data-elementor-type=\"wp-post\" data-elementor-id=\"5241\" class=\"elementor elementor-5241\">\n\t\t\t\t<div class=\"elementor-element elementor-element-08c26f9 e-flex e-con-boxed e-con e-parent\" data-id=\"08c26f9\" data-element_type=\"container\" data-e-type=\"container\">\n\t\t\t\t\t<div class=\"e-con-inner\">\n\t\t\t\t<div class=\"elementor-element elementor-element-a005a97 elementor-widget elementor-widget-text-editor\" data-id=\"a005a97\" data-element_type=\"widget\" data-e-type=\"widget\" data-widget_type=\"text-editor.default\">\n\t\t\t\t<div class=\"elementor-widget-container\">\n\t\t\t\t\t\t\t\t\t<p>Deze elektronische sigaret met het Fruits des Bois-smaakje biedt een bedwelmend feest van bosvruchten: de zoetheid van bosbessen, de zuurheid van bramen en het fruitige aroma van frambozen bloeien op het puntje van je tong, als een mandje wilde vruchten die vers geplukt zijn uit het bos in de vroege zomer in Frankrijk. Het fruitige aroma blijft hangen en fascineert je. Het is niet alleen een genot om te proeven, het is ook een geweldige stressverlichter.<\/p><h2>Topnoot (in de mond) :<\/h2><p>De eerste sensatie is de zoetheid van aardbeien, met de zoetheid van rijp fruit, gevolgd door een lichte zuurheid en een lichte bloemengeur van frambozen, die de algehele frisheid versterken.<\/p><h2>tot continue inhalatie:<\/h2><p>Het ronde, fruitige aroma van de bosbes komt dan naar voren en voegt een volle, licht fruitige smaak toe. De donkere, fruitige smaak van de braambes versterkt de algemene dikte en verandert het geheel in een zachte zoetheid. De fruitige smaak is dan intenser, zonder te uitgesproken te zijn, waardoor een goed evenwicht behouden blijft.<\/p><h2>Achtergrondinformatie (bij afloop) :<\/h2><p>Bij het uitademen is er een zachte zuurheid en een lichte frisheid van het mengsel van bessen. De afdronk is lang en geeft de indruk dat je in een schaal vers fruit bijt.<\/p>\t\t\t\t\t\t\t\t<\/div>\n\t\t\t\t<\/div>\n\t\t\t\t\t<\/div>\n\t\t\t\t<\/div>\n\t\t<div class=\"elementor-element elementor-element-718b380 e-flex e-con-boxed e-con e-parent\" data-id=\"718b380\" data-element_type=\"container\" data-e-type=\"container\">\n\t\t\t\t\t<div class=\"e-con-inner\">\n\t\t\t\t<div class=\"elementor-element elementor-element-d2cc8fa elementor-widget elementor-widget-text-editor\" data-id=\"d2cc8fa\" data-element_type=\"widget\" data-e-type=\"widget\" data-widget_type=\"text-editor.default\">\n\t\t\t\t<div class=\"elementor-widget-container\">\n\t\t\t\t\t\t\t\t\t<h2>Oplaadbare batterij met hoge prestaties<\/h2><p>De Fumot Leopard (RandM Tornado) 40000 Mixed Berries is uitgerust met een ge\u00efntegreerde 700 mAh lithiumbatterij, compatibel met USB-C snelladen en volledig opgeladen in ongeveer 30 tot 45 minuten.<\/p><p>Hoewel dit een elektronische wegwerpsigaret is, kan de batterij meerdere keren worden opgeladen zodat elke druppel e-vloeistof optimaal wordt benut.<\/p><h2>Talrijke trekjes: tot 40.000 trekjes<\/h2><p>De Fumot Leopard (RandM Tornado) 40000 biedt een uitzonderlijke capaciteit van 40.000 puffen, veel meer dan traditionele wegwerpverpakkingen (over het algemeen tussen de 1.000 en 3.000 puffen).<\/p><p>De theoretische gebruiksduur kan meerdere weken of zelfs meerdere maanden zijn (berekend met 500 trekjes per dag, dus ongeveer 80 gebruiksdagen).<\/p><p>Bijzonder geschikt voor gebruikers die niet vaak van toestel willen wisselen.<\/p><h2>Dubbele gaasweerstand<\/h2><p>De Fumot Leopard (RandM Tornado) 40000 heeft een geavanceerde verwarmingsstructuur met dubbele mazen voor snelle verwarming en gelijkmatige verstuiving.<\/p><p>Hij levert een intense smaak en stoom met een hoge dichtheid gedurende de hele gebruikscyclus, zonder merkbare verzwakking.<\/p><p>Verbeter de rookervaring, met name voor gebruikers die op zoek zijn naar een krachtige keelhit of een zachte smaak.<\/p><h2>Intelligent digitaal LED-scherm<\/h2><p>De Fumot Leopard 40000 Mixed Berries heeft een ingebouwd high-definition LED-scherm dat :<\/p><p>Percentage van batterijlading<\/p><p>Resterende e-vloeistof<\/p><p>Informeer gebruikers in \u00e9\u00e9n oogopslag over de status van het apparaat en voorkom zo plotselinge batterijstoringen of problemen met \u00abdroog roken zonder e-liquid\u00bb.<\/p><h2>Gekleurde RGB-stemmingsverlichting<\/h2><p>Uitgerust met trendy RGB-verlichtingseffecten, draait en verandert hij van kleur terwijl je rookt, wat een vleugje technologie en visueel plezier toevoegt.<\/p><p>Bijzonder aantrekkelijk en herkenbaar 's avonds of 's nachts.<\/p><h2>Verschillende nicotineconcentraties beschikbaar<\/h2><p>Verschillende nicotineconcentraties beschikbaar:<\/p><p>0 % (nicotinevrij, puur aroma)<\/p><p>2 %, 3 %, 5 % (voldoen aan de verschillende behoeften van lichte tot zware rokers)<\/p><h2>Voor wie is de Fumot Leopard 40000 (RandM Tornado 40K) Mixed Berries bedoeld?<\/h2><p>Zware rokers op zoek naar duurzame wegwerpartikelen<\/p><p>Fans van geavanceerde en aantrekkelijke elektronische sigaretten<\/p><p>Wie op zoek is naar een gemakkelijk te onderhouden oplaadbaar apparaat<\/p><h2>Wat is er zo geweldig aan Fumot Leopard 40000 (RandM Tornado 40K) Mixed Berries?<\/h2><p>Levensduur: 40.000 trekjes, wat overeenkomt met ongeveer 9 tot 12 weken, dus ongeveer 500 trekjes per dag.<\/p><p>Visuele feedback: het display en de indicatorlampjes bieden realtime informatie en verbeteren de esthetiek<\/p><p>Prestaties: Dubbelmazige weerstanden garanderen een consistente smaak en stoom<\/p>\t\t\t\t\t\t\t\t<\/div>\n\t\t\t\t<\/div>\n\t\t\t\t\t<\/div>\n\t\t\t\t<\/div>\n\t\t\t\t<\/div>","protected":false},"excerpt":{"rendered":"<p>Cette cigarette \u00e9lectronique saveur Fruits des bois offre un festin enivrant de fruits des bois\u00a0: la douceur des myrtilles, l&rsquo;acidit\u00e9 des m\u00fbres et l&rsquo;ar\u00f4me fruit\u00e9 des framboises s&rsquo;\u00e9panouissent sur le bout de la langue, tel un panier de fruits sauvages fra\u00eechement cueillis dans la for\u00eat au d\u00e9but de l&rsquo;\u00e9t\u00e9 en France. L&rsquo;ar\u00f4me fruit\u00e9 persiste et [&hellip;]<\/p>\n","protected":false},"featured_media":5089,"comment_status":"open","ping_status":"closed","template":"","meta":{"site-sidebar-layout":"no-sidebar","site-content-layout":"page-builder","ast-site-content-layout":"normal-width-container","site-content-style":"default","site-sidebar-style":"default","ast-global-header-display":"","ast-banner-title-visibility":"","ast-main-header-display":"","ast-hfb-above-header-display":"","ast-hfb-below-header-display":"","ast-hfb-mobile-header-display":"","site-post-title":"disabled","ast-breadcrumbs-content":"","ast-featured-img":"disabled","footer-sml-layout":"","ast-disable-related-posts":"","theme-transparent-header-meta":"default","adv-header-id-meta":"","stick-header-meta":"default","header-above-stick-meta":"","header-main-stick-meta":"","header-below-stick-meta":"","astra-migrate-meta-layouts":"set","ast-page-background-enabled":"default","ast-page-background-meta":{"desktop":{"background-color":"","background-image":"","background-repeat":"repeat","background-position":"center center","background-size":"auto","background-attachment":"scroll","background-type":"","background-media":"","overlay-type":"","overlay-color":"","overlay-opacity":"","overlay-gradient":""},"tablet":{"background-color":"","background-image":"","background-repeat":"repeat","background-position":"center center","background-size":"auto","background-attachment":"scroll","background-type":"","background-media":"","overlay-type":"","overlay-color":"","overlay-opacity":"","overlay-gradient":""},"mobile":{"background-color":"","background-image":"","background-repeat":"repeat","background-position":"center center","background-size":"auto","background-attachment":"scroll","background-type":"","background-media":"","overlay-type":"","overlay-color":"","overlay-opacity":"","overlay-gradient":""}},"ast-content-background-meta":{"desktop":{"background-color":"var(--ast-global-color-5)","background-image":"","background-repeat":"repeat","background-position":"center center","background-size":"auto","background-attachment":"scroll","background-type":"","background-media":"","overlay-type":"","overlay-color":"","overlay-opacity":"","overlay-gradient":""},"tablet":{"background-color":"var(--ast-global-color-5)","background-image":"","background-repeat":"repeat","background-position":"center center","background-size":"auto","background-attachment":"scroll","background-type":"","background-media":"","overlay-type":"","overlay-color":"","overlay-opacity":"","overlay-gradient":""},"mobile":{"background-color":"var(--ast-global-color-5)","background-image":"","background-repeat":"repeat","background-position":"center center","background-size":"auto","background-attachment":"scroll","background-type":"","background-media":"","overlay-type":"","overlay-color":"","overlay-opacity":"","overlay-gradient":""}}},"product_brand":[42],"product_cat":[50,88,77,15],"product_tag":[],"class_list":{"0":"post-5241","1":"product","2":"type-product","3":"status-publish","4":"has-post-thumbnail","6":"product_brand-randm-tornado","7":"product_cat-randm-tornado-40000-avec-ecran-led-hd","8":"product_cat-puff-40k","9":"product_cat-entrepot-de-lue","10":"product_cat-magasin-cigarette-electronique","11":"desktop-align-center","12":"tablet-align-center","13":"mobile-align-center","14":"ast-product-gallery-layout-horizontal","15":"ast-product-gallery-with-no-image","16":"ast-product-single-variable","17":"ast-product-tabs-layout-horizontal","18":"ast-qv-on-image","20":"first","21":"instock","22":"sale","23":"shipping-taxable","24":"purchasable","25":"product-type-variable","26":"has-default-attributes"},"tiered_pricing_type":"fixed","tiered_pricing_fixed_rules":{"30":10.42,"60":9.26,"100":8.05,"200":7.8,"500":7.67,"1000":7.38},"tiered_pricing_product_settings":{"layout":"default","base_unit_name":{"singular":null,"plural":null},"default_variation":null},"tiered_pricing_minimum_quantity":null,"tiered_pricing_roles_data":[],"tiered_pricing_percentage_rules":[],"_links":{"self":[{"href":"https:\/\/puffvapestore.com\/nl\/wp-json\/wp\/v2\/product\/5241","targetHints":{"allow":["GET"]}}],"collection":[{"href":"https:\/\/puffvapestore.com\/nl\/wp-json\/wp\/v2\/product"}],"about":[{"href":"https:\/\/puffvapestore.com\/nl\/wp-json\/wp\/v2\/types\/product"}],"replies":[{"embeddable":true,"href":"https:\/\/puffvapestore.com\/nl\/wp-json\/wp\/v2\/comments?post=5241"}],"version-history":[{"count":11,"href":"https:\/\/puffvapestore.com\/nl\/wp-json\/wp\/v2\/product\/5241\/revisions"}],"predecessor-version":[{"id":10750,"href":"https:\/\/puffvapestore.com\/nl\/wp-json\/wp\/v2\/product\/5241\/revisions\/10750"}],"wp:featuredmedia":[{"embeddable":true,"href":"https:\/\/puffvapestore.com\/nl\/wp-json\/wp\/v2\/media\/5089"}],"wp:attachment":[{"href":"https:\/\/puffvapestore.com\/nl\/wp-json\/wp\/v2\/media?parent=5241"}],"wp:term":[{"taxonomy":"product_brand","embeddable":true,"href":"https:\/\/puffvapestore.com\/nl\/wp-json\/wp\/v2\/product_brand?post=5241"},{"taxonomy":"product_cat","embeddable":true,"href":"https:\/\/puffvapestore.com\/nl\/wp-json\/wp\/v2\/product_cat?post=5241"},{"taxonomy":"product_tag","embeddable":true,"href":"https:\/\/puffvapestore.com\/nl\/wp-json\/wp\/v2\/product_tag?post=5241"}],"curies":[{"name":"wp","href":"https:\/\/api.w.org\/{rel}","templated":true}]}}