{"id":5197,"date":"2025-07-15T09:29:08","date_gmt":"2025-07-15T09:29:08","guid":{"rendered":"https:\/\/puffvapestore.com\/?post_type=product&#038;p=5197"},"modified":"2026-04-21T07:10:20","modified_gmt":"2026-04-21T07:10:20","slug":"tornado-40000-black-dragon-ice-presente-un-gout-sucre-et-legerement-acidule","status":"publish","type":"product","link":"https:\/\/puffvapestore.com\/nl\/product\/tornado-40000-black-dragon-ijs-smaakt-zoet-en-licht-wrang\/","title":{"rendered":"RandM Tornado 40000 - Zwart draakijs"},"content":{"rendered":"<div data-elementor-type=\"wp-post\" data-elementor-id=\"5197\" class=\"elementor elementor-5197\">\n\t\t\t\t<div class=\"elementor-element elementor-element-08c26f9 e-flex e-con-boxed e-con e-parent\" data-id=\"08c26f9\" data-element_type=\"container\" data-e-type=\"container\">\n\t\t\t\t\t<div class=\"e-con-inner\">\n\t\t\t\t<div class=\"elementor-element elementor-element-a005a97 elementor-widget elementor-widget-text-editor\" data-id=\"a005a97\" data-element_type=\"widget\" data-e-type=\"widget\" data-widget_type=\"text-editor.default\">\n\t\t\t\t<div class=\"elementor-widget-container\">\n\t\t\t\t\t\t\t\t\t<p>Black Dragon Ice is een smaak die de rijke, zoetzure smaak van zwarte bes, het wilde, fruitige aroma van braam, de exotische frisheid van pitaya en de levendige, pittige smaak van citroen combineert, allemaal met een sterke sensatie van frisheid, voor een rijke, opwindende rookervaring.<\/p><p>Zwarte bes: Deze rijke, fruitige zwarte bessensmaak heeft een zoete, lichtzure smaak, vergelijkbaar met jam, en voegt een diepe, lichtzure noot toe. Deze smaak vormt een krachtige basis voor het geheel.<\/p><p>Wilde bramen: De toevoeging van wilde bramen zorgt voor een pittige, levendige smaak die contrasteert met de diepe smaak van de zwarte bes en zorgt voor een lichtere, subtielere fruitige toets die de complexiteit van de smaak verbetert.<\/p><p>Drakenvrucht: Drakenvrucht zorgt voor een exotische smaak, met een licht zoet, fruitig aroma en een licht verfrissende kruidige noot. Deze smaak balanceert de kracht van de zwarte bes en braam, waardoor het geheel een meer uitgesproken rondheid krijgt.<\/p><p>Citroen: De zuurgraad van citroen voegt een levendige citrustoets toe, zorgt voor een verfrissend zuurtje dat contrasteert met de andere fruitsmaken en de gelaagdheid van smaken accentueert.<\/p><p>Ice: De handtekening van Black Dragon Ice is het krachtige verkoelende effect, dat een gevoel van koele munt of ijs geeft bij het uitademen, en een verfrissende tinteling achterlaat op het puntje van de tong. Deze verkoelende sensatie versterkt niet alleen de frisheid, maar accentueert ook de fruitige smaak, wat een gevoel van zomerse frisheid geeft.<\/p><h2>Aroma's van Black Dragon Ice :<\/h2><p>Inhalatie: Bij het inhaleren verspreidt de rook een zoet, fruitig aroma van zwarte bes en braam, licht zurig met uitgesproken bessentonen.<\/p><p>Middendeel: De zoetheid van de pitaya openbaart zich geleidelijk, brengt de frisheid van exotisch fruit, vermengt zich met de zuurheid van de citroen, accentueert de complexiteit van de smaak en doorbreekt de eentonigheid van een unieke zoete smaak.<\/p><p>Afdronk: Bij het uitademen dringt de frisheid snel de mond binnen, met een verfrissende afdronk en een fruitige nasmaak. De intensiteit van de ijssensatie is perfect, het maskeert de fruitige smaak niet en accentueert de algehele verfrissende ervaring.<\/p>\t\t\t\t\t\t\t\t<\/div>\n\t\t\t\t<\/div>\n\t\t\t\t\t<\/div>\n\t\t\t\t<\/div>\n\t\t<div class=\"elementor-element elementor-element-718b380 e-flex e-con-boxed e-con e-parent\" data-id=\"718b380\" data-element_type=\"container\" data-e-type=\"container\">\n\t\t\t\t\t<div class=\"e-con-inner\">\n\t\t\t\t<div class=\"elementor-element elementor-element-d2cc8fa elementor-widget elementor-widget-text-editor\" data-id=\"d2cc8fa\" data-element_type=\"widget\" data-e-type=\"widget\" data-widget_type=\"text-editor.default\">\n\t\t\t\t<div class=\"elementor-widget-container\">\n\t\t\t\t\t\t\t\t\t<h2>Oplaadbare batterij met hoge prestaties<\/h2><p>De Fumot Leopard (RandM Tornado) 40000 is uitgerust met een ge\u00efntegreerde 700 mAh lithiumbatterij, compatibel met USB-C snelladen en volledig opgeladen in ongeveer 30 tot 45 minuten.<\/p><p>Hoewel dit een elektronische wegwerpsigaret is, kan de batterij meerdere keren worden opgeladen zodat elke druppel e-vloeistof optimaal wordt benut.<\/p><h2>Talrijke trekjes: tot 40.000 trekjes<\/h2><p>De Fumot Leopard (RandM Tornado) 40000 biedt een uitzonderlijke capaciteit van 40.000 puffen, veel meer dan traditionele wegwerpverpakkingen (over het algemeen tussen de 1.000 en 3.000 puffen).<\/p><p>De theoretische gebruiksduur kan meerdere weken of zelfs meerdere maanden zijn (berekend met 500 trekjes per dag, dus ongeveer 80 gebruiksdagen).<\/p><p>Bijzonder geschikt voor gebruikers die niet vaak van toestel willen wisselen.<\/p><h2>Dubbele gaasweerstand<\/h2><p>De Fumot Leopard (RandM Tornado) 40000 heeft een geavanceerde verwarmingsstructuur met dubbele mazen voor snelle verwarming en gelijkmatige verstuiving.<\/p><p>Hij levert een intense smaak en stoom met een hoge dichtheid gedurende de hele gebruikscyclus, zonder merkbare verzwakking.<\/p><p>Verbeter de rookervaring, met name voor gebruikers die op zoek zijn naar een krachtige keelhit of een zachte smaak.<\/p><h2>Intelligent digitaal LED-scherm<\/h2><p>De Fumot Leopard 40000 heeft een ingebouwd high-definition LED-scherm dat :<\/p><p>Percentage van batterijlading<\/p><p>Resterende e-vloeistof<\/p><p>Informeer gebruikers in \u00e9\u00e9n oogopslag over de status van het apparaat en voorkom zo plotselinge batterijstoringen of problemen met \u00abdroog roken zonder e-liquid\u00bb.<\/p><h2>Gekleurde RGB-stemmingsverlichting<\/h2><p>Uitgerust met trendy RGB-verlichtingseffecten, draait en verandert hij van kleur terwijl je rookt, wat een vleugje technologie en visueel plezier toevoegt.<\/p><p>Bijzonder aantrekkelijk en herkenbaar 's avonds of 's nachts.<\/p><h2>Verschillende nicotineconcentraties beschikbaar<\/h2><p>Verschillende nicotineconcentraties beschikbaar:<\/p><p>0 % (nicotinevrij, puur aroma)<\/p><p>2 %, 3 %, 5 % (voldoen aan de verschillende behoeften van lichte tot zware rokers)<\/p><h2>Voor wie is de Fumot Leopard 40000 (RandM Tornado 40K) bedoeld?<\/h2><p>Zware rokers op zoek naar duurzame wegwerpartikelen<\/p><p>Fans van geavanceerde en aantrekkelijke elektronische sigaretten<\/p><p>Wie op zoek is naar een gemakkelijk te onderhouden oplaadbaar apparaat<\/p><h2>Wat vind ik goed aan de Fumot Leopard 40000 (RandM Tornado 40K)?<\/h2><p>Levensduur: 40.000 trekjes, wat overeenkomt met ongeveer 9 tot 12 weken, dus ongeveer 500 trekjes per dag.<\/p><p>Visuele feedback: het display en de indicatorlampjes bieden realtime informatie en verbeteren de esthetiek<\/p><p>Prestaties: Dubbelmazige weerstanden garanderen een consistente smaak en stoom<\/p>\t\t\t\t\t\t\t\t<\/div>\n\t\t\t\t<\/div>\n\t\t\t\t\t<\/div>\n\t\t\t\t<\/div>\n\t\t\t\t<\/div>","protected":false},"excerpt":{"rendered":"<p>Black Dragon Ice est une saveur qui allie la riche saveur sucr\u00e9e-acidul\u00e9 du cassis, l&rsquo;ar\u00f4me fruit\u00e9 et sauvage de la m\u00fbre, la fra\u00eecheur exotique de la pitaya et la saveur vive et acidul\u00e9e du citron, le tout avec une forte sensation de fra\u00eecheur, pour une exp\u00e9rience de fumage riche et exaltante. Cassis\u00a0: Ce go\u00fbt riche [&hellip;]<\/p>\n","protected":false},"featured_media":5082,"comment_status":"open","ping_status":"closed","template":"","meta":{"site-sidebar-layout":"no-sidebar","site-content-layout":"page-builder","ast-site-content-layout":"normal-width-container","site-content-style":"default","site-sidebar-style":"default","ast-global-header-display":"","ast-banner-title-visibility":"","ast-main-header-display":"","ast-hfb-above-header-display":"","ast-hfb-below-header-display":"","ast-hfb-mobile-header-display":"","site-post-title":"disabled","ast-breadcrumbs-content":"","ast-featured-img":"disabled","footer-sml-layout":"","ast-disable-related-posts":"","theme-transparent-header-meta":"default","adv-header-id-meta":"","stick-header-meta":"default","header-above-stick-meta":"","header-main-stick-meta":"","header-below-stick-meta":"","astra-migrate-meta-layouts":"set","ast-page-background-enabled":"default","ast-page-background-meta":{"desktop":{"background-color":"","background-image":"","background-repeat":"repeat","background-position":"center center","background-size":"auto","background-attachment":"scroll","background-type":"","background-media":"","overlay-type":"","overlay-color":"","overlay-opacity":"","overlay-gradient":""},"tablet":{"background-color":"","background-image":"","background-repeat":"repeat","background-position":"center center","background-size":"auto","background-attachment":"scroll","background-type":"","background-media":"","overlay-type":"","overlay-color":"","overlay-opacity":"","overlay-gradient":""},"mobile":{"background-color":"","background-image":"","background-repeat":"repeat","background-position":"center center","background-size":"auto","background-attachment":"scroll","background-type":"","background-media":"","overlay-type":"","overlay-color":"","overlay-opacity":"","overlay-gradient":""}},"ast-content-background-meta":{"desktop":{"background-color":"var(--ast-global-color-5)","background-image":"","background-repeat":"repeat","background-position":"center center","background-size":"auto","background-attachment":"scroll","background-type":"","background-media":"","overlay-type":"","overlay-color":"","overlay-opacity":"","overlay-gradient":""},"tablet":{"background-color":"var(--ast-global-color-5)","background-image":"","background-repeat":"repeat","background-position":"center center","background-size":"auto","background-attachment":"scroll","background-type":"","background-media":"","overlay-type":"","overlay-color":"","overlay-opacity":"","overlay-gradient":""},"mobile":{"background-color":"var(--ast-global-color-5)","background-image":"","background-repeat":"repeat","background-position":"center center","background-size":"auto","background-attachment":"scroll","background-type":"","background-media":"","overlay-type":"","overlay-color":"","overlay-opacity":"","overlay-gradient":""}}},"product_brand":[42],"product_cat":[50,88,77,15],"product_tag":[],"class_list":{"0":"post-5197","1":"product","2":"type-product","3":"status-publish","4":"has-post-thumbnail","6":"product_brand-randm-tornado","7":"product_cat-randm-tornado-40000-avec-ecran-led-hd","8":"product_cat-puff-40k","9":"product_cat-entrepot-de-lue","10":"product_cat-magasin-cigarette-electronique","11":"desktop-align-center","12":"tablet-align-center","13":"mobile-align-center","14":"ast-product-gallery-layout-horizontal","15":"ast-product-gallery-with-no-image","16":"ast-product-single-variable","17":"ast-product-tabs-layout-horizontal","18":"ast-qv-on-image","20":"first","21":"instock","22":"sale","23":"shipping-taxable","24":"purchasable","25":"product-type-variable","26":"has-default-attributes"},"tiered_pricing_type":"fixed","tiered_pricing_fixed_rules":{"30":10.42,"60":9.26,"100":8.05,"200":7.8,"500":7.67,"1000":7.38},"tiered_pricing_product_settings":{"layout":"default","base_unit_name":{"singular":null,"plural":null},"default_variation":null},"tiered_pricing_minimum_quantity":null,"tiered_pricing_roles_data":[],"tiered_pricing_percentage_rules":[],"_links":{"self":[{"href":"https:\/\/puffvapestore.com\/nl\/wp-json\/wp\/v2\/product\/5197","targetHints":{"allow":["GET"]}}],"collection":[{"href":"https:\/\/puffvapestore.com\/nl\/wp-json\/wp\/v2\/product"}],"about":[{"href":"https:\/\/puffvapestore.com\/nl\/wp-json\/wp\/v2\/types\/product"}],"replies":[{"embeddable":true,"href":"https:\/\/puffvapestore.com\/nl\/wp-json\/wp\/v2\/comments?post=5197"}],"version-history":[{"count":7,"href":"https:\/\/puffvapestore.com\/nl\/wp-json\/wp\/v2\/product\/5197\/revisions"}],"predecessor-version":[{"id":10748,"href":"https:\/\/puffvapestore.com\/nl\/wp-json\/wp\/v2\/product\/5197\/revisions\/10748"}],"wp:featuredmedia":[{"embeddable":true,"href":"https:\/\/puffvapestore.com\/nl\/wp-json\/wp\/v2\/media\/5082"}],"wp:attachment":[{"href":"https:\/\/puffvapestore.com\/nl\/wp-json\/wp\/v2\/media?parent=5197"}],"wp:term":[{"taxonomy":"product_brand","embeddable":true,"href":"https:\/\/puffvapestore.com\/nl\/wp-json\/wp\/v2\/product_brand?post=5197"},{"taxonomy":"product_cat","embeddable":true,"href":"https:\/\/puffvapestore.com\/nl\/wp-json\/wp\/v2\/product_cat?post=5197"},{"taxonomy":"product_tag","embeddable":true,"href":"https:\/\/puffvapestore.com\/nl\/wp-json\/wp\/v2\/product_tag?post=5197"}],"curies":[{"name":"wp","href":"https:\/\/api.w.org\/{rel}","templated":true}]}}