{"id":5121,"date":"2025-07-15T08:12:24","date_gmt":"2025-07-15T08:12:24","guid":{"rendered":"https:\/\/puffvapestore.com\/?post_type=product&#038;p=5121"},"modified":"2026-04-21T07:08:04","modified_gmt":"2026-04-21T07:08:04","slug":"fumot-leopard-40000-offre-40k-bouffees","status":"publish","type":"product","link":"https:\/\/puffvapestore.com\/nl\/product\/fumot-leopard-40000-biedt-40k-bouffees\/","title":{"rendered":"Fumot Leopard 40000 (RandM Tornado 40K): 40000 rookwolken dankzij de 700 mAh batterij en dubbele gaasweerstanden"},"content":{"rendered":"<div data-elementor-type=\"wp-post\" data-elementor-id=\"5121\" class=\"elementor elementor-5121\">\n\t\t\t\t<div class=\"elementor-element elementor-element-718b380 e-flex e-con-boxed e-con e-parent\" data-id=\"718b380\" data-element_type=\"container\" data-e-type=\"container\">\n\t\t\t\t\t<div class=\"e-con-inner\">\n\t\t\t\t<div class=\"elementor-element elementor-element-d2cc8fa elementor-widget elementor-widget-text-editor\" data-id=\"d2cc8fa\" data-element_type=\"widget\" data-e-type=\"widget\" data-widget_type=\"text-editor.default\">\n\t\t\t\t<div class=\"elementor-widget-container\">\n\t\t\t\t\t\t\t\t\t<h2>Oplaadbare batterij met hoge prestaties<\/h2><p>De Fumot Leopard (RandM Tornado) 40000 is uitgerust met een ge\u00efntegreerde 700 mAh lithiumbatterij, compatibel met USB-C snelladen en volledig opgeladen in ongeveer 30 tot 45 minuten.<\/p><p>Hoewel dit een elektronische wegwerpsigaret is, kan de batterij meerdere keren worden opgeladen zodat elke druppel e-vloeistof optimaal wordt benut.<\/p><h2>Talrijke trekjes: tot 40.000 trekjes<\/h2><p>De Fumot Leopard (RandM Tornado) 40000 biedt een uitzonderlijke capaciteit van 40.000 puffen, veel meer dan traditionele wegwerpverpakkingen (over het algemeen tussen de 1.000 en 3.000 puffen).<\/p><p>De theoretische gebruiksduur kan meerdere weken of zelfs meerdere maanden zijn (berekend met 500 trekjes per dag, dus ongeveer 80 gebruiksdagen).<\/p><p>Bijzonder geschikt voor gebruikers die niet vaak van toestel willen wisselen.<\/p><h2>Dubbele gaasweerstand<\/h2><p>De Fumot Leopard (RandM Tornado) 40000 heeft een geavanceerde verwarmingsstructuur met dubbele mazen voor snelle verwarming en gelijkmatige verstuiving.<\/p><p>Hij levert een intense smaak en stoom met een hoge dichtheid gedurende de hele gebruikscyclus, zonder merkbare verzwakking.<\/p><p>Verbeter de rookervaring, met name voor gebruikers die op zoek zijn naar een krachtige keelhit of een zachte smaak.<\/p><h2>Intelligent digitaal LED-scherm<\/h2><p>De Fumot Leopard 40000 heeft een ingebouwd high-definition LED-scherm dat :<\/p><p>Percentage van batterijlading<\/p><p>Resterende e-vloeistof<\/p><p>Informeer gebruikers in \u00e9\u00e9n oogopslag over de status van het apparaat en voorkom zo plotselinge batterijstoringen of problemen met \u00abdroog roken zonder e-liquid\u00bb.<\/p><h2>Gekleurde RGB-stemmingsverlichting<\/h2><p>Uitgerust met trendy RGB-verlichtingseffecten, draait en verandert hij van kleur terwijl je rookt, wat een vleugje technologie en visueel plezier toevoegt.<\/p><p>Bijzonder aantrekkelijk en herkenbaar 's avonds of 's nachts.<\/p><h2>Verschillende nicotineconcentraties beschikbaar<\/h2><p>Verschillende nicotineconcentraties beschikbaar:<\/p><p>0 % (nicotinevrij, puur aroma)<\/p><p>2 %, 3 %, 5 % (voldoen aan de verschillende behoeften van lichte tot zware rokers)<\/p><h2>Voor wie is de Fumot Leopard 40000 (RandM Tornado 40K) bedoeld?<\/h2><p>Zware rokers op zoek naar duurzame wegwerpartikelen<\/p><p>Fans van geavanceerde en aantrekkelijke elektronische sigaretten<\/p><p>Wie op zoek is naar een gemakkelijk te onderhouden oplaadbaar apparaat<\/p><h2>Wat vind ik goed aan de Fumot Leopard 40000 (RandM Tornado 40K)?<\/h2><p>Levensduur: 40.000 trekjes, wat overeenkomt met ongeveer 9 tot 12 weken, dus ongeveer 500 trekjes per dag.<\/p><p>Visuele feedback: het display en de indicatorlampjes bieden realtime informatie en verbeteren de esthetiek<\/p><p>Prestaties: Dubbelmazige weerstanden garanderen een consistente smaak en stoom<\/p>\t\t\t\t\t\t\t\t<\/div>\n\t\t\t\t<\/div>\n\t\t\t\t\t<\/div>\n\t\t\t\t<\/div>\n\t\t<div class=\"elementor-element elementor-element-08c26f9 e-flex e-con-boxed e-con e-parent\" data-id=\"08c26f9\" data-element_type=\"container\" data-e-type=\"container\">\n\t\t\t\t\t<div class=\"e-con-inner\">\n\t\t\t\t<div class=\"elementor-element elementor-element-a005a97 elementor-widget elementor-widget-text-editor\" data-id=\"a005a97\" data-element_type=\"widget\" data-e-type=\"widget\" data-widget_type=\"text-editor.default\">\n\t\t\t\t<div class=\"elementor-widget-container\">\n\t\t\t\t\t\t\t\t\t<h2>25 smaken van Fumot Leopard 40000<\/h2><p>De Fumot Leopard 40000 is een elektronische sigaret uit het topsegment met maar liefst 25 smaken, ontworpen voor gebruikers die op zoek zijn naar een rijke en verfrissende smaakervaring. Deze smaken vari\u00ebren van eenvoudige fruitige aroma's tot complexe melanges. De algemene stijl is voornamelijk een combinatie van fruit en ICE, geschikt voor verschillende smaken.<\/p><p>Fruit + Ice: Bijvoorbeeld Black Dragon Ice, Blueberry on Ice, Cherry Ice, Strawberry Ice en Watermelon Ice. Deze smaken zijn allemaal verfrissend en zullen liefhebbers van munt of diegenen die de voorkeur geven aan een koelere smaak, vooral bij warm weer, aanspreken. Black Dragon Ice is origineler en combineert donker fruit zoals zwarte bessen met een ijskoude basis voor een rijkere smaak.<\/p><p>Gemengd fruit: Bijvoorbeeld Blueberry Cherry Cranberry, Blueberry Raspberry, Kiwi Passionfruit Guava, Peachy Mango Pineapple en Mixed Berries. Deze complexe fruitsmaken bieden een zoetzure balans en rijke lagen, perfect voor liefhebbers van tropische smaken of sappen.<\/p><p>Enkele of dubbele zoete smaken: bijvoorbeeld Perzikbes, Aardbeibanaan, Aardbeienwatermeloen en Watermeloen Bubblegum, deze smaken zijn over het algemeen mild en romig en benadrukken de natuurlijke zoetheid van het fruit. Vooral Watermelon Bubblegum heeft een zoete smaak die perfect is voor dessertliefhebbers.<\/p><p>Speciale smaken: Dr Blue en Pink Lemonade zijn unieke smaakmengsels. De eerste doet denken aan de drankstijl van \u00abDr Pepper\u00bb, met zijn unieke aroma van kruiden en fruit; de tweede, een verfrissende bruisende drank met citroen en aardbei, zowel bitterzoet als verfrissend.<\/p>\t\t\t\t\t\t\t\t<\/div>\n\t\t\t\t<\/div>\n\t\t\t\t\t<\/div>\n\t\t\t\t<\/div>\n\t\t\t\t<\/div>","protected":false},"excerpt":{"rendered":"<p>Batterie rechargeable haute performance La Fumot Leopard (RandM Tornado) 40000 est \u00e9quip\u00e9e d&rsquo;une batterie lithium int\u00e9gr\u00e9e de 700 mAh, compatible avec la charge rapide USB-C, et se recharge compl\u00e8tement en 30 \u00e0 45 minutes environ. Bien qu&rsquo;il s&rsquo;agisse d&rsquo;une cigarette \u00e9lectronique jetable, la batterie peut \u00eatre recharg\u00e9e \u00e0 plusieurs reprises pour garantir une utilisation optimale [&hellip;]<\/p>\n","protected":false},"featured_media":5082,"comment_status":"open","ping_status":"closed","template":"","meta":{"site-sidebar-layout":"no-sidebar","site-content-layout":"page-builder","ast-site-content-layout":"normal-width-container","site-content-style":"default","site-sidebar-style":"default","ast-global-header-display":"","ast-banner-title-visibility":"","ast-main-header-display":"","ast-hfb-above-header-display":"","ast-hfb-below-header-display":"","ast-hfb-mobile-header-display":"","site-post-title":"disabled","ast-breadcrumbs-content":"","ast-featured-img":"disabled","footer-sml-layout":"","ast-disable-related-posts":"","theme-transparent-header-meta":"default","adv-header-id-meta":"","stick-header-meta":"default","header-above-stick-meta":"","header-main-stick-meta":"","header-below-stick-meta":"","astra-migrate-meta-layouts":"set","ast-page-background-enabled":"default","ast-page-background-meta":{"desktop":{"background-color":"","background-image":"","background-repeat":"repeat","background-position":"center center","background-size":"auto","background-attachment":"scroll","background-type":"","background-media":"","overlay-type":"","overlay-color":"","overlay-opacity":"","overlay-gradient":""},"tablet":{"background-color":"","background-image":"","background-repeat":"repeat","background-position":"center center","background-size":"auto","background-attachment":"scroll","background-type":"","background-media":"","overlay-type":"","overlay-color":"","overlay-opacity":"","overlay-gradient":""},"mobile":{"background-color":"","background-image":"","background-repeat":"repeat","background-position":"center center","background-size":"auto","background-attachment":"scroll","background-type":"","background-media":"","overlay-type":"","overlay-color":"","overlay-opacity":"","overlay-gradient":""}},"ast-content-background-meta":{"desktop":{"background-color":"var(--ast-global-color-5)","background-image":"","background-repeat":"repeat","background-position":"center center","background-size":"auto","background-attachment":"scroll","background-type":"","background-media":"","overlay-type":"","overlay-color":"","overlay-opacity":"","overlay-gradient":""},"tablet":{"background-color":"var(--ast-global-color-5)","background-image":"","background-repeat":"repeat","background-position":"center center","background-size":"auto","background-attachment":"scroll","background-type":"","background-media":"","overlay-type":"","overlay-color":"","overlay-opacity":"","overlay-gradient":""},"mobile":{"background-color":"var(--ast-global-color-5)","background-image":"","background-repeat":"repeat","background-position":"center center","background-size":"auto","background-attachment":"scroll","background-type":"","background-media":"","overlay-type":"","overlay-color":"","overlay-opacity":"","overlay-gradient":""}}},"product_brand":[42],"product_cat":[50,88,77,15],"product_tag":[],"class_list":{"0":"post-5121","1":"product","2":"type-product","3":"status-publish","4":"has-post-thumbnail","6":"product_brand-randm-tornado","7":"product_cat-randm-tornado-40000-avec-ecran-led-hd","8":"product_cat-puff-40k","9":"product_cat-entrepot-de-lue","10":"product_cat-magasin-cigarette-electronique","11":"desktop-align-center","12":"tablet-align-center","13":"mobile-align-center","14":"ast-product-gallery-layout-horizontal","15":"ast-product-single-variable","16":"ast-product-tabs-layout-horizontal","17":"ast-qv-on-image","19":"first","20":"instock","21":"sale","22":"shipping-taxable","23":"purchasable","24":"product-type-variable","25":"has-default-attributes"},"tiered_pricing_type":"fixed","tiered_pricing_fixed_rules":{"30":10.42,"60":9.26,"100":8.05,"200":7.8,"500":7.67,"1000":7.38},"tiered_pricing_product_settings":{"layout":"default","base_unit_name":{"singular":null,"plural":null},"default_variation":null},"tiered_pricing_minimum_quantity":null,"tiered_pricing_roles_data":[],"tiered_pricing_percentage_rules":[],"_links":{"self":[{"href":"https:\/\/puffvapestore.com\/nl\/wp-json\/wp\/v2\/product\/5121","targetHints":{"allow":["GET"]}}],"collection":[{"href":"https:\/\/puffvapestore.com\/nl\/wp-json\/wp\/v2\/product"}],"about":[{"href":"https:\/\/puffvapestore.com\/nl\/wp-json\/wp\/v2\/types\/product"}],"replies":[{"embeddable":true,"href":"https:\/\/puffvapestore.com\/nl\/wp-json\/wp\/v2\/comments?post=5121"}],"version-history":[{"count":12,"href":"https:\/\/puffvapestore.com\/nl\/wp-json\/wp\/v2\/product\/5121\/revisions"}],"predecessor-version":[{"id":17807,"href":"https:\/\/puffvapestore.com\/nl\/wp-json\/wp\/v2\/product\/5121\/revisions\/17807"}],"wp:featuredmedia":[{"embeddable":true,"href":"https:\/\/puffvapestore.com\/nl\/wp-json\/wp\/v2\/media\/5082"}],"wp:attachment":[{"href":"https:\/\/puffvapestore.com\/nl\/wp-json\/wp\/v2\/media?parent=5121"}],"wp:term":[{"taxonomy":"product_brand","embeddable":true,"href":"https:\/\/puffvapestore.com\/nl\/wp-json\/wp\/v2\/product_brand?post=5121"},{"taxonomy":"product_cat","embeddable":true,"href":"https:\/\/puffvapestore.com\/nl\/wp-json\/wp\/v2\/product_cat?post=5121"},{"taxonomy":"product_tag","embeddable":true,"href":"https:\/\/puffvapestore.com\/nl\/wp-json\/wp\/v2\/product_tag?post=5121"}],"curies":[{"name":"wp","href":"https:\/\/api.w.org\/{rel}","templated":true}]}}