{"id":5072,"date":"2025-07-15T06:55:26","date_gmt":"2025-07-15T06:55:26","guid":{"rendered":"https:\/\/puffvapestore.com\/?post_type=product&#038;p=5072"},"modified":"2026-01-19T10:31:54","modified_gmt":"2026-01-19T10:31:54","slug":"grape-lemon-tornado-35000-offre-un-arriere-gout-legerement-frais","status":"publish","type":"product","link":"https:\/\/puffvapestore.com\/nl\/product\/grape-lemon-tornado-35000-biedt-een-licht-frisse-nasmaak\/","title":{"rendered":"Fumot Tornado 35000 - Druif Citroen"},"content":{"rendered":"<div data-elementor-type=\"wp-post\" data-elementor-id=\"5072\" class=\"elementor elementor-5072\">\n\t\t\t\t<div class=\"elementor-element elementor-element-08c26f9 e-flex e-con-boxed e-con e-parent\" data-id=\"08c26f9\" data-element_type=\"container\" data-e-type=\"container\">\n\t\t\t\t\t<div class=\"e-con-inner\">\n\t\t\t\t<div class=\"elementor-element elementor-element-a005a97 elementor-widget elementor-widget-text-editor\" data-id=\"a005a97\" data-element_type=\"widget\" data-e-type=\"widget\" data-widget_type=\"text-editor.default\">\n\t\t\t\t<div class=\"elementor-widget-container\">\n\t\t\t\t\t\t\t\t\t<p>De smaak van Fumot RandM Tornado 35000 Raisin Citron is zoetzuur, rijk zonder vettig te zijn en goed gestructureerd. Het vlezige aroma van de druif contrasteert sterk met de zuurgraad van de citroen, waardoor het perfect is voor liefhebbers van sterke fruitige smaken en frisheid.<\/p><h2>Kenmerken van druivensmaak<\/h2><p>Wanneer je rookt, ervaar je eerst het rijke, zoete aroma van rijpe paarse druiven, dat doet denken aan druivensap of zacht snoepgoed, in plaats van de lichte smaak van rauwe druiven. Het druivenaroma is zeer aanwezig gedurende de inhalatie, met een dikke fruitige basis die een afgeronde toets toevoegt aan het geheel.<\/p><h2>Kenmerken van citroensmaak<\/h2><p>Na het zoete aroma van de druif volgt al snel het zuur van de citroen, die een verfrissende sensatie in het geheel brengt. De citroensmaak is niet te sterk en ook niet irriterend, maar vermengt zich subtiel met die van de druif, waardoor er een balans ontstaat tussen zoet en zuur.<\/p><h2>Inhalatie-ervaring en gevoel van diepte<\/h2><p>De eerste smaak van de elektronische sigaret is die van zoete druiven, vol en rond;<\/p><p>De citroen komt tevoorschijn in het midden van het gehemelte, brengt zuurheid en frisheid en de mond wordt zachtjes geprikkeld;<\/p><p>De nasmaak is zoet en licht fris, wat de algehele ervaring puur en verfrissend maakt.<\/p>\t\t\t\t\t\t\t\t<\/div>\n\t\t\t\t<\/div>\n\t\t\t\t\t<\/div>\n\t\t\t\t<\/div>\n\t\t<div class=\"elementor-element elementor-element-718b380 e-flex e-con-boxed e-con e-parent\" data-id=\"718b380\" data-element_type=\"container\" data-e-type=\"container\">\n\t\t\t\t\t<div class=\"e-con-inner\">\n\t\t\t\t<div class=\"elementor-element elementor-element-d2cc8fa elementor-widget elementor-widget-text-editor\" data-id=\"d2cc8fa\" data-element_type=\"widget\" data-e-type=\"widget\" data-widget_type=\"text-editor.default\">\n\t\t\t\t<div class=\"elementor-widget-container\">\n\t\t\t\t\t\t\t\t\t<h2>Uitzonderlijke smaak en stoomproductie :<\/h2><p>De RandM Tornado 35000 Grape Lemon's dual-mesh weerstandstechnologie zorgt voor een optimale verhitting van de e-liquid, wat een rijkere smaak en een grotere dampwolk oplevert, ideaal voor gebruikers die op zoek zijn naar intense smaken en intense visuele effecten.<\/p><h2>Trendy, gepersonaliseerd ontwerp:<\/h2><p>De RGB-verlichtingseffecten kunnen worden gesynchroniseerd met de muziek, wat het gebruiksgenot verhoogt en bijzonder geschikt is voor sociale gelegenheden of jonge gebruikers. Gebruikers kunnen ervoor kiezen om de lichteffecten uit te schakelen voor een discreter gebruik.<\/p><p>Hij is ge\u00efnspireerd op het moderne ontwerp van de Digitalbox 12000 en combineert esthetiek en draagbaarheid met een comfortabele grip voor dagelijks gebruik.<\/p><h2>Gemakkelijk te gebruiken:<\/h2><p>De RandM Tornado 35000 Grape Lemon vereist geen onderhoud of vervanging van weerstanden of e-liquid tanks. Hij kan meteen worden gebruikt, waardoor hij ideaal is voor beginners of minder veeleisende gebruikers.<\/p><p>Het slimme display toont intu\u00eftief het batterijniveau en de resterende hoeveelheid e-liquid, zodat je je geen zorgen hoeft te maken over stroomuitval of een tekort aan e-liquid.<\/p><p>Type-C snelladen verkort de wachttijd en de lange batterijlevensduur zorgt voor langdurig gebruik.<\/p><h2>Kenmerken van RandM Tornado 35000 Druif Citroen<\/h2><p>Aantal trekjes: Tot 35.000 pufjes, een van de grootste capaciteiten op de markt, ideaal voor intensieve gebruikers en lange perioden.<\/p><p>Batterijcapaciteit: Uitgerust met een 700 mAh oplaadbare batterij. Snel opladen via de Type-C interface garandeert lang gebruik en snel herstel.<\/p><p>Weerstandstechnologie: Gebruikt een dubbelmazige 1,2 \u03a9-weerstand voor een gelijkmatigere verwarming, dichtere stoom en sterkere smaak.<\/p><p>Nicotinedosering: Je kunt kiezen tussen 0 %, 2 % of 5 % nicotine om aan de behoeften van elke gebruiker te voldoen.<\/p><p>Displayfunctie: Uitgerust met een LED-scherm, toont het de batterijlading en het resterende e-liquid niveau in real time, zodat gebruikers de status van het apparaat kunnen controleren.<\/p><p>Ontwerp en draagbaarheid: Compact en lichtgewicht, dus gemakkelijk mee te nemen. Het ontwerp is ge\u00efnspireerd op de Digitalbox 12000, met een moderne, elegante look.<\/p>\t\t\t\t\t\t\t\t<\/div>\n\t\t\t\t<\/div>\n\t\t\t\t\t<\/div>\n\t\t\t\t<\/div>\n\t\t\t\t<\/div>","protected":false},"excerpt":{"rendered":"<p>Le go\u00fbt du Fumot RandM Tornado 35000 Raisin Citron est aigre-doux, riche sans \u00eatre gras et bien structur\u00e9. L&rsquo;ar\u00f4me charnu du raisin contraste fortement avec l&rsquo;acidit\u00e9 du citron, ce qui convient aux amateurs de saveurs fruit\u00e9es prononc\u00e9es et de fra\u00eecheur. Caract\u00e9ristiques du go\u00fbt du raisin Lorsque vous fumez, vous ressentez d&rsquo;abord l&rsquo;ar\u00f4me riche et sucr\u00e9 [&hellip;]<\/p>\n","protected":false},"featured_media":4764,"comment_status":"open","ping_status":"closed","template":"","meta":{"site-sidebar-layout":"no-sidebar","site-content-layout":"page-builder","ast-site-content-layout":"normal-width-container","site-content-style":"default","site-sidebar-style":"default","ast-global-header-display":"","ast-banner-title-visibility":"","ast-main-header-display":"","ast-hfb-above-header-display":"","ast-hfb-below-header-display":"","ast-hfb-mobile-header-display":"","site-post-title":"disabled","ast-breadcrumbs-content":"","ast-featured-img":"disabled","footer-sml-layout":"","ast-disable-related-posts":"","theme-transparent-header-meta":"default","adv-header-id-meta":"","stick-header-meta":"default","header-above-stick-meta":"","header-main-stick-meta":"","header-below-stick-meta":"","astra-migrate-meta-layouts":"set","ast-page-background-enabled":"default","ast-page-background-meta":{"desktop":{"background-color":"","background-image":"","background-repeat":"repeat","background-position":"center center","background-size":"auto","background-attachment":"scroll","background-type":"","background-media":"","overlay-type":"","overlay-color":"","overlay-opacity":"","overlay-gradient":""},"tablet":{"background-color":"","background-image":"","background-repeat":"repeat","background-position":"center center","background-size":"auto","background-attachment":"scroll","background-type":"","background-media":"","overlay-type":"","overlay-color":"","overlay-opacity":"","overlay-gradient":""},"mobile":{"background-color":"","background-image":"","background-repeat":"repeat","background-position":"center center","background-size":"auto","background-attachment":"scroll","background-type":"","background-media":"","overlay-type":"","overlay-color":"","overlay-opacity":"","overlay-gradient":""}},"ast-content-background-meta":{"desktop":{"background-color":"var(--ast-global-color-5)","background-image":"","background-repeat":"repeat","background-position":"center center","background-size":"auto","background-attachment":"scroll","background-type":"","background-media":"","overlay-type":"","overlay-color":"","overlay-opacity":"","overlay-gradient":""},"tablet":{"background-color":"var(--ast-global-color-5)","background-image":"","background-repeat":"repeat","background-position":"center center","background-size":"auto","background-attachment":"scroll","background-type":"","background-media":"","overlay-type":"","overlay-color":"","overlay-opacity":"","overlay-gradient":""},"mobile":{"background-color":"var(--ast-global-color-5)","background-image":"","background-repeat":"repeat","background-position":"center center","background-size":"auto","background-attachment":"scroll","background-type":"","background-media":"","overlay-type":"","overlay-color":"","overlay-opacity":"","overlay-gradient":""}}},"product_brand":[42],"product_cat":[49,105,15],"product_tag":[],"class_list":{"0":"post-5072","1":"product","2":"type-product","3":"status-publish","4":"has-post-thumbnail","6":"product_brand-randm-tornado","7":"product_cat-randm-tornado-35000-offre-35000-bouffees-de-cigarettes","8":"product_cat-puff-35k","9":"product_cat-magasin-cigarette-electronique","10":"desktop-align-center","11":"tablet-align-center","12":"mobile-align-center","13":"ast-product-gallery-layout-horizontal","14":"ast-product-gallery-with-no-image","15":"ast-product-single-variable","16":"ast-product-tabs-layout-horizontal","17":"ast-qv-on-image","19":"first","20":"instock","21":"sale","22":"shipping-taxable","23":"purchasable","24":"product-type-variable","25":"has-default-attributes"},"tiered_pricing_type":"fixed","tiered_pricing_fixed_rules":{"50":12.99,"100":11.39,"200":10.79,"400":10.39},"tiered_pricing_product_settings":{"layout":"default","base_unit_name":{"singular":null,"plural":null},"default_variation":null},"tiered_pricing_minimum_quantity":null,"tiered_pricing_roles_data":[],"tiered_pricing_percentage_rules":[],"_links":{"self":[{"href":"https:\/\/puffvapestore.com\/nl\/wp-json\/wp\/v2\/product\/5072","targetHints":{"allow":["GET"]}}],"collection":[{"href":"https:\/\/puffvapestore.com\/nl\/wp-json\/wp\/v2\/product"}],"about":[{"href":"https:\/\/puffvapestore.com\/nl\/wp-json\/wp\/v2\/types\/product"}],"replies":[{"embeddable":true,"href":"https:\/\/puffvapestore.com\/nl\/wp-json\/wp\/v2\/comments?post=5072"}],"version-history":[{"count":6,"href":"https:\/\/puffvapestore.com\/nl\/wp-json\/wp\/v2\/product\/5072\/revisions"}],"predecessor-version":[{"id":5081,"href":"https:\/\/puffvapestore.com\/nl\/wp-json\/wp\/v2\/product\/5072\/revisions\/5081"}],"wp:featuredmedia":[{"embeddable":true,"href":"https:\/\/puffvapestore.com\/nl\/wp-json\/wp\/v2\/media\/4764"}],"wp:attachment":[{"href":"https:\/\/puffvapestore.com\/nl\/wp-json\/wp\/v2\/media?parent=5072"}],"wp:term":[{"taxonomy":"product_brand","embeddable":true,"href":"https:\/\/puffvapestore.com\/nl\/wp-json\/wp\/v2\/product_brand?post=5072"},{"taxonomy":"product_cat","embeddable":true,"href":"https:\/\/puffvapestore.com\/nl\/wp-json\/wp\/v2\/product_cat?post=5072"},{"taxonomy":"product_tag","embeddable":true,"href":"https:\/\/puffvapestore.com\/nl\/wp-json\/wp\/v2\/product_tag?post=5072"}],"curies":[{"name":"wp","href":"https:\/\/api.w.org\/{rel}","templated":true}]}}