{"id":5012,"date":"2025-07-14T02:41:08","date_gmt":"2025-07-14T02:41:08","guid":{"rendered":"https:\/\/puffvapestore.com\/?post_type=product&#038;p=5012"},"modified":"2026-01-19T10:31:55","modified_gmt":"2026-01-19T10:31:55","slug":"kiwi-passionfruit-guava-tornado-35000-une-saveur-complexe-et-exotique","status":"publish","type":"product","link":"https:\/\/puffvapestore.com\/nl\/product\/kiwi-passievrucht-guave-tornado-35000-een-complexe-exotische-smaak\/","title":{"rendered":"Kiwi's Passievruchten Guave - Fumot RandM Tornado 35000"},"content":{"rendered":"<div data-elementor-type=\"wp-post\" data-elementor-id=\"5012\" class=\"elementor elementor-5012\">\n\t\t\t\t<div class=\"elementor-element elementor-element-08c26f9 e-flex e-con-boxed e-con e-parent\" data-id=\"08c26f9\" data-element_type=\"container\" data-e-type=\"container\">\n\t\t\t\t\t<div class=\"e-con-inner\">\n\t\t\t\t<div class=\"elementor-element elementor-element-a005a97 elementor-widget elementor-widget-text-editor\" data-id=\"a005a97\" data-element_type=\"widget\" data-e-type=\"widget\" data-widget_type=\"text-editor.default\">\n\t\t\t\t<div class=\"elementor-widget-container\">\n\t\t\t\t\t\t\t\t\t<p>De Fumot RandM Tornado 35000 Kiwi Passion Guava is een elektronische wegwerpsigaret. De hoofdsmaak, Kiwi Passion Guava, is een complexe, exotische mix van tropische vruchten.<\/p><h2>Kiwi<\/h2><p>Smaak: Kiwi is fris en natuurlijk, met een licht wild, fruitig aroma. Bij de eerste inademing openbaart het zich als eerste, licht wrang en zoet, wat een smakelijke sensatie en een verfrissende eerste indruk cre\u00ebert.<\/p><h2>Passievrucht<\/h2><p>Smaak: zoet en zuur, met een uitgesproken aroma van tropisch fruit, geurig en aanhoudend.<\/p><p>Details: De zuurgraad wordt meer uitgesproken in het midden, versterkt de algemene smaak en zorgt voor een stimulerende sensatie, subtiel vermengd met kiwi.<\/p><h2>Guave<\/h2><p>Smaak: De smaak is zoet, met een bloemige en romige toets, en de textuur is rijk en brengt de zuurgraad van de eerste twee in evenwicht.<\/p><p>Details: Geeft een zijdezachte nasmaak, waardoor de algehele smaak voller en ronder wordt. Het vruchtvlees van de guave voegt dikte toe en maakt de smaak evenwichtiger.<\/p>\t\t\t\t\t\t\t\t<\/div>\n\t\t\t\t<\/div>\n\t\t\t\t\t<\/div>\n\t\t\t\t<\/div>\n\t\t<div class=\"elementor-element elementor-element-718b380 e-flex e-con-boxed e-con e-parent\" data-id=\"718b380\" data-element_type=\"container\" data-e-type=\"container\">\n\t\t\t\t\t<div class=\"e-con-inner\">\n\t\t\t\t<div class=\"elementor-element elementor-element-d2cc8fa elementor-widget elementor-widget-text-editor\" data-id=\"d2cc8fa\" data-element_type=\"widget\" data-e-type=\"widget\" data-widget_type=\"text-editor.default\">\n\t\t\t\t<div class=\"elementor-widget-container\">\n\t\t\t\t\t\t\t\t\t<h2>Uitzonderlijke smaak en stoomproductie :<\/h2><p>De RandM Tornado 35000 Kiwi Passionfruit Guava's dual-mesh weerstandstechnologie zorgt voor een optimale verhitting van de e-liquid, wat een rijkere smaak en een grotere dampwolk oplevert, ideaal voor gebruikers die op zoek zijn naar intense smaken en intense visuele effecten.<\/p><h2>Trendy, gepersonaliseerd ontwerp:<\/h2><p>De RGB-verlichtingseffecten kunnen worden gesynchroniseerd met de muziek, wat het gebruiksgenot verhoogt en bijzonder geschikt is voor sociale gelegenheden of jonge gebruikers. Gebruikers kunnen ervoor kiezen om de lichteffecten uit te schakelen voor een discreter gebruik.<\/p><p>Hij is ge\u00efnspireerd op het moderne ontwerp van de Digitalbox 12000 en combineert esthetiek en draagbaarheid met een comfortabele grip voor dagelijks gebruik.<\/p><h2>Gemakkelijk te gebruiken:<\/h2><p>De RandM Tornado 35000 Kiwi Passionfruit Guava vereist geen onderhoud en geen vervanging van weerstanden of e-liquid tanks. Hij kan meteen worden gebruikt, waardoor hij ideaal is voor beginners of minder veeleisende gebruikers.<\/p><p>Het slimme display toont intu\u00eftief het batterijniveau en de resterende hoeveelheid e-liquid, zodat je je geen zorgen hoeft te maken over stroomuitval of een tekort aan e-liquid.<\/p><p>Type-C snelladen verkort de wachttijd en de lange batterijlevensduur zorgt voor langdurig gebruik.<\/p><h2>Kenmerken van RandM Tornado 35000 Kiwi Passievrucht Guave<\/h2><p>Aantal trekjes: Tot 35.000 pufjes, een van de grootste capaciteiten op de markt, ideaal voor intensieve gebruikers en lange perioden.<\/p><p>Batterijcapaciteit: Uitgerust met een 700 mAh oplaadbare batterij. Snel opladen via de Type-C interface garandeert lang gebruik en snel herstel.<\/p><p>Weerstandstechnologie: Gebruikt een dubbelmazige 1,2 \u03a9-weerstand voor een gelijkmatigere verwarming, dichtere stoom en sterkere smaak.<\/p><p>Nicotinedosering: Je kunt kiezen tussen 0 %, 2 % of 5 % nicotine om aan de behoeften van elke gebruiker te voldoen.<\/p><p>Displayfunctie: Uitgerust met een LED-scherm, toont het de batterijlading en het resterende e-liquid niveau in real time, zodat gebruikers de status van het apparaat kunnen controleren.<\/p><p>Ontwerp en draagbaarheid: Compact en lichtgewicht, dus gemakkelijk mee te nemen. Het ontwerp is ge\u00efnspireerd op de Digitalbox 12000, met een moderne, elegante look.<\/p>\t\t\t\t\t\t\t\t<\/div>\n\t\t\t\t<\/div>\n\t\t\t\t\t<\/div>\n\t\t\t\t<\/div>\n\t\t\t\t<\/div>","protected":false},"excerpt":{"rendered":"<p>La Fumot RandM Tornado 35000 Kiwi Passion Goyave est une cigarette \u00e9lectronique jetable. Son ar\u00f4me principal, Kiwi Passion Goyave, est un m\u00e9lange de fruits tropicaux, complexe et exotique. Kiwi Caract\u00e9ristiques gustatives\u00a0: Le kiwi est frais et naturel, avec un ar\u00f4me fruit\u00e9 l\u00e9g\u00e8rement sauvage. D\u00e8s la premi\u00e8re inhalation, il se r\u00e9v\u00e8le en premier, l\u00e9g\u00e8rement acidul\u00e9 et [&hellip;]<\/p>\n","protected":false},"featured_media":4767,"comment_status":"open","ping_status":"closed","template":"","meta":{"site-sidebar-layout":"no-sidebar","site-content-layout":"page-builder","ast-site-content-layout":"normal-width-container","site-content-style":"default","site-sidebar-style":"default","ast-global-header-display":"","ast-banner-title-visibility":"","ast-main-header-display":"","ast-hfb-above-header-display":"","ast-hfb-below-header-display":"","ast-hfb-mobile-header-display":"","site-post-title":"disabled","ast-breadcrumbs-content":"","ast-featured-img":"disabled","footer-sml-layout":"","ast-disable-related-posts":"","theme-transparent-header-meta":"default","adv-header-id-meta":"","stick-header-meta":"default","header-above-stick-meta":"","header-main-stick-meta":"","header-below-stick-meta":"","astra-migrate-meta-layouts":"set","ast-page-background-enabled":"default","ast-page-background-meta":{"desktop":{"background-color":"","background-image":"","background-repeat":"repeat","background-position":"center center","background-size":"auto","background-attachment":"scroll","background-type":"","background-media":"","overlay-type":"","overlay-color":"","overlay-opacity":"","overlay-gradient":""},"tablet":{"background-color":"","background-image":"","background-repeat":"repeat","background-position":"center center","background-size":"auto","background-attachment":"scroll","background-type":"","background-media":"","overlay-type":"","overlay-color":"","overlay-opacity":"","overlay-gradient":""},"mobile":{"background-color":"","background-image":"","background-repeat":"repeat","background-position":"center center","background-size":"auto","background-attachment":"scroll","background-type":"","background-media":"","overlay-type":"","overlay-color":"","overlay-opacity":"","overlay-gradient":""}},"ast-content-background-meta":{"desktop":{"background-color":"var(--ast-global-color-5)","background-image":"","background-repeat":"repeat","background-position":"center center","background-size":"auto","background-attachment":"scroll","background-type":"","background-media":"","overlay-type":"","overlay-color":"","overlay-opacity":"","overlay-gradient":""},"tablet":{"background-color":"var(--ast-global-color-5)","background-image":"","background-repeat":"repeat","background-position":"center center","background-size":"auto","background-attachment":"scroll","background-type":"","background-media":"","overlay-type":"","overlay-color":"","overlay-opacity":"","overlay-gradient":""},"mobile":{"background-color":"var(--ast-global-color-5)","background-image":"","background-repeat":"repeat","background-position":"center center","background-size":"auto","background-attachment":"scroll","background-type":"","background-media":"","overlay-type":"","overlay-color":"","overlay-opacity":"","overlay-gradient":""}}},"product_brand":[42],"product_cat":[49,105,15],"product_tag":[],"class_list":{"0":"post-5012","1":"product","2":"type-product","3":"status-publish","4":"has-post-thumbnail","6":"product_brand-randm-tornado","7":"product_cat-randm-tornado-35000-offre-35000-bouffees-de-cigarettes","8":"product_cat-puff-35k","9":"product_cat-magasin-cigarette-electronique","10":"desktop-align-center","11":"tablet-align-center","12":"mobile-align-center","13":"ast-product-gallery-layout-horizontal","14":"ast-product-gallery-with-no-image","15":"ast-product-single-variable","16":"ast-product-tabs-layout-horizontal","17":"ast-qv-on-image","19":"first","20":"instock","21":"sale","22":"shipping-taxable","23":"purchasable","24":"product-type-variable","25":"has-default-attributes"},"tiered_pricing_type":"fixed","tiered_pricing_fixed_rules":{"50":12.99,"100":11.39,"200":10.79,"400":10.39},"tiered_pricing_product_settings":{"layout":"default","base_unit_name":{"singular":null,"plural":null},"default_variation":null},"tiered_pricing_minimum_quantity":null,"tiered_pricing_roles_data":[],"tiered_pricing_percentage_rules":[],"_links":{"self":[{"href":"https:\/\/puffvapestore.com\/nl\/wp-json\/wp\/v2\/product\/5012","targetHints":{"allow":["GET"]}}],"collection":[{"href":"https:\/\/puffvapestore.com\/nl\/wp-json\/wp\/v2\/product"}],"about":[{"href":"https:\/\/puffvapestore.com\/nl\/wp-json\/wp\/v2\/types\/product"}],"replies":[{"embeddable":true,"href":"https:\/\/puffvapestore.com\/nl\/wp-json\/wp\/v2\/comments?post=5012"}],"version-history":[{"count":6,"href":"https:\/\/puffvapestore.com\/nl\/wp-json\/wp\/v2\/product\/5012\/revisions"}],"predecessor-version":[{"id":5021,"href":"https:\/\/puffvapestore.com\/nl\/wp-json\/wp\/v2\/product\/5012\/revisions\/5021"}],"wp:featuredmedia":[{"embeddable":true,"href":"https:\/\/puffvapestore.com\/nl\/wp-json\/wp\/v2\/media\/4767"}],"wp:attachment":[{"href":"https:\/\/puffvapestore.com\/nl\/wp-json\/wp\/v2\/media?parent=5012"}],"wp:term":[{"taxonomy":"product_brand","embeddable":true,"href":"https:\/\/puffvapestore.com\/nl\/wp-json\/wp\/v2\/product_brand?post=5012"},{"taxonomy":"product_cat","embeddable":true,"href":"https:\/\/puffvapestore.com\/nl\/wp-json\/wp\/v2\/product_cat?post=5012"},{"taxonomy":"product_tag","embeddable":true,"href":"https:\/\/puffvapestore.com\/nl\/wp-json\/wp\/v2\/product_tag?post=5012"}],"curies":[{"name":"wp","href":"https:\/\/api.w.org\/{rel}","templated":true}]}}