{"id":4974,"date":"2025-07-12T13:10:49","date_gmt":"2025-07-12T13:10:49","guid":{"rendered":"https:\/\/puffvapestore.com\/?post_type=product&#038;p=4974"},"modified":"2026-01-19T10:31:55","modified_gmt":"2026-01-19T10:31:55","slug":"watermelon-ice-fumot-tornado-35000","status":"publish","type":"product","link":"https:\/\/puffvapestore.com\/nl\/product\/watermeloen-ijs-fumot-tornado-35000\/","title":{"rendered":"Watermeloenijs - Fumot Tornado 35000"},"content":{"rendered":"<div data-elementor-type=\"wp-post\" data-elementor-id=\"4974\" class=\"elementor elementor-4974\">\n\t\t\t\t<div class=\"elementor-element elementor-element-08c26f9 e-flex e-con-boxed e-con e-parent\" data-id=\"08c26f9\" data-element_type=\"container\" data-e-type=\"container\">\n\t\t\t\t\t<div class=\"e-con-inner\">\n\t\t\t\t<div class=\"elementor-element elementor-element-a005a97 elementor-widget elementor-widget-text-editor\" data-id=\"a005a97\" data-element_type=\"widget\" data-e-type=\"widget\" data-widget_type=\"text-editor.default\">\n\t\t\t\t<div class=\"elementor-widget-container\">\n\t\t\t\t\t\t\t\t\t<p>De RandM Tornado 35000 Watermelon Ice is een elektronische wegwerpsigaret die populair is om zijn ultralange batterijlevensduur (tot 35.000 trekjes) en unieke smaakcombinatie. Een van de populairste modellen is de smaak Watermelon Ice, een combinatie van fruitige zoetheid en frisheid, ideaal voor liefhebbers van zomer en frisheid.<\/p><p><strong>Zoetheid van watermeloen<\/strong><br \/>De smaak van Watermelon Ice is gebaseerd op de natuurlijke zoetheid van rijpe watermeloen en geeft perfect het fruitige, sappige, zoete en licht verfrissende aroma weer van verse watermeloen wanneer deze gesneden wordt. Deze watermeloensmaak is licht en niet vet, met een natuurlijke zoetheid, net als het gevoel dat je krijgt als je op een warme zomerdag in een stuk ijskoude watermeloen bijt en het sap in je mond ziet stromen.<\/p><p><strong>Pepermunt<\/strong><br \/>Watermelon Ice combineert een vleugje verfrissende munt (menthol) met de zoetheid van watermeloen. Deze ijzige sensatie is geen sterk, bijtend ijzig effect, maar een zachte, romige sensatie van frisheid, perfect in balans gehouden door de zoetheid van de watermeloen. Bij het inhaleren overheerst de fruitige smaak van watermeloen, terwijl bij het uitademen de frisheid van munt een verfrissende nasmaak achterlaat op het puntje van de tong en in de keel, wat zorgt voor een gevoel van welzijn en welbehagen.<\/p><p><strong>Een uitgebalanceerde smaakervaring<\/strong><br \/>Het unieke van deze Ice Watermelon smaak ligt in de harmonie tussen zoetheid en ijsblokjes. De zoetheid van de watermeloen zorgt voor een zachte, fruitige basis, terwijl de frisheid van de munt een verfrissende toets toevoegt en de eentonigheid van \u00e9\u00e9n enkele fruitsmaak vermijdt.<\/p>\t\t\t\t\t\t\t\t<\/div>\n\t\t\t\t<\/div>\n\t\t\t\t\t<\/div>\n\t\t\t\t<\/div>\n\t\t<div class=\"elementor-element elementor-element-718b380 e-flex e-con-boxed e-con e-parent\" data-id=\"718b380\" data-element_type=\"container\" data-e-type=\"container\">\n\t\t\t\t\t<div class=\"e-con-inner\">\n\t\t\t\t<div class=\"elementor-element elementor-element-d2cc8fa elementor-widget elementor-widget-text-editor\" data-id=\"d2cc8fa\" data-element_type=\"widget\" data-e-type=\"widget\" data-widget_type=\"text-editor.default\">\n\t\t\t\t<div class=\"elementor-widget-container\">\n\t\t\t\t\t\t\t\t\t<h2>Meerdere pufjes - tot 35.000 pufjes<\/h2><p>De RandM Tornado 35000 Watermelon Ice is uitgerust met een vloeistofopslagsysteem met hoge capaciteit en een krachtige batterijbeheertechnologie, waardoor hij tot 35.000 trekjes kan leveren. Vergeleken met conventionele elektronische wegwerpsigaretten is de levensduur aanzienlijk verbeterd, waardoor deze sigaret bijzonder geschikt is voor intensieve gebruikers of lange reizen, zonder frequente vervanging van apparatuur, voor lange, moeheidsvrije trekjes.<\/p><h2>Verwarmingselement met dubbele mazen - de perfecte combinatie van rijke smaak en effici\u00ebnte verstuiving<\/h2><p>Dankzij de geavanceerde 1.2 \u03a9 dubbele gaasweerstandstechnologie zorgt hij voor een gelijkmatigere verwarming en vollere verstuiving. Of het nu zoete, fruitige of ijzige smaken zijn, hij levert een voller, delicater smaakniveau. Tegelijkertijd produceert hij een dichtere rook, ideaal voor gebruikers die op zoek zijn naar zowel smaak- als visueel genot.<\/p><h2>Ingebouwde 700 mAh oplaadbare batterij - effici\u00ebnt en duurzaam, compatibel met Type-C snelladen<\/h2><p>De RandM Tornado 35000 is uitgerust met een hoogwaardige 700 mAh lithiumbatterij voor continu, ononderbroken gebruik gedurende de hele dag. De Type-C interface verbetert de oplaadsnelheid aanzienlijk en verkort de wachttijd effectief. Vergeleken met traditionele elektronische wegwerpsigaretten is het oplaadbare ontwerp ook milieuvriendelijker.<\/p><h2>Intelligent digitaal display - Real-time statusbewaking<\/h2><p>De RandM Tornado 35000 Watermelon Ice is uitgerust met een intelligent, high-definition digitaal display dat de resterende lading en het resterende e-liquid niveau in real-time weergeeft. Dit betekent dat gebruikers hun gebruiksstatus nauwkeurig kunnen bijhouden en onderbrekingen door stroomuitval of een tekort aan e-vloeistof kunnen voorkomen.<\/p><h2>Elegant, draagbaar ontwerp - ge\u00efnspireerd op de Digitalbox 12000<\/h2><p>Het ontwerp is ge\u00efnspireerd op de beroemde Digitalbox 12000-serie en combineert moderniteit en futurisme. Compact en lichtgewicht, met afgeronde hoeken, biedt hij optimaal comfort. Hij is gemakkelijk mee te nemen en ideaal om je persoonlijkheid en trendy smaak te laten zien.<\/p><h2>Geen onderhoud nodig: puur plezier direct uit de doos<\/h2><p>De RandM Tornado 35000 is onderhoudsvrij: je hoeft geen e-liquid toe te voegen, onderdelen schoon te maken of te vervangen. Hij is direct uit de verpakking klaar voor gebruik en is perfect voor gebruikers die op zoek zijn naar gemak en gemoedsrust. Ideaal voor op reis, vergaderingen of dagelijks gebruik.<\/p><h2>Verschillende nicotineconcentraties beschikbaar: om aan je behoeften te voldoen<\/h2><p>Nicotineconcentraties van 0 %, 2 % en 5 % zijn beschikbaar om aan de behoeften van elke gebruiker te voldoen. Of u nu een gebruiker bent die zijn dosis wil verlagen of een liefhebber van elektronische sigaretten die op zoek is naar een krachtige keelhit, u vindt de ideale nicotineconcentratie.<\/p>\t\t\t\t\t\t\t\t<\/div>\n\t\t\t\t<\/div>\n\t\t\t\t\t<\/div>\n\t\t\t\t<\/div>\n\t\t\t\t<\/div>","protected":false},"excerpt":{"rendered":"<p>La RandM Tornado 35000 Watermelon Ice est une cigarette \u00e9lectronique jetable appr\u00e9ci\u00e9e pour sa batterie ultra-longue dur\u00e9e (jusqu&rsquo;\u00e0 35000 bouff\u00e9es) et sa combinaison de saveurs unique. Parmi ses mod\u00e8les les plus populaires, la saveur Past\u00e8que Glac\u00e9e (Past\u00e8que Glac\u00e9e) allie douceur fruit\u00e9e et fra\u00eecheur, id\u00e9ale pour l&rsquo;\u00e9t\u00e9 et les amateurs de fra\u00eecheur. Douceur de la past\u00e8queLa [&hellip;]<\/p>\n","protected":false},"featured_media":4773,"comment_status":"open","ping_status":"closed","template":"","meta":{"site-sidebar-layout":"no-sidebar","site-content-layout":"page-builder","ast-site-content-layout":"normal-width-container","site-content-style":"default","site-sidebar-style":"default","ast-global-header-display":"","ast-banner-title-visibility":"","ast-main-header-display":"","ast-hfb-above-header-display":"","ast-hfb-below-header-display":"","ast-hfb-mobile-header-display":"","site-post-title":"disabled","ast-breadcrumbs-content":"","ast-featured-img":"disabled","footer-sml-layout":"","ast-disable-related-posts":"","theme-transparent-header-meta":"default","adv-header-id-meta":"","stick-header-meta":"default","header-above-stick-meta":"","header-main-stick-meta":"","header-below-stick-meta":"","astra-migrate-meta-layouts":"set","ast-page-background-enabled":"default","ast-page-background-meta":{"desktop":{"background-color":"","background-image":"","background-repeat":"repeat","background-position":"center center","background-size":"auto","background-attachment":"scroll","background-type":"","background-media":"","overlay-type":"","overlay-color":"","overlay-opacity":"","overlay-gradient":""},"tablet":{"background-color":"","background-image":"","background-repeat":"repeat","background-position":"center center","background-size":"auto","background-attachment":"scroll","background-type":"","background-media":"","overlay-type":"","overlay-color":"","overlay-opacity":"","overlay-gradient":""},"mobile":{"background-color":"","background-image":"","background-repeat":"repeat","background-position":"center center","background-size":"auto","background-attachment":"scroll","background-type":"","background-media":"","overlay-type":"","overlay-color":"","overlay-opacity":"","overlay-gradient":""}},"ast-content-background-meta":{"desktop":{"background-color":"var(--ast-global-color-5)","background-image":"","background-repeat":"repeat","background-position":"center center","background-size":"auto","background-attachment":"scroll","background-type":"","background-media":"","overlay-type":"","overlay-color":"","overlay-opacity":"","overlay-gradient":""},"tablet":{"background-color":"var(--ast-global-color-5)","background-image":"","background-repeat":"repeat","background-position":"center center","background-size":"auto","background-attachment":"scroll","background-type":"","background-media":"","overlay-type":"","overlay-color":"","overlay-opacity":"","overlay-gradient":""},"mobile":{"background-color":"var(--ast-global-color-5)","background-image":"","background-repeat":"repeat","background-position":"center center","background-size":"auto","background-attachment":"scroll","background-type":"","background-media":"","overlay-type":"","overlay-color":"","overlay-opacity":"","overlay-gradient":""}}},"product_brand":[42],"product_cat":[49,105,15],"product_tag":[],"class_list":{"0":"post-4974","1":"product","2":"type-product","3":"status-publish","4":"has-post-thumbnail","6":"product_brand-randm-tornado","7":"product_cat-randm-tornado-35000-offre-35000-bouffees-de-cigarettes","8":"product_cat-puff-35k","9":"product_cat-magasin-cigarette-electronique","10":"desktop-align-center","11":"tablet-align-center","12":"mobile-align-center","13":"ast-product-gallery-layout-horizontal","14":"ast-product-gallery-with-no-image","15":"ast-product-single-variable","16":"ast-product-tabs-layout-horizontal","17":"ast-qv-on-image","19":"first","20":"instock","21":"sale","22":"shipping-taxable","23":"purchasable","24":"product-type-variable","25":"has-default-attributes"},"tiered_pricing_type":"fixed","tiered_pricing_fixed_rules":{"50":12.99,"100":11.39,"200":10.79,"400":10.39},"tiered_pricing_product_settings":{"layout":"default","base_unit_name":{"singular":null,"plural":null},"default_variation":null},"tiered_pricing_minimum_quantity":null,"tiered_pricing_roles_data":[],"tiered_pricing_percentage_rules":[],"_links":{"self":[{"href":"https:\/\/puffvapestore.com\/nl\/wp-json\/wp\/v2\/product\/4974","targetHints":{"allow":["GET"]}}],"collection":[{"href":"https:\/\/puffvapestore.com\/nl\/wp-json\/wp\/v2\/product"}],"about":[{"href":"https:\/\/puffvapestore.com\/nl\/wp-json\/wp\/v2\/types\/product"}],"replies":[{"embeddable":true,"href":"https:\/\/puffvapestore.com\/nl\/wp-json\/wp\/v2\/comments?post=4974"}],"version-history":[{"count":6,"href":"https:\/\/puffvapestore.com\/nl\/wp-json\/wp\/v2\/product\/4974\/revisions"}],"predecessor-version":[{"id":4983,"href":"https:\/\/puffvapestore.com\/nl\/wp-json\/wp\/v2\/product\/4974\/revisions\/4983"}],"wp:featuredmedia":[{"embeddable":true,"href":"https:\/\/puffvapestore.com\/nl\/wp-json\/wp\/v2\/media\/4773"}],"wp:attachment":[{"href":"https:\/\/puffvapestore.com\/nl\/wp-json\/wp\/v2\/media?parent=4974"}],"wp:term":[{"taxonomy":"product_brand","embeddable":true,"href":"https:\/\/puffvapestore.com\/nl\/wp-json\/wp\/v2\/product_brand?post=4974"},{"taxonomy":"product_cat","embeddable":true,"href":"https:\/\/puffvapestore.com\/nl\/wp-json\/wp\/v2\/product_cat?post=4974"},{"taxonomy":"product_tag","embeddable":true,"href":"https:\/\/puffvapestore.com\/nl\/wp-json\/wp\/v2\/product_tag?post=4974"}],"curies":[{"name":"wp","href":"https:\/\/api.w.org\/{rel}","templated":true}]}}