{"id":4954,"date":"2025-07-12T07:52:47","date_gmt":"2025-07-12T07:52:47","guid":{"rendered":"https:\/\/puffvapestore.com\/?post_type=product&#038;p=4954"},"modified":"2026-01-19T10:31:55","modified_gmt":"2026-01-19T10:31:55","slug":"blueberry-raspberry-fumot-35000-le-parfum-dun-verger-dete","status":"publish","type":"product","link":"https:\/\/puffvapestore.com\/nl\/product\/bosbes-framboos-fumot-35000-parfum-dun-verger-dete\/","title":{"rendered":"Bosbes Framboos - Fumot Tornado 35000"},"content":{"rendered":"<div data-elementor-type=\"wp-post\" data-elementor-id=\"4954\" class=\"elementor elementor-4954\">\n\t\t\t\t<div class=\"elementor-element elementor-element-08c26f9 e-flex e-con-boxed e-con e-parent\" data-id=\"08c26f9\" data-element_type=\"container\" data-e-type=\"container\">\n\t\t\t\t\t<div class=\"e-con-inner\">\n\t\t\t\t<div class=\"elementor-element elementor-element-a005a97 elementor-widget elementor-widget-text-editor\" data-id=\"a005a97\" data-element_type=\"widget\" data-e-type=\"widget\" data-widget_type=\"text-editor.default\">\n\t\t\t\t<div class=\"elementor-widget-container\">\n\t\t\t\t\t\t\t\t\t<p>Neem de elektronische sigaret RandM Tornado 35000 Blueberry Raspberry in de hand en trek een trekje. De zoetheid van bosbessen en de zuurheid van frambozen vermengen zich op het puntje van uw tong, als een zomerse boomgaardgeur in een lichte nevel, die onmiddellijk lichaam en geest kalmeert en zorgt voor pure ontspanning en plezier. Dat is de charme van Blueberry Raspberry flavour: niet zomaar een smaak van een elektronische sigaret, maar een zintuiglijke ervaring die je onderdompelt in het moment en je laat genieten van je vrije tijd.<\/p><p><strong>Bosbessensmaak<\/strong><br \/>Het bosbessenaroma domineert bij het inhaleren en geeft een unieke zoetheid aan rijpe bosbessen, dicht bij die van vers geplukte bosbessen, met een natuurlijk fruitig aroma en een lichte sappigheid. De bosbes heeft een diepe, volle textuur in de mond, alsof je vlezige, sappige bosbessen proeft.<\/p><p><strong>Frambozensmaak<\/strong><br \/>Het aroma van framboos volgt dat van bosbes en komt geleidelijk naar voren in het midden en aan het einde van de inademing, wat zorgt voor een levendige, pittige smaak. Vergeleken met de rondheid van bosbes is de zuurgraad van framboos meer uitgesproken, wat doet denken aan de natuurlijke zuurgraad van verse frambozen, die stimulerend werkt. Dit aroma is vooral uitgesproken tijdens het vapen, alsof je in de zomer in een frambozenboomgaard bent.<\/p>\t\t\t\t\t\t\t\t<\/div>\n\t\t\t\t<\/div>\n\t\t\t\t\t<\/div>\n\t\t\t\t<\/div>\n\t\t<div class=\"elementor-element elementor-element-718b380 e-flex e-con-boxed e-con e-parent\" data-id=\"718b380\" data-element_type=\"container\" data-e-type=\"container\">\n\t\t\t\t\t<div class=\"e-con-inner\">\n\t\t\t\t<div class=\"elementor-element elementor-element-d2cc8fa elementor-widget elementor-widget-text-editor\" data-id=\"d2cc8fa\" data-element_type=\"widget\" data-e-type=\"widget\" data-widget_type=\"text-editor.default\">\n\t\t\t\t<div class=\"elementor-widget-container\">\n\t\t\t\t\t\t\t\t\t<h2>Meerdere pufjes - tot 35.000 pufjes<\/h2><p>De RandM Tornado 35000 Blueberry Raspberry is uitgerust met een vloeistofopslagsysteem met hoge capaciteit en een krachtige batterijbeheertechnologie, die tot 35.000 trekjes mogelijk maakt. Vergeleken met conventionele elektronische wegwerpsigaretten is de levensduur aanzienlijk verbeterd, waardoor deze sigaret bijzonder geschikt is voor intensieve gebruikers of lange reizen, zonder frequente vervanging van apparatuur, voor lange trekjes zonder vermoeid te raken.<\/p><h2>Verwarmingselement met dubbele mazen - de perfecte combinatie van rijke smaak en effici\u00ebnte verstuiving<\/h2><p>Dankzij de geavanceerde 1.2 \u03a9 dubbele gaasweerstandstechnologie zorgt hij voor een gelijkmatigere verwarming en vollere verstuiving. Of het nu zoete, fruitige of ijzige smaken zijn, hij levert een voller, delicater smaakniveau. Tegelijkertijd produceert hij een dichtere rook, ideaal voor gebruikers die op zoek zijn naar zowel smaak- als visueel genot.<\/p><h2>Ingebouwde 700 mAh oplaadbare batterij - effici\u00ebnt en duurzaam, compatibel met Type-C snelladen<\/h2><p>De RandM Tornado 35000 is uitgerust met een hoogwaardige 700 mAh lithiumbatterij voor continu, ononderbroken gebruik gedurende de hele dag. De Type-C interface verbetert de oplaadsnelheid aanzienlijk en verkort de wachttijd effectief. Vergeleken met traditionele elektronische wegwerpsigaretten is het oplaadbare ontwerp ook milieuvriendelijker.<\/p><h2>Intelligent digitaal display - Real-time statusbewaking<\/h2><p>De RandM Tornado 35000 Blueberry Raspberry is uitgerust met een intelligente, high-definition digitale display die de resterende lading en het resterende e-liquid niveau in real-time weergeeft. Dit betekent dat gebruikers hun gebruiksstatus nauwkeurig kunnen bijhouden en onderbrekingen door stroomuitval of een tekort aan e-vloeistof kunnen voorkomen.<\/p><h2>Elegant, draagbaar ontwerp - ge\u00efnspireerd op de Digitalbox 12000<\/h2><p>Het ontwerp is ge\u00efnspireerd op de beroemde Digitalbox 12000-serie en combineert moderniteit en futurisme. Compact en lichtgewicht, met afgeronde hoeken, biedt hij optimaal comfort. Hij is gemakkelijk mee te nemen en ideaal om je persoonlijkheid en trendy smaak te laten zien.<\/p><h2>Geen onderhoud nodig: puur plezier direct uit de doos<\/h2><p>De RandM Tornado 35000 is onderhoudsvrij: je hoeft geen e-liquid toe te voegen, onderdelen schoon te maken of te vervangen. Hij is direct uit de verpakking klaar voor gebruik en is perfect voor gebruikers die op zoek zijn naar gemak en gemoedsrust. Ideaal voor op reis, vergaderingen of dagelijks gebruik.<\/p><h2>Verschillende nicotineconcentraties beschikbaar: om aan je behoeften te voldoen<\/h2><p>Nicotineconcentraties van 0 %, 2 % en 5 % zijn beschikbaar om aan de behoeften van elke gebruiker te voldoen. Of u nu een gebruiker bent die zijn dosis wil verlagen of een liefhebber van elektronische sigaretten die op zoek is naar een krachtige keelhit, u vindt de ideale nicotineconcentratie.<\/p>\t\t\t\t\t\t\t\t<\/div>\n\t\t\t\t<\/div>\n\t\t\t\t\t<\/div>\n\t\t\t\t<\/div>\n\t\t\t\t<\/div>","protected":false},"excerpt":{"rendered":"<p>Prenez la cigarette \u00e9lectronique RandM Tornado 35000 Myrtille Framboise en main et prenez une bouff\u00e9e. La douceur des myrtilles et l&rsquo;acidit\u00e9 des framboises s&rsquo;entrem\u00ealent sur le bout de la langue, tel un parfum de verger d&rsquo;\u00e9t\u00e9 condens\u00e9 en une l\u00e9g\u00e8re brume, apaisant instantan\u00e9ment le corps et l&rsquo;esprit, procurant une pure d\u00e9tente et un pur plaisir. [&hellip;]<\/p>\n","protected":false},"featured_media":4761,"comment_status":"open","ping_status":"closed","template":"","meta":{"site-sidebar-layout":"no-sidebar","site-content-layout":"page-builder","ast-site-content-layout":"normal-width-container","site-content-style":"default","site-sidebar-style":"default","ast-global-header-display":"","ast-banner-title-visibility":"","ast-main-header-display":"","ast-hfb-above-header-display":"","ast-hfb-below-header-display":"","ast-hfb-mobile-header-display":"","site-post-title":"disabled","ast-breadcrumbs-content":"","ast-featured-img":"disabled","footer-sml-layout":"","ast-disable-related-posts":"","theme-transparent-header-meta":"default","adv-header-id-meta":"","stick-header-meta":"default","header-above-stick-meta":"","header-main-stick-meta":"","header-below-stick-meta":"","astra-migrate-meta-layouts":"set","ast-page-background-enabled":"default","ast-page-background-meta":{"desktop":{"background-color":"","background-image":"","background-repeat":"repeat","background-position":"center center","background-size":"auto","background-attachment":"scroll","background-type":"","background-media":"","overlay-type":"","overlay-color":"","overlay-opacity":"","overlay-gradient":""},"tablet":{"background-color":"","background-image":"","background-repeat":"repeat","background-position":"center center","background-size":"auto","background-attachment":"scroll","background-type":"","background-media":"","overlay-type":"","overlay-color":"","overlay-opacity":"","overlay-gradient":""},"mobile":{"background-color":"","background-image":"","background-repeat":"repeat","background-position":"center center","background-size":"auto","background-attachment":"scroll","background-type":"","background-media":"","overlay-type":"","overlay-color":"","overlay-opacity":"","overlay-gradient":""}},"ast-content-background-meta":{"desktop":{"background-color":"var(--ast-global-color-5)","background-image":"","background-repeat":"repeat","background-position":"center center","background-size":"auto","background-attachment":"scroll","background-type":"","background-media":"","overlay-type":"","overlay-color":"","overlay-opacity":"","overlay-gradient":""},"tablet":{"background-color":"var(--ast-global-color-5)","background-image":"","background-repeat":"repeat","background-position":"center center","background-size":"auto","background-attachment":"scroll","background-type":"","background-media":"","overlay-type":"","overlay-color":"","overlay-opacity":"","overlay-gradient":""},"mobile":{"background-color":"var(--ast-global-color-5)","background-image":"","background-repeat":"repeat","background-position":"center center","background-size":"auto","background-attachment":"scroll","background-type":"","background-media":"","overlay-type":"","overlay-color":"","overlay-opacity":"","overlay-gradient":""}}},"product_brand":[42],"product_cat":[49,105,15],"product_tag":[],"class_list":{"0":"post-4954","1":"product","2":"type-product","3":"status-publish","4":"has-post-thumbnail","6":"product_brand-randm-tornado","7":"product_cat-randm-tornado-35000-offre-35000-bouffees-de-cigarettes","8":"product_cat-puff-35k","9":"product_cat-magasin-cigarette-electronique","10":"desktop-align-center","11":"tablet-align-center","12":"mobile-align-center","13":"ast-product-gallery-layout-horizontal","14":"ast-product-gallery-with-no-image","15":"ast-product-single-variable","16":"ast-product-tabs-layout-horizontal","17":"ast-qv-on-image","19":"first","20":"instock","21":"sale","22":"shipping-taxable","23":"purchasable","24":"product-type-variable","25":"has-default-attributes"},"tiered_pricing_type":"fixed","tiered_pricing_fixed_rules":{"50":12.99,"100":11.39,"200":10.79,"400":10.39},"tiered_pricing_product_settings":{"layout":"default","base_unit_name":{"singular":null,"plural":null},"default_variation":null},"tiered_pricing_minimum_quantity":null,"tiered_pricing_roles_data":[],"tiered_pricing_percentage_rules":[],"_links":{"self":[{"href":"https:\/\/puffvapestore.com\/nl\/wp-json\/wp\/v2\/product\/4954","targetHints":{"allow":["GET"]}}],"collection":[{"href":"https:\/\/puffvapestore.com\/nl\/wp-json\/wp\/v2\/product"}],"about":[{"href":"https:\/\/puffvapestore.com\/nl\/wp-json\/wp\/v2\/types\/product"}],"replies":[{"embeddable":true,"href":"https:\/\/puffvapestore.com\/nl\/wp-json\/wp\/v2\/comments?post=4954"}],"version-history":[{"count":6,"href":"https:\/\/puffvapestore.com\/nl\/wp-json\/wp\/v2\/product\/4954\/revisions"}],"predecessor-version":[{"id":4963,"href":"https:\/\/puffvapestore.com\/nl\/wp-json\/wp\/v2\/product\/4954\/revisions\/4963"}],"wp:featuredmedia":[{"embeddable":true,"href":"https:\/\/puffvapestore.com\/nl\/wp-json\/wp\/v2\/media\/4761"}],"wp:attachment":[{"href":"https:\/\/puffvapestore.com\/nl\/wp-json\/wp\/v2\/media?parent=4954"}],"wp:term":[{"taxonomy":"product_brand","embeddable":true,"href":"https:\/\/puffvapestore.com\/nl\/wp-json\/wp\/v2\/product_brand?post=4954"},{"taxonomy":"product_cat","embeddable":true,"href":"https:\/\/puffvapestore.com\/nl\/wp-json\/wp\/v2\/product_cat?post=4954"},{"taxonomy":"product_tag","embeddable":true,"href":"https:\/\/puffvapestore.com\/nl\/wp-json\/wp\/v2\/product_tag?post=4954"}],"curies":[{"name":"wp","href":"https:\/\/api.w.org\/{rel}","templated":true}]}}