{"id":4790,"date":"2025-07-11T01:02:46","date_gmt":"2025-07-11T01:02:46","guid":{"rendered":"https:\/\/puffvapestore.com\/?post_type=product&#038;p=4790"},"modified":"2026-01-19T10:31:54","modified_gmt":"2026-01-19T10:31:54","slug":"randm-tornado-35000-propose-38-saveurs","status":"publish","type":"product","link":"https:\/\/puffvapestore.com\/nl\/product\/randm-tornado-35000-aanbiedingen-38-smaken\/","title":{"rendered":"RandM Tornado 35000 : 35K pufjes, dubbele weerstand en digitale weergave"},"content":{"rendered":"<div data-elementor-type=\"wp-post\" data-elementor-id=\"4790\" class=\"elementor elementor-4790\">\n\t\t\t\t<div class=\"elementor-element elementor-element-718b380 e-flex e-con-boxed e-con e-parent\" data-id=\"718b380\" data-element_type=\"container\" data-e-type=\"container\">\n\t\t\t\t\t<div class=\"e-con-inner\">\n\t\t\t\t<div class=\"elementor-element elementor-element-d2cc8fa elementor-widget elementor-widget-text-editor\" data-id=\"d2cc8fa\" data-element_type=\"widget\" data-e-type=\"widget\" data-widget_type=\"text-editor.default\">\n\t\t\t\t<div class=\"elementor-widget-container\">\n\t\t\t\t\t\t\t\t\t<h2>Meerdere pufjes - tot 35.000 pufjes<\/h2><p>De RandM Tornado 35000 is uitgerust met een vloeistofopslagsysteem met hoge capaciteit en een krachtige batterijbeheertechnologie, die tot 35.000 trekjes mogelijk maakt. Vergeleken met conventionele elektronische wegwerpsigaretten is de levensduur aanzienlijk verbeterd, waardoor deze sigaret bijzonder geschikt is voor intensieve gebruikers of lange reizen, zonder frequente vervanging van apparatuur, voor lange trekjes zonder vermoeid te raken.<\/p><h2>Verwarmingselement met dubbele mazen - de perfecte combinatie van rijke smaak en effici\u00ebnte verstuiving<\/h2><p>Dankzij de geavanceerde 1.2 \u03a9 dubbele gaasweerstandstechnologie zorgt hij voor een gelijkmatigere verwarming en vollere verstuiving. Of het nu zoete, fruitige of ijzige smaken zijn, hij levert een voller, delicater smaakniveau. Tegelijkertijd produceert hij een dichtere rook, ideaal voor gebruikers die op zoek zijn naar zowel smaak- als visueel genot.<\/p><h2>Ingebouwde 700 mAh oplaadbare batterij - effici\u00ebnt en duurzaam, compatibel met Type-C snelladen<\/h2><p>De RandM Tornado 35000 is uitgerust met een hoogwaardige 700 mAh lithiumbatterij voor continu, ononderbroken gebruik gedurende de hele dag. De Type-C interface verbetert de oplaadsnelheid aanzienlijk en verkort de wachttijd effectief. Vergeleken met traditionele elektronische wegwerpsigaretten is het oplaadbare ontwerp ook milieuvriendelijker.<\/p><h2>Intelligent digitaal display - Real-time statusbewaking<\/h2><p>De RandM Tornado 35000 is uitgerust met een intelligent, high-definition digitaal display dat de resterende lading en het resterende niveau van de e-vloeistof in realtime weergeeft. Dit betekent dat gebruikers hun gebruiksstatus nauwkeurig kunnen bijhouden en onderbrekingen door stroomuitval of een tekort aan e-vloeistof kunnen voorkomen.<\/p><h2>Elegant, draagbaar ontwerp - ge\u00efnspireerd op de Digitalbox 12000<\/h2><p>Het ontwerp is ge\u00efnspireerd op de beroemde Digitalbox 12000-serie en combineert moderniteit en futurisme. Compact en lichtgewicht, met afgeronde hoeken, biedt hij optimaal comfort. Hij is gemakkelijk mee te nemen en ideaal om je persoonlijkheid en trendy smaak te laten zien.<\/p><h2>Geen onderhoud nodig: puur plezier direct uit de doos<\/h2><p>De RandM Tornado 35000 is onderhoudsvrij: je hoeft geen e-liquid toe te voegen, onderdelen schoon te maken of te vervangen. Hij is direct uit de verpakking klaar voor gebruik en is perfect voor gebruikers die op zoek zijn naar gemak en gemoedsrust. Ideaal voor op reis, vergaderingen of dagelijks gebruik.<\/p><h2>Verschillende nicotineconcentraties beschikbaar: om aan je behoeften te voldoen<\/h2><p>Nicotineconcentraties van 0 %, 2 % en 5 % zijn beschikbaar om aan de behoeften van elke gebruiker te voldoen. Of u nu een gebruiker bent die zijn dosis wil verlagen of een liefhebber van elektronische sigaretten die op zoek is naar een krachtige keelhit, u vindt de ideale nicotineconcentratie.<\/p>\t\t\t\t\t\t\t\t<\/div>\n\t\t\t\t<\/div>\n\t\t\t\t\t<\/div>\n\t\t\t\t<\/div>\n\t\t<div class=\"elementor-element elementor-element-08c26f9 e-flex e-con-boxed e-con e-parent\" data-id=\"08c26f9\" data-element_type=\"container\" data-e-type=\"container\">\n\t\t\t\t\t<div class=\"e-con-inner\">\n\t\t\t\t<div class=\"elementor-element elementor-element-a005a97 elementor-widget elementor-widget-text-editor\" data-id=\"a005a97\" data-element_type=\"widget\" data-e-type=\"widget\" data-widget_type=\"text-editor.default\">\n\t\t\t\t<div class=\"elementor-widget-container\">\n\t\t\t\t\t\t\t\t\t<h2>Smaakopties voor RandM Tornado 35000<\/h2><p>De RandM Tornado 35000 biedt 38 rijke en gevarieerde smaken, waaronder fruit, ICE, mixdrankjes en unieke en creatieve smaken om aan de voorkeuren van de gebruiker te voldoen.<\/p><p>Fruitsmaken staan centraal in het assortiment, met eenvoudige smaken zoals \u00abStrawberry Ice\u00bb, \u00abBlueberry Bubblegum\u00bb en complexe fruitsmaken zoals \u00abPeach Mango Watermelon Ice\u00bb en \u00abStrawberry Kiwi\u00bb. Tropische opties zoals \u00abKiwi Passionfruit Guava\u00bb en \u00abMexico Mango Ice\u00bb bieden een verfrissende ervaring, terwijl \u00abPeachy Mango Pineapple\u00bb een veelheid aan smaken biedt.<\/p><p>De Iced serie biedt verfrissende smaken als \u00abBlack Ice\u00bb, \u00abBlue Razz Ice\u00bb en \u00abSour Apple Pop Ice\u00bb voor de sensatiezoekers. Op drank ge\u00efnspireerde smaken zoals \u00abFanta\u00bb, \u00abPink Lemonade\u00bb en \u00abCherry Cola\u00bb nemen de smaak van klassieke dranken over. Innovatieve combinaties zoals \u00abCactus Lemon Green Tea\u00bb en \u00abCherry Peach Lemonade Tea\u00bb zijn ook uniek creatief.<\/p><p>Sommige smaaknamen zijn ook humoristisch, zoals \u00abLady Killer\u00bb, \u00abLove 66\u00bb en \u00abMr Blue\u00bb, die zoete of mysterieuze smaken suggereren. RandM Tornado 35000 houdt rekening met traditionele voorkeuren en versheid met een verscheidenheid aan smaakopties, afgestemd op gebruikers die op zoek zijn naar rijke, gepersonaliseerde ervaringen.<\/p>\t\t\t\t\t\t\t\t<\/div>\n\t\t\t\t<\/div>\n\t\t\t\t\t<\/div>\n\t\t\t\t<\/div>\n\t\t\t\t<\/div>","protected":false},"excerpt":{"rendered":"<p>Nombreuses bouff\u00e9es \u2013 jusqu&rsquo;\u00e0 35000 bouff\u00e9es La RandM Tornado 35000 est \u00e9quip\u00e9e d&rsquo;un syst\u00e8me de stockage de liquide de grande capacit\u00e9 et d&rsquo;une technologie de gestion de batterie performante, permettant d&rsquo;atteindre jusqu&rsquo;\u00e0 35000 bouff\u00e9es. Compar\u00e9e aux cigarettes \u00e9lectroniques jetables classiques, sa dur\u00e9e de vie est consid\u00e9rablement am\u00e9lior\u00e9e, particuli\u00e8rement adapt\u00e9e aux utilisateurs intensifs ou aux longs [&hellip;]<\/p>\n","protected":false},"featured_media":4775,"comment_status":"open","ping_status":"closed","template":"","meta":{"site-sidebar-layout":"no-sidebar","site-content-layout":"page-builder","ast-site-content-layout":"normal-width-container","site-content-style":"default","site-sidebar-style":"default","ast-global-header-display":"","ast-banner-title-visibility":"","ast-main-header-display":"","ast-hfb-above-header-display":"","ast-hfb-below-header-display":"","ast-hfb-mobile-header-display":"","site-post-title":"disabled","ast-breadcrumbs-content":"","ast-featured-img":"disabled","footer-sml-layout":"","ast-disable-related-posts":"","theme-transparent-header-meta":"default","adv-header-id-meta":"","stick-header-meta":"default","header-above-stick-meta":"","header-main-stick-meta":"","header-below-stick-meta":"","astra-migrate-meta-layouts":"set","ast-page-background-enabled":"default","ast-page-background-meta":{"desktop":{"background-color":"","background-image":"","background-repeat":"repeat","background-position":"center center","background-size":"auto","background-attachment":"scroll","background-type":"","background-media":"","overlay-type":"","overlay-color":"","overlay-opacity":"","overlay-gradient":""},"tablet":{"background-color":"","background-image":"","background-repeat":"repeat","background-position":"center center","background-size":"auto","background-attachment":"scroll","background-type":"","background-media":"","overlay-type":"","overlay-color":"","overlay-opacity":"","overlay-gradient":""},"mobile":{"background-color":"","background-image":"","background-repeat":"repeat","background-position":"center center","background-size":"auto","background-attachment":"scroll","background-type":"","background-media":"","overlay-type":"","overlay-color":"","overlay-opacity":"","overlay-gradient":""}},"ast-content-background-meta":{"desktop":{"background-color":"var(--ast-global-color-5)","background-image":"","background-repeat":"repeat","background-position":"center center","background-size":"auto","background-attachment":"scroll","background-type":"","background-media":"","overlay-type":"","overlay-color":"","overlay-opacity":"","overlay-gradient":""},"tablet":{"background-color":"var(--ast-global-color-5)","background-image":"","background-repeat":"repeat","background-position":"center center","background-size":"auto","background-attachment":"scroll","background-type":"","background-media":"","overlay-type":"","overlay-color":"","overlay-opacity":"","overlay-gradient":""},"mobile":{"background-color":"var(--ast-global-color-5)","background-image":"","background-repeat":"repeat","background-position":"center center","background-size":"auto","background-attachment":"scroll","background-type":"","background-media":"","overlay-type":"","overlay-color":"","overlay-opacity":"","overlay-gradient":""}}},"product_brand":[42],"product_cat":[49,105,15],"product_tag":[],"class_list":{"0":"post-4790","1":"product","2":"type-product","3":"status-publish","4":"has-post-thumbnail","6":"product_brand-randm-tornado","7":"product_cat-randm-tornado-35000-offre-35000-bouffees-de-cigarettes","8":"product_cat-puff-35k","9":"product_cat-magasin-cigarette-electronique","10":"desktop-align-center","11":"tablet-align-center","12":"mobile-align-center","13":"ast-product-gallery-layout-horizontal","14":"ast-product-single-variable","15":"ast-product-tabs-layout-horizontal","16":"ast-qv-on-image","18":"first","19":"instock","20":"sale","21":"shipping-taxable","22":"purchasable","23":"product-type-variable","24":"has-default-attributes"},"tiered_pricing_type":"fixed","tiered_pricing_fixed_rules":{"50":12.99,"100":11.39,"200":10.79,"400":10.39},"tiered_pricing_product_settings":{"layout":"default","base_unit_name":{"singular":null,"plural":null},"default_variation":null},"tiered_pricing_minimum_quantity":null,"tiered_pricing_roles_data":[],"tiered_pricing_percentage_rules":[],"_links":{"self":[{"href":"https:\/\/puffvapestore.com\/nl\/wp-json\/wp\/v2\/product\/4790","targetHints":{"allow":["GET"]}}],"collection":[{"href":"https:\/\/puffvapestore.com\/nl\/wp-json\/wp\/v2\/product"}],"about":[{"href":"https:\/\/puffvapestore.com\/nl\/wp-json\/wp\/v2\/types\/product"}],"replies":[{"embeddable":true,"href":"https:\/\/puffvapestore.com\/nl\/wp-json\/wp\/v2\/comments?post=4790"}],"version-history":[{"count":6,"href":"https:\/\/puffvapestore.com\/nl\/wp-json\/wp\/v2\/product\/4790\/revisions"}],"predecessor-version":[{"id":4913,"href":"https:\/\/puffvapestore.com\/nl\/wp-json\/wp\/v2\/product\/4790\/revisions\/4913"}],"wp:featuredmedia":[{"embeddable":true,"href":"https:\/\/puffvapestore.com\/nl\/wp-json\/wp\/v2\/media\/4775"}],"wp:attachment":[{"href":"https:\/\/puffvapestore.com\/nl\/wp-json\/wp\/v2\/media?parent=4790"}],"wp:term":[{"taxonomy":"product_brand","embeddable":true,"href":"https:\/\/puffvapestore.com\/nl\/wp-json\/wp\/v2\/product_brand?post=4790"},{"taxonomy":"product_cat","embeddable":true,"href":"https:\/\/puffvapestore.com\/nl\/wp-json\/wp\/v2\/product_cat?post=4790"},{"taxonomy":"product_tag","embeddable":true,"href":"https:\/\/puffvapestore.com\/nl\/wp-json\/wp\/v2\/product_tag?post=4790"}],"curies":[{"name":"wp","href":"https:\/\/api.w.org\/{rel}","templated":true}]}}