{"id":4698,"date":"2025-07-09T03:51:03","date_gmt":"2025-07-09T03:51:03","guid":{"rendered":"https:\/\/puffvapestore.com\/?post_type=product&#038;p=4698"},"modified":"2026-01-19T10:36:00","modified_gmt":"2026-01-19T10:36:00","slug":"r-and-m-tornado-30000-cool-mint","status":"publish","type":"product","link":"https:\/\/puffvapestore.com\/nl\/product\/r-en-m-tornado-30000-cool-mint\/","title":{"rendered":"Koel Mint - RandM Tornado 30000"},"content":{"rendered":"<div data-elementor-type=\"wp-post\" data-elementor-id=\"4698\" class=\"elementor elementor-4698\">\n\t\t\t\t<div class=\"elementor-element elementor-element-08c26f9 e-flex e-con-boxed e-con e-parent\" data-id=\"08c26f9\" data-element_type=\"container\" data-e-type=\"container\">\n\t\t\t\t\t<div class=\"e-con-inner\">\n\t\t\t\t<div class=\"elementor-element elementor-element-a005a97 elementor-widget elementor-widget-text-editor\" data-id=\"a005a97\" data-element_type=\"widget\" data-e-type=\"widget\" data-widget_type=\"text-editor.default\">\n\t\t\t\t<div class=\"elementor-widget-container\">\n\t\t\t\t\t\t\t\t\t<p>Menthe Fra\u00eeche, met zijn pure aroma van verse munt, geeft een gevoel van frisheid, zoals de vroege ochtend in de Alpen, ideaal voor consumenten die op zoek zijn naar individualiteit en ontspanning in de Franse sociale context. Het frisse muntaroma verfrist onmiddellijk de geest en prikkelt alle zintuigen. Voor de Fransen wordt deze geur gemakkelijk geassocieerd met muntsnoepjes en de ochtendlucht van zomerse bossen, een adem van vrijheid en natuur, bijzonder geschikt voor momenten van rust in de hectiek van het stadsleven. Of het nu op het terras van een Parijs caf\u00e9 is of op de hoek van een overdekte markt, de R en M Tornado 30000, met zijn unieke ontwerp en functies, zorgt voor onvergelijkbaar plezier bij elke sigaret.<\/p><h2>Verse munt, een traktatie voor de zintuigen<\/h2><p>De Fresh Mint smaak legt de nadruk op het frisse, muntachtige aroma. Zodra je een trekje neemt, voel je een lichte frisheid, alsof er een muntblaadje op je tong bloeit. Elk trekje geeft je een verkwikkend gevoel van frisheid, een combinatie van zoetheid en frisheid. Ideaal om af te koelen op warme zomerdagen, maar het kan ook een vleugje comfort brengen in de hoeken van overdekte markten in de winter. Stel je een drukke Franse overdekte markt voor, waar de kraampjes geuren naar vers brood en kruiden. Leun achterover in de hoek, haal de R en M Tornado 30000 tevoorschijn en inhaleer zachtjes. De frisse rook van Fresh Mint stijgt langzaam op, waardoor je meteen afstand kunt nemen van het lawaai en kunt opgaan in je eigen rust en frisheid.<\/p>\t\t\t\t\t\t\t\t<\/div>\n\t\t\t\t<\/div>\n\t\t\t\t\t<\/div>\n\t\t\t\t<\/div>\n\t\t<div class=\"elementor-element elementor-element-718b380 e-flex e-con-boxed e-con e-parent\" data-id=\"718b380\" data-element_type=\"container\" data-e-type=\"container\">\n\t\t\t\t\t<div class=\"e-con-inner\">\n\t\t\t\t<div class=\"elementor-element elementor-element-d2cc8fa elementor-widget elementor-widget-text-editor\" data-id=\"d2cc8fa\" data-element_type=\"widget\" data-e-type=\"widget\" data-widget_type=\"text-editor.default\">\n\t\t\t\t<div class=\"elementor-widget-container\">\n\t\t\t\t\t\t\t\t\t<h2>Belangrijkste kenmerken van de RandM Tornado 30000<\/h2><p><strong>Lange autonomie: tot 30.000 pufjes<\/strong><br \/>De RandM Tornado 30000 heeft een autonomie van 30.000 pufjes, veel meer dan conventionele disposables, waardoor het de ideale keuze is voor intensieve gebruikers.<\/p><p><strong>Oplaadbare batterij, ecologisch en praktisch<\/strong><br \/>Ge\u00efntegreerde krachtige 600 mAh lithiumbatterij, compatibel met Type-C snel opladen, die duurzamer en praktischer in gebruik is en elektronisch afval vermindert.<\/p><p><strong>Grote e-vloeistof capaciteit: 25 ml voorgevulde vloeistof<\/strong><br \/>Voorgevulde e-vloeistof, hoeft niet meerdere keren bijgevuld te worden, geschikt voor langdurig gebruik. Zelfs bij veelvuldig gebruik kan het enkele weken meegaan, en incidentele gebruikers enkele maanden.<\/p><p><strong>Optionele nicotinezoutconcentratie: 2 % \/ 5 %<\/strong><br \/>Aangepast aan de nicotinebehoeften van elke gebruiker, van de lichtste tot de zwaarste.<\/p><p><strong>Verwarmingselement van gaas: gelijkmatige verwarming, onvergelijkbare smaak<\/strong><br \/>Dankzij de geavanceerde mesh-weerstandstechnologie wordt de e-vloeistof gelijkmatiger verhit, voor een complete, soepele en continue rookervaring.<\/p><h2>Innovatief ontwerp en leuke ervaring van de RandM Tornado 30000<\/h2><p><strong>Transparant omhulsel en dynamisch indicatielampje<\/strong><br \/>Met het visuele oliereservoir kun je het oliepeil in realtime zien, terwijl het dynamische LED-lampje realtime feedback geeft over de bedrijfsstatus van de machine - een concentraat van technologie.<\/p><p><strong>RGB-lichteffect gesynchroniseerd met de muziek: visueel en auditief plezier<\/strong><br \/>Het unieke RGB-verlichtingssysteem knippert op de maat van de muziek en cre\u00ebert een ontspannen sfeer voor feestjes, avondjes uit en andere gelegenheden, voor de ultieme entertainmentervaring.<\/p><p><strong>Ergonomisch uiterlijk: comfortabel, elegant en draagbaar in de hand<\/strong><br \/>De lichtgewicht behuizing en het handpalmvriendelijke ontwerp maken hem ideaal voor langdurig gebruik thuis, op het werk of op reis.<\/p><h2>Voordelen van de RandM Tornado 30000<\/h2><p><strong>Geen onderhoud nodig<\/strong>\u00a0Je hoeft geen e-liquid toe te voegen of onderdelen te vervangen, ideaal voor beginners en luie gebruikers.<\/p><p><strong>Hoge betrouwbaarheid<\/strong>\u00a0Gemaakt van hoogwaardige materialen, met een uitstekende duurzaamheid en optimale waterdichtheid.<\/p><p><strong>Klaar voor gebruik<\/strong>\u00a0Geen schakelaar nodig, gewoon inhaleren, intu\u00eftief en praktisch in gebruik.<\/p><p><strong>Gevarieerde keuze\u00a0<\/strong>Verschillende smaken en nicotineconcentraties voor ieders smaak.<\/p>\t\t\t\t\t\t\t\t<\/div>\n\t\t\t\t<\/div>\n\t\t\t\t\t<\/div>\n\t\t\t\t<\/div>\n\t\t\t\t<\/div>","protected":false},"excerpt":{"rendered":"<p>L&rsquo;ar\u00f4me Menthe Fra\u00eeche, avec son ar\u00f4me pur de menthe fra\u00eeche, procure une sensation de fra\u00eecheur, comme au petit matin dans les Alpes, id\u00e9al pour les consommateurs en qu\u00eate d&rsquo;individualit\u00e9 et de d\u00e9tente dans le contexte social fran\u00e7ais. Son ar\u00f4me de menthe fra\u00eeche rafra\u00eechit instantan\u00e9ment l&rsquo;esprit et \u00e9veille tous les sens. Pour les Fran\u00e7ais, ce parfum [&hellip;]<\/p>\n","protected":false},"featured_media":4487,"comment_status":"open","ping_status":"closed","template":"","meta":{"site-sidebar-layout":"no-sidebar","site-content-layout":"page-builder","ast-site-content-layout":"normal-width-container","site-content-style":"default","site-sidebar-style":"default","ast-global-header-display":"","ast-banner-title-visibility":"","ast-main-header-display":"","ast-hfb-above-header-display":"","ast-hfb-below-header-display":"","ast-hfb-mobile-header-display":"","site-post-title":"disabled","ast-breadcrumbs-content":"","ast-featured-img":"disabled","footer-sml-layout":"","ast-disable-related-posts":"","theme-transparent-header-meta":"default","adv-header-id-meta":"","stick-header-meta":"default","header-above-stick-meta":"","header-main-stick-meta":"","header-below-stick-meta":"","astra-migrate-meta-layouts":"set","ast-page-background-enabled":"default","ast-page-background-meta":{"desktop":{"background-color":"","background-image":"","background-repeat":"repeat","background-position":"center center","background-size":"auto","background-attachment":"scroll","background-type":"","background-media":"","overlay-type":"","overlay-color":"","overlay-opacity":"","overlay-gradient":""},"tablet":{"background-color":"","background-image":"","background-repeat":"repeat","background-position":"center center","background-size":"auto","background-attachment":"scroll","background-type":"","background-media":"","overlay-type":"","overlay-color":"","overlay-opacity":"","overlay-gradient":""},"mobile":{"background-color":"","background-image":"","background-repeat":"repeat","background-position":"center center","background-size":"auto","background-attachment":"scroll","background-type":"","background-media":"","overlay-type":"","overlay-color":"","overlay-opacity":"","overlay-gradient":""}},"ast-content-background-meta":{"desktop":{"background-color":"var(--ast-global-color-5)","background-image":"","background-repeat":"repeat","background-position":"center center","background-size":"auto","background-attachment":"scroll","background-type":"","background-media":"","overlay-type":"","overlay-color":"","overlay-opacity":"","overlay-gradient":""},"tablet":{"background-color":"var(--ast-global-color-5)","background-image":"","background-repeat":"repeat","background-position":"center center","background-size":"auto","background-attachment":"scroll","background-type":"","background-media":"","overlay-type":"","overlay-color":"","overlay-opacity":"","overlay-gradient":""},"mobile":{"background-color":"var(--ast-global-color-5)","background-image":"","background-repeat":"repeat","background-position":"center center","background-size":"auto","background-attachment":"scroll","background-type":"","background-media":"","overlay-type":"","overlay-color":"","overlay-opacity":"","overlay-gradient":""}}},"product_brand":[42],"product_cat":[48,86,15],"product_tag":[],"class_list":{"0":"post-4698","1":"product","2":"type-product","3":"status-publish","4":"has-post-thumbnail","6":"product_brand-randm-tornado","7":"product_cat-randm-tornado-30000-concentre-de-fun","8":"product_cat-puff-30k","9":"product_cat-magasin-cigarette-electronique","10":"desktop-align-center","11":"tablet-align-center","12":"mobile-align-center","13":"ast-product-gallery-layout-horizontal","14":"ast-product-gallery-with-no-image","15":"ast-product-single-variable","16":"ast-product-tabs-layout-horizontal","17":"ast-qv-on-image","19":"first","20":"instock","21":"sale","22":"shipping-taxable","23":"purchasable","24":"product-type-variable","25":"has-default-attributes"},"tiered_pricing_type":"fixed","tiered_pricing_fixed_rules":{"50":9.38,"100":8.45,"200":7.95,"400":7.59},"tiered_pricing_product_settings":{"layout":"default","base_unit_name":{"singular":null,"plural":null},"default_variation":null},"tiered_pricing_minimum_quantity":null,"tiered_pricing_roles_data":[],"tiered_pricing_percentage_rules":[],"_links":{"self":[{"href":"https:\/\/puffvapestore.com\/nl\/wp-json\/wp\/v2\/product\/4698","targetHints":{"allow":["GET"]}}],"collection":[{"href":"https:\/\/puffvapestore.com\/nl\/wp-json\/wp\/v2\/product"}],"about":[{"href":"https:\/\/puffvapestore.com\/nl\/wp-json\/wp\/v2\/types\/product"}],"replies":[{"embeddable":true,"href":"https:\/\/puffvapestore.com\/nl\/wp-json\/wp\/v2\/comments?post=4698"}],"version-history":[{"count":6,"href":"https:\/\/puffvapestore.com\/nl\/wp-json\/wp\/v2\/product\/4698\/revisions"}],"predecessor-version":[{"id":4706,"href":"https:\/\/puffvapestore.com\/nl\/wp-json\/wp\/v2\/product\/4698\/revisions\/4706"}],"wp:featuredmedia":[{"embeddable":true,"href":"https:\/\/puffvapestore.com\/nl\/wp-json\/wp\/v2\/media\/4487"}],"wp:attachment":[{"href":"https:\/\/puffvapestore.com\/nl\/wp-json\/wp\/v2\/media?parent=4698"}],"wp:term":[{"taxonomy":"product_brand","embeddable":true,"href":"https:\/\/puffvapestore.com\/nl\/wp-json\/wp\/v2\/product_brand?post=4698"},{"taxonomy":"product_cat","embeddable":true,"href":"https:\/\/puffvapestore.com\/nl\/wp-json\/wp\/v2\/product_cat?post=4698"},{"taxonomy":"product_tag","embeddable":true,"href":"https:\/\/puffvapestore.com\/nl\/wp-json\/wp\/v2\/product_tag?post=4698"}],"curies":[{"name":"wp","href":"https:\/\/api.w.org\/{rel}","templated":true}]}}