{"id":4676,"date":"2025-07-09T14:24:15","date_gmt":"2025-07-09T14:24:15","guid":{"rendered":"https:\/\/puffvapestore.com\/?post_type=product&#038;p=4676"},"modified":"2026-01-19T10:36:01","modified_gmt":"2026-01-19T10:36:01","slug":"puff-tornado-30000-pineapple-ice","status":"publish","type":"product","link":"https:\/\/puffvapestore.com\/nl\/product\/puff-tornado-30000-ananasijs\/","title":{"rendered":"Ananasijs - RandM Tornado 30000"},"content":{"rendered":"<div data-elementor-type=\"wp-post\" data-elementor-id=\"4676\" class=\"elementor elementor-4676\">\n\t\t\t\t<div class=\"elementor-element elementor-element-08c26f9 e-flex e-con-boxed e-con e-parent\" data-id=\"08c26f9\" data-element_type=\"container\" data-e-type=\"container\">\n\t\t\t\t\t<div class=\"e-con-inner\">\n\t\t\t\t<div class=\"elementor-element elementor-element-a005a97 elementor-widget elementor-widget-text-editor\" data-id=\"a005a97\" data-element_type=\"widget\" data-e-type=\"widget\" data-widget_type=\"text-editor.default\">\n\t\t\t\t<div class=\"elementor-widget-container\">\n\t\t\t\t\t\t\t\t\t<p>Onder de vele smaken van de RandM Tornado 30000, is Glazed Pineapple de nieuwe favoriet geworden van de jongere Franse generatie bij sociale gelegenheden dankzij de unieke tropische stijl en verfrissende ervaring. De RandM Tornado 30000 is niet alleen een hoogwaardige elektronische sigaret, maar ook een lifestyle symbool. Bijzonder geschikt voor levendige, artistieke sc\u00e8nes zoals het Parijse straatfestival, geeft de Glazed Pineapple oneindige charme aan elk trekje dankzij de frisse smaak en het levendige ontwerp.<\/p><h2>De combinatie van tropische ananas en verse munt<\/h2><p>Glac\u00e9 Ananas combineert op slimme wijze de zoete, sappige smaak van zuidelijke ananas met de frisheid van munt voor een opwindende smaakervaring. Bij elk trekje van de rook komen eerst de rijke fruitige aroma's van ananas de zintuigen binnen, alsof je op een tropisch strand onder een brandende zon zit; daarna komt de frisse nasmaak van munt binnen, die een vleugje frisheid toevoegt, zoals een briesje van de Seine in Parijs. Deze smaak is mild zonder vettig te zijn, fris en niet-irriterend, in lijn met de zoektocht van de Franse consument naar verfijning en balans. Of je nu over de kunstmarkt van Montmartre slentert of door de levendige menigte tijdens de 14 juli-festiviteiten, Pineapple Ice laat je de unieke persoonlijkheid van elk rookwolkje voelen.<\/p><h2>Een must voor straatfestivals in Parijs<\/h2><p>Stel je voor dat op de avond van een straatfestival in Parijs (zoals 14 juli of het F\u00eate de la Musique), de straten verlicht zijn met kleurrijke lichtjes en levendige muziek, en jonge mensen RandM Tornado 30000 omhoog houden en de frisse, fruitige geur van Pineapple Ice opsnuiven. De RGB-lampjes gesynchroniseerd met de muziek op deze elektronische sigaret passen perfect bij het ritme van de festivals. De gekleurde lampjes dansen op de maat van de muziek en voegen een vleugje Parijse romantiek en avant-garde toe aan je ervaring. Dankzij het transparante omhulsel kun je niet alleen op elk moment het niveau van de voorgevulde 25 ml e-liquid controleren, maar het voegt ook een vleugje trendy technologie toe, die perfect past bij de trendy sfeer van de Parijse straten.<\/p>\t\t\t\t\t\t\t\t<\/div>\n\t\t\t\t<\/div>\n\t\t\t\t\t<\/div>\n\t\t\t\t<\/div>\n\t\t<div class=\"elementor-element elementor-element-718b380 e-flex e-con-boxed e-con e-parent\" data-id=\"718b380\" data-element_type=\"container\" data-e-type=\"container\">\n\t\t\t\t\t<div class=\"e-con-inner\">\n\t\t\t\t<div class=\"elementor-element elementor-element-d2cc8fa elementor-widget elementor-widget-text-editor\" data-id=\"d2cc8fa\" data-element_type=\"widget\" data-e-type=\"widget\" data-widget_type=\"text-editor.default\">\n\t\t\t\t<div class=\"elementor-widget-container\">\n\t\t\t\t\t\t\t\t\t<h2>Specificaties van de RandM Tornado 30000 :<\/h2><p>Aantal trekjes: Tot 30.000 trekjes, waardoor het een van de elektronische wegwerpsigaretten met de langste levensduur op de markt is.<\/p><p>Batterij: Uitgerust met een oplaadbare 600 mAh batterij, die wordt opgeladen via een Type-C poort voor snel en effici\u00ebnt opladen.<\/p><p>Tankinhoud : Geschikt voor 25 ml voorgevulde e-vloeistof.<\/p><p>Nicotinedosering: Verkrijgbaar in 2 % of 5 % nicotinezouten om aan alle behoeften te voldoen.<\/p><p>Mesh Coil-technologie: Garandeert een consistente, soepele en heerlijke vape-ervaring door de e-vloeistof gelijkmatig te verhitten.<\/p><p>Ontwerp: De lichte, transparante behuizing controleert het niveau van de e-vloeistof en heeft dynamische indicatielampjes die de activiteit van de gaasweerstand aangeven.<\/p><p>Muzikale functie: Uitgerust met een unieke RGB-lichtset die gesynchroniseerd wordt met de muziek, voegt het een visuele en vermakelijke touch toe aan uw elektronische sigaretten.<\/p><p>Duurzaamheid: Gemaakt van geavanceerde materialen, zeer betrouwbaar en voorzien van lekvrije e-vloeistof technologie, waardoor het ideaal is voor dagelijks gebruik en reizen.<\/p><h2>Prestaties en voordelen van de RandM Tornado 30000<\/h2><p>Levensduur van de vloeistof: 25 ml voorgevulde vloeistof maakt langdurig gebruik zonder navulling mogelijk, maar de gebruiksduur varieert afhankelijk van het gebruik. Regelmatige gebruikers van elektronische sigaretten kunnen er weken mee doen, terwijl regelmatige gebruikers er maanden mee kunnen doen.<\/p><p>Smaak: Dankzij de mesh-weerstandstechnologie is de smaak natuurlijk rijk en het rookvolume stabiel.<\/p><p>Gemakkelijk te gebruiken: Geen ingewikkelde knoppen of instellingen, gewoon stofzuigen om te activeren, eenvoudig te gebruiken, zelfs voor beginners. Geen onderhoud (opladen of verwarmingselement vervangen is niet nodig), voor extra gebruiksgemak.<\/p><p>Design: De LED-verlichting en ergonomische behuizing maken hem nog aantrekkelijker.<\/p>\t\t\t\t\t\t\t\t<\/div>\n\t\t\t\t<\/div>\n\t\t\t\t\t<\/div>\n\t\t\t\t<\/div>\n\t\t\t\t<\/div>","protected":false},"excerpt":{"rendered":"<p>Parmi les nombreuses saveurs de la RandM Tornado 30000, l&rsquo;Ananas Glac\u00e9 est devenue la nouvelle favorite de la jeune g\u00e9n\u00e9ration fran\u00e7aise lors des occasions mondaines gr\u00e2ce \u00e0 son style tropical unique et \u00e0 son exp\u00e9rience rafra\u00eechissante. La RandM Tornado 30000 est non seulement une cigarette \u00e9lectronique haute performance, mais aussi un symbole d&rsquo;un style de [&hellip;]<\/p>\n","protected":false},"featured_media":4499,"comment_status":"open","ping_status":"closed","template":"","meta":{"site-sidebar-layout":"no-sidebar","site-content-layout":"page-builder","ast-site-content-layout":"normal-width-container","site-content-style":"default","site-sidebar-style":"default","ast-global-header-display":"","ast-banner-title-visibility":"","ast-main-header-display":"","ast-hfb-above-header-display":"","ast-hfb-below-header-display":"","ast-hfb-mobile-header-display":"","site-post-title":"disabled","ast-breadcrumbs-content":"","ast-featured-img":"disabled","footer-sml-layout":"","ast-disable-related-posts":"","theme-transparent-header-meta":"default","adv-header-id-meta":"","stick-header-meta":"default","header-above-stick-meta":"","header-main-stick-meta":"","header-below-stick-meta":"","astra-migrate-meta-layouts":"set","ast-page-background-enabled":"default","ast-page-background-meta":{"desktop":{"background-color":"","background-image":"","background-repeat":"repeat","background-position":"center center","background-size":"auto","background-attachment":"scroll","background-type":"","background-media":"","overlay-type":"","overlay-color":"","overlay-opacity":"","overlay-gradient":""},"tablet":{"background-color":"","background-image":"","background-repeat":"repeat","background-position":"center center","background-size":"auto","background-attachment":"scroll","background-type":"","background-media":"","overlay-type":"","overlay-color":"","overlay-opacity":"","overlay-gradient":""},"mobile":{"background-color":"","background-image":"","background-repeat":"repeat","background-position":"center center","background-size":"auto","background-attachment":"scroll","background-type":"","background-media":"","overlay-type":"","overlay-color":"","overlay-opacity":"","overlay-gradient":""}},"ast-content-background-meta":{"desktop":{"background-color":"var(--ast-global-color-5)","background-image":"","background-repeat":"repeat","background-position":"center center","background-size":"auto","background-attachment":"scroll","background-type":"","background-media":"","overlay-type":"","overlay-color":"","overlay-opacity":"","overlay-gradient":""},"tablet":{"background-color":"var(--ast-global-color-5)","background-image":"","background-repeat":"repeat","background-position":"center center","background-size":"auto","background-attachment":"scroll","background-type":"","background-media":"","overlay-type":"","overlay-color":"","overlay-opacity":"","overlay-gradient":""},"mobile":{"background-color":"var(--ast-global-color-5)","background-image":"","background-repeat":"repeat","background-position":"center center","background-size":"auto","background-attachment":"scroll","background-type":"","background-media":"","overlay-type":"","overlay-color":"","overlay-opacity":"","overlay-gradient":""}}},"product_brand":[42],"product_cat":[48,86,15],"product_tag":[],"class_list":{"0":"post-4676","1":"product","2":"type-product","3":"status-publish","4":"has-post-thumbnail","6":"product_brand-randm-tornado","7":"product_cat-randm-tornado-30000-concentre-de-fun","8":"product_cat-puff-30k","9":"product_cat-magasin-cigarette-electronique","10":"desktop-align-center","11":"tablet-align-center","12":"mobile-align-center","13":"ast-product-gallery-layout-horizontal","14":"ast-product-gallery-with-no-image","15":"ast-product-single-variable","16":"ast-product-tabs-layout-horizontal","17":"ast-qv-on-image","19":"first","20":"instock","21":"sale","22":"shipping-taxable","23":"purchasable","24":"product-type-variable","25":"has-default-attributes"},"tiered_pricing_type":"fixed","tiered_pricing_fixed_rules":{"50":9.38,"100":8.45,"200":7.95,"400":7.59},"tiered_pricing_product_settings":{"layout":"default","base_unit_name":{"singular":null,"plural":null},"default_variation":null},"tiered_pricing_minimum_quantity":null,"tiered_pricing_roles_data":[],"tiered_pricing_percentage_rules":[],"_links":{"self":[{"href":"https:\/\/puffvapestore.com\/nl\/wp-json\/wp\/v2\/product\/4676","targetHints":{"allow":["GET"]}}],"collection":[{"href":"https:\/\/puffvapestore.com\/nl\/wp-json\/wp\/v2\/product"}],"about":[{"href":"https:\/\/puffvapestore.com\/nl\/wp-json\/wp\/v2\/types\/product"}],"replies":[{"embeddable":true,"href":"https:\/\/puffvapestore.com\/nl\/wp-json\/wp\/v2\/comments?post=4676"}],"version-history":[{"count":7,"href":"https:\/\/puffvapestore.com\/nl\/wp-json\/wp\/v2\/product\/4676\/revisions"}],"predecessor-version":[{"id":4754,"href":"https:\/\/puffvapestore.com\/nl\/wp-json\/wp\/v2\/product\/4676\/revisions\/4754"}],"wp:featuredmedia":[{"embeddable":true,"href":"https:\/\/puffvapestore.com\/nl\/wp-json\/wp\/v2\/media\/4499"}],"wp:attachment":[{"href":"https:\/\/puffvapestore.com\/nl\/wp-json\/wp\/v2\/media?parent=4676"}],"wp:term":[{"taxonomy":"product_brand","embeddable":true,"href":"https:\/\/puffvapestore.com\/nl\/wp-json\/wp\/v2\/product_brand?post=4676"},{"taxonomy":"product_cat","embeddable":true,"href":"https:\/\/puffvapestore.com\/nl\/wp-json\/wp\/v2\/product_cat?post=4676"},{"taxonomy":"product_tag","embeddable":true,"href":"https:\/\/puffvapestore.com\/nl\/wp-json\/wp\/v2\/product_tag?post=4676"}],"curies":[{"name":"wp","href":"https:\/\/api.w.org\/{rel}","templated":true}]}}