{"id":4658,"date":"2025-07-08T07:09:18","date_gmt":"2025-07-08T07:09:18","guid":{"rendered":"https:\/\/puffvapestore.com\/?post_type=product&#038;p=4658"},"modified":"2026-01-19T10:36:01","modified_gmt":"2026-01-19T10:36:01","slug":"peach-ice-randm-tornado-30000","status":"publish","type":"product","link":"https:\/\/puffvapestore.com\/nl\/product\/perzik-ijs-randm-tornado-30000\/","title":{"rendered":"Perzikijs - RandM Tornado 30000"},"content":{"rendered":"<div data-elementor-type=\"wp-post\" data-elementor-id=\"4658\" class=\"elementor elementor-4658\">\n\t\t\t\t<div class=\"elementor-element elementor-element-08c26f9 e-flex e-con-boxed e-con e-parent\" data-id=\"08c26f9\" data-element_type=\"container\" data-e-type=\"container\">\n\t\t\t\t\t<div class=\"e-con-inner\">\n\t\t\t\t<div class=\"elementor-element elementor-element-a005a97 elementor-widget elementor-widget-text-editor\" data-id=\"a005a97\" data-element_type=\"widget\" data-e-type=\"widget\" data-widget_type=\"text-editor.default\">\n\t\t\t\t<div class=\"elementor-widget-container\">\n\t\t\t\t\t\t\t\t\t<h2>Zoete perzik basisnoot :<\/h2><p>De belangrijkste smaak is de natuurlijke zoetheid van rijpe perziken, met een lichte hint van zoet en zuur, waardoor de essentie van verse zomerperziken perfect wordt vastgelegd. Met elk trekje van de rook dringt het fruitige aroma van perziken je neus binnen, waardoor je een rijke fruitige ervaring krijgt en je je in een zonnige boomgaard waant.<\/p><h2>Basisnoot van verse munt :<\/h2><p>Bij het uitademen komt de frisheid van de munt geleidelijk naar boven en voegt een verfrissende toets toe aan de zoetheid van de perziken. Deze frisheid blijft een paar seconden hangen in de mond, een beetje zoals de nasmaak van geglaceerde perziken of een ijskoud zomers sapje.<\/p><h2>Algemene smaakkenmerken :<\/h2><ul><li>Balans van de belangrijkste noten: Er is een goede balans tussen zoetheid en frisheid, zonder een van beide te overdrijven.<\/li><li>Natuurlijke smaak: Dichter bij \u00abecht fruit\u00bb dan snoep, ideaal voor fans van authentieke fruitsmaken.<\/li><li>Licht en gemakkelijk te roken: niet zwaar of vettig, ideaal voor langdurig gebruik, vooral in de zomer of om af te koelen.<\/li><li>Zoete keelsensatie: lichte throat hit, ideaal voor liefhebbers van zoete smaken.<\/li><\/ul>\t\t\t\t\t\t\t\t<\/div>\n\t\t\t\t<\/div>\n\t\t\t\t\t<\/div>\n\t\t\t\t<\/div>\n\t\t<div class=\"elementor-element elementor-element-718b380 e-flex e-con-boxed e-con e-parent\" data-id=\"718b380\" data-element_type=\"container\" data-e-type=\"container\">\n\t\t\t\t\t<div class=\"e-con-inner\">\n\t\t\t\t<div class=\"elementor-element elementor-element-d2cc8fa elementor-widget elementor-widget-text-editor\" data-id=\"d2cc8fa\" data-element_type=\"widget\" data-e-type=\"widget\" data-widget_type=\"text-editor.default\">\n\t\t\t\t<div class=\"elementor-widget-container\">\n\t\t\t\t\t\t\t\t\t<h2>Specificaties van de RandM Tornado 30000 :<\/h2><p>Aantal trekjes: Tot 30.000 trekjes, waardoor het een van de elektronische wegwerpsigaretten met de langste levensduur op de markt is.<\/p><p>Batterij: Uitgerust met een oplaadbare 600 mAh batterij, die wordt opgeladen via een Type-C poort voor snel en effici\u00ebnt opladen.<\/p><p>Tankinhoud : Geschikt voor 25 ml voorgevulde e-vloeistof.<\/p><p>Nicotinedosering: Verkrijgbaar in 2 % of 5 % nicotinezouten om aan alle behoeften te voldoen.<\/p><p>Mesh Coil-technologie: Garandeert een consistente, soepele en heerlijke vape-ervaring door de e-vloeistof gelijkmatig te verhitten.<\/p><p>Ontwerp: De lichte, transparante behuizing controleert het niveau van de e-vloeistof en heeft dynamische indicatielampjes die de activiteit van de gaasweerstand aangeven.<\/p><p>Muzikale functie: Uitgerust met een unieke RGB-lichtset die gesynchroniseerd wordt met de muziek, voegt het een visuele en vermakelijke touch toe aan uw elektronische sigaretten.<\/p><p>Duurzaamheid: Gemaakt van geavanceerde materialen, zeer betrouwbaar en voorzien van lekvrije e-vloeistof technologie, waardoor het ideaal is voor dagelijks gebruik en reizen.<\/p><h2>Prestaties en voordelen van de RandM Tornado 30000<\/h2><p>Levensduur van de vloeistof: 25 ml voorgevulde vloeistof maakt langdurig gebruik zonder navulling mogelijk, maar de gebruiksduur varieert afhankelijk van het gebruik. Regelmatige gebruikers van elektronische sigaretten kunnen er weken mee doen, terwijl regelmatige gebruikers er maanden mee kunnen doen.<\/p><p>Smaak: Dankzij de mesh-weerstandstechnologie is de smaak natuurlijk rijk en het rookvolume stabiel.<\/p><p>Gemakkelijk te gebruiken: Geen ingewikkelde knoppen of instellingen, gewoon stofzuigen om te activeren, eenvoudig te gebruiken, zelfs voor beginners. Geen onderhoud (opladen of verwarmingselement vervangen is niet nodig), voor extra gebruiksgemak.<\/p><p>Design: De LED-verlichting en ergonomische behuizing maken hem nog aantrekkelijker.<\/p>\t\t\t\t\t\t\t\t<\/div>\n\t\t\t\t<\/div>\n\t\t\t\t\t<\/div>\n\t\t\t\t<\/div>\n\t\t\t\t<\/div>","protected":false},"excerpt":{"rendered":"<p>Note de fond de p\u00eache sucr\u00e9e : La saveur principale est la douceur naturelle des p\u00eaches m\u00fbres, avec une l\u00e9g\u00e8re note aigre-douce, capturant parfaitement l&rsquo;essence des p\u00eaches fra\u00eeches d&rsquo;\u00e9t\u00e9. \u00c0 chaque bouff\u00e9e de fum\u00e9e, l&rsquo;ar\u00f4me fruit\u00e9 de la p\u00eache envahit votre nez, vous offrant une exp\u00e9rience fruit\u00e9e riche, vous donnant l&rsquo;impression d&rsquo;\u00eatre dans un verger [&hellip;]<\/p>\n","protected":false},"featured_media":4497,"comment_status":"open","ping_status":"closed","template":"","meta":{"site-sidebar-layout":"no-sidebar","site-content-layout":"page-builder","ast-site-content-layout":"normal-width-container","site-content-style":"default","site-sidebar-style":"default","ast-global-header-display":"","ast-banner-title-visibility":"","ast-main-header-display":"","ast-hfb-above-header-display":"","ast-hfb-below-header-display":"","ast-hfb-mobile-header-display":"","site-post-title":"disabled","ast-breadcrumbs-content":"","ast-featured-img":"disabled","footer-sml-layout":"","ast-disable-related-posts":"","theme-transparent-header-meta":"default","adv-header-id-meta":"","stick-header-meta":"default","header-above-stick-meta":"","header-main-stick-meta":"","header-below-stick-meta":"","astra-migrate-meta-layouts":"set","ast-page-background-enabled":"default","ast-page-background-meta":{"desktop":{"background-color":"","background-image":"","background-repeat":"repeat","background-position":"center center","background-size":"auto","background-attachment":"scroll","background-type":"","background-media":"","overlay-type":"","overlay-color":"","overlay-opacity":"","overlay-gradient":""},"tablet":{"background-color":"","background-image":"","background-repeat":"repeat","background-position":"center center","background-size":"auto","background-attachment":"scroll","background-type":"","background-media":"","overlay-type":"","overlay-color":"","overlay-opacity":"","overlay-gradient":""},"mobile":{"background-color":"","background-image":"","background-repeat":"repeat","background-position":"center center","background-size":"auto","background-attachment":"scroll","background-type":"","background-media":"","overlay-type":"","overlay-color":"","overlay-opacity":"","overlay-gradient":""}},"ast-content-background-meta":{"desktop":{"background-color":"var(--ast-global-color-5)","background-image":"","background-repeat":"repeat","background-position":"center center","background-size":"auto","background-attachment":"scroll","background-type":"","background-media":"","overlay-type":"","overlay-color":"","overlay-opacity":"","overlay-gradient":""},"tablet":{"background-color":"var(--ast-global-color-5)","background-image":"","background-repeat":"repeat","background-position":"center center","background-size":"auto","background-attachment":"scroll","background-type":"","background-media":"","overlay-type":"","overlay-color":"","overlay-opacity":"","overlay-gradient":""},"mobile":{"background-color":"var(--ast-global-color-5)","background-image":"","background-repeat":"repeat","background-position":"center center","background-size":"auto","background-attachment":"scroll","background-type":"","background-media":"","overlay-type":"","overlay-color":"","overlay-opacity":"","overlay-gradient":""}}},"product_brand":[42],"product_cat":[48,86,15],"product_tag":[],"class_list":{"0":"post-4658","1":"product","2":"type-product","3":"status-publish","4":"has-post-thumbnail","6":"product_brand-randm-tornado","7":"product_cat-randm-tornado-30000-concentre-de-fun","8":"product_cat-puff-30k","9":"product_cat-magasin-cigarette-electronique","10":"desktop-align-center","11":"tablet-align-center","12":"mobile-align-center","13":"ast-product-gallery-layout-horizontal","14":"ast-product-gallery-with-no-image","15":"ast-product-single-variable","16":"ast-product-tabs-layout-horizontal","17":"ast-qv-on-image","19":"first","20":"instock","21":"sale","22":"shipping-taxable","23":"purchasable","24":"product-type-variable","25":"has-default-attributes"},"tiered_pricing_type":"fixed","tiered_pricing_fixed_rules":{"50":9.38,"100":8.45,"200":7.95,"400":7.59},"tiered_pricing_product_settings":{"layout":"default","base_unit_name":{"singular":null,"plural":null},"default_variation":null},"tiered_pricing_minimum_quantity":null,"tiered_pricing_roles_data":[],"tiered_pricing_percentage_rules":[],"_links":{"self":[{"href":"https:\/\/puffvapestore.com\/nl\/wp-json\/wp\/v2\/product\/4658","targetHints":{"allow":["GET"]}}],"collection":[{"href":"https:\/\/puffvapestore.com\/nl\/wp-json\/wp\/v2\/product"}],"about":[{"href":"https:\/\/puffvapestore.com\/nl\/wp-json\/wp\/v2\/types\/product"}],"replies":[{"embeddable":true,"href":"https:\/\/puffvapestore.com\/nl\/wp-json\/wp\/v2\/comments?post=4658"}],"version-history":[{"count":6,"href":"https:\/\/puffvapestore.com\/nl\/wp-json\/wp\/v2\/product\/4658\/revisions"}],"predecessor-version":[{"id":4666,"href":"https:\/\/puffvapestore.com\/nl\/wp-json\/wp\/v2\/product\/4658\/revisions\/4666"}],"wp:featuredmedia":[{"embeddable":true,"href":"https:\/\/puffvapestore.com\/nl\/wp-json\/wp\/v2\/media\/4497"}],"wp:attachment":[{"href":"https:\/\/puffvapestore.com\/nl\/wp-json\/wp\/v2\/media?parent=4658"}],"wp:term":[{"taxonomy":"product_brand","embeddable":true,"href":"https:\/\/puffvapestore.com\/nl\/wp-json\/wp\/v2\/product_brand?post=4658"},{"taxonomy":"product_cat","embeddable":true,"href":"https:\/\/puffvapestore.com\/nl\/wp-json\/wp\/v2\/product_cat?post=4658"},{"taxonomy":"product_tag","embeddable":true,"href":"https:\/\/puffvapestore.com\/nl\/wp-json\/wp\/v2\/product_tag?post=4658"}],"curies":[{"name":"wp","href":"https:\/\/api.w.org\/{rel}","templated":true}]}}