{"id":4518,"date":"2025-07-07T09:40:14","date_gmt":"2025-07-07T09:40:14","guid":{"rendered":"https:\/\/puffvapestore.com\/?post_type=product&#038;p=4518"},"modified":"2026-01-19T10:36:00","modified_gmt":"2026-01-19T10:36:00","slug":"randm-tornado-30000-propose-30-saveurs","status":"publish","type":"product","link":"https:\/\/puffvapestore.com\/nl\/product\/randm-tornado-30000-biedt-30-smaken\/","title":{"rendered":"RandM Tornado 30000: 30000 rookwolken, opladen via Type-C poort"},"content":{"rendered":"<div data-elementor-type=\"wp-post\" data-elementor-id=\"4518\" class=\"elementor elementor-4518\">\n\t\t\t\t<div class=\"elementor-element elementor-element-718b380 e-flex e-con-boxed e-con e-parent\" data-id=\"718b380\" data-element_type=\"container\" data-e-type=\"container\">\n\t\t\t\t\t<div class=\"e-con-inner\">\n\t\t\t\t<div class=\"elementor-element elementor-element-d2cc8fa elementor-widget elementor-widget-text-editor\" data-id=\"d2cc8fa\" data-element_type=\"widget\" data-e-type=\"widget\" data-widget_type=\"text-editor.default\">\n\t\t\t\t<div class=\"elementor-widget-container\">\n\t\t\t\t\t\t\t\t\t<h2>Specificaties van de RandM Tornado 30000 :<\/h2><p>Aantal trekjes: Tot 30.000 trekjes, waardoor het een van de elektronische wegwerpsigaretten met de langste levensduur op de markt is.<\/p><p>Batterij: Uitgerust met een oplaadbare 600 mAh batterij, die wordt opgeladen via een Type-C poort voor snel en effici\u00ebnt opladen.<\/p><p>Tankinhoud : Geschikt voor 25 ml voorgevulde e-vloeistof.<\/p><p>Nicotinedosering: Verkrijgbaar in 2 % of 5 % nicotinezouten om aan alle behoeften te voldoen.<\/p><p>Mesh Coil-technologie: Garandeert een consistente, soepele en heerlijke vape-ervaring door de e-vloeistof gelijkmatig te verhitten.<\/p><p>Ontwerp: De lichte, transparante behuizing controleert het niveau van de e-vloeistof en heeft dynamische indicatielampjes die de activiteit van de gaasweerstand aangeven.<\/p><p>Muzikale functie: Uitgerust met een unieke RGB-lichtset die gesynchroniseerd wordt met de muziek, voegt het een visuele en vermakelijke touch toe aan uw elektronische sigaretten.<\/p><p>Duurzaamheid: Gemaakt van geavanceerde materialen, zeer betrouwbaar en voorzien van lekvrije e-vloeistof technologie, waardoor het ideaal is voor dagelijks gebruik en reizen.<\/p><h2>Prestaties en voordelen van de RandM Tornado 30000<\/h2><p>Levensduur van de vloeistof: 25 ml voorgevulde vloeistof maakt langdurig gebruik zonder navulling mogelijk, maar de gebruiksduur varieert afhankelijk van het gebruik. Regelmatige gebruikers van elektronische sigaretten kunnen er weken mee doen, terwijl regelmatige gebruikers er maanden mee kunnen doen.<\/p><p>Smaak: Dankzij de mesh-weerstandstechnologie is de smaak natuurlijk rijk en het rookvolume stabiel.<\/p><p>Gemakkelijk te gebruiken: Geen ingewikkelde knoppen of instellingen, gewoon stofzuigen om te activeren, eenvoudig te gebruiken, zelfs voor beginners. Geen onderhoud (opladen of verwarmingselement vervangen is niet nodig), voor extra gebruiksgemak.<\/p><p>Design: De LED-verlichting en ergonomische behuizing maken hem nog aantrekkelijker.<\/p>\t\t\t\t\t\t\t\t<\/div>\n\t\t\t\t<\/div>\n\t\t\t\t\t<\/div>\n\t\t\t\t<\/div>\n\t\t<div class=\"elementor-element elementor-element-08c26f9 e-flex e-con-boxed e-con e-parent\" data-id=\"08c26f9\" data-element_type=\"container\" data-e-type=\"container\">\n\t\t\t\t\t<div class=\"e-con-inner\">\n\t\t\t\t<div class=\"elementor-element elementor-element-a005a97 elementor-widget elementor-widget-text-editor\" data-id=\"a005a97\" data-element_type=\"widget\" data-e-type=\"widget\" data-widget_type=\"text-editor.default\">\n\t\t\t\t<div class=\"elementor-widget-container\">\n\t\t\t\t\t\t\t\t\t<h2>De RandM Tornado 30000 biedt 30 rijke en gevarieerde smaken<\/h2><p>De RandM Tornado 30000 biedt 30 rijke en gevarieerde smaken om aan de voorkeuren van elke gebruiker te voldoen. Deze smaken kunnen worden onderverdeeld in verschillende categorie\u00ebn: fruitijs, gemengd fruit en klassieke dranken. De fruitijs smaken zijn vooral verfrissend, met \u00abBanana Ice\u00bb, \u00abBlueberry Ice\u00bb, \u00abGrape Ice\u00bb, etc., die een verfrissende draai geven aan de traditionele fruitsmaken. Lush Ice\u00ab en \u00bbIce Pop\u00ab bieden een intensere verfrissende ervaring. De reeks fruitsmaken, zoals \u00bbBlueberry Raspberry\u00ab, \u00bbPeach Mango Pineapple\u00ab en \u00bbStrawberry Watermelon\u00ab, benadrukken de gelaagdheid van fruitsmaken en brengen de zuurheid-zoetheid in balans.<\/p><p>De klassieke smaken in het drankenassortiment bootsen populaire drankjes na, zoals \u00abCherry Cola\u00bb en \u00abCola Ice\u00bb die de zoetheid van cola nabootsen, terwijl \u00abPink Lemonade\u00bb en \u00abVimto\u00bb de vertrouwde pittige smaak van de drankjes brengen. Daarnaast voegen unieke smaken zoals \u00abSkittles\u00bb en \u00abLove 66\u00bb (honingmeloen + passievrucht + watermeloen) een vleugje eigenzinnigheid toe, terwijl \u00abCool Mint\u00bb en \u00abBlack Ice\u00bb perfect zijn voor fans van intense frisheid. Al met al bestrijkt RandM Tornado 30000 een breed scala aan smaken, van fris tot rijk, van \u00e9\u00e9n fruitsmaak tot een complexe mix, die kunnen voldoen aan de behoeften van verschillende scenario's en smaakpapillen.<\/p>\t\t\t\t\t\t\t\t<\/div>\n\t\t\t\t<\/div>\n\t\t\t\t\t<\/div>\n\t\t\t\t<\/div>\n\t\t\t\t<\/div>","protected":false},"excerpt":{"rendered":"<p>Sp\u00e9cifications de la RandM Tornado 30000\u00a0: Nombre de bouff\u00e9es\u00a0: Jusqu&rsquo;\u00e0 30000 bouff\u00e9es, ce qui en fait l&rsquo;une des cigarettes \u00e9lectroniques jetables les plus durables du march\u00e9. Batterie : \u00c9quip\u00e9e d&rsquo;une batterie rechargeable de 600 mAh, elle se recharge via un port Type-C pour une charge rapide et efficace. Capacit\u00e9 du r\u00e9servoir\u00a0: Contient 25\u00a0ml d&rsquo;e-liquide pr\u00e9rempli. [&hellip;]<\/p>\n","protected":false},"featured_media":4508,"comment_status":"open","ping_status":"closed","template":"","meta":{"site-sidebar-layout":"no-sidebar","site-content-layout":"page-builder","ast-site-content-layout":"normal-width-container","site-content-style":"default","site-sidebar-style":"default","ast-global-header-display":"","ast-banner-title-visibility":"","ast-main-header-display":"","ast-hfb-above-header-display":"","ast-hfb-below-header-display":"","ast-hfb-mobile-header-display":"","site-post-title":"disabled","ast-breadcrumbs-content":"","ast-featured-img":"disabled","footer-sml-layout":"","ast-disable-related-posts":"","theme-transparent-header-meta":"default","adv-header-id-meta":"","stick-header-meta":"default","header-above-stick-meta":"","header-main-stick-meta":"","header-below-stick-meta":"","astra-migrate-meta-layouts":"set","ast-page-background-enabled":"default","ast-page-background-meta":{"desktop":{"background-color":"","background-image":"","background-repeat":"repeat","background-position":"center center","background-size":"auto","background-attachment":"scroll","background-type":"","background-media":"","overlay-type":"","overlay-color":"","overlay-opacity":"","overlay-gradient":""},"tablet":{"background-color":"","background-image":"","background-repeat":"repeat","background-position":"center center","background-size":"auto","background-attachment":"scroll","background-type":"","background-media":"","overlay-type":"","overlay-color":"","overlay-opacity":"","overlay-gradient":""},"mobile":{"background-color":"","background-image":"","background-repeat":"repeat","background-position":"center center","background-size":"auto","background-attachment":"scroll","background-type":"","background-media":"","overlay-type":"","overlay-color":"","overlay-opacity":"","overlay-gradient":""}},"ast-content-background-meta":{"desktop":{"background-color":"var(--ast-global-color-5)","background-image":"","background-repeat":"repeat","background-position":"center center","background-size":"auto","background-attachment":"scroll","background-type":"","background-media":"","overlay-type":"","overlay-color":"","overlay-opacity":"","overlay-gradient":""},"tablet":{"background-color":"var(--ast-global-color-5)","background-image":"","background-repeat":"repeat","background-position":"center center","background-size":"auto","background-attachment":"scroll","background-type":"","background-media":"","overlay-type":"","overlay-color":"","overlay-opacity":"","overlay-gradient":""},"mobile":{"background-color":"var(--ast-global-color-5)","background-image":"","background-repeat":"repeat","background-position":"center center","background-size":"auto","background-attachment":"scroll","background-type":"","background-media":"","overlay-type":"","overlay-color":"","overlay-opacity":"","overlay-gradient":""}}},"product_brand":[42],"product_cat":[48,86,15],"product_tag":[],"class_list":{"0":"post-4518","1":"product","2":"type-product","3":"status-publish","4":"has-post-thumbnail","6":"product_brand-randm-tornado","7":"product_cat-randm-tornado-30000-concentre-de-fun","8":"product_cat-puff-30k","9":"product_cat-magasin-cigarette-electronique","10":"desktop-align-center","11":"tablet-align-center","12":"mobile-align-center","13":"ast-product-gallery-layout-horizontal","14":"ast-product-single-variable","15":"ast-product-tabs-layout-horizontal","16":"ast-qv-on-image","18":"first","19":"instock","20":"sale","21":"shipping-taxable","22":"purchasable","23":"product-type-variable","24":"has-default-attributes"},"tiered_pricing_type":"fixed","tiered_pricing_fixed_rules":{"50":9.38,"100":8.45,"200":7.95,"400":7.59},"tiered_pricing_product_settings":{"layout":"default","base_unit_name":{"singular":null,"plural":null},"default_variation":null},"tiered_pricing_minimum_quantity":null,"tiered_pricing_roles_data":[],"tiered_pricing_percentage_rules":[],"_links":{"self":[{"href":"https:\/\/puffvapestore.com\/nl\/wp-json\/wp\/v2\/product\/4518","targetHints":{"allow":["GET"]}}],"collection":[{"href":"https:\/\/puffvapestore.com\/nl\/wp-json\/wp\/v2\/product"}],"about":[{"href":"https:\/\/puffvapestore.com\/nl\/wp-json\/wp\/v2\/types\/product"}],"replies":[{"embeddable":true,"href":"https:\/\/puffvapestore.com\/nl\/wp-json\/wp\/v2\/comments?post=4518"}],"version-history":[{"count":7,"href":"https:\/\/puffvapestore.com\/nl\/wp-json\/wp\/v2\/product\/4518\/revisions"}],"predecessor-version":[{"id":4647,"href":"https:\/\/puffvapestore.com\/nl\/wp-json\/wp\/v2\/product\/4518\/revisions\/4647"}],"wp:featuredmedia":[{"embeddable":true,"href":"https:\/\/puffvapestore.com\/nl\/wp-json\/wp\/v2\/media\/4508"}],"wp:attachment":[{"href":"https:\/\/puffvapestore.com\/nl\/wp-json\/wp\/v2\/media?parent=4518"}],"wp:term":[{"taxonomy":"product_brand","embeddable":true,"href":"https:\/\/puffvapestore.com\/nl\/wp-json\/wp\/v2\/product_brand?post=4518"},{"taxonomy":"product_cat","embeddable":true,"href":"https:\/\/puffvapestore.com\/nl\/wp-json\/wp\/v2\/product_cat?post=4518"},{"taxonomy":"product_tag","embeddable":true,"href":"https:\/\/puffvapestore.com\/nl\/wp-json\/wp\/v2\/product_tag?post=4518"}],"curies":[{"name":"wp","href":"https:\/\/api.w.org\/{rel}","templated":true}]}}