{"id":4433,"date":"2025-07-05T07:01:03","date_gmt":"2025-07-05T07:01:03","guid":{"rendered":"https:\/\/puffvapestore.com\/?post_type=product&#038;p=4433"},"modified":"2026-01-19T10:35:08","modified_gmt":"2026-01-19T10:35:08","slug":"banana-ice-randm-tornado-25000","status":"publish","type":"product","link":"https:\/\/puffvapestore.com\/nl\/product\/bananenijs-randm-tornado-25000\/","title":{"rendered":"RandM Tornado 25000 - Bananenijs"},"content":{"rendered":"<div data-elementor-type=\"wp-post\" data-elementor-id=\"4433\" class=\"elementor elementor-4433\">\n\t\t\t\t<div class=\"elementor-element elementor-element-08c26f9 e-flex e-con-boxed e-con e-parent\" data-id=\"08c26f9\" data-element_type=\"container\" data-e-type=\"container\">\n\t\t\t\t\t<div class=\"e-con-inner\">\n\t\t\t\t<div class=\"elementor-element elementor-element-a005a97 elementor-widget elementor-widget-text-editor\" data-id=\"a005a97\" data-element_type=\"widget\" data-e-type=\"widget\" data-widget_type=\"text-editor.default\">\n\t\t\t\t<div class=\"elementor-widget-container\">\n\t\t\t\t\t\t\t\t\t<p>Neem de elektronische sigaret RandM Tornado 25000 Banana Ice uit de zak en trek een licht trekje, alsof je een vleugje frisse zoetheid toevoegt aan dit romantische tafereel. Deze elektronische sigaret met bananenijs als hoofdsmaak combineert de intense zoetheid van tropisch fruit met de frisheid van ijsmunt, voor een bedwelmende smaakervaring, alsof de bries je gezicht streelt op een avondmarkt op het Franse platteland.<\/p><h2>Smaak: De unieke charme van Banana Ice<\/h2><p>De Banana Ice smaak is ge\u00efnspireerd op de zijdezachte zoetheid van rijpe bananen. In de mond geeft de rook een krachtige tropische smaak af, alsof je in een vers geplukte banaan bijt, met een intens fruitig aroma en duidelijke noten. Dan neemt een zachte mintgeur het over, als een koele bries die door een avondmarkt waait, waardoor de zintuigen onmiddellijk ontwaken en elk trekje verfrissend en niet vet is. Deze heerlijke balans van zoetheid en frisheid is ideaal om te ontspannen in de levendige sfeer van een Franse avondmarkt, en zorgt ook voor een aangenaam vleugje frisheid op lange zomeravonden.<\/p><p>Dankzij de geavanceerde dual-mesh weerstandstechnologie van de RandM Tornado 25000, geeft elk trekje van de RandM Tornado 25000 Frozen Banana smaak een rijk, fruitig bananenaroma en een stabiele ijzige rook vrij. Van de eerste tot de 25.000ste trek, de smaak is consistent en de mix van zoetheid en frisheid is altijd bevredigend. Of je nu alleen over het geplaveide pad van de nachtmarkt slentert of met vrienden rond een openluchtbar zit, deze elektronische sigaret kan van jou de meest verslavende aanwezigheid maken in de Franse plattelandsnacht.<\/p>\t\t\t\t\t\t\t\t<\/div>\n\t\t\t\t<\/div>\n\t\t\t\t\t<\/div>\n\t\t\t\t<\/div>\n\t\t<div class=\"elementor-element elementor-element-718b380 e-flex e-con-boxed e-con e-parent\" data-id=\"718b380\" data-element_type=\"container\" data-e-type=\"container\">\n\t\t\t\t\t<div class=\"e-con-inner\">\n\t\t\t\t<div class=\"elementor-element elementor-element-d2cc8fa elementor-widget elementor-widget-text-editor\" data-id=\"d2cc8fa\" data-element_type=\"widget\" data-e-type=\"widget\" data-widget_type=\"text-editor.default\">\n\t\t\t\t<div class=\"elementor-widget-container\">\n\t\t\t\t\t\t\t\t\t<h2>Productkenmerken<\/h2><p>Aantal trekjes : Tot 25.000 trekjes, ontworpen voor intensieve gebruikers of mensen die op zoek zijn naar een ultralange autonomie, zonder dat ze hun apparaat vaak hoeven te vervangen.<\/p><p>Batterijcapaciteit: Ingebouwde 700 mAh oplaadbare batterij met hoge prestaties, compatibel met snelladen Type-C, hoge oplaadeffici\u00ebntie en kortere wachttijd.<\/p><p>Vloeistofinhoud: 20 ml e-liquid met voorge\u00efnstalleerde nicotinezouten van hoge kwaliteit, met nicotineconcentraties van 2 % of 5 % om aan de behoeften van elke gebruiker te voldoen.<\/p><p>Weerstandstechnologie: Geavanceerde weerstandstechnologie met dubbele mazen voor een rijke smaak en stabiele rook van de eerste tot de laatste trek.<\/p><p>Display: Uitgerust met een high-definition TFT-touchscreen, geeft het de batterijlading, resterende e-vloeistof en energie-instellingen in realtime weer, voor intu\u00eftief gebruik en duidelijke informatie in \u00e9\u00e9n oogopslag.<\/p><p>Aanraakbediening: Innovatieve, gebruiksvriendelijke aanraakschakelaar:<\/p><ul><li>Dubbelklik om het apparaat te starten;<\/li><li>Drie keer klikken om de energie-uitgangsmodus te wijzigen; vier keer klikken om de ge\u00efntegreerde minigame-modus te openen;<\/li><li>Met \u00e9\u00e9n klik start je het spel.<\/li><\/ul><p>Ontwerp: Lichtgewicht, elegant en modern, gemakkelijk mee te nemen, zowel aantrekkelijk als praktisch.<\/p><p>Extra functies: Unieke ingebouwde minigames (zoals klikkerspelletjes) bieden gebruikers een unieke amusementservaring, die de enkele functie van traditionele elektronische wegwerpsigaretten doorbreekt.<\/p><h2>Productkenmerken en -voordelen<\/h2><p>Klaar voor gebruik: Geen ingewikkelde instellingen of onderhoud nodig, dus je kunt er meteen mee aan de slag, geschikt voor zowel beginners als actieve gebruikers.<\/p><p>Uitstekende smaak: De weerstandstechnologie met dubbele mazen levert een zachte, rijke smaak, en elk trekje heeft een consistente smaak voor ultieme voldoening.<\/p><p>Lange levensduur van de batterij: De 700 mAh batterij in combinatie met Type-C snel opladen zorgt voor langdurig gebruik, optimaliseert het gebruik van e-liquid en voorkomt verspilling.<\/p><p>Draagbaarheid: Compact en lichtgewicht, gemakkelijk in je zak of tas te stoppen, zodat je er altijd en overal van kunt genieten.<\/p><p>Entertainment-ervaring: Exclusieve ge\u00efntegreerde minigame-functie voor nog meer plezier, waardoor de RandM Tornado 25000 zich onderscheidt van de rest.<\/p><p>Aanpassing: De instelbare luchtstroom en meerdere nicotineconcentratie-opties geven gebruikers de vrijheid om zich aan te passen aan hun eigen voorkeuren om aan verschillende behoeften te voldoen.<\/p>\t\t\t\t\t\t\t\t<\/div>\n\t\t\t\t<\/div>\n\t\t\t\t\t<\/div>\n\t\t\t\t<\/div>\n\t\t\t\t<\/div>","protected":false},"excerpt":{"rendered":"<p>Sortez la cigarette \u00e9lectronique RandM Tornado 25000 Banana Ice et prenez une l\u00e9g\u00e8re bouff\u00e9e, comme pour ajouter une touche de douceur fra\u00eeche \u00e0 cette sc\u00e8ne romantique. Cette cigarette \u00e9lectronique \u00e0 la banane glac\u00e9e comme saveur principale allie la douceur intense des fruits tropicaux \u00e0 la fra\u00eecheur de la menthe glac\u00e9e, pour une exp\u00e9rience gustative enivrante, [&hellip;]<\/p>\n","protected":false},"featured_media":4238,"comment_status":"open","ping_status":"closed","template":"","meta":{"site-sidebar-layout":"no-sidebar","site-content-layout":"page-builder","ast-site-content-layout":"normal-width-container","site-content-style":"default","site-sidebar-style":"default","ast-global-header-display":"","ast-banner-title-visibility":"","ast-main-header-display":"","ast-hfb-above-header-display":"","ast-hfb-below-header-display":"","ast-hfb-mobile-header-display":"","site-post-title":"disabled","ast-breadcrumbs-content":"","ast-featured-img":"disabled","footer-sml-layout":"","ast-disable-related-posts":"","theme-transparent-header-meta":"default","adv-header-id-meta":"","stick-header-meta":"default","header-above-stick-meta":"","header-main-stick-meta":"","header-below-stick-meta":"","astra-migrate-meta-layouts":"set","ast-page-background-enabled":"default","ast-page-background-meta":{"desktop":{"background-color":"","background-image":"","background-repeat":"repeat","background-position":"center center","background-size":"auto","background-attachment":"scroll","background-type":"","background-media":"","overlay-type":"","overlay-color":"","overlay-opacity":"","overlay-gradient":""},"tablet":{"background-color":"","background-image":"","background-repeat":"repeat","background-position":"center center","background-size":"auto","background-attachment":"scroll","background-type":"","background-media":"","overlay-type":"","overlay-color":"","overlay-opacity":"","overlay-gradient":""},"mobile":{"background-color":"","background-image":"","background-repeat":"repeat","background-position":"center center","background-size":"auto","background-attachment":"scroll","background-type":"","background-media":"","overlay-type":"","overlay-color":"","overlay-opacity":"","overlay-gradient":""}},"ast-content-background-meta":{"desktop":{"background-color":"var(--ast-global-color-5)","background-image":"","background-repeat":"repeat","background-position":"center center","background-size":"auto","background-attachment":"scroll","background-type":"","background-media":"","overlay-type":"","overlay-color":"","overlay-opacity":"","overlay-gradient":""},"tablet":{"background-color":"var(--ast-global-color-5)","background-image":"","background-repeat":"repeat","background-position":"center center","background-size":"auto","background-attachment":"scroll","background-type":"","background-media":"","overlay-type":"","overlay-color":"","overlay-opacity":"","overlay-gradient":""},"mobile":{"background-color":"var(--ast-global-color-5)","background-image":"","background-repeat":"repeat","background-position":"center center","background-size":"auto","background-attachment":"scroll","background-type":"","background-media":"","overlay-type":"","overlay-color":"","overlay-opacity":"","overlay-gradient":""}}},"product_brand":[42],"product_cat":[47,87,15],"product_tag":[],"class_list":{"0":"post-4433","1":"product","2":"type-product","3":"status-publish","4":"has-post-thumbnail","6":"product_brand-randm-tornado","7":"product_cat-randm-tornado-25000-allie-portabilite-et-personnalisation","8":"product_cat-puff-25k","9":"product_cat-magasin-cigarette-electronique","10":"desktop-align-center","11":"tablet-align-center","12":"mobile-align-center","13":"ast-product-gallery-layout-horizontal","14":"ast-product-single-variable","15":"ast-product-tabs-layout-horizontal","16":"ast-qv-on-image","18":"first","19":"instock","20":"sale","21":"shipping-taxable","22":"purchasable","23":"product-type-variable","24":"has-default-attributes"},"tiered_pricing_type":"fixed","tiered_pricing_fixed_rules":{"30":10.17,"60":9.22,"100":8.38,"200":8.08,"500":7.88,"1000":7.48},"tiered_pricing_product_settings":{"layout":"default","base_unit_name":{"singular":null,"plural":null},"default_variation":null},"tiered_pricing_minimum_quantity":null,"tiered_pricing_roles_data":[],"tiered_pricing_percentage_rules":[],"_links":{"self":[{"href":"https:\/\/puffvapestore.com\/nl\/wp-json\/wp\/v2\/product\/4433","targetHints":{"allow":["GET"]}}],"collection":[{"href":"https:\/\/puffvapestore.com\/nl\/wp-json\/wp\/v2\/product"}],"about":[{"href":"https:\/\/puffvapestore.com\/nl\/wp-json\/wp\/v2\/types\/product"}],"replies":[{"embeddable":true,"href":"https:\/\/puffvapestore.com\/nl\/wp-json\/wp\/v2\/comments?post=4433"}],"version-history":[{"count":7,"href":"https:\/\/puffvapestore.com\/nl\/wp-json\/wp\/v2\/product\/4433\/revisions"}],"predecessor-version":[{"id":10741,"href":"https:\/\/puffvapestore.com\/nl\/wp-json\/wp\/v2\/product\/4433\/revisions\/10741"}],"wp:featuredmedia":[{"embeddable":true,"href":"https:\/\/puffvapestore.com\/nl\/wp-json\/wp\/v2\/media\/4238"}],"wp:attachment":[{"href":"https:\/\/puffvapestore.com\/nl\/wp-json\/wp\/v2\/media?parent=4433"}],"wp:term":[{"taxonomy":"product_brand","embeddable":true,"href":"https:\/\/puffvapestore.com\/nl\/wp-json\/wp\/v2\/product_brand?post=4433"},{"taxonomy":"product_cat","embeddable":true,"href":"https:\/\/puffvapestore.com\/nl\/wp-json\/wp\/v2\/product_cat?post=4433"},{"taxonomy":"product_tag","embeddable":true,"href":"https:\/\/puffvapestore.com\/nl\/wp-json\/wp\/v2\/product_tag?post=4433"}],"curies":[{"name":"wp","href":"https:\/\/api.w.org\/{rel}","templated":true}]}}