{"id":4379,"date":"2025-07-04T08:00:18","date_gmt":"2025-07-04T08:00:18","guid":{"rendered":"https:\/\/puffvapestore.com\/?post_type=product&#038;p=4379"},"modified":"2026-01-19T10:35:08","modified_gmt":"2026-01-19T10:35:08","slug":"r-and-m-tornado-25000-strawberry-watermelon","status":"publish","type":"product","link":"https:\/\/puffvapestore.com\/nl\/product\/r-en-m-tornado-25000-aardbei-watermeloen\/","title":{"rendered":"RandM Tornado 25000 - Aardbei Watermeloen"},"content":{"rendered":"<div data-elementor-type=\"wp-post\" data-elementor-id=\"4379\" class=\"elementor elementor-4379\">\n\t\t\t\t<div class=\"elementor-element elementor-element-08c26f9 e-flex e-con-boxed e-con e-parent\" data-id=\"08c26f9\" data-element_type=\"container\" data-e-type=\"container\">\n\t\t\t\t\t<div class=\"e-con-inner\">\n\t\t\t\t<div class=\"elementor-element elementor-element-a005a97 elementor-widget elementor-widget-text-editor\" data-id=\"a005a97\" data-element_type=\"widget\" data-e-type=\"widget\" data-widget_type=\"text-editor.default\">\n\t\t\t\t<div class=\"elementor-widget-container\">\n\t\t\t\t\t\t\t\t\t<p>R and M Tornado 25000 Strawberry Watermelon is een populaire elektronische wegwerpsigaret. De aardbeiwatermeloensmaak combineert de zoetheid en frisheid van twee klassieke vruchten.<\/p><h2>Smaakkenmerken<\/h2><p><strong>De zoetheid van aardbeien :<\/strong><br \/>Aardbei staat centraal in deze smaak en zorgt voor een rijke, natuurlijke zoetheid die het aroma en de smaak van rijpe aardbeien nabootst. Bij het inhaleren bereikt de aardbeienzoetheid als eerste de smaakpapillen en biedt een zacht, rond fruitig aroma, dat een heldere basis vormt voor de uiteindelijke smaak.<\/p><p><strong>Verse en sappige watermeloen:<\/strong><br \/>De smaak van watermeloen combineert perfect met die van aardbei, waardoor het een frisse, sappige smaak krijgt, alsof je in een ijskoude watermeloen bijt op een warme zomerdag. Watermeloen is iets minder zoet dan aardbei en laat meer van de natuurlijke zoetheid en romigheid van de vrucht zien, waardoor de rijke zoetheid van aardbei wordt gecompenseerd.<\/p><p><strong>Fusion van aardbei en watermeloen :<\/strong><br \/>Het unieke van deze smaak ligt in de harmonie tussen aardbei en watermeloen. De twee vormen een perfecte smaakbalans: aardbei biedt een rijk fruitig aroma en zoetheid, terwijl watermeloen een verfrissend lichte toets toevoegt. Bij het inademen overheerst de zoetheid van aardbei, die geleidelijk samenkomt met de frisheid van watermeloen; bij het uitademen is de frisheid van watermeloen meer uitgesproken en de nasmaak van aardbei weerklinkt zachtjes in de mond en biedt een bevredigende afdronk.<\/p><h2>Gedetailleerde ervaring<\/h2><p><strong>Inademing\u00a0<\/strong>Bij de eerste inhalatie dringt het zoete, fruitige aroma van aardbei de smaakpapillen binnen en zorgt voor een warme, vertrouwde fruitige sensatie, vergezeld van een licht zoetzure ondertoon. De frisheid van watermeloen komt dan langzaam naar boven en voegt een vleugje waterige frisheid toe aan het geheel.<\/p><p><strong>Vervaldatum\u00a0<\/strong>Bij het uitademen zijn de verfrissende kenmerken van watermeloen duidelijker aanwezig, met een zoetheid die lijkt op die van sap, terwijl de zoete nasmaak van aardbei in de mond blijft hangen en een aangename afdronk vormt.<\/p><p><strong>Nasmaak<\/strong>\u00a0De afdronk is fris en niet zoet. De smaken van aardbei en watermeloen blijven licht hangen in de mond, niet te sterk en niet monotoon.<\/p>\t\t\t\t\t\t\t\t<\/div>\n\t\t\t\t<\/div>\n\t\t\t\t\t<\/div>\n\t\t\t\t<\/div>\n\t\t<div class=\"elementor-element elementor-element-718b380 e-flex e-con-boxed e-con e-parent\" data-id=\"718b380\" data-element_type=\"container\" data-e-type=\"container\">\n\t\t\t\t\t<div class=\"e-con-inner\">\n\t\t\t\t<div class=\"elementor-element elementor-element-d2cc8fa elementor-widget elementor-widget-text-editor\" data-id=\"d2cc8fa\" data-element_type=\"widget\" data-e-type=\"widget\" data-widget_type=\"text-editor.default\">\n\t\t\t\t<div class=\"elementor-widget-container\">\n\t\t\t\t\t\t\t\t\t<h2>Specificaties van de RandM Tornado 25000 :<\/h2><p>Aantal trekjes : Tot 25.000, ideaal voor zware rokers of mensen die langdurig gebruik willen zonder vaak te hoeven vervangen.<\/p><p>Batterij: 700 mAh oplaadbare batterij met Type-C snel opladen.<\/p><p>E-vloeistof: Voorgevuld met 20 ml e-vloeistof, nicotinezoutconcentratie van 2 % of 5 %.<\/p><p>Weerstandstechnologie: Dubbelmazige weerstanden leveren een rijke, consistente smaak en dichte damp gedurende hun hele levensduur.<\/p><p>Display: Uitgerust met een high-definition TFT touchscreen, geeft het batterijniveau, resterende e-liquid niveau en uitgangsvermogen instellingen in real-time weer.<\/p><p>Aanraakbediening: Een innovatieve aanraakschakelaar maakt het eenvoudig om het vermogen aan te passen (dubbelklikken om te activeren, drie keer klikken om het vermogen te wijzigen, vier keer klikken om over te schakelen naar de spelmodus, \u00e9\u00e9n keer klikken om te beginnen met spelen).<\/p><p>Ontwerp: Compact en lichtgewicht, gemakkelijk mee te nemen, elegant en modern.<\/p><p>Aanpasbare luchtstroom: Aanpasbare dampstroom om aan je rookvoorkeuren te voldoen.<\/p><h2>Kenmerken en voordelen van de RandM Tornado 25000 :<\/h2><p>Gemakkelijk te gebruiken: Geen onderhoud, navulling of vervanging van onderdelen nodig; open gewoon de verpakking en gebruik deze elektronische sigaret.<\/p><p>Smaak: Gebruikers waarderen de rijke, consistente smaak en romige stoom, versterkt door de weerstand met dubbele mazen.<\/p><p>Autonomie: De 700 mAh batterij, gecombineerd met de snellaadfunctie, maakt herhaald opladen en gebruik mogelijk, waardoor verspilling van e-liquid door een ontladen batterij wordt voorkomen.<\/p><p>Draagbaarheid: Dankzij het lichte, compacte ontwerp is hij gemakkelijk te verplaatsen.<\/p><p>Ingebouwde minigamesfunctie: Ondersteunt kleine spelletjes, zoals click-to-play minigames, voor een unieke entertainmentervaring die je zelden vindt op andere elektronische wegwerpsigaretten op de markt.<\/p>\t\t\t\t\t\t\t\t<\/div>\n\t\t\t\t<\/div>\n\t\t\t\t\t<\/div>\n\t\t\t\t<\/div>\n\t\t\t\t<\/div>","protected":false},"excerpt":{"rendered":"<p>R and M Tornado 25000 Fraise Past\u00e8que est une cigarette \u00e9lectronique jetable populaire. Son ar\u00f4me fraise past\u00e8que allie la douceur et la fra\u00eecheur de deux fruits classiques. Caract\u00e9ristiques gustatives La douceur et la douceur de la fraise\u00a0: La fraise est au c\u0153ur de cette saveur, apportant une douceur riche et naturelle, imitant l&rsquo;ar\u00f4me et le [&hellip;]<\/p>\n","protected":false},"featured_media":4280,"comment_status":"open","ping_status":"closed","template":"","meta":{"site-sidebar-layout":"no-sidebar","site-content-layout":"page-builder","ast-site-content-layout":"normal-width-container","site-content-style":"default","site-sidebar-style":"default","ast-global-header-display":"","ast-banner-title-visibility":"","ast-main-header-display":"","ast-hfb-above-header-display":"","ast-hfb-below-header-display":"","ast-hfb-mobile-header-display":"","site-post-title":"disabled","ast-breadcrumbs-content":"","ast-featured-img":"disabled","footer-sml-layout":"","ast-disable-related-posts":"","theme-transparent-header-meta":"default","adv-header-id-meta":"","stick-header-meta":"default","header-above-stick-meta":"","header-main-stick-meta":"","header-below-stick-meta":"","astra-migrate-meta-layouts":"set","ast-page-background-enabled":"default","ast-page-background-meta":{"desktop":{"background-color":"","background-image":"","background-repeat":"repeat","background-position":"center center","background-size":"auto","background-attachment":"scroll","background-type":"","background-media":"","overlay-type":"","overlay-color":"","overlay-opacity":"","overlay-gradient":""},"tablet":{"background-color":"","background-image":"","background-repeat":"repeat","background-position":"center center","background-size":"auto","background-attachment":"scroll","background-type":"","background-media":"","overlay-type":"","overlay-color":"","overlay-opacity":"","overlay-gradient":""},"mobile":{"background-color":"","background-image":"","background-repeat":"repeat","background-position":"center center","background-size":"auto","background-attachment":"scroll","background-type":"","background-media":"","overlay-type":"","overlay-color":"","overlay-opacity":"","overlay-gradient":""}},"ast-content-background-meta":{"desktop":{"background-color":"var(--ast-global-color-5)","background-image":"","background-repeat":"repeat","background-position":"center center","background-size":"auto","background-attachment":"scroll","background-type":"","background-media":"","overlay-type":"","overlay-color":"","overlay-opacity":"","overlay-gradient":""},"tablet":{"background-color":"var(--ast-global-color-5)","background-image":"","background-repeat":"repeat","background-position":"center center","background-size":"auto","background-attachment":"scroll","background-type":"","background-media":"","overlay-type":"","overlay-color":"","overlay-opacity":"","overlay-gradient":""},"mobile":{"background-color":"var(--ast-global-color-5)","background-image":"","background-repeat":"repeat","background-position":"center center","background-size":"auto","background-attachment":"scroll","background-type":"","background-media":"","overlay-type":"","overlay-color":"","overlay-opacity":"","overlay-gradient":""}}},"product_brand":[42],"product_cat":[47,87,15],"product_tag":[],"class_list":{"0":"post-4379","1":"product","2":"type-product","3":"status-publish","4":"has-post-thumbnail","6":"product_brand-randm-tornado","7":"product_cat-randm-tornado-25000-allie-portabilite-et-personnalisation","8":"product_cat-puff-25k","9":"product_cat-magasin-cigarette-electronique","10":"desktop-align-center","11":"tablet-align-center","12":"mobile-align-center","13":"ast-product-gallery-layout-horizontal","14":"ast-product-single-variable","15":"ast-product-tabs-layout-horizontal","16":"ast-qv-on-image","18":"first","19":"instock","20":"sale","21":"shipping-taxable","22":"purchasable","23":"product-type-variable","24":"has-default-attributes"},"tiered_pricing_type":"fixed","tiered_pricing_fixed_rules":{"30":10.17,"60":9.22,"100":8.38,"200":8.08,"500":7.88,"1000":7.48},"tiered_pricing_product_settings":{"layout":"default","base_unit_name":{"singular":null,"plural":null},"default_variation":null},"tiered_pricing_minimum_quantity":null,"tiered_pricing_roles_data":[],"tiered_pricing_percentage_rules":[],"_links":{"self":[{"href":"https:\/\/puffvapestore.com\/nl\/wp-json\/wp\/v2\/product\/4379","targetHints":{"allow":["GET"]}}],"collection":[{"href":"https:\/\/puffvapestore.com\/nl\/wp-json\/wp\/v2\/product"}],"about":[{"href":"https:\/\/puffvapestore.com\/nl\/wp-json\/wp\/v2\/types\/product"}],"replies":[{"embeddable":true,"href":"https:\/\/puffvapestore.com\/nl\/wp-json\/wp\/v2\/comments?post=4379"}],"version-history":[{"count":7,"href":"https:\/\/puffvapestore.com\/nl\/wp-json\/wp\/v2\/product\/4379\/revisions"}],"predecessor-version":[{"id":4388,"href":"https:\/\/puffvapestore.com\/nl\/wp-json\/wp\/v2\/product\/4379\/revisions\/4388"}],"wp:featuredmedia":[{"embeddable":true,"href":"https:\/\/puffvapestore.com\/nl\/wp-json\/wp\/v2\/media\/4280"}],"wp:attachment":[{"href":"https:\/\/puffvapestore.com\/nl\/wp-json\/wp\/v2\/media?parent=4379"}],"wp:term":[{"taxonomy":"product_brand","embeddable":true,"href":"https:\/\/puffvapestore.com\/nl\/wp-json\/wp\/v2\/product_brand?post=4379"},{"taxonomy":"product_cat","embeddable":true,"href":"https:\/\/puffvapestore.com\/nl\/wp-json\/wp\/v2\/product_cat?post=4379"},{"taxonomy":"product_tag","embeddable":true,"href":"https:\/\/puffvapestore.com\/nl\/wp-json\/wp\/v2\/product_tag?post=4379"}],"curies":[{"name":"wp","href":"https:\/\/api.w.org\/{rel}","templated":true}]}}