{"id":4361,"date":"2025-07-05T11:42:09","date_gmt":"2025-07-05T11:42:09","guid":{"rendered":"https:\/\/puffvapestore.com\/?post_type=product&#038;p=4361"},"modified":"2026-01-19T10:35:08","modified_gmt":"2026-01-19T10:35:08","slug":"puff-randm-tornado-25000-cherry-cola","status":"publish","type":"product","link":"https:\/\/puffvapestore.com\/nl\/product\/puff-randm-tornado-25000-kersencola\/","title":{"rendered":"RandM Tornado 25000 - Kersencola"},"content":{"rendered":"<div data-elementor-type=\"wp-post\" data-elementor-id=\"4361\" class=\"elementor elementor-4361\">\n\t\t\t\t<div class=\"elementor-element elementor-element-08c26f9 e-flex e-con-boxed e-con e-parent\" data-id=\"08c26f9\" data-element_type=\"container\" data-e-type=\"container\">\n\t\t\t\t\t<div class=\"e-con-inner\">\n\t\t\t\t<div class=\"elementor-element elementor-element-a005a97 elementor-widget elementor-widget-text-editor\" data-id=\"a005a97\" data-element_type=\"widget\" data-e-type=\"widget\" data-widget_type=\"text-editor.default\">\n\t\t\t\t<div class=\"elementor-widget-container\">\n\t\t\t\t\t\t\t\t\t<p>Deze Cherry Cola smaak is ideaal voor vapers die houden van een fruitige, verfrissende combinatie, vooral bij warm weer of tijdens het ontspannen. Het roept de nostalgie op van de klassieke Cherry Cola, terwijl het een geheel nieuwe vaping ervaring biedt. Voor dagelijks gebruik of onderweg, de draagbaarheid en langdurige vaping capaciteit (25,000 puffs) maken het een betrouwbare keuze.<\/p><h3>Topnoot: zoete kers<\/h3><p>Zodra je inhaleert, is de eerste sensatie het rijke kersenaroma. Dit kersenaroma is geen kunstmatige zoetigheid, maar een zoete combinatie van vers fruit en gekonfijte kers, met een subtiele pittige fruitige noot die de indruk van realisme en complexiteit versterkt.<\/p><h3>Hartnoot: intense colasmaak<\/h3><p>Het fruitige kersenaroma mengt zich op natuurlijke wijze met de typische colasmaak. Deze colasmaak brengt een sensatie van bubbels, alsof je het gefluit van bruisende drankjes ervaart bij het inhaleren. Zonder te sterk te zijn, laat het ruimte voor de kers en behoudt het de algehele balans.<\/p><h3>Basisnoot: frisheid in de mond en afdronk<\/h3><p>De uitademing van de rook geeft een lichte frisheid van munt. Deze frisheid is niet scherp, maar verheldert de algehele smaak, waardoor de afdronk verfrissender en zuiverder wordt. Het balanceert de zoetheid van de top- en middennoten, waardoor een vettig mondgevoel wordt vermeden.<\/p><h3>Algemene indruk<\/h3><ul><li>Smaak: zoet en zuur, rijk zonder vettig te zijn, verfrissende afdronk<\/li><li>Zoetheid: gemiddeld-hoog (neigt meer naar fruitige zoetheid dan naar enkelvoudige suiker)<\/li><li>Werkelijkheid: hoog, de smaakweergave is uitstekend, alsof je een ijskoude kersencola drinkt.<\/li><\/ul>\t\t\t\t\t\t\t\t<\/div>\n\t\t\t\t<\/div>\n\t\t\t\t\t<\/div>\n\t\t\t\t<\/div>\n\t\t<div class=\"elementor-element elementor-element-718b380 e-flex e-con-boxed e-con e-parent\" data-id=\"718b380\" data-element_type=\"container\" data-e-type=\"container\">\n\t\t\t\t\t<div class=\"e-con-inner\">\n\t\t\t\t<div class=\"elementor-element elementor-element-d2cc8fa elementor-widget elementor-widget-text-editor\" data-id=\"d2cc8fa\" data-element_type=\"widget\" data-e-type=\"widget\" data-widget_type=\"text-editor.default\">\n\t\t\t\t<div class=\"elementor-widget-container\">\n\t\t\t\t\t\t\t\t\t<h2>Specificaties van de RandM Tornado 25000 :<\/h2><p>Aantal trekjes : Tot 25.000, ideaal voor zware rokers of mensen die langdurig gebruik willen zonder vaak te hoeven vervangen.<\/p><p>Batterij: 700 mAh oplaadbare batterij met Type-C snel opladen.<\/p><p>E-vloeistof: Voorgevuld met 20 ml e-vloeistof, nicotinezoutconcentratie van 2 % of 5 %.<\/p><p>Weerstandstechnologie: Dubbelmazige weerstanden leveren een rijke, consistente smaak en dichte damp gedurende hun hele levensduur.<\/p><p>Display: Uitgerust met een high-definition TFT touchscreen, geeft het batterijniveau, resterende e-liquid niveau en uitgangsvermogen instellingen in real-time weer.<\/p><p>Aanraakbediening: Een innovatieve aanraakschakelaar maakt het eenvoudig om het vermogen aan te passen (dubbelklikken om te activeren, drie keer klikken om het vermogen te wijzigen, vier keer klikken om over te schakelen naar de spelmodus, \u00e9\u00e9n keer klikken om te beginnen met spelen).<\/p><p>Ontwerp: Compact en lichtgewicht, gemakkelijk mee te nemen, elegant en modern.<\/p><p>Aanpasbare luchtstroom: Aanpasbare dampstroom om aan je rookvoorkeuren te voldoen.<\/p><h2>Kenmerken en voordelen van de RandM Tornado 25000 :<\/h2><p>Gemakkelijk te gebruiken: Geen onderhoud, navulling of vervanging van onderdelen nodig; open gewoon de verpakking en gebruik deze elektronische sigaret.<\/p><p>Smaak: Gebruikers waarderen de rijke, consistente smaak en romige stoom, versterkt door de weerstand met dubbele mazen.<\/p><p>Autonomie: De 700 mAh batterij, gecombineerd met de snellaadfunctie, maakt herhaald opladen en gebruik mogelijk, waardoor verspilling van e-liquid door een ontladen batterij wordt voorkomen.<\/p><p>Draagbaarheid: Dankzij het lichte, compacte ontwerp is hij gemakkelijk te verplaatsen.<\/p><p>Ingebouwde minigamesfunctie: Ondersteunt kleine spelletjes, zoals click-to-play minigames, voor een unieke entertainmentervaring die je zelden vindt op andere elektronische wegwerpsigaretten op de markt.<\/p>\t\t\t\t\t\t\t\t<\/div>\n\t\t\t\t<\/div>\n\t\t\t\t\t<\/div>\n\t\t\t\t<\/div>\n\t\t\t\t<\/div>","protected":false},"excerpt":{"rendered":"<p>Cet ar\u00f4me Cherry Cola est id\u00e9al pour les vapoteurs qui appr\u00e9cient une combinaison fruit\u00e9e et rafra\u00eechissante, notamment par temps chaud ou pour les moments de d\u00e9tente. Il \u00e9voque la nostalgie du Cherry Cola classique tout en offrant une exp\u00e9rience de vapotage in\u00e9dite. Que ce soit pour une utilisation quotidienne ou \u00e0 emporter, sa portabilit\u00e9 et [&hellip;]<\/p>\n","protected":false},"featured_media":4248,"comment_status":"open","ping_status":"closed","template":"","meta":{"site-sidebar-layout":"no-sidebar","site-content-layout":"page-builder","ast-site-content-layout":"normal-width-container","site-content-style":"default","site-sidebar-style":"default","ast-global-header-display":"","ast-banner-title-visibility":"","ast-main-header-display":"","ast-hfb-above-header-display":"","ast-hfb-below-header-display":"","ast-hfb-mobile-header-display":"","site-post-title":"disabled","ast-breadcrumbs-content":"","ast-featured-img":"disabled","footer-sml-layout":"","ast-disable-related-posts":"","theme-transparent-header-meta":"default","adv-header-id-meta":"","stick-header-meta":"default","header-above-stick-meta":"","header-main-stick-meta":"","header-below-stick-meta":"","astra-migrate-meta-layouts":"set","ast-page-background-enabled":"default","ast-page-background-meta":{"desktop":{"background-color":"","background-image":"","background-repeat":"repeat","background-position":"center center","background-size":"auto","background-attachment":"scroll","background-type":"","background-media":"","overlay-type":"","overlay-color":"","overlay-opacity":"","overlay-gradient":""},"tablet":{"background-color":"","background-image":"","background-repeat":"repeat","background-position":"center center","background-size":"auto","background-attachment":"scroll","background-type":"","background-media":"","overlay-type":"","overlay-color":"","overlay-opacity":"","overlay-gradient":""},"mobile":{"background-color":"","background-image":"","background-repeat":"repeat","background-position":"center center","background-size":"auto","background-attachment":"scroll","background-type":"","background-media":"","overlay-type":"","overlay-color":"","overlay-opacity":"","overlay-gradient":""}},"ast-content-background-meta":{"desktop":{"background-color":"var(--ast-global-color-5)","background-image":"","background-repeat":"repeat","background-position":"center center","background-size":"auto","background-attachment":"scroll","background-type":"","background-media":"","overlay-type":"","overlay-color":"","overlay-opacity":"","overlay-gradient":""},"tablet":{"background-color":"var(--ast-global-color-5)","background-image":"","background-repeat":"repeat","background-position":"center center","background-size":"auto","background-attachment":"scroll","background-type":"","background-media":"","overlay-type":"","overlay-color":"","overlay-opacity":"","overlay-gradient":""},"mobile":{"background-color":"var(--ast-global-color-5)","background-image":"","background-repeat":"repeat","background-position":"center center","background-size":"auto","background-attachment":"scroll","background-type":"","background-media":"","overlay-type":"","overlay-color":"","overlay-opacity":"","overlay-gradient":""}}},"product_brand":[42],"product_cat":[47,87,15],"product_tag":[],"class_list":{"0":"post-4361","1":"product","2":"type-product","3":"status-publish","4":"has-post-thumbnail","6":"product_brand-randm-tornado","7":"product_cat-randm-tornado-25000-allie-portabilite-et-personnalisation","8":"product_cat-puff-25k","9":"product_cat-magasin-cigarette-electronique","10":"desktop-align-center","11":"tablet-align-center","12":"mobile-align-center","13":"ast-product-gallery-layout-horizontal","14":"ast-product-single-variable","15":"ast-product-tabs-layout-horizontal","16":"ast-qv-on-image","18":"first","19":"instock","20":"sale","21":"shipping-taxable","22":"purchasable","23":"product-type-variable","24":"has-default-attributes"},"tiered_pricing_type":"fixed","tiered_pricing_fixed_rules":{"30":10.17,"60":9.22,"100":8.38,"200":8.08,"500":7.88,"1000":7.48},"tiered_pricing_product_settings":{"layout":"default","base_unit_name":{"singular":null,"plural":null},"default_variation":null},"tiered_pricing_minimum_quantity":null,"tiered_pricing_roles_data":[],"tiered_pricing_percentage_rules":[],"_links":{"self":[{"href":"https:\/\/puffvapestore.com\/nl\/wp-json\/wp\/v2\/product\/4361","targetHints":{"allow":["GET"]}}],"collection":[{"href":"https:\/\/puffvapestore.com\/nl\/wp-json\/wp\/v2\/product"}],"about":[{"href":"https:\/\/puffvapestore.com\/nl\/wp-json\/wp\/v2\/types\/product"}],"replies":[{"embeddable":true,"href":"https:\/\/puffvapestore.com\/nl\/wp-json\/wp\/v2\/comments?post=4361"}],"version-history":[{"count":7,"href":"https:\/\/puffvapestore.com\/nl\/wp-json\/wp\/v2\/product\/4361\/revisions"}],"predecessor-version":[{"id":4753,"href":"https:\/\/puffvapestore.com\/nl\/wp-json\/wp\/v2\/product\/4361\/revisions\/4753"}],"wp:featuredmedia":[{"embeddable":true,"href":"https:\/\/puffvapestore.com\/nl\/wp-json\/wp\/v2\/media\/4248"}],"wp:attachment":[{"href":"https:\/\/puffvapestore.com\/nl\/wp-json\/wp\/v2\/media?parent=4361"}],"wp:term":[{"taxonomy":"product_brand","embeddable":true,"href":"https:\/\/puffvapestore.com\/nl\/wp-json\/wp\/v2\/product_brand?post=4361"},{"taxonomy":"product_cat","embeddable":true,"href":"https:\/\/puffvapestore.com\/nl\/wp-json\/wp\/v2\/product_cat?post=4361"},{"taxonomy":"product_tag","embeddable":true,"href":"https:\/\/puffvapestore.com\/nl\/wp-json\/wp\/v2\/product_tag?post=4361"}],"curies":[{"name":"wp","href":"https:\/\/api.w.org\/{rel}","templated":true}]}}