{"id":4302,"date":"2025-07-03T22:27:59","date_gmt":"2025-07-03T22:27:59","guid":{"rendered":"https:\/\/puffvapestore.com\/?post_type=product&#038;p=4302"},"modified":"2026-01-19T10:35:08","modified_gmt":"2026-01-19T10:35:08","slug":"randm-tornado-25000-mode-jeu-integre-et-puissance-reglable","status":"publish","type":"product","link":"https:\/\/puffvapestore.com\/nl\/product\/randm-tornado-25000-geintegreerde-afspeelmodus-en-instelbaar-vermogen\/","title":{"rendered":"RandM Tornado 25000 : 25000 pufjes, ge\u00efntegreerde afspeelmodus en instelbaar vermogen"},"content":{"rendered":"<div data-elementor-type=\"wp-post\" data-elementor-id=\"4302\" class=\"elementor elementor-4302\">\n\t\t\t\t<div class=\"elementor-element elementor-element-718b380 e-flex e-con-boxed e-con e-parent\" data-id=\"718b380\" data-element_type=\"container\" data-e-type=\"container\">\n\t\t\t\t\t<div class=\"e-con-inner\">\n\t\t\t\t<div class=\"elementor-element elementor-element-d2cc8fa elementor-widget elementor-widget-text-editor\" data-id=\"d2cc8fa\" data-element_type=\"widget\" data-e-type=\"widget\" data-widget_type=\"text-editor.default\">\n\t\t\t\t<div class=\"elementor-widget-container\">\n\t\t\t\t\t\t\t\t\t<h2>Specificaties van de RandM Tornado 25000 :<\/h2><p>Aantal trekjes : Tot 25.000, ideaal voor zware rokers of mensen die langdurig gebruik willen zonder vaak te hoeven vervangen.<\/p><p>Batterij: 700 mAh oplaadbare batterij met Type-C snel opladen.<\/p><p>E-vloeistof: Voorgevuld met 20 ml e-vloeistof, nicotinezoutconcentratie van 2 % of 5 %.<\/p><p>Weerstandstechnologie: Dubbelmazige weerstanden leveren een rijke, consistente smaak en dichte damp gedurende hun hele levensduur.<\/p><p>Display: Uitgerust met een high-definition TFT touchscreen, geeft het batterijniveau, resterende e-liquid niveau en uitgangsvermogen instellingen in real-time weer.<\/p><p>Aanraakbediening: Een innovatieve aanraakschakelaar maakt het eenvoudig om het vermogen aan te passen (dubbelklikken om te activeren, drie keer klikken om het vermogen te wijzigen, vier keer klikken om over te schakelen naar de spelmodus, \u00e9\u00e9n keer klikken om te beginnen met spelen).<\/p><p>Ontwerp: Compact en lichtgewicht, gemakkelijk mee te nemen, elegant en modern.<\/p><p>Aanpasbare luchtstroom: Aanpasbare dampstroom om aan je rookvoorkeuren te voldoen.<\/p><h2>Kenmerken en voordelen van de RandM Tornado 25000 :<\/h2><p>Gemakkelijk te gebruiken: Geen onderhoud, navulling of vervanging van onderdelen nodig; open gewoon de verpakking en gebruik deze elektronische sigaret.<\/p><p>Smaak: Gebruikers waarderen de rijke, consistente smaak en romige stoom, versterkt door de weerstand met dubbele mazen.<\/p><p>Autonomie: De 700 mAh batterij, gecombineerd met de snellaadfunctie, maakt herhaald opladen en gebruik mogelijk, waardoor verspilling van e-liquid door een ontladen batterij wordt voorkomen.<\/p><p>Draagbaarheid: Dankzij het lichte, compacte ontwerp is hij gemakkelijk te verplaatsen.<\/p><p>Ingebouwde minigamesfunctie: Ondersteunt kleine spelletjes, zoals click-to-play minigames, voor een unieke entertainmentervaring die je zelden vindt op andere elektronische wegwerpsigaretten op de markt.<\/p>\t\t\t\t\t\t\t\t<\/div>\n\t\t\t\t<\/div>\n\t\t\t\t\t<\/div>\n\t\t\t\t<\/div>\n\t\t<div class=\"elementor-element elementor-element-08c26f9 e-flex e-con-boxed e-con e-parent\" data-id=\"08c26f9\" data-element_type=\"container\" data-e-type=\"container\">\n\t\t\t\t\t<div class=\"e-con-inner\">\n\t\t\t\t<div class=\"elementor-element elementor-element-a005a97 elementor-widget elementor-widget-text-editor\" data-id=\"a005a97\" data-element_type=\"widget\" data-e-type=\"widget\" data-widget_type=\"text-editor.default\">\n\t\t\t\t<div class=\"elementor-widget-container\">\n\t\t\t\t\t\t\t\t\t<h2>De Fumot RandM Tornado 25000 biedt tot 25 smaken<\/h2><p>De Fumot RandM Tornado 25000 biedt tot 25 smaken, die een verscheidenheid aan smaken omvatten zoals fruit, fris en dessert, om aan de voorkeuren van elke gebruiker te voldoen. Fruitsmaken zijn onder andere \u00abBevroren Banaan\u00bb, \u00abSappige Bevroren Perzik\u00bb, \u00abBevroren Ananas\u00bb, \u00abWatermeloen Aardbei\u00bb, enz., die een rijk fruitaroma en een frisse sensatie bieden; \u00abFramboos Bosbes\u00bb, \u00abCitroen Druif\u00bb en \u00abWatermeloen Mango Perzik\u00bb bieden een rijke ervaring met gevarieerde fruitsmaken. Daarnaast bieden \u00abKiwi Passionfruit Guava\u00bb en \u00abTropical Rainbow Blast\u00bb een complexe, tropische smaakervaring voor liefhebbers van exotische smaken.<\/p><p>Verfrissende smaken zoals \u00abCool Mint\u00bb, \u00abMiami Mint\u00bb, \u00abBlack Ice\u00bb en \u00abLush Ice\u00bb zijn verfrissend met een mint- of ijzige basis, ideaal voor wie op zoek is naar een verkoelende sensatie. \u00abBlueberry Ice\u00bb, \u00abGrape Ice\u00bb en \u00abWatermelon Ice\u00bb voegen ijzige noten toe aan de fruitige basis om de frisheid van de smaak te versterken. Unieke dessert- en dranksmaken zoals Cherry Cola, Strawberry Mint Candy en White Gummy Ice bieden zoete en originele opties voor een meer verwennende ervaring.<\/p><p>Daarnaast benadrukken \u00abDouble Apple\u00bb en \u00abCherry Bomb\u00bb de intense smaak van \u00e9\u00e9n enkele vrucht, terwijl Dr. Blue bekend staat om zijn mysterieuze mix van blauwe vruchten, die een unieke ervaring bieden.<\/p>\t\t\t\t\t\t\t\t<\/div>\n\t\t\t\t<\/div>\n\t\t\t\t\t<\/div>\n\t\t\t\t<\/div>\n\t\t\t\t<\/div>","protected":false},"excerpt":{"rendered":"<p>Sp\u00e9cifications du RandM Tornado 25000\u00a0: Nombre de bouff\u00e9es\u00a0: Jusqu\u2019\u00e0 25000, id\u00e9al pour les gros fumeurs ou ceux qui recherchent une utilisation longue dur\u00e9e sans remplacements fr\u00e9quents. Batterie\u00a0: Batterie rechargeable de 700\u00a0mAh avec charge rapide Type-C. E-liquide\u00a0: Pr\u00e9rempli de 20\u00a0ml d\u2019e-liquide, concentration en sels de nicotine de 2\u00a0% ou 5\u00a0%. Technologie de r\u00e9sistance\u00a0: Les r\u00e9sistances \u00e0 [&hellip;]<\/p>\n","protected":false},"featured_media":4238,"comment_status":"open","ping_status":"closed","template":"","meta":{"site-sidebar-layout":"no-sidebar","site-content-layout":"page-builder","ast-site-content-layout":"normal-width-container","site-content-style":"default","site-sidebar-style":"default","ast-global-header-display":"","ast-banner-title-visibility":"","ast-main-header-display":"","ast-hfb-above-header-display":"","ast-hfb-below-header-display":"","ast-hfb-mobile-header-display":"","site-post-title":"disabled","ast-breadcrumbs-content":"","ast-featured-img":"disabled","footer-sml-layout":"","ast-disable-related-posts":"","theme-transparent-header-meta":"default","adv-header-id-meta":"","stick-header-meta":"default","header-above-stick-meta":"","header-main-stick-meta":"","header-below-stick-meta":"","astra-migrate-meta-layouts":"set","ast-page-background-enabled":"default","ast-page-background-meta":{"desktop":{"background-color":"","background-image":"","background-repeat":"repeat","background-position":"center center","background-size":"auto","background-attachment":"scroll","background-type":"","background-media":"","overlay-type":"","overlay-color":"","overlay-opacity":"","overlay-gradient":""},"tablet":{"background-color":"","background-image":"","background-repeat":"repeat","background-position":"center center","background-size":"auto","background-attachment":"scroll","background-type":"","background-media":"","overlay-type":"","overlay-color":"","overlay-opacity":"","overlay-gradient":""},"mobile":{"background-color":"","background-image":"","background-repeat":"repeat","background-position":"center center","background-size":"auto","background-attachment":"scroll","background-type":"","background-media":"","overlay-type":"","overlay-color":"","overlay-opacity":"","overlay-gradient":""}},"ast-content-background-meta":{"desktop":{"background-color":"var(--ast-global-color-5)","background-image":"","background-repeat":"repeat","background-position":"center center","background-size":"auto","background-attachment":"scroll","background-type":"","background-media":"","overlay-type":"","overlay-color":"","overlay-opacity":"","overlay-gradient":""},"tablet":{"background-color":"var(--ast-global-color-5)","background-image":"","background-repeat":"repeat","background-position":"center center","background-size":"auto","background-attachment":"scroll","background-type":"","background-media":"","overlay-type":"","overlay-color":"","overlay-opacity":"","overlay-gradient":""},"mobile":{"background-color":"var(--ast-global-color-5)","background-image":"","background-repeat":"repeat","background-position":"center center","background-size":"auto","background-attachment":"scroll","background-type":"","background-media":"","overlay-type":"","overlay-color":"","overlay-opacity":"","overlay-gradient":""}}},"product_brand":[42],"product_cat":[47,87,15],"product_tag":[],"class_list":{"0":"post-4302","1":"product","2":"type-product","3":"status-publish","4":"has-post-thumbnail","6":"product_brand-randm-tornado","7":"product_cat-randm-tornado-25000-allie-portabilite-et-personnalisation","8":"product_cat-puff-25k","9":"product_cat-magasin-cigarette-electronique","10":"desktop-align-center","11":"tablet-align-center","12":"mobile-align-center","13":"ast-product-gallery-layout-horizontal","14":"ast-product-single-variable","15":"ast-product-tabs-layout-horizontal","16":"ast-qv-on-image","18":"first","19":"instock","20":"sale","21":"shipping-taxable","22":"purchasable","23":"product-type-variable","24":"has-default-attributes"},"tiered_pricing_type":"fixed","tiered_pricing_fixed_rules":{"30":10.17,"60":9.22,"100":8.38,"200":8.08,"500":7.88,"1000":7.48},"tiered_pricing_product_settings":{"layout":"default","base_unit_name":{"singular":null,"plural":null},"default_variation":null},"tiered_pricing_minimum_quantity":null,"tiered_pricing_roles_data":[],"tiered_pricing_percentage_rules":[],"_links":{"self":[{"href":"https:\/\/puffvapestore.com\/nl\/wp-json\/wp\/v2\/product\/4302","targetHints":{"allow":["GET"]}}],"collection":[{"href":"https:\/\/puffvapestore.com\/nl\/wp-json\/wp\/v2\/product"}],"about":[{"href":"https:\/\/puffvapestore.com\/nl\/wp-json\/wp\/v2\/types\/product"}],"replies":[{"embeddable":true,"href":"https:\/\/puffvapestore.com\/nl\/wp-json\/wp\/v2\/comments?post=4302"}],"version-history":[{"count":7,"href":"https:\/\/puffvapestore.com\/nl\/wp-json\/wp\/v2\/product\/4302\/revisions"}],"predecessor-version":[{"id":10746,"href":"https:\/\/puffvapestore.com\/nl\/wp-json\/wp\/v2\/product\/4302\/revisions\/10746"}],"wp:featuredmedia":[{"embeddable":true,"href":"https:\/\/puffvapestore.com\/nl\/wp-json\/wp\/v2\/media\/4238"}],"wp:attachment":[{"href":"https:\/\/puffvapestore.com\/nl\/wp-json\/wp\/v2\/media?parent=4302"}],"wp:term":[{"taxonomy":"product_brand","embeddable":true,"href":"https:\/\/puffvapestore.com\/nl\/wp-json\/wp\/v2\/product_brand?post=4302"},{"taxonomy":"product_cat","embeddable":true,"href":"https:\/\/puffvapestore.com\/nl\/wp-json\/wp\/v2\/product_cat?post=4302"},{"taxonomy":"product_tag","embeddable":true,"href":"https:\/\/puffvapestore.com\/nl\/wp-json\/wp\/v2\/product_tag?post=4302"}],"curies":[{"name":"wp","href":"https:\/\/api.w.org\/{rel}","templated":true}]}}