{"id":4220,"date":"2025-07-03T06:12:34","date_gmt":"2025-07-03T06:12:34","guid":{"rendered":"https:\/\/puffvapestore.com\/?post_type=product&#038;p=4220"},"modified":"2026-01-19T10:36:52","modified_gmt":"2026-01-19T10:36:52","slug":"puff-fumot-20000-lychee-hami-melon","status":"publish","type":"product","link":"https:\/\/puffvapestore.com\/nl\/product\/pof-fumot-20000-lychee-hami-meloen\/","title":{"rendered":"RandM Tornado 20000 - Lychee Hami Meloen"},"content":{"rendered":"<div data-elementor-type=\"wp-post\" data-elementor-id=\"4220\" class=\"elementor elementor-4220\">\n\t\t\t\t<div class=\"elementor-element elementor-element-08c26f9 e-flex e-con-boxed e-con e-parent\" data-id=\"08c26f9\" data-element_type=\"container\" data-e-type=\"container\">\n\t\t\t\t\t<div class=\"e-con-inner\">\n\t\t\t\t<div class=\"elementor-element elementor-element-a005a97 elementor-widget elementor-widget-text-editor\" data-id=\"a005a97\" data-element_type=\"widget\" data-e-type=\"widget\" data-widget_type=\"text-editor.default\">\n\t\t\t\t<div class=\"elementor-widget-container\">\n\t\t\t\t\t\t\t\t\t<p>De Melon Litchi Hami smaak van RandM Tornado 20000 is een unieke elektronische sigaret die het bloemige, zoete aroma van lychee combineert met de frisheid en sappigheid van cantaloupe, en biedt gebruikers een rijke en plezierige rookervaring.<\/p><ul><li><strong>Zoet, bloemig aroma van lychee:<\/strong><br \/>De smaak van lychee vormt de kern van deze smaak en zorgt voor een zoete, niet-vette bloemige smaak. Bij het inhaleren komt de geur van lychee het eerst in de neus, met een licht zoetzure smaak die lijkt op die van verse lycheepulp. Deze bloemige noot is zowel elegant als rijk en biedt een luxueuze sensatie van tropisch fruit.<\/li><li><strong>Verse, sappige cantaloupe :<\/strong><br \/>De cantaloupe smaak voegt een verfrissende dimensie toe aan het geheel, gekenmerkt door zijn sappigheid en subtiele honingzoete smaak. Het cantaloupe-aroma openbaart zich geleidelijk bij het uitademen en zorgt voor een levendige smaak die lijkt op die van rijp fruit, alsof je een vers gesneden cantaloupe proeft.<\/li><li><strong>Afdronk en persistentie :<\/strong><br \/>De nasmaak na het inhaleren is fris, met een licht bloemig aroma van lychee en de oneindige zoetheid van cantaloupe. De nasmaak is niet te uitgesproken, waardoor je lang kunt inhaleren zonder smaakmoe te worden.<\/li><\/ul>\t\t\t\t\t\t\t\t<\/div>\n\t\t\t\t<\/div>\n\t\t\t\t\t<\/div>\n\t\t\t\t<\/div>\n\t\t<div class=\"elementor-element elementor-element-718b380 e-flex e-con-boxed e-con e-parent\" data-id=\"718b380\" data-element_type=\"container\" data-e-type=\"container\">\n\t\t\t\t\t<div class=\"e-con-inner\">\n\t\t\t\t<div class=\"elementor-element elementor-element-d2cc8fa elementor-widget elementor-widget-text-editor\" data-id=\"d2cc8fa\" data-element_type=\"widget\" data-e-type=\"widget\" data-widget_type=\"text-editor.default\">\n\t\t\t\t<div class=\"elementor-widget-container\">\n\t\t\t\t\t\t\t\t\t<p><strong>Superieure rookcapaciteit<\/strong><br \/>De RandM Tornado 20000 Lychee Hami Melon herdefinieert de elektronische wegwerpsigaret met een uitzonderlijke capaciteit tot 20.000 trekjes. Hij is ontworpen om langer mee te gaan dan conventionele elektronische wegwerpsigaretten en is ideaal voor zware vapers, frequente reizigers en iedereen die op zoek is naar een betrouwbare, duurzame elektronische sigaret zonder zijn elektronische sigaret vaak te moeten vervangen.<\/p><p><strong>Krachtige oplaadbare batterij<\/strong><br \/>De Tornado 20000 is uitgerust met een krachtige oplaadbare lithiumbatterij van 850 mAh voor langdurig gebruik, zelfs onder zware belasting. Dankzij de compatibiliteit met USB-C snelladen kan hij snel, effici\u00ebnt en stabiel worden opgeladen, waardoor de e-liquid capaciteit wordt gemaximaliseerd en de downtime tot een minimum wordt beperkt.<\/p><p><strong>Grote e-liquid reserve van 20 ml<\/strong><br \/>Voorgevuld met 20 ml e-liquid van topkwaliteit, verkrijgbaar in nicotineconcentraties van 2 % (20 mg) en 5 % (50 mg) om aan de behoeften van elke gebruiker te voldoen. Gemaakt van voedselveilige grondstoffen die voldoen aan de internationale veiligheidsnormen, is deze e-liquid rijk aan smaak, wat het plezier en de voldoening van het inhaleren aanzienlijk vergroot.<\/p><p><strong>Dubbel gaasverwarming + regelbaar aanzuigsysteem<\/strong><br \/>De dual-mesh weerstandstechnologie zorgt voor een drastische verbetering van de uniformiteit van de verwarming en vernevelingseffici\u00ebntie, en levert een dichtere, soepelere smaakervaring die dichter bij echte rook komt. Dankzij het verstelbare draw systeem kunnen gebruikers vrij schakelen tussen single coil (laag vermogen) en dual coil (hoog vermogen) modi voor een gepersonaliseerde draw ervaring.<\/p><p><strong>Intelligent LED-display, duidelijk in \u00e9\u00e9n oogopslag<\/strong><br \/>Het ingebouwde intelligente LED-display toont het vermogen en het resterende niveau van de e-vloeistof in realtime. Gebruikers kunnen duidelijk de status van het apparaat zien om plotselinge stroomonderbrekingen of het opraken van de e-vloeistof te voorkomen. Het intu\u00eftieve ontwerp en gebruiksgemak maken het geschikt voor alle gebruikers, vooral beginners.<\/p><p><strong>Prachtig, draagbaar en elegant<\/strong><br \/>De Puff Tornado 20000 Lychee Hami Melon combineert praktische functionaliteit met elegantie. Het compacte, lichtgewicht ontwerp past gemakkelijk in je zak of tas, waardoor het de perfecte metgezel is voor je dagelijkse woon-werkverkeer, reizen of avondjes uit. Verkrijgbaar in verschillende heldere kleuren en stijlvolle designs, is het niet alleen een stijlvolle elektronische sigaret, maar ook een must-have modeaccessoire.<\/p><p><strong>Een echte gebruiksklare ervaring direct uit de doos<\/strong><br \/>Je hoeft geen e-liquid toe te voegen, verstuiverkernen te vervangen of het apparaat schoon te maken. De RandM Tornado 20000 is onderhoudsvrij en maakt gebruik van een automatisch inhalatie activeringssysteem. Het is snel en gemakkelijk te gebruiken, direct uit de verpakking. Het is met name geschikt voor beginners, drukke kantoormedewerkers of gebruikers die zich willen bevrijden van de beperkingen van traditionele sigaretten.<\/p><p><strong>Meer hoogtepunten :<\/strong><\/p><ul><li>Lekvrije structuur: lekvrije technologie met meerdere afdichtingen, geen lekken meer van e-vloeistof.<\/li><li>Automatisch energiebesparingsbeheer: automatische stand-by bij inactiviteit om de levensduur van de batterij te verlengen.<\/li><\/ul>\t\t\t\t\t\t\t\t<\/div>\n\t\t\t\t<\/div>\n\t\t\t\t\t<\/div>\n\t\t\t\t<\/div>\n\t\t\t\t<\/div>","protected":false},"excerpt":{"rendered":"<p>La saveur Melon Litchi Hami de RandM Tornado 20000 est une cigarette \u00e9lectronique unique qui allie l&rsquo;ar\u00f4me floral et sucr\u00e9 du litchi \u00e0 la fra\u00eecheur et \u00e0 la jutosit\u00e9 du cantaloup, offrant aux utilisateurs une exp\u00e9rience de fumage riche et agr\u00e9able. Ar\u00f4me floral et sucr\u00e9 du litchi\u00a0: Le go\u00fbt du litchi est au c\u0153ur de [&hellip;]<\/p>\n","protected":false},"featured_media":8448,"comment_status":"open","ping_status":"closed","template":"","meta":{"site-sidebar-layout":"no-sidebar","site-content-layout":"page-builder","ast-site-content-layout":"normal-width-container","site-content-style":"default","site-sidebar-style":"default","ast-global-header-display":"","ast-banner-title-visibility":"","ast-main-header-display":"","ast-hfb-above-header-display":"","ast-hfb-below-header-display":"","ast-hfb-mobile-header-display":"","site-post-title":"disabled","ast-breadcrumbs-content":"","ast-featured-img":"disabled","footer-sml-layout":"","ast-disable-related-posts":"","theme-transparent-header-meta":"default","adv-header-id-meta":"","stick-header-meta":"default","header-above-stick-meta":"","header-main-stick-meta":"","header-below-stick-meta":"","astra-migrate-meta-layouts":"set","ast-page-background-enabled":"default","ast-page-background-meta":{"desktop":{"background-color":"","background-image":"","background-repeat":"repeat","background-position":"center center","background-size":"auto","background-attachment":"scroll","background-type":"","background-media":"","overlay-type":"","overlay-color":"","overlay-opacity":"","overlay-gradient":""},"tablet":{"background-color":"","background-image":"","background-repeat":"repeat","background-position":"center center","background-size":"auto","background-attachment":"scroll","background-type":"","background-media":"","overlay-type":"","overlay-color":"","overlay-opacity":"","overlay-gradient":""},"mobile":{"background-color":"","background-image":"","background-repeat":"repeat","background-position":"center center","background-size":"auto","background-attachment":"scroll","background-type":"","background-media":"","overlay-type":"","overlay-color":"","overlay-opacity":"","overlay-gradient":""}},"ast-content-background-meta":{"desktop":{"background-color":"var(--ast-global-color-5)","background-image":"","background-repeat":"repeat","background-position":"center center","background-size":"auto","background-attachment":"scroll","background-type":"","background-media":"","overlay-type":"","overlay-color":"","overlay-opacity":"","overlay-gradient":""},"tablet":{"background-color":"var(--ast-global-color-5)","background-image":"","background-repeat":"repeat","background-position":"center center","background-size":"auto","background-attachment":"scroll","background-type":"","background-media":"","overlay-type":"","overlay-color":"","overlay-opacity":"","overlay-gradient":""},"mobile":{"background-color":"var(--ast-global-color-5)","background-image":"","background-repeat":"repeat","background-position":"center center","background-size":"auto","background-attachment":"scroll","background-type":"","background-media":"","overlay-type":"","overlay-color":"","overlay-opacity":"","overlay-gradient":""}}},"product_brand":[42],"product_cat":[46,85,77,15],"product_tag":[],"class_list":{"0":"post-4220","1":"product","2":"type-product","3":"status-publish","4":"has-post-thumbnail","6":"product_brand-randm-tornado","7":"product_cat-randm-tornado-20000-performances-fiables","8":"product_cat-puff-20k","9":"product_cat-entrepot-de-lue","10":"product_cat-magasin-cigarette-electronique","11":"desktop-align-center","12":"tablet-align-center","13":"mobile-align-center","14":"ast-product-gallery-layout-horizontal","15":"ast-product-single-variable","16":"ast-product-tabs-layout-horizontal","17":"ast-qv-on-image","19":"first","20":"instock","21":"sale","22":"shipping-taxable","23":"purchasable","24":"product-type-variable","25":"has-default-attributes"},"tiered_pricing_type":"fixed","tiered_pricing_fixed_rules":{"30":10.37,"60":9.19,"100":7.85,"200":7.69,"500":7.19,"1000":7.09},"tiered_pricing_product_settings":{"layout":"default","base_unit_name":{"singular":null,"plural":null},"default_variation":null},"tiered_pricing_minimum_quantity":null,"tiered_pricing_roles_data":[],"tiered_pricing_percentage_rules":[],"_links":{"self":[{"href":"https:\/\/puffvapestore.com\/nl\/wp-json\/wp\/v2\/product\/4220","targetHints":{"allow":["GET"]}}],"collection":[{"href":"https:\/\/puffvapestore.com\/nl\/wp-json\/wp\/v2\/product"}],"about":[{"href":"https:\/\/puffvapestore.com\/nl\/wp-json\/wp\/v2\/types\/product"}],"replies":[{"embeddable":true,"href":"https:\/\/puffvapestore.com\/nl\/wp-json\/wp\/v2\/comments?post=4220"}],"version-history":[{"count":7,"href":"https:\/\/puffvapestore.com\/nl\/wp-json\/wp\/v2\/product\/4220\/revisions"}],"predecessor-version":[{"id":4288,"href":"https:\/\/puffvapestore.com\/nl\/wp-json\/wp\/v2\/product\/4220\/revisions\/4288"}],"wp:featuredmedia":[{"embeddable":true,"href":"https:\/\/puffvapestore.com\/nl\/wp-json\/wp\/v2\/media\/8448"}],"wp:attachment":[{"href":"https:\/\/puffvapestore.com\/nl\/wp-json\/wp\/v2\/media?parent=4220"}],"wp:term":[{"taxonomy":"product_brand","embeddable":true,"href":"https:\/\/puffvapestore.com\/nl\/wp-json\/wp\/v2\/product_brand?post=4220"},{"taxonomy":"product_cat","embeddable":true,"href":"https:\/\/puffvapestore.com\/nl\/wp-json\/wp\/v2\/product_cat?post=4220"},{"taxonomy":"product_tag","embeddable":true,"href":"https:\/\/puffvapestore.com\/nl\/wp-json\/wp\/v2\/product_tag?post=4220"}],"curies":[{"name":"wp","href":"https:\/\/api.w.org\/{rel}","templated":true}]}}