{"id":4211,"date":"2025-07-03T05:05:39","date_gmt":"2025-07-03T05:05:39","guid":{"rendered":"https:\/\/puffvapestore.com\/?post_type=product&#038;p=4211"},"modified":"2026-01-19T10:36:52","modified_gmt":"2026-01-19T10:36:52","slug":"randm-20000-puffs-huckleberry","status":"publish","type":"product","link":"https:\/\/puffvapestore.com\/nl\/product\/randm-20000-soesjes-huckleberry\/","title":{"rendered":"RandM Tornado 20000 - Huckleberry"},"content":{"rendered":"<div data-elementor-type=\"wp-post\" data-elementor-id=\"4211\" class=\"elementor elementor-4211\">\n\t\t\t\t<div class=\"elementor-element elementor-element-08c26f9 e-flex e-con-boxed e-con e-parent\" data-id=\"08c26f9\" data-element_type=\"container\" data-e-type=\"container\">\n\t\t\t\t\t<div class=\"e-con-inner\">\n\t\t\t\t<div class=\"elementor-element elementor-element-a005a97 elementor-widget elementor-widget-text-editor\" data-id=\"a005a97\" data-element_type=\"widget\" data-e-type=\"widget\" data-widget_type=\"text-editor.default\">\n\t\t\t\t<div class=\"elementor-widget-container\">\n\t\t\t\t\t\t\t\t\t<p>In de straten van Frankrijk is kunst niet beperkt tot de vergulde zalen van het Louvre of het Mus\u00e9e d'Orsay, maar verspreidt zich ook vrijelijk in de hoeken en gaten van de stad. Stel je een zonnige middag voor in de met graffiti bezaaide steegjes van Belleville of Marseille, net na een ondergrondse kunstrondleiding, waarbij de stem van de gids over graffiticultuur en sociale verandering nog nazindert in je oren. Je stopt voor een kleurrijke muur, neemt je RandM Tornado 20000 Huckleberry uit je zak, neemt een licht trekje en een zoete, wilde smaak van lingonbes openbaart zich langzaam in je mond - net als in een wild fruitbos in het zuiden van Frankrijk. Het fruitige aroma vermengt zich met een vleugje vrijheid en explodeert in de betonnen atmosfeer van de stad.<\/p><h3>Smaak van cranberry: de esthetiek van de stad ontmoet de natuur<\/h3><p>Veenbessen zijn niet alleen zoet, ze hebben ook een licht wrange smaak en een uniek samentrekkend aroma van wild fruit, dat zowel uniek als verfrissend is in deze tijd van verzadigde smaken. Veenbessen zijn niet zo gewoon als traditionele bessen. De textuur doet denken aan primitieve bossen, zowel zoet als zuur en samentrekkend, waardoor een wilde, onopgesmukte natuur naar voren komt. Het weerspiegelt de zoektocht naar authenticiteit, rebellie en individualiteit van de jongere generatie in Franse steden. Het staat dichter bij de authentieke natuur, net als de primitieve impuls en emotionele expressie van graffiti.<\/p>\t\t\t\t\t\t\t\t<\/div>\n\t\t\t\t<\/div>\n\t\t\t\t\t<\/div>\n\t\t\t\t<\/div>\n\t\t<div class=\"elementor-element elementor-element-718b380 e-flex e-con-boxed e-con e-parent\" data-id=\"718b380\" data-element_type=\"container\" data-e-type=\"container\">\n\t\t\t\t\t<div class=\"e-con-inner\">\n\t\t\t\t<div class=\"elementor-element elementor-element-d2cc8fa elementor-widget elementor-widget-text-editor\" data-id=\"d2cc8fa\" data-element_type=\"widget\" data-e-type=\"widget\" data-widget_type=\"text-editor.default\">\n\t\t\t\t<div class=\"elementor-widget-container\">\n\t\t\t\t\t\t\t\t\t<p><strong>Superieure rookcapaciteit<\/strong><br \/>De RandM Tornado 20000 Huckleberry herdefinieert de elektronische wegwerpsigaret met een uitzonderlijke capaciteit tot 20.000 trekjes. Hij is ontworpen om langer mee te gaan dan conventionele elektronische wegwerpsigaretten en is ideaal voor zware vapers, frequente reizigers en iedereen die op zoek is naar een betrouwbare, duurzame elektronische sigaret zonder zijn elektronische sigaret vaak te moeten vervangen.<\/p><p><strong>Krachtige oplaadbare batterij<\/strong><br \/>De Tornado 20000 Huckleberry is uitgerust met een krachtige 850 mAh oplaadbare lithium batterij voor langdurig gebruik, zelfs onder zware belasting. Dankzij de compatibiliteit met USB-C snelladen kan hij snel, effici\u00ebnt en stabiel worden opgeladen, waardoor de e-liquid capaciteit wordt gemaximaliseerd en de downtime tot een minimum wordt beperkt.<\/p><p><strong>Grote e-liquid reserve van 20 ml<\/strong><br \/>Voorgevuld met 20 ml e-liquid van topkwaliteit, verkrijgbaar in nicotineconcentraties van 2 % (20 mg) en 5 % (50 mg) om aan de behoeften van elke gebruiker te voldoen. Gemaakt van voedselveilige grondstoffen die voldoen aan de internationale veiligheidsnormen, is deze e-liquid rijk aan smaak, wat het plezier en de voldoening van het inhaleren aanzienlijk vergroot.<\/p><p><strong>Dubbel gaasverwarming + regelbaar aanzuigsysteem<\/strong><br \/>De dual-mesh weerstandstechnologie zorgt voor een drastische verbetering van de uniformiteit van de verwarming en vernevelingseffici\u00ebntie, en levert een dichtere, soepelere smaakervaring die dichter bij echte rook komt. Dankzij het verstelbare draw systeem kunnen gebruikers vrij schakelen tussen single coil (laag vermogen) en dual coil (hoog vermogen) modi voor een gepersonaliseerde draw ervaring.<\/p><p><strong>Intelligent LED-display, duidelijk in \u00e9\u00e9n oogopslag<\/strong><br \/>Het ingebouwde intelligente LED-display toont het vermogen en het resterende niveau van de e-vloeistof in realtime. Gebruikers kunnen duidelijk de status van het apparaat zien om plotselinge stroomonderbrekingen of het opraken van de e-vloeistof te voorkomen. Het intu\u00eftieve ontwerp en gebruiksgemak maken het geschikt voor alle gebruikers, vooral beginners.<\/p><p><strong>Prachtig, draagbaar en elegant<\/strong><br \/>De Tornado 20000 combineert praktische functionaliteit met elegantie. Het compacte, lichtgewicht ontwerp past gemakkelijk in je zak of tas, waardoor het de perfecte metgezel is voor je dagelijkse woon-werkverkeer, reizen of avondjes uit. Verkrijgbaar in verschillende heldere kleuren en stijlvolle designs, is het niet alleen een stijlvolle elektronische sigaret, maar ook een must-have modeaccessoire.<\/p><p><strong>Een echte gebruiksklare ervaring direct uit de doos<\/strong><br \/>Je hoeft geen e-liquid toe te voegen, verstuiverkernen te vervangen of het apparaat schoon te maken. De RandM Tornado 20000 is onderhoudsvrij en maakt gebruik van een automatisch inhalatie activeringssysteem. Het is snel en gemakkelijk te gebruiken, direct uit de verpakking. Het is met name geschikt voor beginners, drukke kantoormedewerkers of gebruikers die zich willen bevrijden van de beperkingen van traditionele sigaretten.<\/p><p><strong>Meer hoogtepunten :<\/strong><\/p><ul><li>Lekvrije structuur: lekvrije technologie met meerdere afdichtingen, geen lekken meer van e-vloeistof.<\/li><li>Automatisch energiebesparingsbeheer: automatische stand-by bij inactiviteit om de levensduur van de batterij te verlengen.<\/li><\/ul>\t\t\t\t\t\t\t\t<\/div>\n\t\t\t\t<\/div>\n\t\t\t\t\t<\/div>\n\t\t\t\t<\/div>\n\t\t\t\t<\/div>","protected":false},"excerpt":{"rendered":"<p>Dans les rues de France, l&rsquo;art ne se limite pas aux salles dor\u00e9es du Louvre ou du mus\u00e9e d&rsquo;Orsay, mais se r\u00e9pand aussi librement dans les recoins et les ruelles de la ville. Imaginez un apr\u00e8s-midi ensoleill\u00e9, dans les ruelles graff\u00e9es de Belleville ou de Marseille, juste apr\u00e8s une visite artistique underground, la voix du [&hellip;]<\/p>\n","protected":false},"featured_media":8445,"comment_status":"open","ping_status":"closed","template":"","meta":{"site-sidebar-layout":"no-sidebar","site-content-layout":"page-builder","ast-site-content-layout":"normal-width-container","site-content-style":"default","site-sidebar-style":"default","ast-global-header-display":"","ast-banner-title-visibility":"","ast-main-header-display":"","ast-hfb-above-header-display":"","ast-hfb-below-header-display":"","ast-hfb-mobile-header-display":"","site-post-title":"disabled","ast-breadcrumbs-content":"","ast-featured-img":"disabled","footer-sml-layout":"","ast-disable-related-posts":"","theme-transparent-header-meta":"default","adv-header-id-meta":"","stick-header-meta":"default","header-above-stick-meta":"","header-main-stick-meta":"","header-below-stick-meta":"","astra-migrate-meta-layouts":"set","ast-page-background-enabled":"default","ast-page-background-meta":{"desktop":{"background-color":"","background-image":"","background-repeat":"repeat","background-position":"center center","background-size":"auto","background-attachment":"scroll","background-type":"","background-media":"","overlay-type":"","overlay-color":"","overlay-opacity":"","overlay-gradient":""},"tablet":{"background-color":"","background-image":"","background-repeat":"repeat","background-position":"center center","background-size":"auto","background-attachment":"scroll","background-type":"","background-media":"","overlay-type":"","overlay-color":"","overlay-opacity":"","overlay-gradient":""},"mobile":{"background-color":"","background-image":"","background-repeat":"repeat","background-position":"center center","background-size":"auto","background-attachment":"scroll","background-type":"","background-media":"","overlay-type":"","overlay-color":"","overlay-opacity":"","overlay-gradient":""}},"ast-content-background-meta":{"desktop":{"background-color":"var(--ast-global-color-5)","background-image":"","background-repeat":"repeat","background-position":"center center","background-size":"auto","background-attachment":"scroll","background-type":"","background-media":"","overlay-type":"","overlay-color":"","overlay-opacity":"","overlay-gradient":""},"tablet":{"background-color":"var(--ast-global-color-5)","background-image":"","background-repeat":"repeat","background-position":"center center","background-size":"auto","background-attachment":"scroll","background-type":"","background-media":"","overlay-type":"","overlay-color":"","overlay-opacity":"","overlay-gradient":""},"mobile":{"background-color":"var(--ast-global-color-5)","background-image":"","background-repeat":"repeat","background-position":"center center","background-size":"auto","background-attachment":"scroll","background-type":"","background-media":"","overlay-type":"","overlay-color":"","overlay-opacity":"","overlay-gradient":""}}},"product_brand":[42],"product_cat":[46,85,77,15],"product_tag":[],"class_list":{"0":"post-4211","1":"product","2":"type-product","3":"status-publish","4":"has-post-thumbnail","6":"product_brand-randm-tornado","7":"product_cat-randm-tornado-20000-performances-fiables","8":"product_cat-puff-20k","9":"product_cat-entrepot-de-lue","10":"product_cat-magasin-cigarette-electronique","11":"desktop-align-center","12":"tablet-align-center","13":"mobile-align-center","14":"ast-product-gallery-layout-horizontal","15":"ast-product-single-variable","16":"ast-product-tabs-layout-horizontal","17":"ast-qv-on-image","19":"first","20":"instock","21":"sale","22":"shipping-taxable","23":"purchasable","24":"product-type-variable","25":"has-default-attributes"},"tiered_pricing_type":"fixed","tiered_pricing_fixed_rules":{"30":10.37,"60":9.19,"100":7.85,"200":7.69,"500":7.19,"1000":7.09},"tiered_pricing_product_settings":{"layout":"default","base_unit_name":{"singular":null,"plural":null},"default_variation":null},"tiered_pricing_minimum_quantity":null,"tiered_pricing_roles_data":[],"tiered_pricing_percentage_rules":[],"_links":{"self":[{"href":"https:\/\/puffvapestore.com\/nl\/wp-json\/wp\/v2\/product\/4211","targetHints":{"allow":["GET"]}}],"collection":[{"href":"https:\/\/puffvapestore.com\/nl\/wp-json\/wp\/v2\/product"}],"about":[{"href":"https:\/\/puffvapestore.com\/nl\/wp-json\/wp\/v2\/types\/product"}],"replies":[{"embeddable":true,"href":"https:\/\/puffvapestore.com\/nl\/wp-json\/wp\/v2\/comments?post=4211"}],"version-history":[{"count":8,"href":"https:\/\/puffvapestore.com\/nl\/wp-json\/wp\/v2\/product\/4211\/revisions"}],"predecessor-version":[{"id":10324,"href":"https:\/\/puffvapestore.com\/nl\/wp-json\/wp\/v2\/product\/4211\/revisions\/10324"}],"wp:featuredmedia":[{"embeddable":true,"href":"https:\/\/puffvapestore.com\/nl\/wp-json\/wp\/v2\/media\/8445"}],"wp:attachment":[{"href":"https:\/\/puffvapestore.com\/nl\/wp-json\/wp\/v2\/media?parent=4211"}],"wp:term":[{"taxonomy":"product_brand","embeddable":true,"href":"https:\/\/puffvapestore.com\/nl\/wp-json\/wp\/v2\/product_brand?post=4211"},{"taxonomy":"product_cat","embeddable":true,"href":"https:\/\/puffvapestore.com\/nl\/wp-json\/wp\/v2\/product_cat?post=4211"},{"taxonomy":"product_tag","embeddable":true,"href":"https:\/\/puffvapestore.com\/nl\/wp-json\/wp\/v2\/product_tag?post=4211"}],"curies":[{"name":"wp","href":"https:\/\/api.w.org\/{rel}","templated":true}]}}