{"id":4162,"date":"2025-07-02T05:39:06","date_gmt":"2025-07-02T05:39:06","guid":{"rendered":"https:\/\/puffvapestore.com\/?post_type=product&#038;p=4162"},"modified":"2026-01-19T10:36:52","modified_gmt":"2026-01-19T10:36:52","slug":"strawberry-ice-cream-randm-tornado-20000","status":"publish","type":"product","link":"https:\/\/puffvapestore.com\/nl\/product\/aardbeienijs-randm-tornado-20000\/","title":{"rendered":"RandM Tornado 20000 - Aardbeienijs"},"content":{"rendered":"<div data-elementor-type=\"wp-post\" data-elementor-id=\"4162\" class=\"elementor elementor-4162\">\n\t\t\t\t<div class=\"elementor-element elementor-element-08c26f9 e-flex e-con-boxed e-con e-parent\" data-id=\"08c26f9\" data-element_type=\"container\" data-e-type=\"container\">\n\t\t\t\t\t<div class=\"e-con-inner\">\n\t\t\t\t<div class=\"elementor-element elementor-element-a005a97 elementor-widget elementor-widget-text-editor\" data-id=\"a005a97\" data-element_type=\"widget\" data-e-type=\"widget\" data-widget_type=\"text-editor.default\">\n\t\t\t\t<div class=\"elementor-widget-container\">\n\t\t\t\t\t\t\t\t\t<h2>Zoete aardbeien, een verfrissend genot<\/h2><p>Het aroma van Strawberry Ice Cream concentreert zich op de rijke fruitige aardbeiensmaak, vermengd met de melkachtige zoetheid van romig ijs, alsof je over straat loopt met een vers gekocht aardbeienijsje van een banketbakker. Elk vleugje RandM Tornado 20000 - Strawberry Ice Cream biedt een verfrissende fruitige aardbeiensmaak met een koele nasmaak, als een verfrissende toets op een zomerse namiddag. Of je nu stopt op de geplaveide straat van Montmartre om te genieten van optredens van straatartiesten, of pauzeert voor een kopje koffie in de oude stad van Lyon, deze smaak kan je de zoetheid en het comfort van het Franse leven laten voelen.<\/p>\t\t\t\t\t\t\t\t<\/div>\n\t\t\t\t<\/div>\n\t\t\t\t\t<\/div>\n\t\t\t\t<\/div>\n\t\t<div class=\"elementor-element elementor-element-718b380 e-flex e-con-boxed e-con e-parent\" data-id=\"718b380\" data-element_type=\"container\" data-e-type=\"container\">\n\t\t\t\t\t<div class=\"e-con-inner\">\n\t\t\t\t<div class=\"elementor-element elementor-element-d2cc8fa elementor-widget elementor-widget-text-editor\" data-id=\"d2cc8fa\" data-element_type=\"widget\" data-e-type=\"widget\" data-widget_type=\"text-editor.default\">\n\t\t\t\t<div class=\"elementor-widget-container\">\n\t\t\t\t\t\t\t\t\t<h2>20.000 trekjes voor langdurig gebruik<\/h2><p>De RandM Tornado 20000 Strawberry Ice Cream is vooraf ingesteld voor maximaal 20.000 keer gebruik, veel meer dan conventionele elektronische wegwerpsigaretten. Het voldoet aan de behoefte aan langdurig gebruik zonder het apparaat vaak te vervangen, waardoor het bijzonder geschikt is voor intensieve gebruikers of lange reizen.<\/p><h2>Lange levensduur van de batterij en gemakkelijk opladen<\/h2><p>Ingebouwde oplaadbare lithiumbatterij met een hoge capaciteit van 850 mAh, compatibel met USB-C snelladen, voor effici\u00ebnter en stabieler opladen. Het zorgt voor een langere autonomie, zelfs tijdens intensief gebruik, zodat je het meeste uit de e-liquid binnenin kunt halen.<\/p><h2>Hoge e-vloeistof reserve<\/h2><p>De RandM Tornado 20000 is voorge\u00efnstalleerd met 20ml e-liquid van hoge kwaliteit en biedt nicotineconcentraties van 2 % of 5 % om aan de smaak en behoeften van elke gebruiker te voldoen. De e-vloeistof maakt gebruik van een hoogwaardige formule om te zorgen voor een pure, rijke smaak bij elk trekje, waardoor je een soepele en bevredigende rookervaring krijgt.<\/p><h2>Dubbele gaasweerstand en regelbare luchtstroom<\/h2><p>De geavanceerde weerstandstechnologie met dubbele mazen verbetert de verwarmingseffici\u00ebntie en rookdichtheid aanzienlijk, voor een zachtere, intensere smaak. Dankzij het ingebouwde instelbare weerstandssysteem kunnen gebruikers schakelen tussen een enkele en dubbele weerstandsmodus, afhankelijk van hun voorkeuren, en kunnen ze vrij schakelen tussen lichte en sterke zuigkracht. De weerstand is eenvoudig te wijzigen op het touchscreen.<\/p><h2>Intelligent LED-scherm<\/h2><p>De RandM Tornado 20000 Strawberry Ice Cream is uitgerust met een intelligent LED-display dat de batterijlading en het resterende e-liquid niveau in real-time weergeeft. Dit betekent dat je de status van je apparaat altijd in de gaten kunt houden, waardoor stroomstoringen of het opraken van de e-liquid worden voorkomen. Het intu\u00eftieve ontwerp maakt het gemakkelijk te gebruiken, zelfs voor beginners.<\/p><h2>Modern draagbaar ontwerp<\/h2><p>Het slanke, moderne ontwerp en de lichtgewicht, gemakkelijk mee te nemen hoes passen gemakkelijk in een zak of tas, waardoor hij ideaal is voor dagelijks gebruik, reizen of feestjes. De rijke kleuren en het elegante ontwerp onderstrepen de unieke stijl.<\/p><h2>Gebruiksklaar uit de doos, geen onderhoud nodig<\/h2><p>Je hoeft geen e-vloeistof toe te voegen, de kern van de verstuiver niet te vervangen of schoon te maken; er is geen onderhoud nodig. Het is direct uit de verpakking klaar voor gebruik en de automatische pufactivering vereenvoudigt en versnelt het proces, waardoor het ideaal is voor beginners of gebruikers die op zoek zijn naar een alternatief voor traditionele sigaretten.<\/p>\t\t\t\t\t\t\t\t<\/div>\n\t\t\t\t<\/div>\n\t\t\t\t\t<\/div>\n\t\t\t\t<\/div>\n\t\t\t\t<\/div>","protected":false},"excerpt":{"rendered":"<p>Fraise sucr\u00e9e, plaisir rafra\u00eechissant L&rsquo;ar\u00f4me de glace \u00e0 la fraise se concentre sur son riche ar\u00f4me fruit\u00e9 de fraise, m\u00eal\u00e9 \u00e0 la douceur lact\u00e9e d&rsquo;une glace onctueuse, comme si vous fl\u00e2niez dans la rue, un cornet de glace \u00e0 la fraise fra\u00eechement achet\u00e9 chez un confiseur. Chaque bouff\u00e9e de la RandM Tornado 20000 &#8211; Glace [&hellip;]<\/p>\n","protected":false},"featured_media":8459,"comment_status":"open","ping_status":"closed","template":"","meta":{"site-sidebar-layout":"no-sidebar","site-content-layout":"page-builder","ast-site-content-layout":"normal-width-container","site-content-style":"default","site-sidebar-style":"default","ast-global-header-display":"","ast-banner-title-visibility":"","ast-main-header-display":"","ast-hfb-above-header-display":"","ast-hfb-below-header-display":"","ast-hfb-mobile-header-display":"","site-post-title":"disabled","ast-breadcrumbs-content":"","ast-featured-img":"disabled","footer-sml-layout":"","ast-disable-related-posts":"","theme-transparent-header-meta":"default","adv-header-id-meta":"","stick-header-meta":"default","header-above-stick-meta":"","header-main-stick-meta":"","header-below-stick-meta":"","astra-migrate-meta-layouts":"set","ast-page-background-enabled":"default","ast-page-background-meta":{"desktop":{"background-color":"","background-image":"","background-repeat":"repeat","background-position":"center center","background-size":"auto","background-attachment":"scroll","background-type":"","background-media":"","overlay-type":"","overlay-color":"","overlay-opacity":"","overlay-gradient":""},"tablet":{"background-color":"","background-image":"","background-repeat":"repeat","background-position":"center center","background-size":"auto","background-attachment":"scroll","background-type":"","background-media":"","overlay-type":"","overlay-color":"","overlay-opacity":"","overlay-gradient":""},"mobile":{"background-color":"","background-image":"","background-repeat":"repeat","background-position":"center center","background-size":"auto","background-attachment":"scroll","background-type":"","background-media":"","overlay-type":"","overlay-color":"","overlay-opacity":"","overlay-gradient":""}},"ast-content-background-meta":{"desktop":{"background-color":"var(--ast-global-color-5)","background-image":"","background-repeat":"repeat","background-position":"center center","background-size":"auto","background-attachment":"scroll","background-type":"","background-media":"","overlay-type":"","overlay-color":"","overlay-opacity":"","overlay-gradient":""},"tablet":{"background-color":"var(--ast-global-color-5)","background-image":"","background-repeat":"repeat","background-position":"center center","background-size":"auto","background-attachment":"scroll","background-type":"","background-media":"","overlay-type":"","overlay-color":"","overlay-opacity":"","overlay-gradient":""},"mobile":{"background-color":"var(--ast-global-color-5)","background-image":"","background-repeat":"repeat","background-position":"center center","background-size":"auto","background-attachment":"scroll","background-type":"","background-media":"","overlay-type":"","overlay-color":"","overlay-opacity":"","overlay-gradient":""}}},"product_brand":[42],"product_cat":[46,85,77,15],"product_tag":[],"class_list":{"0":"post-4162","1":"product","2":"type-product","3":"status-publish","4":"has-post-thumbnail","6":"product_brand-randm-tornado","7":"product_cat-randm-tornado-20000-performances-fiables","8":"product_cat-puff-20k","9":"product_cat-entrepot-de-lue","10":"product_cat-magasin-cigarette-electronique","11":"desktop-align-center","12":"tablet-align-center","13":"mobile-align-center","14":"ast-product-gallery-layout-horizontal","15":"ast-product-single-variable","16":"ast-product-tabs-layout-horizontal","17":"ast-qv-on-image","19":"first","20":"instock","21":"sale","22":"shipping-taxable","23":"purchasable","24":"product-type-variable","25":"has-default-attributes"},"tiered_pricing_type":"fixed","tiered_pricing_fixed_rules":{"30":10.37,"60":9.19,"100":7.85,"200":7.69,"500":7.19,"1000":7.09},"tiered_pricing_product_settings":{"layout":"default","base_unit_name":{"singular":null,"plural":null},"default_variation":null},"tiered_pricing_minimum_quantity":null,"tiered_pricing_roles_data":[],"tiered_pricing_percentage_rules":[],"_links":{"self":[{"href":"https:\/\/puffvapestore.com\/nl\/wp-json\/wp\/v2\/product\/4162","targetHints":{"allow":["GET"]}}],"collection":[{"href":"https:\/\/puffvapestore.com\/nl\/wp-json\/wp\/v2\/product"}],"about":[{"href":"https:\/\/puffvapestore.com\/nl\/wp-json\/wp\/v2\/types\/product"}],"replies":[{"embeddable":true,"href":"https:\/\/puffvapestore.com\/nl\/wp-json\/wp\/v2\/comments?post=4162"}],"version-history":[{"count":7,"href":"https:\/\/puffvapestore.com\/nl\/wp-json\/wp\/v2\/product\/4162\/revisions"}],"predecessor-version":[{"id":10317,"href":"https:\/\/puffvapestore.com\/nl\/wp-json\/wp\/v2\/product\/4162\/revisions\/10317"}],"wp:featuredmedia":[{"embeddable":true,"href":"https:\/\/puffvapestore.com\/nl\/wp-json\/wp\/v2\/media\/8459"}],"wp:attachment":[{"href":"https:\/\/puffvapestore.com\/nl\/wp-json\/wp\/v2\/media?parent=4162"}],"wp:term":[{"taxonomy":"product_brand","embeddable":true,"href":"https:\/\/puffvapestore.com\/nl\/wp-json\/wp\/v2\/product_brand?post=4162"},{"taxonomy":"product_cat","embeddable":true,"href":"https:\/\/puffvapestore.com\/nl\/wp-json\/wp\/v2\/product_cat?post=4162"},{"taxonomy":"product_tag","embeddable":true,"href":"https:\/\/puffvapestore.com\/nl\/wp-json\/wp\/v2\/product_tag?post=4162"}],"curies":[{"name":"wp","href":"https:\/\/api.w.org\/{rel}","templated":true}]}}