{"id":4073,"date":"2025-07-01T04:53:39","date_gmt":"2025-07-01T04:53:39","guid":{"rendered":"https:\/\/puffvapestore.com\/?post_type=product&#038;p=4073"},"modified":"2026-01-19T10:36:50","modified_gmt":"2026-01-19T10:36:50","slug":"randm-tornado-20000-30-saveurs","status":"publish","type":"product","link":"https:\/\/puffvapestore.com\/nl\/product\/randm-tornado-20000-30-smaken\/","title":{"rendered":"RandM Tornado 20000 : 39 smaken, 2 modi, 850 mAh batterij"},"content":{"rendered":"<div data-elementor-type=\"wp-post\" data-elementor-id=\"4073\" class=\"elementor elementor-4073\">\n\t\t\t\t<div class=\"elementor-element elementor-element-718b380 e-flex e-con-boxed e-con e-parent\" data-id=\"718b380\" data-element_type=\"container\" data-e-type=\"container\">\n\t\t\t\t\t<div class=\"e-con-inner\">\n\t\t\t\t<div class=\"elementor-element elementor-element-d2cc8fa elementor-widget elementor-widget-text-editor\" data-id=\"d2cc8fa\" data-element_type=\"widget\" data-e-type=\"widget\" data-widget_type=\"text-editor.default\">\n\t\t\t\t<div class=\"elementor-widget-container\">\n\t\t\t\t\t\t\t\t\t<h2>20.000 trekjes voor langdurig gebruik<\/h2><p>De RandM Tornado 20000 is vooraf ingesteld voor maximaal 20.000 keer gebruik, veel meer dan conventionele elektronische wegwerpsigaretten. Dit is veel meer dan conventionele wegwerp elektronische sigaretten. Het voldoet aan de behoefte aan langdurig gebruik zonder het apparaat vaak te vervangen, waardoor het bijzonder geschikt is voor intensieve gebruikers of lange reizen.<\/p><h2>Lange levensduur van de batterij en gemakkelijk opladen<\/h2><p>Ingebouwde oplaadbare lithiumbatterij met een hoge capaciteit van 850 mAh, compatibel met USB-C snelladen, voor effici\u00ebnter en stabieler opladen. Het zorgt voor een langere autonomie, zelfs tijdens intensief gebruik, zodat je het meeste uit de e-liquid binnenin kunt halen.<\/p><h2>Hoge e-vloeistof reserve<\/h2><p>De RandM Tornado 20000 is voorge\u00efnstalleerd met 20ml e-liquid van hoge kwaliteit en biedt nicotineconcentraties van 2 % of 5 % om aan de smaak en behoeften van elke gebruiker te voldoen. De e-vloeistof maakt gebruik van een hoogwaardige formule om te zorgen voor een pure, rijke smaak bij elk trekje, waardoor je een soepele en bevredigende rookervaring krijgt.<\/p><h2>Dubbele gaasweerstand en regelbare luchtstroom<\/h2><p>De geavanceerde weerstandstechnologie met dubbele mazen verbetert de verwarmingseffici\u00ebntie en rookdichtheid aanzienlijk, voor een zachtere, intensere smaak. Dankzij het ingebouwde instelbare weerstandssysteem kunnen gebruikers schakelen tussen een enkele en dubbele weerstandsmodus, afhankelijk van hun voorkeuren, en kunnen ze vrij schakelen tussen lichte en sterke zuigkracht. De weerstand is eenvoudig te wijzigen op het touchscreen.<\/p><h2>Intelligent LED-scherm<\/h2><p>De RandM Tornado 20000 is uitgerust met een intelligent LED-display dat de batterijlading en het resterende e-liquid niveau in real-time weergeeft. Dit betekent dat je de status van je apparaat altijd in de gaten kunt houden en zo stroomstoringen of een tekort aan e-liquid kunt voorkomen. Het intu\u00eftieve ontwerp maakt het gemakkelijk te gebruiken, zelfs voor beginners.<\/p><h2>Modern draagbaar ontwerp<\/h2><p>Het slanke, moderne ontwerp en de lichtgewicht, gemakkelijk mee te nemen hoes passen gemakkelijk in een zak of tas, waardoor hij ideaal is voor dagelijks gebruik, reizen of feestjes. De rijke kleuren en het elegante ontwerp onderstrepen de unieke stijl.<\/p><h2>Gebruiksklaar uit de doos, geen onderhoud nodig<\/h2><p>Je hoeft geen e-vloeistof toe te voegen, de kern van de verstuiver niet te vervangen of schoon te maken; er is geen onderhoud nodig. Het is direct uit de verpakking klaar voor gebruik en de automatische pufactivering vereenvoudigt en versnelt het proces, waardoor het ideaal is voor beginners of gebruikers die op zoek zijn naar een alternatief voor traditionele sigaretten.<\/p>\t\t\t\t\t\t\t\t<\/div>\n\t\t\t\t<\/div>\n\t\t\t\t\t<\/div>\n\t\t\t\t<\/div>\n\t\t<div class=\"elementor-element elementor-element-08c26f9 e-flex e-con-boxed e-con e-parent\" data-id=\"08c26f9\" data-element_type=\"container\" data-e-type=\"container\">\n\t\t\t\t\t<div class=\"e-con-inner\">\n\t\t\t\t<div class=\"elementor-element elementor-element-a005a97 elementor-widget elementor-widget-text-editor\" data-id=\"a005a97\" data-element_type=\"widget\" data-e-type=\"widget\" data-widget_type=\"text-editor.default\">\n\t\t\t\t<div class=\"elementor-widget-container\">\n\t\t\t\t\t\t\t\t\t<h2>De RandM Tornado 20000 biedt een verscheidenheid aan smaken<\/h2><p>De RandM Tornado 20000 biedt een vari\u00ebteit aan smaken, van vers fruit tot snoepjes en creatieve drankjes, met zoete, zure en verfrissende smaken die passen bij een breed scala aan smaken. Perfect voor dagelijks gebruik of om nieuwe ervaringen te ontdekken.<\/p><p>Fruitige aroma's staan op de voorgrond, met eenvoudige smaken zoals \u00abCherry\u00bb en \u00abIced Watermelon\u00bb, maar ook complexe smaken zoals \u00abStrawberry-Kiwi\u00bb, \u00abPeach-Mango-Watermelon\u00bb en \u00abKiwi-Passionfruit-Guava\u00bb, met hun rijke nuances. De verfrissende \u00abCucumber Lemonade\u00bb en de bitterzoete \u00abPineapple Lemon Green Apple\u00bb bieden een nog originelere combinatie.<\/p><p>Snoep- en dessertsmaken zoals \u00abCotton Candy\u00bb, \u00abJelly Beans\u00bb, \u00abSkittles\u00bb en \u00abBanana Cake\u00bb bieden een zoete en nostalgische ervaring. Glace Fraise\u00ab en \u00bbBlue Razz\u00ab combineren melkachtige en fruitige smaken, terwijl \u00bbBonbons Myrtille Framboise\u00ab en \u00bbCola Cerise\u00ab het plezier van klassieke drankjes doen herleven.<\/p><p>Bovendien voegen ijskoude assortimenten zoals \u00abGlace Poire\u00bb en \u00abGlace Fraise Framboise Cerise\u00bb een vleugje frisheid toe, terwijl tropische smaken zoals \u00abLitchi Hami Melon\u00bb en \u00abPina Colada\u00bb een feestelijke traktatie bieden.<\/p>\t\t\t\t\t\t\t\t<\/div>\n\t\t\t\t<\/div>\n\t\t\t\t\t<\/div>\n\t\t\t\t<\/div>\n\t\t\t\t<\/div>","protected":false},"excerpt":{"rendered":"<p>20000 bouff\u00e9es pour une utilisation longue dur\u00e9e La RandM Tornado 20000 est pr\u00e9r\u00e9gl\u00e9e pour une autonomie allant jusqu&rsquo;\u00e0 20000 utilisations, bien sup\u00e9rieure \u00e0 celle des cigarettes \u00e9lectroniques jetables classiques. Elle r\u00e9pond aux besoins d&rsquo;une utilisation longue dur\u00e9e sans remplacement fr\u00e9quent de l&rsquo;appareil, particuli\u00e8rement adapt\u00e9e aux utilisateurs intensifs ou aux longs voyages. Autonomie \u00e9lev\u00e9e et chargement [&hellip;]<\/p>\n","protected":false},"featured_media":4000,"comment_status":"open","ping_status":"closed","template":"","meta":{"site-sidebar-layout":"no-sidebar","site-content-layout":"page-builder","ast-site-content-layout":"normal-width-container","site-content-style":"default","site-sidebar-style":"default","ast-global-header-display":"","ast-banner-title-visibility":"","ast-main-header-display":"","ast-hfb-above-header-display":"","ast-hfb-below-header-display":"","ast-hfb-mobile-header-display":"","site-post-title":"disabled","ast-breadcrumbs-content":"","ast-featured-img":"disabled","footer-sml-layout":"","ast-disable-related-posts":"","theme-transparent-header-meta":"default","adv-header-id-meta":"","stick-header-meta":"default","header-above-stick-meta":"","header-main-stick-meta":"","header-below-stick-meta":"","astra-migrate-meta-layouts":"set","ast-page-background-enabled":"default","ast-page-background-meta":{"desktop":{"background-color":"","background-image":"","background-repeat":"repeat","background-position":"center center","background-size":"auto","background-attachment":"scroll","background-type":"","background-media":"","overlay-type":"","overlay-color":"","overlay-opacity":"","overlay-gradient":""},"tablet":{"background-color":"","background-image":"","background-repeat":"repeat","background-position":"center center","background-size":"auto","background-attachment":"scroll","background-type":"","background-media":"","overlay-type":"","overlay-color":"","overlay-opacity":"","overlay-gradient":""},"mobile":{"background-color":"","background-image":"","background-repeat":"repeat","background-position":"center center","background-size":"auto","background-attachment":"scroll","background-type":"","background-media":"","overlay-type":"","overlay-color":"","overlay-opacity":"","overlay-gradient":""}},"ast-content-background-meta":{"desktop":{"background-color":"var(--ast-global-color-5)","background-image":"","background-repeat":"repeat","background-position":"center center","background-size":"auto","background-attachment":"scroll","background-type":"","background-media":"","overlay-type":"","overlay-color":"","overlay-opacity":"","overlay-gradient":""},"tablet":{"background-color":"var(--ast-global-color-5)","background-image":"","background-repeat":"repeat","background-position":"center center","background-size":"auto","background-attachment":"scroll","background-type":"","background-media":"","overlay-type":"","overlay-color":"","overlay-opacity":"","overlay-gradient":""},"mobile":{"background-color":"var(--ast-global-color-5)","background-image":"","background-repeat":"repeat","background-position":"center center","background-size":"auto","background-attachment":"scroll","background-type":"","background-media":"","overlay-type":"","overlay-color":"","overlay-opacity":"","overlay-gradient":""}}},"product_brand":[42],"product_cat":[46,85,77,15],"product_tag":[],"class_list":{"0":"post-4073","1":"product","2":"type-product","3":"status-publish","4":"has-post-thumbnail","6":"product_brand-randm-tornado","7":"product_cat-randm-tornado-20000-performances-fiables","8":"product_cat-puff-20k","9":"product_cat-entrepot-de-lue","10":"product_cat-magasin-cigarette-electronique","11":"desktop-align-center","12":"tablet-align-center","13":"mobile-align-center","14":"ast-product-gallery-layout-horizontal","15":"ast-product-single-variable","16":"ast-product-tabs-layout-horizontal","17":"ast-qv-on-image","19":"first","20":"instock","21":"sale","22":"shipping-taxable","23":"purchasable","24":"product-type-variable","25":"has-default-attributes"},"tiered_pricing_type":"fixed","tiered_pricing_fixed_rules":{"30":10.37,"60":9.19,"100":7.85,"200":7.69,"500":7.19,"1000":7.09},"tiered_pricing_product_settings":{"layout":"default","base_unit_name":{"singular":null,"plural":null},"default_variation":null},"tiered_pricing_minimum_quantity":null,"tiered_pricing_roles_data":[],"tiered_pricing_percentage_rules":[],"_links":{"self":[{"href":"https:\/\/puffvapestore.com\/nl\/wp-json\/wp\/v2\/product\/4073","targetHints":{"allow":["GET"]}}],"collection":[{"href":"https:\/\/puffvapestore.com\/nl\/wp-json\/wp\/v2\/product"}],"about":[{"href":"https:\/\/puffvapestore.com\/nl\/wp-json\/wp\/v2\/types\/product"}],"replies":[{"embeddable":true,"href":"https:\/\/puffvapestore.com\/nl\/wp-json\/wp\/v2\/comments?post=4073"}],"version-history":[{"count":10,"href":"https:\/\/puffvapestore.com\/nl\/wp-json\/wp\/v2\/product\/4073\/revisions"}],"predecessor-version":[{"id":13875,"href":"https:\/\/puffvapestore.com\/nl\/wp-json\/wp\/v2\/product\/4073\/revisions\/13875"}],"wp:featuredmedia":[{"embeddable":true,"href":"https:\/\/puffvapestore.com\/nl\/wp-json\/wp\/v2\/media\/4000"}],"wp:attachment":[{"href":"https:\/\/puffvapestore.com\/nl\/wp-json\/wp\/v2\/media?parent=4073"}],"wp:term":[{"taxonomy":"product_brand","embeddable":true,"href":"https:\/\/puffvapestore.com\/nl\/wp-json\/wp\/v2\/product_brand?post=4073"},{"taxonomy":"product_cat","embeddable":true,"href":"https:\/\/puffvapestore.com\/nl\/wp-json\/wp\/v2\/product_cat?post=4073"},{"taxonomy":"product_tag","embeddable":true,"href":"https:\/\/puffvapestore.com\/nl\/wp-json\/wp\/v2\/product_tag?post=4073"}],"curies":[{"name":"wp","href":"https:\/\/api.w.org\/{rel}","templated":true}]}}