{"id":3387,"date":"2025-06-29T03:01:09","date_gmt":"2025-06-29T03:01:09","guid":{"rendered":"https:\/\/puffvapestore.com\/?post_type=product&#038;p=3387"},"modified":"2026-01-19T10:54:04","modified_gmt":"2026-01-19T10:54:04","slug":"randm-tornado-9000-vimto","status":"publish","type":"product","link":"https:\/\/puffvapestore.com\/nl\/product\/randm-tornado-9000-vimto\/","title":{"rendered":"RandM Tornado 9000 - Vimto"},"content":{"rendered":"<div data-elementor-type=\"wp-post\" data-elementor-id=\"3387\" class=\"elementor elementor-3387\">\n\t\t\t\t<div class=\"elementor-element elementor-element-d3f3f97 e-flex e-con-boxed e-con e-parent\" data-id=\"d3f3f97\" data-element_type=\"container\" data-e-type=\"container\">\n\t\t\t\t\t<div class=\"e-con-inner\">\n\t\t\t\t<div class=\"elementor-element elementor-element-9600b1d elementor-widget elementor-widget-text-editor\" data-id=\"9600b1d\" data-element_type=\"widget\" data-e-type=\"widget\" data-widget_type=\"text-editor.default\">\n\t\t\t\t<div class=\"elementor-widget-container\">\n\t\t\t\t\t\t\t\t\t<h2>Smaak : Vimto<\/h2><p>Vimto is een klassieke Britse frisdrank, gemengd met zwarte bessen, druiven en frambozen. De Vimto-smaak in RandM Tornado 9000 geeft perfect de iconische smaak van dit drankje weer, met de zoetzure smaak van rijke bessen en subtiele koolzuurbubbels.<\/p><ul><li><strong>Topnoten: Rijke explosie van zwart fruit<\/strong><br \/>Overheersende zwarte bes: Vanaf het eerste vleugje is de smaak van zwarte bes volledig duidelijk, met de zoetzure smaak van donkere bessen die doet denken aan rijpe zwarte bessenjam, met een licht wild zuurtje. De ronde zoetheid van de rode druif verzacht vervolgens de levendigheid van de zwarte bes en zorgt voor een zachte basis, vergelijkbaar met die van geconcentreerd druivensap.<\/li><li><strong>Hartnoten: Fruitig frambozenaroma en koolzuur.<\/strong><br \/>Levendig frambozenzuurtje: Over de rijke basis van zwarte bes en druif komt geleidelijk het fruitige zuurtje van framboos naar boven, dat een vleugje fris rood fruit toevoegt en de algemene smaak verzacht.<\/li><li><strong>Basisnoten: Een nasmaak van zoete jam.<\/strong><br \/>Honing van gemengde bessen: Aan het einde van de inademing evolueert de smaak geleidelijk naar de natuurlijke zoetheid van rijpe bessen, met een licht gekonfijte sensatie.<\/li><\/ul>\t\t\t\t\t\t\t\t<\/div>\n\t\t\t\t<\/div>\n\t\t\t\t\t<\/div>\n\t\t\t\t<\/div>\n\t\t<div class=\"elementor-element elementor-element-08c26f9 e-flex e-con-boxed e-con e-parent\" data-id=\"08c26f9\" data-element_type=\"container\" data-e-type=\"container\">\n\t\t\t\t\t<div class=\"e-con-inner\">\n\t\t\t\t<div class=\"elementor-element elementor-element-a005a97 elementor-widget elementor-widget-text-editor\" data-id=\"a005a97\" data-element_type=\"widget\" data-e-type=\"widget\" data-widget_type=\"text-editor.default\">\n\t\t\t\t<div class=\"elementor-widget-container\">\n\t\t\t\t\t\t\t\t\t<h2>RandM Tornado 9000 Vimto<\/h2><p>De RandM Tornado 9000 Vimto elektronische sigaret biedt tot 9000 trekjes voor langdurig plezier. Hij is uitgerust met een krachtige oplaadbare batterij van 850 mAh en een USB-C snellaadpoort voor continu gebruik. Het slanke, ergonomische ontwerp combineert draagbaarheid en stijl, waardoor het een must-have is voor vapers die op zoek zijn naar prestaties en functionaliteit. De Tornado 9000 Vimto heeft een 18 ml tank voor een langdurige smaak zonder vaak bijvullen. De ge\u00efntegreerde 0.8 ohm gaasweerstand verbetert de dampstroom voor een rijke, romige smaak bij elk trekje.<\/p>\t\t\t\t\t\t\t\t<\/div>\n\t\t\t\t<\/div>\n\t\t\t\t\t<\/div>\n\t\t\t\t<\/div>\n\t\t<div class=\"elementor-element elementor-element-4ac287c e-flex e-con-boxed e-con e-parent\" data-id=\"4ac287c\" data-element_type=\"container\" data-e-type=\"container\">\n\t\t\t\t\t<div class=\"e-con-inner\">\n\t\t<div class=\"elementor-element elementor-element-bbd8e4a e-con-full e-flex e-con e-child\" data-id=\"bbd8e4a\" data-element_type=\"container\" data-e-type=\"container\">\n\t\t\t\t<div class=\"elementor-element elementor-element-0dc5338 elementor-widget elementor-widget-text-editor\" data-id=\"0dc5338\" data-element_type=\"widget\" data-e-type=\"widget\" data-widget_type=\"text-editor.default\">\n\t\t\t\t<div class=\"elementor-widget-container\">\n\t\t\t\t\t\t\t\t\t<h2>Kenmerken van de RandM Tornado 9K Vimto:<\/h2><ul><li>Capaciteit : Tot 9.000 trekjes, ideaal voor langdurig gebruik.<\/li><li>Batterij: 850 mAh oplaadbare batterij met Type-C oplaadfunctie voor snel en effici\u00ebnt opladen.<\/li><li>E-vloeistof: Voorgevuld met 18 ml e-vloeistof, nicotineconcentratie 2% of optioneel 5%.<\/li><li>Technologie: Maakt gebruik van geavanceerde gaasweerstanden voor zachte, gelijkmatige stoom en intense smaak.<\/li><li>Ontwerp: Klein en licht, elegant en aantrekkelijk, met heldere RGB LED's voor uitstekende visuele effecten. Er zijn geen knoppen nodig: gewoon inhaleren om te beginnen, wat handig is voor beginners.<\/li><\/ul>\t\t\t\t\t\t\t\t<\/div>\n\t\t\t\t<\/div>\n\t\t\t\t<\/div>\n\t\t<div class=\"elementor-element elementor-element-8e0e87d e-con-full e-flex e-con e-child\" data-id=\"8e0e87d\" data-element_type=\"container\" data-e-type=\"container\">\n\t\t\t\t<div class=\"elementor-element elementor-element-63d978d elementor-widget elementor-widget-image-gallery\" data-id=\"63d978d\" data-element_type=\"widget\" data-e-type=\"widget\" data-widget_type=\"image-gallery.default\">\n\t\t\t\t<div class=\"elementor-widget-container\">\n\t\t\t\t\t\t\t<div class=\"elementor-image-gallery\">\n\t\t\t<div id='gallery-1' class='gallery galleryid-3387 gallery-columns-1 gallery-size-medium_large'><figure class='gallery-item'>\n\t\t\t<div class='gallery-icon landscape'>\n\t\t\t\t<img fetchpriority=\"high\" decoding=\"async\" width=\"768\" height=\"768\" src=\"https:\/\/puffvapestore.com\/wp-content\/uploads\/2025\/06\/randm-tornado-vape-9000-vimto-pvafrt9000-768x768.jpg\" class=\"attachment-medium_large size-medium_large\" alt=\"randm tornado 9000 vimto\" aria-describedby=\"gallery-1-3185\" srcset=\"https:\/\/puffvapestore.com\/wp-content\/uploads\/2025\/06\/randm-tornado-vape-9000-vimto-pvafrt9000-768x768.jpg 768w, https:\/\/puffvapestore.com\/wp-content\/uploads\/2025\/06\/randm-tornado-vape-9000-vimto-pvafrt9000-300x300.jpg 300w, https:\/\/puffvapestore.com\/wp-content\/uploads\/2025\/06\/randm-tornado-vape-9000-vimto-pvafrt9000-150x150.jpg 150w, https:\/\/puffvapestore.com\/wp-content\/uploads\/2025\/06\/randm-tornado-vape-9000-vimto-pvafrt9000-600x600.jpg 600w, https:\/\/puffvapestore.com\/wp-content\/uploads\/2025\/06\/randm-tornado-vape-9000-vimto-pvafrt9000-100x100.jpg 100w, https:\/\/puffvapestore.com\/wp-content\/uploads\/2025\/06\/randm-tornado-vape-9000-vimto-pvafrt9000.jpg 1016w\" sizes=\"(max-width: 768px) 100vw, 768px\" \/>\n\t\t\t<\/div>\n\t\t\t\t<figcaption class='wp-caption-text gallery-caption' id='gallery-1-3185'>\n\t\t\t\trandm tornado 9000 vimto\n\t\t\t\t<\/figcaption><\/figure>\n\t\t<\/div>\n\t\t<\/div>\n\t\t\t\t\t\t<\/div>\n\t\t\t\t<\/div>\n\t\t\t\t<\/div>\n\t\t\t\t\t<\/div>\n\t\t\t\t<\/div>\n\t\t<div class=\"elementor-element elementor-element-718b380 e-flex e-con-boxed e-con e-parent\" data-id=\"718b380\" data-element_type=\"container\" data-e-type=\"container\">\n\t\t\t\t\t<div class=\"e-con-inner\">\n\t\t\t\t<div class=\"elementor-element elementor-element-d2cc8fa elementor-widget elementor-widget-text-editor\" data-id=\"d2cc8fa\" data-element_type=\"widget\" data-e-type=\"widget\" data-widget_type=\"text-editor.default\">\n\t\t\t\t<div class=\"elementor-widget-container\">\n\t\t\t\t\t\t\t\t\t<h3>Is de batterijduur van de RandM Tornado 9000 voldoende om de 18 ml e-liquid te gebruiken?<\/h3><p>Ja, absoluut. De elektronische sigaret RandM Tornado 9000 heeft een ingebouwde batterij van 850 mAh. Deze kleine lithium-ion batterij is over het algemeen goed voor 300 tot 500 volledige laad- en ontlaadcycli. Om 18 ml e-liquid te roken en 9000 trekjes te bereiken, met een gemiddelde van 600 trekjes per lading, heb je slechts ongeveer 15 volledige ladingen nodig. Dit is ruim binnen de levensduur van de lithium-ion batterij, en de cycluscapaciteit is voldoende om de hoeveelheid gebruikte e-liquid te dekken. Bovendien ondersteunt het product USB Type-C snelladen, waardoor het gemakkelijk te gebruiken is.<\/p><p>De RandM Tornado 9000 is uitgerust met een 850 mAh oplaadbare lithium-ion batterij en ondersteunt Type-C snel opladen. Hoewel de RandM Tornado 9000 is uitgerust met een 850 mAh batterij, maakt de capaciteit van een enkele volledige lading slechts ongeveer 200 tot 1000 trekjes mogelijk, afhankelijk van de duur en intensiteit van elke trek (licht of diep inhaleren). In termen van autonomie is de capaciteit van \u00e9\u00e9n keer opladen dus duidelijk onvoldoende voor 9.000 trekjes of om alle 18 ml e-liquid in \u00e9\u00e9n keer op te gebruiken. Dit is echter geen ontwerpfout, maar eerder het resultaat van de strategie van de RandM om de levensduur van de batterij te segmenteren: meerdere laadcycli maken het mogelijk om gedurende de hele levenscyclus te voldoen aan de behoefte aan e-liquid.<\/p><h3>Vervaagt de smaak van RandM Tornado 9000 na verloop van tijd?<\/h3><p>De smaak van RandM Tornado 9000 vervaagt niet na verloop van tijd.<\/p><p>De RandM Tornado 9000 heeft een geavanceerde 0,8 ohm mesh verstuiver en een grote opslagcapaciteit van 18 ml e-vloeistof. Een van de belangrijkste voordelen is de consistentie van de smaak gedurende de hele gebruikscyclus. Deze technologie garandeert een optimale balans tussen de hoeveelheid rook en de smaak van elk trekje, waardoor het fenomeen van hoge intensiteit aan het begin van het vapen en verzwakking in het midden en aan het einde van het vapen bij traditionele elektronische sigaretten wordt vermeden.<\/p><p>Hoewel de technologie van het apparaat zorgt voor een stabiele output, wordt de daadwerkelijke smaakervaring ook be\u00efnvloed door de smaakgevoeligheid van de gebruiker. Sommige \u00abICE\u00bb-smaken zoals \u00abICE Mango\u00bb en \u00abICE Watermelon\u00bb geven bijvoorbeeld een subjectieve indruk van \u00abmeer frisheid en minder fruitigheid\u00bb na langdurig gebruik. Opgemerkt moet worden dat deze verandering vaak niet te wijten is aan de prestaties van het apparaat, maar een sensorische illusie kan zijn die veroorzaakt wordt door smaakmoeheid. Langdurig gebruik van dezelfde smaak zal leiden tot een geleidelijke aanpassing van de smaak aan bepaalde ingredi\u00ebnten, waardoor je een \u00abminder intense\u00bb sensatie krijgt.<\/p><p>Als je het gevoel hebt dat de smaak lichter is geworden, controleer dan eerst of de batterij en e-liquid op zijn. Je kunt dan andere smaken proberen om smaakmoeheid te verminderen. Bijvoorbeeld, het afwisselen van de \u00abICE\u00bb smaak met mildere smaken zoals \u00abmango\u00bb en \u00abcantaloupe\u00bb kan helpen om de complexe textuur van de smaak te herstellen.<\/p>\t\t\t\t\t\t\t\t<\/div>\n\t\t\t\t<\/div>\n\t\t\t\t\t<\/div>\n\t\t\t\t<\/div>\n\t\t\t\t<\/div>","protected":false},"excerpt":{"rendered":"<p>Go\u00fbt\u00a0: Vimto Le Vimto est une boisson gazeuse britannique classique, m\u00e9lang\u00e9e \u00e0 du cassis, du raisin et des framboises. L&rsquo;ar\u00f4me Vimto du RandM Tornado 9000 restitue parfaitement la saveur embl\u00e9matique de cette boisson, offrant le go\u00fbt aigre-doux de baies riches et de subtiles bulles gazeuses. Note de t\u00eate\u00a0: Riche explosion de fruits noirsDominance de cassis\u00a0: [&hellip;]<\/p>\n","protected":false},"featured_media":3185,"comment_status":"open","ping_status":"closed","template":"","meta":{"site-sidebar-layout":"no-sidebar","site-content-layout":"page-builder","ast-site-content-layout":"normal-width-container","site-content-style":"default","site-sidebar-style":"default","ast-global-header-display":"","ast-banner-title-visibility":"","ast-main-header-display":"","ast-hfb-above-header-display":"","ast-hfb-below-header-display":"","ast-hfb-mobile-header-display":"","site-post-title":"disabled","ast-breadcrumbs-content":"","ast-featured-img":"disabled","footer-sml-layout":"","ast-disable-related-posts":"","theme-transparent-header-meta":"default","adv-header-id-meta":"","stick-header-meta":"default","header-above-stick-meta":"","header-main-stick-meta":"","header-below-stick-meta":"","astra-migrate-meta-layouts":"set","ast-page-background-enabled":"default","ast-page-background-meta":{"desktop":{"background-color":"","background-image":"","background-repeat":"repeat","background-position":"center center","background-size":"auto","background-attachment":"scroll","background-type":"","background-media":"","overlay-type":"","overlay-color":"","overlay-opacity":"","overlay-gradient":""},"tablet":{"background-color":"","background-image":"","background-repeat":"repeat","background-position":"center center","background-size":"auto","background-attachment":"scroll","background-type":"","background-media":"","overlay-type":"","overlay-color":"","overlay-opacity":"","overlay-gradient":""},"mobile":{"background-color":"","background-image":"","background-repeat":"repeat","background-position":"center center","background-size":"auto","background-attachment":"scroll","background-type":"","background-media":"","overlay-type":"","overlay-color":"","overlay-opacity":"","overlay-gradient":""}},"ast-content-background-meta":{"desktop":{"background-color":"var(--ast-global-color-5)","background-image":"","background-repeat":"repeat","background-position":"center center","background-size":"auto","background-attachment":"scroll","background-type":"","background-media":"","overlay-type":"","overlay-color":"","overlay-opacity":"","overlay-gradient":""},"tablet":{"background-color":"var(--ast-global-color-5)","background-image":"","background-repeat":"repeat","background-position":"center center","background-size":"auto","background-attachment":"scroll","background-type":"","background-media":"","overlay-type":"","overlay-color":"","overlay-opacity":"","overlay-gradient":""},"mobile":{"background-color":"var(--ast-global-color-5)","background-image":"","background-repeat":"repeat","background-position":"center center","background-size":"auto","background-attachment":"scroll","background-type":"","background-media":"","overlay-type":"","overlay-color":"","overlay-opacity":"","overlay-gradient":""}}},"product_brand":[42],"product_cat":[43,78,15],"product_tag":[],"class_list":{"0":"post-3387","1":"product","2":"type-product","3":"status-publish","4":"has-post-thumbnail","6":"product_brand-randm-tornado","7":"product_cat-randm-tornado-9000","8":"product_cat-puff-9k","9":"product_cat-magasin-cigarette-electronique","10":"desktop-align-center","11":"tablet-align-center","12":"mobile-align-center","13":"ast-product-gallery-layout-horizontal","14":"ast-product-gallery-with-no-image","15":"ast-product-single-variable","16":"ast-product-tabs-layout-horizontal","17":"ast-qv-on-image","19":"first","20":"outofstock","21":"sale","22":"shipping-taxable","23":"purchasable","24":"product-type-variable","25":"has-default-attributes"},"tiered_pricing_type":"fixed","tiered_pricing_fixed_rules":{"30":8.58,"60":8.13,"100":7.61,"200":7.12,"400":6.86},"tiered_pricing_product_settings":{"layout":"default","base_unit_name":{"singular":null,"plural":null},"default_variation":null},"tiered_pricing_minimum_quantity":null,"tiered_pricing_roles_data":[],"tiered_pricing_percentage_rules":[],"_links":{"self":[{"href":"https:\/\/puffvapestore.com\/nl\/wp-json\/wp\/v2\/product\/3387","targetHints":{"allow":["GET"]}}],"collection":[{"href":"https:\/\/puffvapestore.com\/nl\/wp-json\/wp\/v2\/product"}],"about":[{"href":"https:\/\/puffvapestore.com\/nl\/wp-json\/wp\/v2\/types\/product"}],"replies":[{"embeddable":true,"href":"https:\/\/puffvapestore.com\/nl\/wp-json\/wp\/v2\/comments?post=3387"}],"version-history":[{"count":7,"href":"https:\/\/puffvapestore.com\/nl\/wp-json\/wp\/v2\/product\/3387\/revisions"}],"predecessor-version":[{"id":3999,"href":"https:\/\/puffvapestore.com\/nl\/wp-json\/wp\/v2\/product\/3387\/revisions\/3999"}],"wp:featuredmedia":[{"embeddable":true,"href":"https:\/\/puffvapestore.com\/nl\/wp-json\/wp\/v2\/media\/3185"}],"wp:attachment":[{"href":"https:\/\/puffvapestore.com\/nl\/wp-json\/wp\/v2\/media?parent=3387"}],"wp:term":[{"taxonomy":"product_brand","embeddable":true,"href":"https:\/\/puffvapestore.com\/nl\/wp-json\/wp\/v2\/product_brand?post=3387"},{"taxonomy":"product_cat","embeddable":true,"href":"https:\/\/puffvapestore.com\/nl\/wp-json\/wp\/v2\/product_cat?post=3387"},{"taxonomy":"product_tag","embeddable":true,"href":"https:\/\/puffvapestore.com\/nl\/wp-json\/wp\/v2\/product_tag?post=3387"}],"curies":[{"name":"wp","href":"https:\/\/api.w.org\/{rel}","templated":true}]}}