{"id":3352,"date":"2025-06-26T09:15:42","date_gmt":"2025-06-26T09:15:42","guid":{"rendered":"https:\/\/puffvapestore.com\/?post_type=product&#038;p=3352"},"modified":"2026-01-19T10:54:04","modified_gmt":"2026-01-19T10:54:04","slug":"tornado-randm-9000-gummy-bear","status":"publish","type":"product","link":"https:\/\/puffvapestore.com\/nl\/product\/tornado-randm-9000-gummibeer\/","title":{"rendered":"Tornado RandM 9000 - Gummibeer"},"content":{"rendered":"<div data-elementor-type=\"wp-post\" data-elementor-id=\"3352\" class=\"elementor elementor-3352\">\n\t\t\t\t<div class=\"elementor-element elementor-element-d3f3f97 e-flex e-con-boxed e-con e-parent\" data-id=\"d3f3f97\" data-element_type=\"container\" data-e-type=\"container\">\n\t\t\t\t\t<div class=\"e-con-inner\">\n\t\t\t\t<div class=\"elementor-element elementor-element-9600b1d elementor-widget elementor-widget-text-editor\" data-id=\"9600b1d\" data-element_type=\"widget\" data-e-type=\"widget\" data-widget_type=\"text-editor.default\">\n\t\t\t\t<div class=\"elementor-widget-container\">\n\t\t\t\t\t\t\t\t\t<h2>Smaak: Gummibeer<\/h2><p>RandM Tornado 9000 Oursons G\u00e9lifi\u00e9s (Gelled Teddy Bear Taste) is een e-liquid ge\u00efnspireerd door klassieke snoepjes, ontworpen om de fruitige, pittige en zachte smaak van gekleurde jelly beans te reproduceren.<\/p><ul><li><strong>Topnoten: Explosief, zoet aroma van gemengde vruchten.<\/strong><br \/>Eerste trekje: Vanaf het eerste trekje ervaar je de gemengde zoetheid van verschillende vruchten, vergelijkbaar met het complexe fruitige aroma van Rainbow Gummy Bears, met smaken van aardbei, sinaasappel, citroen of tropisch fruit, voor een levendige, sprankelende smaak.<\/li><li><strong>Hartnoot: De geleiachtige textuur van jelly beans en de balans tussen zoet en zuur.<\/strong><br \/>Hoofdsmaak: De fruitige smaak onthult geleidelijk de unieke gommysmaak van Gummibeertjes, simuleert de zachte textuur van echt snoepgoed, met een matig zuurtje (vergelijkbaar met citroen- of appelzuur) om de zoetheid in balans te brengen.<\/li><li><strong>Afdronk: Lange zoete afdronk.<\/strong><br \/>Afdronk: Bij het uitademen laat het gehemelte een zoete fruitsnoepjes nasmaak achter, vergelijkbaar met het fruitige aroma dat achterblijft na het eten van een zacht snoepje, met een aanhoudende zoetheid zonder plakkerig te zijn.<\/li><\/ul>\t\t\t\t\t\t\t\t<\/div>\n\t\t\t\t<\/div>\n\t\t\t\t\t<\/div>\n\t\t\t\t<\/div>\n\t\t<div class=\"elementor-element elementor-element-08c26f9 e-flex e-con-boxed e-con e-parent\" data-id=\"08c26f9\" data-element_type=\"container\" data-e-type=\"container\">\n\t\t\t\t\t<div class=\"e-con-inner\">\n\t\t\t\t<div class=\"elementor-element elementor-element-a005a97 elementor-widget elementor-widget-text-editor\" data-id=\"a005a97\" data-element_type=\"widget\" data-e-type=\"widget\" data-widget_type=\"text-editor.default\">\n\t\t\t\t<div class=\"elementor-widget-container\">\n\t\t\t\t\t\t\t\t\t<h2>Tornado RandM 9000 gummibeer<\/h2><p>De elektronische sigaret RandM Tornado 9000 Gummy Bear heeft een extreem lange levensduur (tot 9.000 trekjes), hoge prestaties en een uniek ontwerp. Hij is uitgerust met een oplaadbare batterij van 850 mAh en een USB-C snellaadinterface, waardoor hij in ongeveer een uur volledig is opgeladen voor langdurig gebruik. De ge\u00efntegreerde olietank heeft een inhoud van ongeveer 18 ml olie. Bovendien maakt de RandM Tornado 9000 Gummy Bear gebruik van een 0,8 ohm mesh verstuiver om de rookconcentratie en smaak effectief te verbeteren.<\/p>\t\t\t\t\t\t\t\t<\/div>\n\t\t\t\t<\/div>\n\t\t\t\t\t<\/div>\n\t\t\t\t<\/div>\n\t\t<div class=\"elementor-element elementor-element-4ac287c e-flex e-con-boxed e-con e-parent\" data-id=\"4ac287c\" data-element_type=\"container\" data-e-type=\"container\">\n\t\t\t\t\t<div class=\"e-con-inner\">\n\t\t<div class=\"elementor-element elementor-element-bbd8e4a e-con-full e-flex e-con e-child\" data-id=\"bbd8e4a\" data-element_type=\"container\" data-e-type=\"container\">\n\t\t\t\t<div class=\"elementor-element elementor-element-0dc5338 elementor-widget elementor-widget-text-editor\" data-id=\"0dc5338\" data-element_type=\"widget\" data-e-type=\"widget\" data-widget_type=\"text-editor.default\">\n\t\t\t\t<div class=\"elementor-widget-container\">\n\t\t\t\t\t\t\t\t\t<h2>Kenmerken van de RandM Tornado 9000 Gummibeer:<\/h2><ul><li>Capaciteit : Tot 9.000 trekjes, ideaal voor langdurig gebruik.<\/li><li>Batterij: 850 mAh oplaadbare batterij met Type-C oplaadfunctie voor snel en effici\u00ebnt opladen.<\/li><li>E-vloeistof: Voorgevuld met 18 ml e-vloeistof, nicotineconcentratie 2% of optioneel 5%.<\/li><li>Technologie: Maakt gebruik van geavanceerde gaasweerstanden voor zachte, gelijkmatige stoom en intense smaak.<\/li><li>Ontwerp: Klein en licht, elegant en aantrekkelijk, met heldere RGB LED's voor uitstekende visuele effecten. Er zijn geen knoppen nodig: gewoon inhaleren om te beginnen, wat handig is voor beginners.<\/li><\/ul>\t\t\t\t\t\t\t\t<\/div>\n\t\t\t\t<\/div>\n\t\t\t\t<\/div>\n\t\t<div class=\"elementor-element elementor-element-8e0e87d e-con-full e-flex e-con e-child\" data-id=\"8e0e87d\" data-element_type=\"container\" data-e-type=\"container\">\n\t\t\t\t<div class=\"elementor-element elementor-element-63d978d elementor-widget elementor-widget-image-gallery\" data-id=\"63d978d\" data-element_type=\"widget\" data-e-type=\"widget\" data-widget_type=\"image-gallery.default\">\n\t\t\t\t<div class=\"elementor-widget-container\">\n\t\t\t\t\t\t\t<div class=\"elementor-image-gallery\">\n\t\t\t<div id='gallery-1' class='gallery galleryid-3352 gallery-columns-1 gallery-size-medium_large'><figure class='gallery-item'>\n\t\t\t<div class='gallery-icon landscape'>\n\t\t\t\t<img fetchpriority=\"high\" decoding=\"async\" width=\"768\" height=\"768\" src=\"https:\/\/puffvapestore.com\/wp-content\/uploads\/2025\/06\/RandM-Tornado-Vape-9000-Gummybear-pvafrt9000-768x768.jpg\" class=\"attachment-medium_large size-medium_large\" alt=\"Gummibeer RandM Tornado 9000\" aria-describedby=\"gallery-1-3155\" srcset=\"https:\/\/puffvapestore.com\/wp-content\/uploads\/2025\/06\/RandM-Tornado-Vape-9000-Gummybear-pvafrt9000-768x768.jpg 768w, https:\/\/puffvapestore.com\/wp-content\/uploads\/2025\/06\/RandM-Tornado-Vape-9000-Gummybear-pvafrt9000-300x300.jpg 300w, https:\/\/puffvapestore.com\/wp-content\/uploads\/2025\/06\/RandM-Tornado-Vape-9000-Gummybear-pvafrt9000-150x150.jpg 150w, https:\/\/puffvapestore.com\/wp-content\/uploads\/2025\/06\/RandM-Tornado-Vape-9000-Gummybear-pvafrt9000-600x600.jpg 600w, https:\/\/puffvapestore.com\/wp-content\/uploads\/2025\/06\/RandM-Tornado-Vape-9000-Gummybear-pvafrt9000-100x100.jpg 100w, https:\/\/puffvapestore.com\/wp-content\/uploads\/2025\/06\/RandM-Tornado-Vape-9000-Gummybear-pvafrt9000.jpg 1016w\" sizes=\"(max-width: 768px) 100vw, 768px\" \/>\n\t\t\t<\/div>\n\t\t\t\t<figcaption class='wp-caption-text gallery-caption' id='gallery-1-3155'>\n\t\t\t\tGummibeer RandM Tornado 9000\n\t\t\t\t<\/figcaption><\/figure>\n\t\t<\/div>\n\t\t<\/div>\n\t\t\t\t\t\t<\/div>\n\t\t\t\t<\/div>\n\t\t\t\t<\/div>\n\t\t\t\t\t<\/div>\n\t\t\t\t<\/div>\n\t\t<div class=\"elementor-element elementor-element-718b380 e-flex e-con-boxed e-con e-parent\" data-id=\"718b380\" data-element_type=\"container\" data-e-type=\"container\">\n\t\t\t\t\t<div class=\"e-con-inner\">\n\t\t\t\t<div class=\"elementor-element elementor-element-d2cc8fa elementor-widget elementor-widget-text-editor\" data-id=\"d2cc8fa\" data-element_type=\"widget\" data-e-type=\"widget\" data-widget_type=\"text-editor.default\">\n\t\t\t\t<div class=\"elementor-widget-container\">\n\t\t\t\t\t\t\t\t\t<h3>Is de batterijduur van de RandM Tornado 9000 Gummy Bear voldoende om de 18 ml e-liquid te gebruiken?<\/h3><p>De 850 mAh batterij van de RandM Tornado 9000 Gummy Bear geeft je na meerdere keren opladen 9.000 trekjes van 18 ml e-liquid.<\/p><p>De RandM Tornado 9000 Gummy Bear is uitgerust met een 850 mAh oplaadbare batterij en 18 ml voorgevulde e-vloeistof, die ongeveer 9.000 trekjes biedt. De 850 mAh batterij biedt een hogere capaciteit dan wegwerpbatterijen en kan snel worden opgeladen via de Type-C poort. De 850 mAh batterij van de RandM Tornado 9000 kan ongeveer 200 tot 1000 trekjes ondersteunen op \u00e9\u00e9n volledige lading (afhankelijk van de duur van de trekjes). Een enkele lading van 850 mAh is niet genoeg voor de 9000 trekjes, maar meerdere ladingen kunnen dit tekort compenseren. Bovendien zijn lithium-ion batterijen (zoals 850 mAh batterijen) over het algemeen bestand tegen 300 tot 500 volledige oplaadcycli (van 0 % tot 100 %), wat betekent dat de totale autonomie de behoeften van wegwerpapparaten ver overstijgt.<\/p><h3>Vervaagt de smaak van RandM Tornado 9000 na verloop van tijd?<\/h3><p>De smaak van RandM Tornado 9000 vervaagt niet na verloop van tijd.<\/p><p>De RandM Tornado 9000 biedt een zeer consistente smaakervaring gedurende de hele gebruikscyclus. De grote e-liquid capaciteit van 18 ml en de 0,8 ohm mesh core technologie zorgen voor een consistente, langdurige dosis. Fruitige smaken zoals \u00abICE\u00bb en \u00abBlueberry Raspberry\u00bb behouden hun versheid en vervagen niet na weken van gebruik.<\/p><h5>Verschillende gebruikerservaringen voor verschillende mensen<\/h5><p>Hoewel de technologie ontworpen is om een consistente smaak te behouden, zal de gebruikerservaring van persoon tot persoon verschillen. Sommige gebruikers melden dat bepaalde smaken (zoals die met \u00abICE\u00bb-elementen) na langdurig gebruik veranderingen in smaak kunnen vertonen, zoals meer frisheid en iets lichtere fruitige smaken. Dit kan verband houden met smaakmoeheid. De meeste gebruikers van de elektronische sigaret RandM Tornado 9000 vinden dat de smaak van de elektronische sigaret RandM Tornado 9000 stabiel blijft gedurende de hele levensduur. Als u de smaak beu bent, kunt u van smaak veranderen. Regelmatig van smaak veranderen is een goede manier om smaakmoeheid tegen te gaan.<\/p>\t\t\t\t\t\t\t\t<\/div>\n\t\t\t\t<\/div>\n\t\t\t\t\t<\/div>\n\t\t\t\t<\/div>\n\t\t\t\t<\/div>","protected":false},"excerpt":{"rendered":"<p>Go\u00fbt: Gummy Bear RandM Tornado 9000 Oursons G\u00e9lifi\u00e9s (Go\u00fbt Oursons G\u00e9lifi\u00e9s) est un e-liquide inspir\u00e9 des bonbons classiques, con\u00e7u pour reproduire l&rsquo;ar\u00f4me fruit\u00e9 acidul\u00e9 et moelleux des bonbons g\u00e9lifi\u00e9s color\u00e9s. Note de t\u00eate\u00a0: Ar\u00f4me explosif et sucr\u00e9 de fruits m\u00e9lang\u00e9s. Premi\u00e8re bouff\u00e9e\u00a0: D\u00e8s la premi\u00e8re bouff\u00e9e, vous ressentirez la douceur m\u00eal\u00e9e de divers fruits, similaire [&hellip;]<\/p>\n","protected":false},"featured_media":3155,"comment_status":"open","ping_status":"closed","template":"","meta":{"site-sidebar-layout":"no-sidebar","site-content-layout":"page-builder","ast-site-content-layout":"normal-width-container","site-content-style":"default","site-sidebar-style":"default","ast-global-header-display":"","ast-banner-title-visibility":"","ast-main-header-display":"","ast-hfb-above-header-display":"","ast-hfb-below-header-display":"","ast-hfb-mobile-header-display":"","site-post-title":"disabled","ast-breadcrumbs-content":"","ast-featured-img":"disabled","footer-sml-layout":"","ast-disable-related-posts":"","theme-transparent-header-meta":"default","adv-header-id-meta":"","stick-header-meta":"default","header-above-stick-meta":"","header-main-stick-meta":"","header-below-stick-meta":"","astra-migrate-meta-layouts":"set","ast-page-background-enabled":"default","ast-page-background-meta":{"desktop":{"background-color":"","background-image":"","background-repeat":"repeat","background-position":"center center","background-size":"auto","background-attachment":"scroll","background-type":"","background-media":"","overlay-type":"","overlay-color":"","overlay-opacity":"","overlay-gradient":""},"tablet":{"background-color":"","background-image":"","background-repeat":"repeat","background-position":"center center","background-size":"auto","background-attachment":"scroll","background-type":"","background-media":"","overlay-type":"","overlay-color":"","overlay-opacity":"","overlay-gradient":""},"mobile":{"background-color":"","background-image":"","background-repeat":"repeat","background-position":"center center","background-size":"auto","background-attachment":"scroll","background-type":"","background-media":"","overlay-type":"","overlay-color":"","overlay-opacity":"","overlay-gradient":""}},"ast-content-background-meta":{"desktop":{"background-color":"var(--ast-global-color-5)","background-image":"","background-repeat":"repeat","background-position":"center center","background-size":"auto","background-attachment":"scroll","background-type":"","background-media":"","overlay-type":"","overlay-color":"","overlay-opacity":"","overlay-gradient":""},"tablet":{"background-color":"var(--ast-global-color-5)","background-image":"","background-repeat":"repeat","background-position":"center center","background-size":"auto","background-attachment":"scroll","background-type":"","background-media":"","overlay-type":"","overlay-color":"","overlay-opacity":"","overlay-gradient":""},"mobile":{"background-color":"var(--ast-global-color-5)","background-image":"","background-repeat":"repeat","background-position":"center center","background-size":"auto","background-attachment":"scroll","background-type":"","background-media":"","overlay-type":"","overlay-color":"","overlay-opacity":"","overlay-gradient":""}}},"product_brand":[42],"product_cat":[43,78,15],"product_tag":[],"class_list":{"0":"post-3352","1":"product","2":"type-product","3":"status-publish","4":"has-post-thumbnail","6":"product_brand-randm-tornado","7":"product_cat-randm-tornado-9000","8":"product_cat-puff-9k","9":"product_cat-magasin-cigarette-electronique","10":"desktop-align-center","11":"tablet-align-center","12":"mobile-align-center","13":"ast-product-gallery-layout-horizontal","14":"ast-product-gallery-with-no-image","15":"ast-product-single-variable","16":"ast-product-tabs-layout-horizontal","17":"ast-qv-on-image","19":"first","20":"outofstock","21":"sale","22":"shipping-taxable","23":"purchasable","24":"product-type-variable","25":"has-default-attributes"},"tiered_pricing_type":"fixed","tiered_pricing_fixed_rules":{"30":8.58,"60":8.13,"100":7.61,"200":7.12,"400":6.86},"tiered_pricing_product_settings":{"layout":"default","base_unit_name":{"singular":null,"plural":null},"default_variation":null},"tiered_pricing_minimum_quantity":null,"tiered_pricing_roles_data":[],"tiered_pricing_percentage_rules":[],"_links":{"self":[{"href":"https:\/\/puffvapestore.com\/nl\/wp-json\/wp\/v2\/product\/3352","targetHints":{"allow":["GET"]}}],"collection":[{"href":"https:\/\/puffvapestore.com\/nl\/wp-json\/wp\/v2\/product"}],"about":[{"href":"https:\/\/puffvapestore.com\/nl\/wp-json\/wp\/v2\/types\/product"}],"replies":[{"embeddable":true,"href":"https:\/\/puffvapestore.com\/nl\/wp-json\/wp\/v2\/comments?post=3352"}],"version-history":[{"count":8,"href":"https:\/\/puffvapestore.com\/nl\/wp-json\/wp\/v2\/product\/3352\/revisions"}],"predecessor-version":[{"id":7248,"href":"https:\/\/puffvapestore.com\/nl\/wp-json\/wp\/v2\/product\/3352\/revisions\/7248"}],"wp:featuredmedia":[{"embeddable":true,"href":"https:\/\/puffvapestore.com\/nl\/wp-json\/wp\/v2\/media\/3155"}],"wp:attachment":[{"href":"https:\/\/puffvapestore.com\/nl\/wp-json\/wp\/v2\/media?parent=3352"}],"wp:term":[{"taxonomy":"product_brand","embeddable":true,"href":"https:\/\/puffvapestore.com\/nl\/wp-json\/wp\/v2\/product_brand?post=3352"},{"taxonomy":"product_cat","embeddable":true,"href":"https:\/\/puffvapestore.com\/nl\/wp-json\/wp\/v2\/product_cat?post=3352"},{"taxonomy":"product_tag","embeddable":true,"href":"https:\/\/puffvapestore.com\/nl\/wp-json\/wp\/v2\/product_tag?post=3352"}],"curies":[{"name":"wp","href":"https:\/\/api.w.org\/{rel}","templated":true}]}}