{"id":3204,"date":"2025-06-22T09:07:42","date_gmt":"2025-06-22T09:07:42","guid":{"rendered":"https:\/\/puffvapestore.com\/?post_type=product&#038;p=3204"},"modified":"2026-01-19T10:54:03","modified_gmt":"2026-01-19T10:54:03","slug":"randm-tornado-9000-vape-propose-une-variete-de-saveurs-pour-repondre-a-tous-les-gouts","status":"publish","type":"product","link":"https:\/\/puffvapestore.com\/nl\/product\/randm-tornado-9000-vape-biedt-een-scala-aan-smaken-voor-elk-wat-wils\/","title":{"rendered":"RandM Tornado 9000 is verkrijgbaar in meer dan 50 smaken voor elke smaak."},"content":{"rendered":"<div data-elementor-type=\"wp-post\" data-elementor-id=\"3204\" class=\"elementor elementor-3204\">\n\t\t\t\t<div class=\"elementor-element elementor-element-08c26f9 e-flex e-con-boxed e-con e-parent\" data-id=\"08c26f9\" data-element_type=\"container\" data-e-type=\"container\">\n\t\t\t\t\t<div class=\"e-con-inner\">\n\t\t\t\t<div class=\"elementor-element elementor-element-a005a97 elementor-widget elementor-widget-text-editor\" data-id=\"a005a97\" data-element_type=\"widget\" data-e-type=\"widget\" data-widget_type=\"text-editor.default\">\n\t\t\t\t<div class=\"elementor-widget-container\">\n\t\t\t\t\t\t\t\t\t<p>De RandM Tornado 9000 elektronische sigaret heeft een extreem lange levensduur (tot 9.000 trekjes), hoge prestaties en een uniek ontwerp. Hij is uitgerust met een oplaadbare batterij van 850 mAh en een USB-C snellaadinterface, waardoor hij in ongeveer een uur volledig is opgeladen voor langdurig gebruik. De ge\u00efntegreerde olietank heeft een inhoud van ongeveer 18 ml olie. Bovendien maakt de RandM Tornado 9000 gebruik van een 0,8 ohm mesh verstuiver om de rookconcentratie en smaak effectief te verbeteren.<\/p>\t\t\t\t\t\t\t\t<\/div>\n\t\t\t\t<\/div>\n\t\t\t\t\t<\/div>\n\t\t\t\t<\/div>\n\t\t<div class=\"elementor-element elementor-element-4ac287c e-flex e-con-boxed e-con e-parent\" data-id=\"4ac287c\" data-element_type=\"container\" data-e-type=\"container\">\n\t\t\t\t\t<div class=\"e-con-inner\">\n\t\t<div class=\"elementor-element elementor-element-bbd8e4a e-con-full e-flex e-con e-child\" data-id=\"bbd8e4a\" data-element_type=\"container\" data-e-type=\"container\">\n\t\t\t\t<div class=\"elementor-element elementor-element-0dc5338 elementor-widget elementor-widget-text-editor\" data-id=\"0dc5338\" data-element_type=\"widget\" data-e-type=\"widget\" data-widget_type=\"text-editor.default\">\n\t\t\t\t<div class=\"elementor-widget-container\">\n\t\t\t\t\t\t\t\t\t<h2>Kenmerken van de RandM Tornado 9000 :<\/h2><ul><li>Capaciteit : Tot 9.000 trekjes, ideaal voor langdurig gebruik.<\/li><li>Batterij: 850 mAh oplaadbare batterij met Type-C oplaadfunctie voor snel en effici\u00ebnt opladen.<\/li><li>E-vloeistof: Voorgevuld met 18 ml e-vloeistof, nicotineconcentratie 2% of optioneel 5%.<\/li><li>Technologie: Maakt gebruik van geavanceerde gaasweerstanden voor zachte, gelijkmatige stoom en intense smaak.<\/li><li>Ontwerp: Klein en licht, elegant en aantrekkelijk, met heldere RGB LED's voor uitstekende visuele effecten. Er zijn geen knoppen nodig: gewoon inhaleren om te beginnen, wat handig is voor beginners.<\/li><\/ul>\t\t\t\t\t\t\t\t<\/div>\n\t\t\t\t<\/div>\n\t\t\t\t<\/div>\n\t\t<div class=\"elementor-element elementor-element-8e0e87d e-con-full e-flex e-con e-child\" data-id=\"8e0e87d\" data-element_type=\"container\" data-e-type=\"container\">\n\t\t\t\t<div class=\"elementor-element elementor-element-63d978d elementor-widget elementor-widget-image-gallery\" data-id=\"63d978d\" data-element_type=\"widget\" data-e-type=\"widget\" data-widget_type=\"image-gallery.default\">\n\t\t\t\t<div class=\"elementor-widget-container\">\n\t\t\t\t\t\t\t<div class=\"elementor-image-gallery\">\n\t\t\t<div id='gallery-1' class='gallery galleryid-3204 gallery-columns-1 gallery-size-medium_large'><figure class='gallery-item'>\n\t\t\t<div class='gallery-icon landscape'>\n\t\t\t\t<img fetchpriority=\"high\" decoding=\"async\" width=\"768\" height=\"768\" src=\"https:\/\/puffvapestore.com\/wp-content\/uploads\/2025\/06\/18ml-liquid-inhalt-randm-tornado-vape-9000-pvafrt9000-768x768.jpg\" class=\"attachment-medium_large size-medium_large\" alt=\"randm tornado 9000 18ml vloeistof\" aria-describedby=\"gallery-1-3190\" srcset=\"https:\/\/puffvapestore.com\/wp-content\/uploads\/2025\/06\/18ml-liquid-inhalt-randm-tornado-vape-9000-pvafrt9000-768x768.jpg 768w, https:\/\/puffvapestore.com\/wp-content\/uploads\/2025\/06\/18ml-liquid-inhalt-randm-tornado-vape-9000-pvafrt9000-300x300.jpg 300w, https:\/\/puffvapestore.com\/wp-content\/uploads\/2025\/06\/18ml-liquid-inhalt-randm-tornado-vape-9000-pvafrt9000-150x150.jpg 150w, https:\/\/puffvapestore.com\/wp-content\/uploads\/2025\/06\/18ml-liquid-inhalt-randm-tornado-vape-9000-pvafrt9000-600x600.jpg 600w, https:\/\/puffvapestore.com\/wp-content\/uploads\/2025\/06\/18ml-liquid-inhalt-randm-tornado-vape-9000-pvafrt9000-100x100.jpg 100w, https:\/\/puffvapestore.com\/wp-content\/uploads\/2025\/06\/18ml-liquid-inhalt-randm-tornado-vape-9000-pvafrt9000.jpg 1016w\" sizes=\"(max-width: 768px) 100vw, 768px\" \/>\n\t\t\t<\/div>\n\t\t\t\t<figcaption class='wp-caption-text gallery-caption' id='gallery-1-3190'>\n\t\t\t\trandm tornado 9000 18ml vloeistof\n\t\t\t\t<\/figcaption><\/figure>\n\t\t<\/div>\n\t\t<\/div>\n\t\t\t\t\t\t<\/div>\n\t\t\t\t<\/div>\n\t\t\t\t<\/div>\n\t\t\t\t\t<\/div>\n\t\t\t\t<\/div>\n\t\t<div class=\"elementor-element elementor-element-d3f3f97 e-flex e-con-boxed e-con e-parent\" data-id=\"d3f3f97\" data-element_type=\"container\" data-e-type=\"container\">\n\t\t\t\t\t<div class=\"e-con-inner\">\n\t\t\t\t<div class=\"elementor-element elementor-element-9600b1d elementor-widget elementor-widget-text-editor\" data-id=\"9600b1d\" data-element_type=\"widget\" data-e-type=\"widget\" data-widget_type=\"text-editor.default\">\n\t\t\t\t<div class=\"elementor-widget-container\">\n\t\t\t\t\t\t\t\t\t<h2>De RandM Tornado 9000 biedt verschillende smaken voor elke smaak.<\/h2><p>De RandM Tornado 9000 biedt 54 smaken, van de meest verfrissende tot de sterkste, van de meest klassieke tot de meest innovatieve, om aan alle smaken te voldoen, vooral diegenen die houden van complexe ijzige of fruitige smaken.<\/p><p>Tornado 9000 biedt een rijke vari\u00ebteit aan fruitige smaken, in zowel eenvoudige als complexe fruitige versies. \u00abAloe Grape\u00bb combineert verfrissende alo\u00eb met zoete druiven, terwijl \u00abBlueberry Raspberry\u00bb en \u00abBlueberry Cherry Cranberry\u00bb complexe fruitige aroma's bieden. Klassieke smaken zoals \u00abGrape\u00bb, \u00abPineapple\u00bb en \u00abCherry\u00bb geven de pure fruitige ervaring weer, terwijl \u00abRainbow Candy\u00bb en \u00abSkittles\u00bb de zoetheid van snoep reproduceren.<\/p><p>Het Ice-assortiment is het populairst en biedt bijna alle populaire fruitsmaken. \u00abBlue Razz Ice\u00bb, \u00abWatermelon Ice\u00bb en \u00abPeach Ice\u00bb voegen een ijzige toets toe aan de fruitsmaak, perfect voor wie de voorkeur geeft aan een frisse smaak. \u00abBlack Ice\u00bb en \u00abCool Mint\u00bb hebben een sterk verfrissend effect, terwijl \u00abLush Ice\u00bb (meestal een mix van watermeloen en munt) en \u00abWatermelon Brazz Ice\u00bb nog meer ijzige opties toevoegen.<\/p><p>Sommige smaken bootsen populaire drankjes of desserts na, zoals \u00abCherry Cola\u00bb, \u00abOrange Soda\u00bb en \u00abPink Lemonade\u00bb, die het verfrissende gevoel geven van bruisende drankjes. Peach Lemonade\u00ab en \u00bbStrawberry Lemonade\u00ab bieden een zoetzure balans, terwijl \u00bbVimto\u00ab de unieke smaak van de Britse klassieker met zwarte bessen weergeeft. Desserts zoals \u00bbBanana Custard\u00ab en \u00bbStrawberry Cream\u00ab voegen een rijke, romige smaak toe.<\/p><p>Tropische fruitcombinaties zoals \u00abKiwi, Passievrucht, Guave\u00bb en \u00abPerzik, Mango &amp; Ananas\u00bb zitten boordevol exotische smaken. Zoete smaken zoals \u00abGummy Bear\u00bb, \u00abSour Candy\u00bb en \u00abWatermelon Bubblegum\u00bb bieden zoete of wrange smaken, terwijl \u00abStrawberry Watermelon Bubblegum\u00bb en \u00abWatermelon Skittles\u00bb twee populaire smaken combineren voor fun-lovers.<\/p>\t\t\t\t\t\t\t\t<\/div>\n\t\t\t\t<\/div>\n\t\t\t\t\t<\/div>\n\t\t\t\t<\/div>\n\t\t<div class=\"elementor-element elementor-element-718b380 e-flex e-con-boxed e-con e-parent\" data-id=\"718b380\" data-element_type=\"container\" data-e-type=\"container\">\n\t\t\t\t\t<div class=\"e-con-inner\">\n\t\t\t\t<div class=\"elementor-element elementor-element-d2cc8fa elementor-widget elementor-widget-text-editor\" data-id=\"d2cc8fa\" data-element_type=\"widget\" data-e-type=\"widget\" data-widget_type=\"text-editor.default\">\n\t\t\t\t<div class=\"elementor-widget-container\">\n\t\t\t\t\t\t\t\t\t<h3>Is de batterijduur van de RandM Tornado 9000 voldoende om de 18 ml e-liquid te gebruiken?<\/h3><p>De 850 mAh batterij van de RandM Tornado 9000 geeft je na meerdere keren opladen 9.000 trekjes van 18 ml e-liquid.<\/p><p>De RandM Tornado 9000 is uitgerust met een 850 mAh oplaadbare batterij en 18 ml voorgevulde e-vloeistof, die ongeveer 9.000 puffs biedt. De 850 mAh batterij biedt een hogere capaciteit dan wegwerpbatterijen en kan snel worden opgeladen via de Type-C poort. De 850 mAh batterij van de RandM Tornado 9000 kan ongeveer 200 tot 1000 trekjes ondersteunen op \u00e9\u00e9n volledige lading (afhankelijk van de duur van de trekjes). Een enkele lading van 850 mAh is niet genoeg voor de 9000 trekjes, maar meerdere ladingen kunnen dit tekort compenseren. Bovendien zijn lithium-ion batterijen (zoals 850 mAh batterijen) over het algemeen bestand tegen 300 tot 500 volledige oplaadcycli (van 0 % tot 100 %), wat betekent dat de totale autonomie de behoeften van wegwerpapparaten ver overstijgt.<\/p><h3>Vervaagt de smaak van RandM Tornado 9000 na verloop van tijd?<\/h3><p>De smaak van RandM Tornado 9000 vervaagt niet na verloop van tijd.<\/p><p>De RandM Tornado 9000 biedt een zeer consistente smaakervaring gedurende de hele gebruikscyclus. De grote e-liquid capaciteit van 18 ml en de 0,8 ohm mesh core technologie zorgen voor een consistente, langdurige dosis. Fruitige smaken zoals \u00abICE\u00bb en \u00abBlueberry Raspberry\u00bb behouden hun versheid en vervagen niet na weken van gebruik.<\/p><h5>Verschillende gebruikerservaringen voor verschillende mensen<\/h5><p>Hoewel de technologie ontworpen is om een consistente smaak te behouden, zal de gebruikerservaring van persoon tot persoon verschillen. Sommige gebruikers melden dat bepaalde smaken (zoals die met \u00abICE\u00bb-elementen) na langdurig gebruik veranderingen in smaak kunnen vertonen, zoals meer frisheid en iets lichtere fruitige smaken. Dit kan verband houden met smaakmoeheid. De meeste gebruikers van de elektronische sigaret RandM Tornado 9000 vinden dat de smaak van de elektronische sigaret RandM Tornado 9000 stabiel blijft gedurende de hele levensduur. Als u de smaak beu bent, kunt u van smaak veranderen. Regelmatig van smaak veranderen is een goede manier om smaakmoeheid tegen te gaan.<\/p>\t\t\t\t\t\t\t\t<\/div>\n\t\t\t\t<\/div>\n\t\t\t\t\t<\/div>\n\t\t\t\t<\/div>\n\t\t\t\t<\/div>","protected":false},"excerpt":{"rendered":"<p>La cigarette \u00e9lectronique RandM Tornado 9000 se distingue par sa tr\u00e8s longue dur\u00e9e de vie (jusqu&rsquo;\u00e0 9000 bouff\u00e9es), ses performances \u00e9lev\u00e9es et son design unique. Elle est \u00e9quip\u00e9e d&rsquo;une batterie rechargeable de 850 mAh et d&rsquo;une interface de charge rapide USB-C, permettant une charge compl\u00e8te en environ une heure pour une utilisation longue dur\u00e9e. Le [&hellip;]<\/p>\n","protected":false},"featured_media":3189,"comment_status":"open","ping_status":"closed","template":"","meta":{"site-sidebar-layout":"no-sidebar","site-content-layout":"page-builder","ast-site-content-layout":"normal-width-container","site-content-style":"default","site-sidebar-style":"default","ast-global-header-display":"","ast-banner-title-visibility":"","ast-main-header-display":"","ast-hfb-above-header-display":"","ast-hfb-below-header-display":"","ast-hfb-mobile-header-display":"","site-post-title":"disabled","ast-breadcrumbs-content":"","ast-featured-img":"disabled","footer-sml-layout":"","ast-disable-related-posts":"","theme-transparent-header-meta":"default","adv-header-id-meta":"","stick-header-meta":"default","header-above-stick-meta":"","header-main-stick-meta":"","header-below-stick-meta":"","astra-migrate-meta-layouts":"set","ast-page-background-enabled":"default","ast-page-background-meta":{"desktop":{"background-color":"","background-image":"","background-repeat":"repeat","background-position":"center center","background-size":"auto","background-attachment":"scroll","background-type":"","background-media":"","overlay-type":"","overlay-color":"","overlay-opacity":"","overlay-gradient":""},"tablet":{"background-color":"","background-image":"","background-repeat":"repeat","background-position":"center center","background-size":"auto","background-attachment":"scroll","background-type":"","background-media":"","overlay-type":"","overlay-color":"","overlay-opacity":"","overlay-gradient":""},"mobile":{"background-color":"","background-image":"","background-repeat":"repeat","background-position":"center center","background-size":"auto","background-attachment":"scroll","background-type":"","background-media":"","overlay-type":"","overlay-color":"","overlay-opacity":"","overlay-gradient":""}},"ast-content-background-meta":{"desktop":{"background-color":"var(--ast-global-color-5)","background-image":"","background-repeat":"repeat","background-position":"center center","background-size":"auto","background-attachment":"scroll","background-type":"","background-media":"","overlay-type":"","overlay-color":"","overlay-opacity":"","overlay-gradient":""},"tablet":{"background-color":"var(--ast-global-color-5)","background-image":"","background-repeat":"repeat","background-position":"center center","background-size":"auto","background-attachment":"scroll","background-type":"","background-media":"","overlay-type":"","overlay-color":"","overlay-opacity":"","overlay-gradient":""},"mobile":{"background-color":"var(--ast-global-color-5)","background-image":"","background-repeat":"repeat","background-position":"center center","background-size":"auto","background-attachment":"scroll","background-type":"","background-media":"","overlay-type":"","overlay-color":"","overlay-opacity":"","overlay-gradient":""}}},"product_brand":[42],"product_cat":[43,78,15],"product_tag":[],"class_list":{"0":"post-3204","1":"product","2":"type-product","3":"status-publish","4":"has-post-thumbnail","6":"product_brand-randm-tornado","7":"product_cat-randm-tornado-9000","8":"product_cat-puff-9k","9":"product_cat-magasin-cigarette-electronique","10":"desktop-align-center","11":"tablet-align-center","12":"mobile-align-center","13":"ast-product-gallery-layout-horizontal","14":"ast-product-single-variable","15":"ast-product-tabs-layout-horizontal","16":"ast-qv-on-image","18":"first","19":"outofstock","20":"sale","21":"shipping-taxable","22":"purchasable","23":"product-type-variable","24":"has-default-attributes"},"tiered_pricing_type":"fixed","tiered_pricing_fixed_rules":{"30":8.58,"60":8.13,"100":7.61,"200":7.12,"400":6.86},"tiered_pricing_product_settings":{"layout":"default","base_unit_name":{"singular":null,"plural":null},"default_variation":null},"tiered_pricing_minimum_quantity":null,"tiered_pricing_roles_data":[],"tiered_pricing_percentage_rules":[],"_links":{"self":[{"href":"https:\/\/puffvapestore.com\/nl\/wp-json\/wp\/v2\/product\/3204","targetHints":{"allow":["GET"]}}],"collection":[{"href":"https:\/\/puffvapestore.com\/nl\/wp-json\/wp\/v2\/product"}],"about":[{"href":"https:\/\/puffvapestore.com\/nl\/wp-json\/wp\/v2\/types\/product"}],"replies":[{"embeddable":true,"href":"https:\/\/puffvapestore.com\/nl\/wp-json\/wp\/v2\/comments?post=3204"}],"version-history":[{"count":8,"href":"https:\/\/puffvapestore.com\/nl\/wp-json\/wp\/v2\/product\/3204\/revisions"}],"predecessor-version":[{"id":3718,"href":"https:\/\/puffvapestore.com\/nl\/wp-json\/wp\/v2\/product\/3204\/revisions\/3718"}],"wp:featuredmedia":[{"embeddable":true,"href":"https:\/\/puffvapestore.com\/nl\/wp-json\/wp\/v2\/media\/3189"}],"wp:attachment":[{"href":"https:\/\/puffvapestore.com\/nl\/wp-json\/wp\/v2\/media?parent=3204"}],"wp:term":[{"taxonomy":"product_brand","embeddable":true,"href":"https:\/\/puffvapestore.com\/nl\/wp-json\/wp\/v2\/product_brand?post=3204"},{"taxonomy":"product_cat","embeddable":true,"href":"https:\/\/puffvapestore.com\/nl\/wp-json\/wp\/v2\/product_cat?post=3204"},{"taxonomy":"product_tag","embeddable":true,"href":"https:\/\/puffvapestore.com\/nl\/wp-json\/wp\/v2\/product_tag?post=3204"}],"curies":[{"name":"wp","href":"https:\/\/api.w.org\/{rel}","templated":true}]}}