{"id":2535,"date":"2025-06-21T08:42:06","date_gmt":"2025-06-21T08:42:06","guid":{"rendered":"https:\/\/puffvapestore.com\/?post_type=product&#038;p=2535"},"modified":"2026-01-19T10:32:53","modified_gmt":"2026-01-19T10:32:53","slug":"puff-7000-randm-tornado-strawberry-banana","status":"publish","type":"product","link":"https:\/\/puffvapestore.com\/nl\/product\/soes-7000-randm-tornado-aardbei-banaan\/","title":{"rendered":"Puff 7000 Taff RandM Tornado 7K - Aardbei Banaan"},"content":{"rendered":"<div data-elementor-type=\"wp-post\" data-elementor-id=\"2535\" class=\"elementor elementor-2535\">\n\t\t\t\t<div class=\"elementor-element elementor-element-d3f3f97 e-flex e-con-boxed e-con e-parent\" data-id=\"d3f3f97\" data-element_type=\"container\" data-e-type=\"container\">\n\t\t\t\t\t<div class=\"e-con-inner\">\n\t\t\t\t<div class=\"elementor-element elementor-element-9600b1d elementor-widget elementor-widget-text-editor\" data-id=\"9600b1d\" data-element_type=\"widget\" data-e-type=\"widget\" data-widget_type=\"text-editor.default\">\n\t\t\t\t<div class=\"elementor-widget-container\">\n\t\t\t\t\t\t\t\t\t<h2>Smaak : Aardbei Banaan<\/h2><p>De Strawberry Banana smaak van RandM Tornado 7000 is een klassieke en delicate fruitige melange, met aardbei en banaan als belangrijkste smaken, ontworpen om een zachte en natuurlijke tropische dessertsmaak te bieden.<\/p><ul><li><strong>Douce Fraise :<\/strong><br \/>De belangrijkste smaak is die van rijpe aardbeien, met een sappige, natuurlijke zoetheid die doet denken aan vers geplukte aardbeien. De aardbeiensmaak is rijk en zacht en biedt een intens fruitig aroma met een vleugje zuur, wat de zuiverheid van de smaak onderstreept.<\/li><li><strong>De romige smaak van bananen :<\/strong><br \/>Banaan is een secundaire smaak die zorgt voor een zijdezachte zoetheid die de aardbeiensmaak aanvult. De bananensmaak is duidelijk voelbaar bij het uitademen, met een romige, zijdeachtige smaak die rijk en zacht is maar niet te zwaar.<\/li><\/ul>\t\t\t\t\t\t\t\t<\/div>\n\t\t\t\t<\/div>\n\t\t\t\t\t<\/div>\n\t\t\t\t<\/div>\n\t\t<div class=\"elementor-element elementor-element-08c26f9 e-flex e-con-boxed e-con e-parent\" data-id=\"08c26f9\" data-element_type=\"container\" data-e-type=\"container\">\n\t\t\t\t\t<div class=\"e-con-inner\">\n\t\t\t\t<div class=\"elementor-element elementor-element-a005a97 elementor-widget elementor-widget-text-editor\" data-id=\"a005a97\" data-element_type=\"widget\" data-e-type=\"widget\" data-widget_type=\"text-editor.default\">\n\t\t\t\t<div class=\"elementor-widget-container\">\n\t\t\t\t\t\t\t\t\t<h2>RandM Tornado 7K Aardbei Banaan<\/h2><p>De RandM Tornado 7000 Strawberry Banana elektronische wegwerpsigaret is voorgevuld met 14 ml eersteklas e-vloeistof met nicotinezouten, met twee nicotinesterktes: 2 % en 5 %, waarmee wordt voldaan aan de behoeften van zowel gelegenheidsgebruikers als gebruikers die op zoek zijn naar een intensere ervaring. De ingebouwde batterij is voorzien van een betrouwbare Type-C oplaadpoort voor continue stroom, zodat gebruikers van elk trekje kunnen genieten. Het stijlvolle, draagbare ontwerp combineert functionaliteit met langdurige prestaties, waardoor het een ideale keuze is voor liefhebbers van elektronische sigaretten.<\/p>\t\t\t\t\t\t\t\t<\/div>\n\t\t\t\t<\/div>\n\t\t\t\t\t<\/div>\n\t\t\t\t<\/div>\n\t\t<div class=\"elementor-element elementor-element-4ac287c e-flex e-con-boxed e-con e-parent\" data-id=\"4ac287c\" data-element_type=\"container\" data-e-type=\"container\">\n\t\t\t\t\t<div class=\"e-con-inner\">\n\t\t<div class=\"elementor-element elementor-element-bbd8e4a e-con-full e-flex e-con e-child\" data-id=\"bbd8e4a\" data-element_type=\"container\" data-e-type=\"container\">\n\t\t\t\t<div class=\"elementor-element elementor-element-0dc5338 elementor-widget elementor-widget-text-editor\" data-id=\"0dc5338\" data-element_type=\"widget\" data-e-type=\"widget\" data-widget_type=\"text-editor.default\">\n\t\t\t\t<div class=\"elementor-widget-container\">\n\t\t\t\t\t\t\t\t\t<h2>Kenmerken van de RandM Tornado 7000 Aardbei Banaan:<\/h2><ul><li><strong>Aantal trekjes<\/strong>\u00a0Elk apparaat kan tot 7.000 trekjes aan, wat ideaal is voor langdurig gebruik.<\/li><li><strong>Batterij\u00a0<\/strong>850 mAh oplaadbare batterij met Type C oplaadpoort voor snel opladen (30 tot 60 minuten).<\/li><li><strong>E-liquid capaciteit<\/strong>\u00a014 ml voorgevulde reservoirs met keuze uit 2 % of 5 % nicotinezouten.<\/li><li><strong>Ontwerp\u00a0<\/strong>Draagbaar, gemaakt van duurzame materialen en voorzien van een transparant oliereservoir om het resterende oliepeil te controleren. RGB-lampjes en LED-indicatoren voegen een vleugje elegantie toe.<\/li><li><strong>Weerstand tegen mazen<\/strong>\u00a0Gebruik een Mesh-weerstand voor een consistente smaak en dampproductie.<\/li><\/ul>\t\t\t\t\t\t\t\t<\/div>\n\t\t\t\t<\/div>\n\t\t\t\t<\/div>\n\t\t<div class=\"elementor-element elementor-element-8e0e87d e-con-full e-flex e-con e-child\" data-id=\"8e0e87d\" data-element_type=\"container\" data-e-type=\"container\">\n\t\t\t\t<div class=\"elementor-element elementor-element-63d978d elementor-widget elementor-widget-image-gallery\" data-id=\"63d978d\" data-element_type=\"widget\" data-e-type=\"widget\" data-widget_type=\"image-gallery.default\">\n\t\t\t\t<div class=\"elementor-widget-container\">\n\t\t\t\t\t\t\t<div class=\"elementor-image-gallery\">\n\t\t\t<div id='gallery-1' class='gallery galleryid-2535 gallery-columns-1 gallery-size-medium_large'><figure class='gallery-item'>\n\t\t\t<div class='gallery-icon landscape'>\n\t\t\t\t<img fetchpriority=\"high\" decoding=\"async\" width=\"768\" height=\"768\" src=\"https:\/\/puffvapestore.com\/wp-content\/uploads\/2025\/06\/RandM-Tornado-7000-Strawberry-Banana-pvafrt7000-768x768.jpg\" class=\"attachment-medium_large size-medium_large\" alt=\"Aardbei Banaan RandM Tornado 7000\" aria-describedby=\"gallery-1-2287\" srcset=\"https:\/\/puffvapestore.com\/wp-content\/uploads\/2025\/06\/RandM-Tornado-7000-Strawberry-Banana-pvafrt7000-768x768.jpg 768w, https:\/\/puffvapestore.com\/wp-content\/uploads\/2025\/06\/RandM-Tornado-7000-Strawberry-Banana-pvafrt7000-300x300.jpg 300w, https:\/\/puffvapestore.com\/wp-content\/uploads\/2025\/06\/RandM-Tornado-7000-Strawberry-Banana-pvafrt7000-1024x1024.jpg 1024w, https:\/\/puffvapestore.com\/wp-content\/uploads\/2025\/06\/RandM-Tornado-7000-Strawberry-Banana-pvafrt7000-150x150.jpg 150w, https:\/\/puffvapestore.com\/wp-content\/uploads\/2025\/06\/RandM-Tornado-7000-Strawberry-Banana-pvafrt7000-600x600.jpg 600w, https:\/\/puffvapestore.com\/wp-content\/uploads\/2025\/06\/RandM-Tornado-7000-Strawberry-Banana-pvafrt7000-100x100.jpg 100w, https:\/\/puffvapestore.com\/wp-content\/uploads\/2025\/06\/RandM-Tornado-7000-Strawberry-Banana-pvafrt7000.jpg 1039w\" sizes=\"(max-width: 768px) 100vw, 768px\" \/>\n\t\t\t<\/div>\n\t\t\t\t<figcaption class='wp-caption-text gallery-caption' id='gallery-1-2287'>\n\t\t\t\tAardbei Banaan RandM Tornado 7000 \n\t\t\t\t<\/figcaption><\/figure>\n\t\t<\/div>\n\t\t<\/div>\n\t\t\t\t\t\t<\/div>\n\t\t\t\t<\/div>\n\t\t\t\t<\/div>\n\t\t\t\t\t<\/div>\n\t\t\t\t<\/div>\n\t\t<div class=\"elementor-element elementor-element-718b380 e-flex e-con-boxed e-con e-parent\" data-id=\"718b380\" data-element_type=\"container\" data-e-type=\"container\">\n\t\t\t\t\t<div class=\"e-con-inner\">\n\t\t\t\t<div class=\"elementor-element elementor-element-d2cc8fa elementor-widget elementor-widget-text-editor\" data-id=\"d2cc8fa\" data-element_type=\"widget\" data-e-type=\"widget\" data-widget_type=\"text-editor.default\">\n\t\t\t\t<div class=\"elementor-widget-container\">\n\t\t\t\t\t\t\t\t\t<h3>Geurt of lekt de RandM Tornado 7000 Strawberry Banana?<\/h3><p>RandM Tornado 7000 Strawberry Banana elektronische sigaretten zijn geurloos en lekken geen olie bij normaal gebruik.<\/p><p>De RandM Tornado 7000 Strawberry Banana elektronische sigaret heeft een ge\u00efntegreerd gesloten ontwerp: componenten zoals de olietank, batterij, gaasweerstand en mondstuk zijn ge\u00efntegreerd in een solide omhulsel. Dit omhulsel is gemaakt van zeer sterke materialen en met precisie bewerkt, wat niet alleen de structurele sterkte verbetert, maar ook de weerstand tegen lekken. Voor de olieopslag worden materialen gebruikt die geschikt zijn voor voedingsmiddelen en er wordt een meerlaagse afdichtingsbehandeling toegepast om vervluchtiging, oxidatie en lekkage van olie effectief te voorkomen.<\/p><p>Om olielekkage te voorkomen is de RandM Tornado 7000 Strawberry Banana voorzien van zeer elastische, corrosiebestendige rubberen afdichtingen en kussentjes op een aantal belangrijke punten, waaronder de verbinding tussen het oliereservoir en de kern van de verstuiver, het mondstuk van de elektronische sigaret, etc. De onderkant van het apparaat is ook voorzien van een siliconen plug of afdichtsticker, die externe schokken en luchtdrukveranderingen tijdens transport effectief absorbeert. Bovendien is het onderste gedeelte van het apparaat voorzien van een siliconen plug of afsluitsticker, die externe schokken en luchtdrukveranderingen tijdens transport of opslag effectief absorbeert en zo olielekkages voorkomt. De hele elektronische sigaret is op verschillende manieren beschermd, met name wat betreft de afdichtingsstructuur en de materiaalkeuze, om de stabiliteit en hygi\u00ebne dagelijks te garanderen.<\/p><h3>Is de RandM Tornado 7000 Strawberry Banana compatibel met automatische inhalatiestart?<\/h3><p>Ja, de elektronische sigaret RandM Tornado 7000 Strawberry Banana is compatibel met automatische inhalatieactivering. Dit ontwerp vereist geen knoppen. Het volstaat om te inhaleren en de verstuiver licht automatisch op, verwarmt de e-vloeistof en produceert rook. Het basisprincipe is de integratie van een luchtdruksensor. Wanneer je inhaleert, activeert de luchtstroom het signaal van de sensor, die onmiddellijk de batterij van stroom voorziet en het verwarmingselement activeert om het verstuivingsproces te voltooien. Deze \u00abluchtschakelaar\u00bb-technologie is een van de meest gebruikte en bewezen methoden om elektronische wegwerpsigaretten aan te sturen.<\/p><p>De automatische activeringstechnologie voor inhalatie verbetert het comfort en de intu\u00eftiviteit van het gebruik aanzienlijk, vooral voor beginnende gebruikers of gebruikers die op zoek zijn naar een gebruiksklare ervaring. Het vereenvoudigt het gebruik van knoppen en voorkomt vervelende aanpassingen. Ideaal voor snel gebruik in de auto, tijdens buitenactiviteiten of in moeilijk bereikbare situaties. Bovendien vermindert hij het risico op onbedoeld contact, verbetert hij de algemene veiligheid en verlengt hij de levensduur van het apparaat.<\/p><p>Het is vermeldenswaard dat het automatische activeringssysteem van de RandM Tornado 7000 Strawberry Banana is geoptimaliseerd om een gevoelige respons en stabiele activering te behouden, zelfs bij meervoudig continu gebruik, waardoor vertraagde activering of triggerfouten worden voorkomen.<\/p>\t\t\t\t\t\t\t\t<\/div>\n\t\t\t\t<\/div>\n\t\t\t\t\t<\/div>\n\t\t\t\t<\/div>\n\t\t\t\t<\/div>","protected":false},"excerpt":{"rendered":"<p>Saveur\u00a0: Strawberry Banana La saveur Fraise Banane du RandM Tornado 7000 est un m\u00e9lange fruit\u00e9 classique et d\u00e9licat, avec la fraise et la banane comme saveurs principales, con\u00e7u pour offrir une saveur de dessert tropical onctueuse et naturelle. Douce Fraise\u00a0:La saveur principale est celle de la fraise m\u00fbre, apportant une douceur juteuse et naturelle, rappelant [&hellip;]<\/p>\n","protected":false},"featured_media":2287,"comment_status":"open","ping_status":"closed","template":"","meta":{"site-sidebar-layout":"no-sidebar","site-content-layout":"page-builder","ast-site-content-layout":"normal-width-container","site-content-style":"default","site-sidebar-style":"default","ast-global-header-display":"","ast-banner-title-visibility":"","ast-main-header-display":"","ast-hfb-above-header-display":"","ast-hfb-below-header-display":"","ast-hfb-mobile-header-display":"","site-post-title":"disabled","ast-breadcrumbs-content":"","ast-featured-img":"disabled","footer-sml-layout":"","ast-disable-related-posts":"","theme-transparent-header-meta":"default","adv-header-id-meta":"","stick-header-meta":"default","header-above-stick-meta":"","header-main-stick-meta":"","header-below-stick-meta":"","astra-migrate-meta-layouts":"set","ast-page-background-enabled":"default","ast-page-background-meta":{"desktop":{"background-color":"","background-image":"","background-repeat":"repeat","background-position":"center center","background-size":"auto","background-attachment":"scroll","background-type":"","background-media":"","overlay-type":"","overlay-color":"","overlay-opacity":"","overlay-gradient":""},"tablet":{"background-color":"","background-image":"","background-repeat":"repeat","background-position":"center center","background-size":"auto","background-attachment":"scroll","background-type":"","background-media":"","overlay-type":"","overlay-color":"","overlay-opacity":"","overlay-gradient":""},"mobile":{"background-color":"","background-image":"","background-repeat":"repeat","background-position":"center center","background-size":"auto","background-attachment":"scroll","background-type":"","background-media":"","overlay-type":"","overlay-color":"","overlay-opacity":"","overlay-gradient":""}},"ast-content-background-meta":{"desktop":{"background-color":"var(--ast-global-color-5)","background-image":"","background-repeat":"repeat","background-position":"center center","background-size":"auto","background-attachment":"scroll","background-type":"","background-media":"","overlay-type":"","overlay-color":"","overlay-opacity":"","overlay-gradient":""},"tablet":{"background-color":"var(--ast-global-color-5)","background-image":"","background-repeat":"repeat","background-position":"center center","background-size":"auto","background-attachment":"scroll","background-type":"","background-media":"","overlay-type":"","overlay-color":"","overlay-opacity":"","overlay-gradient":""},"mobile":{"background-color":"var(--ast-global-color-5)","background-image":"","background-repeat":"repeat","background-position":"center center","background-size":"auto","background-attachment":"scroll","background-type":"","background-media":"","overlay-type":"","overlay-color":"","overlay-opacity":"","overlay-gradient":""}}},"product_brand":[42],"product_cat":[41,94,15],"product_tag":[],"class_list":{"0":"post-2535","1":"product","2":"type-product","3":"status-publish","4":"has-post-thumbnail","6":"product_brand-randm-tornado","7":"product_cat-randm-tornado-7000","8":"product_cat-puff-7k","9":"product_cat-magasin-cigarette-electronique","10":"desktop-align-center","11":"tablet-align-center","12":"mobile-align-center","13":"ast-product-gallery-layout-horizontal","14":"ast-product-gallery-with-no-image","15":"ast-product-single-variable","16":"ast-product-tabs-layout-horizontal","17":"ast-qv-on-image","19":"first","20":"outofstock","21":"sale","22":"shipping-taxable","23":"purchasable","24":"product-type-variable","25":"has-default-attributes"},"tiered_pricing_type":"fixed","tiered_pricing_fixed_rules":{"30":8.58,"60":8.12,"100":7.48,"200":6.98},"tiered_pricing_product_settings":{"layout":"default","base_unit_name":{"singular":null,"plural":null},"default_variation":null},"tiered_pricing_minimum_quantity":null,"tiered_pricing_roles_data":[],"tiered_pricing_percentage_rules":[],"_links":{"self":[{"href":"https:\/\/puffvapestore.com\/nl\/wp-json\/wp\/v2\/product\/2535","targetHints":{"allow":["GET"]}}],"collection":[{"href":"https:\/\/puffvapestore.com\/nl\/wp-json\/wp\/v2\/product"}],"about":[{"href":"https:\/\/puffvapestore.com\/nl\/wp-json\/wp\/v2\/types\/product"}],"replies":[{"embeddable":true,"href":"https:\/\/puffvapestore.com\/nl\/wp-json\/wp\/v2\/comments?post=2535"}],"version-history":[{"count":7,"href":"https:\/\/puffvapestore.com\/nl\/wp-json\/wp\/v2\/product\/2535\/revisions"}],"predecessor-version":[{"id":3716,"href":"https:\/\/puffvapestore.com\/nl\/wp-json\/wp\/v2\/product\/2535\/revisions\/3716"}],"wp:featuredmedia":[{"embeddable":true,"href":"https:\/\/puffvapestore.com\/nl\/wp-json\/wp\/v2\/media\/2287"}],"wp:attachment":[{"href":"https:\/\/puffvapestore.com\/nl\/wp-json\/wp\/v2\/media?parent=2535"}],"wp:term":[{"taxonomy":"product_brand","embeddable":true,"href":"https:\/\/puffvapestore.com\/nl\/wp-json\/wp\/v2\/product_brand?post=2535"},{"taxonomy":"product_cat","embeddable":true,"href":"https:\/\/puffvapestore.com\/nl\/wp-json\/wp\/v2\/product_cat?post=2535"},{"taxonomy":"product_tag","embeddable":true,"href":"https:\/\/puffvapestore.com\/nl\/wp-json\/wp\/v2\/product_tag?post=2535"}],"curies":[{"name":"wp","href":"https:\/\/api.w.org\/{rel}","templated":true}]}}