{"id":2443,"date":"2025-06-12T05:02:51","date_gmt":"2025-06-12T05:02:51","guid":{"rendered":"https:\/\/puffvapestore.com\/?post_type=product&#038;p=2443"},"modified":"2026-01-19T10:32:53","modified_gmt":"2026-01-19T10:32:53","slug":"randm-tornado-7000-vape-blackcurrant-menthol","status":"publish","type":"product","link":"https:\/\/puffvapestore.com\/nl\/product\/randm-tornado-7000-vape-zwarte-bes-menthol\/","title":{"rendered":"RandM Tornado 7000 Vape - Zwarte bes menthol"},"content":{"rendered":"<div data-elementor-type=\"wp-post\" data-elementor-id=\"2443\" class=\"elementor elementor-2443\">\n\t\t\t\t<div class=\"elementor-element elementor-element-d3f3f97 e-flex e-con-boxed e-con e-parent\" data-id=\"d3f3f97\" data-element_type=\"container\" data-e-type=\"container\">\n\t\t\t\t\t<div class=\"e-con-inner\">\n\t\t\t\t<div class=\"elementor-element elementor-element-9600b1d elementor-widget elementor-widget-text-editor\" data-id=\"9600b1d\" data-element_type=\"widget\" data-e-type=\"widget\" data-widget_type=\"text-editor.default\">\n\t\t\t\t<div class=\"elementor-widget-container\">\n\t\t\t\t\t\t\t\t\t<h2>Smaak: Zwarte bes menthol<\/h2><p>RandM Tornado 7000 Blackcurrant Menthol combineert het fruitige aroma van rijpe zwarte bessen met frisse munt. Deze zoetzure fruitsmaak gecombineerd met een frisse sensatie is ideaal voor fans van fruitige, verfrissende vape.<\/p><ul><li><strong>Het fruitige aroma van zwarte bessen :<\/strong><br \/>Wanneer de rook in de mond komt, is de smaak van zwarte bessen bijzonder uitgesproken, met een zoetzure fruitige ervaring. De smaak doet denken aan vers geplukte zwarte bessen, met een rijke, sappige smaak, natuurlijke bessenzoetheid en een subtiel zuurtje. Dit fruitige aroma cre\u00ebert een diepe basis voor een algehele krachtige, maar niet overdreven zoete en oneindige smaak.<\/li><li><strong>Verfrissende menthol:<\/strong><br \/>Het verfrissende effect van menthol wordt geleidelijk aan gevoeld bij het uitademen, waardoor een ijzige sensatie in de mond ontstaat. De toevoeging van menthol zorgt voor een verkwikkende frisheid bij elke inademing en uitademing, waardoor het lijkt alsof je op een warme zomerdag in een ijskoude smoothie met zwarte bessen bijt. Deze verfrissende sensatie maskeert de fruitige smaak niet, maar gaat er harmonieus mee samen en versterkt het geheel.<\/li><\/ul>\t\t\t\t\t\t\t\t<\/div>\n\t\t\t\t<\/div>\n\t\t\t\t\t<\/div>\n\t\t\t\t<\/div>\n\t\t<div class=\"elementor-element elementor-element-08c26f9 e-flex e-con-boxed e-con e-parent\" data-id=\"08c26f9\" data-element_type=\"container\" data-e-type=\"container\">\n\t\t\t\t\t<div class=\"e-con-inner\">\n\t\t\t\t<div class=\"elementor-element elementor-element-a005a97 elementor-widget elementor-widget-text-editor\" data-id=\"a005a97\" data-element_type=\"widget\" data-e-type=\"widget\" data-widget_type=\"text-editor.default\">\n\t\t\t\t<div class=\"elementor-widget-container\">\n\t\t\t\t\t\t\t\t\t<h2>RandM Tornado 7000 Zwarte bes menthol<\/h2><p>De RandM Tornado 7000 is een navulbare elektronische wegwerpsigaret, geprezen door gebruikers voor zijn levensduur van 7.000 trekjes en topprestaties. Het is voorgevuld met 14 ml e-liquid met nicotinezouten, met nicotineconcentraties van 2 % en 5 %, om aan de behoeften van verschillende rokers te voldoen. Het apparaat is uitgerust met een oplaadbare batterij en een Type C oplaadpoort.<\/p><p>Een ander belangrijk kenmerk van deze elektronische sigaret is de maasweerstand, die een rijkere, gelijkmatigere rookervaring biedt. Het apparaat heeft geen knoppen en start automatisch met inhaleren, voor eenvoudiger gebruik.<\/p>\t\t\t\t\t\t\t\t<\/div>\n\t\t\t\t<\/div>\n\t\t\t\t\t<\/div>\n\t\t\t\t<\/div>\n\t\t<div class=\"elementor-element elementor-element-4ac287c e-flex e-con-boxed e-con e-parent\" data-id=\"4ac287c\" data-element_type=\"container\" data-e-type=\"container\">\n\t\t\t\t\t<div class=\"e-con-inner\">\n\t\t<div class=\"elementor-element elementor-element-bbd8e4a e-con-full e-flex e-con e-child\" data-id=\"bbd8e4a\" data-element_type=\"container\" data-e-type=\"container\">\n\t\t\t\t<div class=\"elementor-element elementor-element-0dc5338 elementor-widget elementor-widget-text-editor\" data-id=\"0dc5338\" data-element_type=\"widget\" data-e-type=\"widget\" data-widget_type=\"text-editor.default\">\n\t\t\t\t<div class=\"elementor-widget-container\">\n\t\t\t\t\t\t\t\t\t<h2>Kenmerken van RandM Tornado 7000 Zwarte bes Menthol:<\/h2><ul><li><strong>Aantal trekjes<\/strong>\u00a0Elk apparaat kan tot 7.000 trekjes aan, wat ideaal is voor langdurig gebruik.<\/li><li><strong>Batterij\u00a0<\/strong>850 mAh oplaadbare batterij met Type C oplaadpoort voor snel opladen (30 tot 60 minuten).<\/li><li><strong>E-liquid capaciteit<\/strong>\u00a014 ml voorgevulde reservoirs met keuze uit 2 % of 5 % nicotinezouten.<\/li><li><strong>Ontwerp\u00a0<\/strong>Draagbaar, gemaakt van duurzame materialen en voorzien van een transparant oliereservoir om het resterende oliepeil te controleren. RGB-lampjes en LED-indicatoren voegen een vleugje elegantie toe.<\/li><li><strong>Weerstand tegen mazen<\/strong>\u00a0Gebruik een Mesh-weerstand voor een consistente smaak en dampproductie.<\/li><\/ul>\t\t\t\t\t\t\t\t<\/div>\n\t\t\t\t<\/div>\n\t\t\t\t<\/div>\n\t\t<div class=\"elementor-element elementor-element-8e0e87d e-con-full e-flex e-con e-child\" data-id=\"8e0e87d\" data-element_type=\"container\" data-e-type=\"container\">\n\t\t\t\t<div class=\"elementor-element elementor-element-63d978d elementor-widget elementor-widget-image-gallery\" data-id=\"63d978d\" data-element_type=\"widget\" data-e-type=\"widget\" data-widget_type=\"image-gallery.default\">\n\t\t\t\t<div class=\"elementor-widget-container\">\n\t\t\t\t\t\t\t<div class=\"elementor-image-gallery\">\n\t\t\t<div id='gallery-1' class='gallery galleryid-2443 gallery-columns-1 gallery-size-medium_large'><figure class='gallery-item'>\n\t\t\t<div class='gallery-icon landscape'>\n\t\t\t\t<img fetchpriority=\"high\" decoding=\"async\" width=\"768\" height=\"768\" src=\"https:\/\/puffvapestore.com\/wp-content\/uploads\/2025\/06\/RandM-Tornado-Vape-7000-Blackcurrant-Menthol-pvafrt7000-768x768.jpg\" class=\"attachment-medium_large size-medium_large\" alt=\"RandM 7000 Vape Zwarte bes Menthol pvafrt7000\" aria-describedby=\"gallery-1-2256\" srcset=\"https:\/\/puffvapestore.com\/wp-content\/uploads\/2025\/06\/RandM-Tornado-Vape-7000-Blackcurrant-Menthol-pvafrt7000-768x768.jpg 768w, https:\/\/puffvapestore.com\/wp-content\/uploads\/2025\/06\/RandM-Tornado-Vape-7000-Blackcurrant-Menthol-pvafrt7000-300x300.jpg 300w, https:\/\/puffvapestore.com\/wp-content\/uploads\/2025\/06\/RandM-Tornado-Vape-7000-Blackcurrant-Menthol-pvafrt7000-1024x1024.jpg 1024w, https:\/\/puffvapestore.com\/wp-content\/uploads\/2025\/06\/RandM-Tornado-Vape-7000-Blackcurrant-Menthol-pvafrt7000-150x150.jpg 150w, https:\/\/puffvapestore.com\/wp-content\/uploads\/2025\/06\/RandM-Tornado-Vape-7000-Blackcurrant-Menthol-pvafrt7000-600x600.jpg 600w, https:\/\/puffvapestore.com\/wp-content\/uploads\/2025\/06\/RandM-Tornado-Vape-7000-Blackcurrant-Menthol-pvafrt7000-100x100.jpg 100w, https:\/\/puffvapestore.com\/wp-content\/uploads\/2025\/06\/RandM-Tornado-Vape-7000-Blackcurrant-Menthol-pvafrt7000.jpg 1039w\" sizes=\"(max-width: 768px) 100vw, 768px\" \/>\n\t\t\t<\/div>\n\t\t\t\t<figcaption class='wp-caption-text gallery-caption' id='gallery-1-2256'>\n\t\t\t\tRandM 7000 Vape Zwarte bes Menthol pvafrt7000\n\t\t\t\t<\/figcaption><\/figure>\n\t\t<\/div>\n\t\t<\/div>\n\t\t\t\t\t\t<\/div>\n\t\t\t\t<\/div>\n\t\t\t\t<\/div>\n\t\t\t\t\t<\/div>\n\t\t\t\t<\/div>\n\t\t<div class=\"elementor-element elementor-element-718b380 e-flex e-con-boxed e-con e-parent\" data-id=\"718b380\" data-element_type=\"container\" data-e-type=\"container\">\n\t\t\t\t\t<div class=\"e-con-inner\">\n\t\t\t\t<div class=\"elementor-element elementor-element-d2cc8fa elementor-widget elementor-widget-text-editor\" data-id=\"d2cc8fa\" data-element_type=\"widget\" data-e-type=\"widget\" data-widget_type=\"text-editor.default\">\n\t\t\t\t<div class=\"elementor-widget-container\">\n\t\t\t\t\t\t\t\t\t<h3>Geurt of lekt de RandM Tornado 7000 Blackcurrant Menthol?<\/h3><p>Onder normale omstandigheden is de elektronische sigaret RandM Tornado 7000 Blackcurrant Menthol geurloos en lekvrij.<\/p><p>De RandM Tornado 7000 Blackcurrant Menthol heeft een ge\u00efntegreerd gesloten ontwerp, dat het e-liquid opslagcompartiment, de Mesh weerstand, de batterij en het luchtstroomkanaal omvat. De behuizing van het apparaat is gemaakt van zeer resistente materialen, gecombineerd met een geavanceerd assemblageproces om ervoor te zorgen dat de algehele structuur waterdicht is. Het oliereservoir is het middelpunt van de afdichting. Er worden materialen van levensmiddelenkwaliteit gebruikt om elke chemische reactie van de olie met de externe omgeving of lekkage te voorkomen. De RandM Tornado 7000 elektronische sigaret maakt gebruik van meerlaagse pakkingen op de overgang tussen het oliereservoir en het mondstuk, de weerstand en andere onderdelen. Deze pakkingen zijn zeer elastisch en bestand tegen chemicali\u00ebn, waardoor vloeistoflekken effectief worden voorkomen. Daarnaast is de onderkant van het apparaat voorzien van een siliconen plug of sticker om het oliereservoir te beschermen tijdens transport en opslag, waardoor lekkage door drukschommelingen of stoten wordt voorkomen. Dit structurele ontwerp biedt een stevige basis om olielekkage te voorkomen en zorgt er tegelijk voor dat de olie niet verdampt of vervuild raakt tijdens langdurige opslag. Het gesloten ontwerp van de hierboven geanalyseerde RandM Tornado 7000 Blackcurrant Menthol laat een bijzonder zorgvuldige afdichting zien, die de afwezigheid van geuren en olielekken onder normale omstandigheden garandeert.<\/p><h3>Is de RandM Tornado 7000 Blackcurrant Menthol compatibel met automatische inhalatiestart?<\/h3><p>Ja, de RandM Tornado 7000 Blackcurrant Menthol is compatibel met automatische inhalatiestart.<\/p><p>De RandM Tornado 7000 Blackcurrant Menthol elektronische sigaret maakt gebruik van automatische inhalatie triggeringstechnologie, de meest wijdverspreide op de markt. Dit betekent dat de gebruiker geen knoppen hoeft in te drukken. Het volstaat om te inhaleren om de interne verstuiver te activeren en rook te produceren. Het basisprincipe is de luchtstroom te gebruiken om de interne sensor te activeren, waardoor de batterij automatisch het hart van de verstuiver van stroom voorziet om de e-vloeistof te verhitten.<\/p><p>De automatische inhalatietrigger maakt het gebruik van de RandM Tornado 7000 Blackcurrant Menthol eenvoudiger, intu\u00eftiever en handiger, met name voor nieuwe gebruikers van elektronische sigaretten of voor situaties waarin een gebruiksklare sigaret nodig is. Bijvoorbeeld tijdens het autorijden, buitenshuis of wanneer het onpraktisch is om de handen te gebruiken, houden gebruikers simpelweg het mondstuk vast en inhaleren om de RandM Tornado 7000 elektronische sigaret te gebruiken, zonder te hoeven zoeken naar knoppen of parameters in te stellen, wat de draagbaarheid en het gebruiksgemak aanzienlijk verbetert.<\/p>\t\t\t\t\t\t\t\t<\/div>\n\t\t\t\t<\/div>\n\t\t\t\t\t<\/div>\n\t\t\t\t<\/div>\n\t\t\t\t<\/div>","protected":false},"excerpt":{"rendered":"<p>Saveur : Blackcurrant Menthol La vape RandM Tornado 7000 Blackcurrant Menthol allie l&rsquo;ar\u00f4me fruit\u00e9 du cassis m\u00fbr \u00e0 la menthe fra\u00eeche. Ce go\u00fbt fruit\u00e9 aigre-doux m\u00eal\u00e9 \u00e0 une sensation de fra\u00eecheur est id\u00e9al pour les amateurs de vape fruit\u00e9e et rafra\u00eechissante. L&rsquo;ar\u00f4me fruit\u00e9 du cassis\u00a0:Lorsque la fum\u00e9e p\u00e9n\u00e8tre en bouche, le go\u00fbt du cassis est [&hellip;]<\/p>\n","protected":false},"featured_media":2256,"comment_status":"open","ping_status":"closed","template":"","meta":{"site-sidebar-layout":"no-sidebar","site-content-layout":"page-builder","ast-site-content-layout":"normal-width-container","site-content-style":"default","site-sidebar-style":"default","ast-global-header-display":"","ast-banner-title-visibility":"","ast-main-header-display":"","ast-hfb-above-header-display":"","ast-hfb-below-header-display":"","ast-hfb-mobile-header-display":"","site-post-title":"disabled","ast-breadcrumbs-content":"","ast-featured-img":"disabled","footer-sml-layout":"","ast-disable-related-posts":"","theme-transparent-header-meta":"default","adv-header-id-meta":"","stick-header-meta":"default","header-above-stick-meta":"","header-main-stick-meta":"","header-below-stick-meta":"","astra-migrate-meta-layouts":"set","ast-page-background-enabled":"default","ast-page-background-meta":{"desktop":{"background-color":"","background-image":"","background-repeat":"repeat","background-position":"center center","background-size":"auto","background-attachment":"scroll","background-type":"","background-media":"","overlay-type":"","overlay-color":"","overlay-opacity":"","overlay-gradient":""},"tablet":{"background-color":"","background-image":"","background-repeat":"repeat","background-position":"center center","background-size":"auto","background-attachment":"scroll","background-type":"","background-media":"","overlay-type":"","overlay-color":"","overlay-opacity":"","overlay-gradient":""},"mobile":{"background-color":"","background-image":"","background-repeat":"repeat","background-position":"center center","background-size":"auto","background-attachment":"scroll","background-type":"","background-media":"","overlay-type":"","overlay-color":"","overlay-opacity":"","overlay-gradient":""}},"ast-content-background-meta":{"desktop":{"background-color":"var(--ast-global-color-5)","background-image":"","background-repeat":"repeat","background-position":"center center","background-size":"auto","background-attachment":"scroll","background-type":"","background-media":"","overlay-type":"","overlay-color":"","overlay-opacity":"","overlay-gradient":""},"tablet":{"background-color":"var(--ast-global-color-5)","background-image":"","background-repeat":"repeat","background-position":"center center","background-size":"auto","background-attachment":"scroll","background-type":"","background-media":"","overlay-type":"","overlay-color":"","overlay-opacity":"","overlay-gradient":""},"mobile":{"background-color":"var(--ast-global-color-5)","background-image":"","background-repeat":"repeat","background-position":"center center","background-size":"auto","background-attachment":"scroll","background-type":"","background-media":"","overlay-type":"","overlay-color":"","overlay-opacity":"","overlay-gradient":""}}},"product_brand":[42],"product_cat":[41,94,15],"product_tag":[],"class_list":{"0":"post-2443","1":"product","2":"type-product","3":"status-publish","4":"has-post-thumbnail","6":"product_brand-randm-tornado","7":"product_cat-randm-tornado-7000","8":"product_cat-puff-7k","9":"product_cat-magasin-cigarette-electronique","10":"desktop-align-center","11":"tablet-align-center","12":"mobile-align-center","13":"ast-product-gallery-layout-horizontal","14":"ast-product-gallery-with-no-image","15":"ast-product-single-variable","16":"ast-product-tabs-layout-horizontal","17":"ast-qv-on-image","19":"first","20":"outofstock","21":"sale","22":"shipping-taxable","23":"purchasable","24":"product-type-variable","25":"has-default-attributes"},"tiered_pricing_type":"fixed","tiered_pricing_fixed_rules":{"30":8.58,"60":8.12,"100":7.48,"200":6.98},"tiered_pricing_product_settings":{"layout":"default","base_unit_name":{"singular":null,"plural":null},"default_variation":null},"tiered_pricing_minimum_quantity":null,"tiered_pricing_roles_data":[],"tiered_pricing_percentage_rules":[],"_links":{"self":[{"href":"https:\/\/puffvapestore.com\/nl\/wp-json\/wp\/v2\/product\/2443","targetHints":{"allow":["GET"]}}],"collection":[{"href":"https:\/\/puffvapestore.com\/nl\/wp-json\/wp\/v2\/product"}],"about":[{"href":"https:\/\/puffvapestore.com\/nl\/wp-json\/wp\/v2\/types\/product"}],"replies":[{"embeddable":true,"href":"https:\/\/puffvapestore.com\/nl\/wp-json\/wp\/v2\/comments?post=2443"}],"version-history":[{"count":7,"href":"https:\/\/puffvapestore.com\/nl\/wp-json\/wp\/v2\/product\/2443\/revisions"}],"predecessor-version":[{"id":2493,"href":"https:\/\/puffvapestore.com\/nl\/wp-json\/wp\/v2\/product\/2443\/revisions\/2493"}],"wp:featuredmedia":[{"embeddable":true,"href":"https:\/\/puffvapestore.com\/nl\/wp-json\/wp\/v2\/media\/2256"}],"wp:attachment":[{"href":"https:\/\/puffvapestore.com\/nl\/wp-json\/wp\/v2\/media?parent=2443"}],"wp:term":[{"taxonomy":"product_brand","embeddable":true,"href":"https:\/\/puffvapestore.com\/nl\/wp-json\/wp\/v2\/product_brand?post=2443"},{"taxonomy":"product_cat","embeddable":true,"href":"https:\/\/puffvapestore.com\/nl\/wp-json\/wp\/v2\/product_cat?post=2443"},{"taxonomy":"product_tag","embeddable":true,"href":"https:\/\/puffvapestore.com\/nl\/wp-json\/wp\/v2\/product_tag?post=2443"}],"curies":[{"name":"wp","href":"https:\/\/api.w.org\/{rel}","templated":true}]}}