{"id":2318,"date":"2025-06-11T21:57:50","date_gmt":"2025-06-11T21:57:50","guid":{"rendered":"https:\/\/puffvapestore.com\/?post_type=product&#038;p=2318"},"modified":"2026-01-19T10:32:52","modified_gmt":"2026-01-19T10:32:52","slug":"randm-tornado-7000-vape","status":"publish","type":"product","link":"https:\/\/puffvapestore.com\/nl\/product\/randm-tornado-7000-vape\/","title":{"rendered":"RandM Tornado 7000"},"content":{"rendered":"<div data-elementor-type=\"wp-post\" data-elementor-id=\"2318\" class=\"elementor elementor-2318\">\n\t\t\t\t<div class=\"elementor-element elementor-element-08c26f9 e-flex e-con-boxed e-con e-parent\" data-id=\"08c26f9\" data-element_type=\"container\" data-e-type=\"container\">\n\t\t\t\t\t<div class=\"e-con-inner\">\n\t\t\t\t<div class=\"elementor-element elementor-element-a005a97 elementor-widget elementor-widget-text-editor\" data-id=\"a005a97\" data-element_type=\"widget\" data-e-type=\"widget\" data-widget_type=\"text-editor.default\">\n\t\t\t\t<div class=\"elementor-widget-container\">\n\t\t\t\t\t\t\t\t\t<p>De RandM Tornado 7000 is een navulbare elektronische wegwerpsigaret, geprezen door gebruikers voor zijn levensduur van 7.000 trekjes en topprestaties. Het is voorgevuld met 14 ml e-liquid met nicotinezouten, met nicotineconcentraties van 2 % en 5 %, om aan de behoeften van verschillende rokers te voldoen. Het apparaat is uitgerust met een oplaadbare batterij en een Type C oplaadpoort.<\/p><p>Een ander belangrijk kenmerk van deze elektronische sigaret is de maasweerstand, die een rijkere, gelijkmatigere rookervaring biedt. Het apparaat heeft geen knoppen en start automatisch met inhaleren, voor eenvoudiger gebruik.<\/p>\t\t\t\t\t\t\t\t<\/div>\n\t\t\t\t<\/div>\n\t\t\t\t\t<\/div>\n\t\t\t\t<\/div>\n\t\t<div class=\"elementor-element elementor-element-4ac287c e-flex e-con-boxed e-con e-parent\" data-id=\"4ac287c\" data-element_type=\"container\" data-e-type=\"container\">\n\t\t\t\t\t<div class=\"e-con-inner\">\n\t\t<div class=\"elementor-element elementor-element-bbd8e4a e-con-full e-flex e-con e-child\" data-id=\"bbd8e4a\" data-element_type=\"container\" data-e-type=\"container\">\n\t\t\t\t<div class=\"elementor-element elementor-element-0dc5338 elementor-widget elementor-widget-text-editor\" data-id=\"0dc5338\" data-element_type=\"widget\" data-e-type=\"widget\" data-widget_type=\"text-editor.default\">\n\t\t\t\t<div class=\"elementor-widget-container\">\n\t\t\t\t\t\t\t\t\t<h2>Kenmerken van de RandM Tornado 7000 :<\/h2><ul><li><strong>Aantal trekjes<\/strong>\u00a0Elk apparaat kan tot 7.000 trekjes aan, wat ideaal is voor langdurig gebruik.<\/li><li><strong>Batterij\u00a0<\/strong>850 mAh oplaadbare batterij met Type C oplaadpoort voor snel opladen (30 tot 60 minuten). <\/li><li><strong>E-liquid capaciteit<\/strong>\u00a014 ml voorgevulde reservoirs met keuze uit 2 % of 5 % nicotinezouten.<\/li><li><strong>Smaken\u00a0<\/strong>Meer dan 50 smaken, waaronder populaire zoals \u00abLush Ice (Mint-Watermelon)\u00bb, \u00abBanana Ice\u00bb, \u00abBlueberry Cherry-Cranberry\u00bb en \u00abMango On Ice\u00bb.<\/li><li><strong>Ontwerp\u00a0<\/strong>Draagbaar, gemaakt van duurzame materialen en voorzien van een transparant oliereservoir om het resterende oliepeil te controleren. RGB-lampjes en LED-indicatoren voegen een vleugje elegantie toe.<\/li><li><strong>Weerstand tegen mazen<\/strong>\u00a0Gebruik een Mesh-weerstand voor een consistente smaak en dampproductie.<\/li><\/ul>\t\t\t\t\t\t\t\t<\/div>\n\t\t\t\t<\/div>\n\t\t\t\t<\/div>\n\t\t<div class=\"elementor-element elementor-element-8e0e87d e-con-full e-flex e-con e-child\" data-id=\"8e0e87d\" data-element_type=\"container\" data-e-type=\"container\">\n\t\t\t\t<div class=\"elementor-element elementor-element-63d978d elementor-widget elementor-widget-image-gallery\" data-id=\"63d978d\" data-element_type=\"widget\" data-e-type=\"widget\" data-widget_type=\"image-gallery.default\">\n\t\t\t\t<div class=\"elementor-widget-container\">\n\t\t\t\t\t\t\t<div class=\"elementor-image-gallery\">\n\t\t\t<div id='gallery-1' class='gallery galleryid-2318 gallery-columns-1 gallery-size-medium_large'><figure class='gallery-item'>\n\t\t\t<div class='gallery-icon landscape'>\n\t\t\t\t<img fetchpriority=\"high\" decoding=\"async\" width=\"768\" height=\"768\" src=\"https:\/\/puffvapestore.com\/wp-content\/uploads\/2025\/06\/RandM-Tornado-7000-Apple-Berry-Blast-pvafrt7000-768x768.jpg\" class=\"attachment-medium_large size-medium_large\" alt=\"RandM Tornado 7000 Appel Bessen Blast pvafrt7000\" aria-describedby=\"gallery-1-2245\" srcset=\"https:\/\/puffvapestore.com\/wp-content\/uploads\/2025\/06\/RandM-Tornado-7000-Apple-Berry-Blast-pvafrt7000-768x768.jpg 768w, https:\/\/puffvapestore.com\/wp-content\/uploads\/2025\/06\/RandM-Tornado-7000-Apple-Berry-Blast-pvafrt7000-300x300.jpg 300w, https:\/\/puffvapestore.com\/wp-content\/uploads\/2025\/06\/RandM-Tornado-7000-Apple-Berry-Blast-pvafrt7000-1024x1024.jpg 1024w, https:\/\/puffvapestore.com\/wp-content\/uploads\/2025\/06\/RandM-Tornado-7000-Apple-Berry-Blast-pvafrt7000-150x150.jpg 150w, https:\/\/puffvapestore.com\/wp-content\/uploads\/2025\/06\/RandM-Tornado-7000-Apple-Berry-Blast-pvafrt7000-600x600.jpg 600w, https:\/\/puffvapestore.com\/wp-content\/uploads\/2025\/06\/RandM-Tornado-7000-Apple-Berry-Blast-pvafrt7000-100x100.jpg 100w, https:\/\/puffvapestore.com\/wp-content\/uploads\/2025\/06\/RandM-Tornado-7000-Apple-Berry-Blast-pvafrt7000.jpg 1039w\" sizes=\"(max-width: 768px) 100vw, 768px\" \/>\n\t\t\t<\/div>\n\t\t\t\t<figcaption class='wp-caption-text gallery-caption' id='gallery-1-2245'>\n\t\t\t\tRandM Tornado 7000 Appel Bessen Blast pvafrt7000\n\t\t\t\t<\/figcaption><\/figure>\n\t\t<\/div>\n\t\t<\/div>\n\t\t\t\t\t\t<\/div>\n\t\t\t\t<\/div>\n\t\t\t\t<\/div>\n\t\t\t\t\t<\/div>\n\t\t\t\t<\/div>\n\t\t<div class=\"elementor-element elementor-element-d3f3f97 e-flex e-con-boxed e-con e-parent\" data-id=\"d3f3f97\" data-element_type=\"container\" data-e-type=\"container\">\n\t\t\t\t\t<div class=\"e-con-inner\">\n\t\t\t\t<div class=\"elementor-element elementor-element-9600b1d elementor-widget elementor-widget-text-editor\" data-id=\"9600b1d\" data-element_type=\"widget\" data-e-type=\"widget\" data-widget_type=\"text-editor.default\">\n\t\t\t\t<div class=\"elementor-widget-container\">\n\t\t\t\t\t\t\t\t\t<h3>De RandM Tornado 7000 biedt een breed scala aan smaken<\/h3><p>De RandM Tornado 7000 biedt een breed scala aan smaken, van vers fruit tot verse munt, van desserts tot drankjes, om te voldoen aan de voorkeuren van elke gebruiker. De meeste smaken zijn rijk en geschikt voor langdurig gebruik.<\/p><p>De RandM Tornado 7000 biedt een rijke fruitige mix van smaken, zoals \u00abApple Berry Blast\u00bb, \u00abBlueberry Raspberry\u00bb en \u00abStrawberry Watermelon\u00bb, voor een rijke en complexe fruitervaring. Tropische fruitcombinaties zoals \u00abKiwi, Passievrucht, Guave\u00bb en \u00abPerzik, Mango\u00bb zitten boordevol exotische smaken. Klassiekers zoals \u00abBlue Razz, Cherry\u00bb en \u00abStrawberry, Kiwi\u00bb zijn ook erg populair.<\/p><p>Het ijsassortiment richt zich op verfrissende sensaties, met \u00abBanana Ice\u00bb, \u00abGrape Ice\u00bb en \u00abRed Apple Ice\u00bb die een verfrissende noot toevoegen aan de fruitige basis. \u00abBlackcurrant Menthol\u00bb en \u00abCool Mint\u00bb voegen een meer uitgesproken mentholtoets toe, terwijl \u00abLush Ice\u00bb en \u00abCola Ice\u00bb de klassieke smaken versterken.<\/p><p>Dessertliefhebbers kunnen de Banana Milkshake, Strawberry Donut en Cotton Candy proberen voor een zoete traktatie. Drankjes zoals Pink Lemonade, Cherry Cola en Dr. Blue volgen de klassiekers, terwijl Pina Colada Rum een licht pittige tropische noot toevoegt.<\/p><p>Sommige smaken zijn zeer creatief, zoals \u00abSkittles\u00bb en \u00abGummy Bear\u00bb, die de zoetzure smaak van snoep nabootsen, terwijl \u00abBingo Crush\u00bb en \u00abVimto Crush\u00bb een complexe en unieke fruitsmaak toevoegen. \u00abRed Energy Ice\u00bb en \u00abStrawberry Red Bull\u00bb bootsen de smaak van energiedrankjes na, terwijl \u00abFizzy Cherry\u00bb en \u00abIce Pop\u00bb zomerse nostalgie uitstralen.<\/p>\t\t\t\t\t\t\t\t<\/div>\n\t\t\t\t<\/div>\n\t\t\t\t\t<\/div>\n\t\t\t\t<\/div>\n\t\t<div class=\"elementor-element elementor-element-718b380 e-flex e-con-boxed e-con e-parent\" data-id=\"718b380\" data-element_type=\"container\" data-e-type=\"container\">\n\t\t\t\t\t<div class=\"e-con-inner\">\n\t\t\t\t<div class=\"elementor-element elementor-element-d2cc8fa elementor-widget elementor-widget-text-editor\" data-id=\"d2cc8fa\" data-element_type=\"widget\" data-e-type=\"widget\" data-widget_type=\"text-editor.default\">\n\t\t\t\t<div class=\"elementor-widget-container\">\n\t\t\t\t\t\t\t\t\t<h3>Geurt of lekt de RandM Tornado 7000?<\/h3><p>Onder normale omstandigheden is de RandM Tornado 7000 elektronische sigaret geurloos en lekvrij.<\/p><p>De RandM Tornado 7000 heeft een ge\u00efntegreerd gesloten ontwerp, dat het opslagcompartiment voor e-vloeistof, de Mesh-weerstand, de batterij en het luchtstroomkanaal omvat. De behuizing van het apparaat is gemaakt van zeer resistente materialen, gecombineerd met een geavanceerd assemblageproces om de waterdichtheid van de totale structuur te garanderen. Het oliereservoir is het middelpunt van de afdichting. Er worden materialen van levensmiddelenkwaliteit gebruikt om elke chemische reactie van de olie met de externe omgeving of lekkage te voorkomen. De RandM Tornado 7000 elektronische sigaret maakt gebruik van meerlaagse pakkingen op de overgang tussen het oliereservoir en het mondstuk, de weerstand en andere onderdelen. Deze pakkingen zijn zeer elastisch en bestand tegen chemicali\u00ebn, waardoor vloeistoflekken effectief worden voorkomen. Daarnaast is de onderkant van het apparaat voorzien van een siliconen plug of sticker om het oliereservoir te beschermen tijdens transport en opslag, waardoor lekkage door drukschommelingen of stoten wordt voorkomen. Dit structurele ontwerp biedt een stevige basis om olielekkage te voorkomen en zorgt er tegelijk voor dat de olie niet verdampt of vervuild raakt tijdens langdurige opslag. Het gesloten ontwerp van de hierboven geanalyseerde RandM Tornado 7000 laat een bijzonder zorgvuldige afdichting zien, die de afwezigheid van geuren en olielekken onder normale omstandigheden garandeert.<\/p><h3>Is de RandM Tornado 7000 compatibel met automatische inhalatiestart?<\/h3><p>Ja, de RandM Tornado 7000 is compatibel met automatische inhalatiestart.<\/p><p>De RandM Tornado 7000 elektronische sigaret maakt gebruik van de automatische inhalatietriggeringstechnologie, de meest gebruikte op de markt. Dit betekent dat de gebruiker geen knoppen hoeft in te drukken. Het volstaat om te inhaleren om de interne verstuiver te activeren en rook te produceren. Het basisprincipe is de luchtstroom te gebruiken om de interne sensor te activeren, waardoor de batterij automatisch het hart van de verstuiver van stroom voorziet om de e-vloeistof te verhitten.<\/p><p>De automatische inhalatietrigger maakt het gebruik van de RandM Tornado 7000 eenvoudiger, intu\u00eftiever en handiger, met name voor nieuwe gebruikers van elektronische sigaretten of voor situaties waarin een gebruiksklare sigaret nodig is. Bijvoorbeeld tijdens het autorijden, buitenshuis of wanneer het onpraktisch is om de handen te gebruiken, houden gebruikers simpelweg het mondstuk vast en inhaleren om de RandM Tornado 7000 elektronische sigaret te gebruiken, zonder te hoeven zoeken naar knoppen of parameters in te stellen, wat de draagbaarheid en het gebruiksgemak aanzienlijk verbetert.<\/p>\t\t\t\t\t\t\t\t<\/div>\n\t\t\t\t<\/div>\n\t\t\t\t\t<\/div>\n\t\t\t\t<\/div>\n\t\t\t\t<\/div>","protected":false},"excerpt":{"rendered":"<p>La RandM Tornado 7000 est une cigarette \u00e9lectronique jetable rechargeable, pl\u00e9biscit\u00e9e par les utilisateurs pour sa dur\u00e9e de vie de 7000 bouff\u00e9es et ses performances haut de gamme. Elle est pr\u00e9-remplie de 14 ml d&rsquo;e-liquide aux sels de nicotine, avec des concentrations de nicotine de 2\u00a0% et 5\u00a0%, pour r\u00e9pondre aux besoins des diff\u00e9rents fumeurs. [&hellip;]<\/p>\n","protected":false},"featured_media":2245,"comment_status":"open","ping_status":"closed","template":"","meta":{"site-sidebar-layout":"no-sidebar","site-content-layout":"page-builder","ast-site-content-layout":"normal-width-container","site-content-style":"default","site-sidebar-style":"default","ast-global-header-display":"","ast-banner-title-visibility":"","ast-main-header-display":"","ast-hfb-above-header-display":"","ast-hfb-below-header-display":"","ast-hfb-mobile-header-display":"","site-post-title":"disabled","ast-breadcrumbs-content":"","ast-featured-img":"disabled","footer-sml-layout":"","ast-disable-related-posts":"","theme-transparent-header-meta":"default","adv-header-id-meta":"","stick-header-meta":"default","header-above-stick-meta":"","header-main-stick-meta":"","header-below-stick-meta":"","astra-migrate-meta-layouts":"set","ast-page-background-enabled":"default","ast-page-background-meta":{"desktop":{"background-color":"","background-image":"","background-repeat":"repeat","background-position":"center center","background-size":"auto","background-attachment":"scroll","background-type":"","background-media":"","overlay-type":"","overlay-color":"","overlay-opacity":"","overlay-gradient":""},"tablet":{"background-color":"","background-image":"","background-repeat":"repeat","background-position":"center center","background-size":"auto","background-attachment":"scroll","background-type":"","background-media":"","overlay-type":"","overlay-color":"","overlay-opacity":"","overlay-gradient":""},"mobile":{"background-color":"","background-image":"","background-repeat":"repeat","background-position":"center center","background-size":"auto","background-attachment":"scroll","background-type":"","background-media":"","overlay-type":"","overlay-color":"","overlay-opacity":"","overlay-gradient":""}},"ast-content-background-meta":{"desktop":{"background-color":"var(--ast-global-color-5)","background-image":"","background-repeat":"repeat","background-position":"center center","background-size":"auto","background-attachment":"scroll","background-type":"","background-media":"","overlay-type":"","overlay-color":"","overlay-opacity":"","overlay-gradient":""},"tablet":{"background-color":"var(--ast-global-color-5)","background-image":"","background-repeat":"repeat","background-position":"center center","background-size":"auto","background-attachment":"scroll","background-type":"","background-media":"","overlay-type":"","overlay-color":"","overlay-opacity":"","overlay-gradient":""},"mobile":{"background-color":"var(--ast-global-color-5)","background-image":"","background-repeat":"repeat","background-position":"center center","background-size":"auto","background-attachment":"scroll","background-type":"","background-media":"","overlay-type":"","overlay-color":"","overlay-opacity":"","overlay-gradient":""}}},"product_brand":[42],"product_cat":[41,94,15],"product_tag":[],"class_list":{"0":"post-2318","1":"product","2":"type-product","3":"status-publish","4":"has-post-thumbnail","6":"product_brand-randm-tornado","7":"product_cat-randm-tornado-7000","8":"product_cat-puff-7k","9":"product_cat-magasin-cigarette-electronique","10":"desktop-align-center","11":"tablet-align-center","12":"mobile-align-center","13":"ast-product-gallery-layout-horizontal","14":"ast-product-single-variable","15":"ast-product-tabs-layout-horizontal","16":"ast-qv-on-image","18":"first","19":"outofstock","20":"sale","21":"shipping-taxable","22":"purchasable","23":"product-type-variable","24":"has-default-attributes"},"tiered_pricing_type":"fixed","tiered_pricing_fixed_rules":{"30":8.58,"60":8.12,"100":7.48,"200":6.98},"tiered_pricing_product_settings":{"layout":"default","base_unit_name":{"singular":null,"plural":null},"default_variation":null},"tiered_pricing_minimum_quantity":null,"tiered_pricing_roles_data":[],"tiered_pricing_percentage_rules":[],"_links":{"self":[{"href":"https:\/\/puffvapestore.com\/nl\/wp-json\/wp\/v2\/product\/2318","targetHints":{"allow":["GET"]}}],"collection":[{"href":"https:\/\/puffvapestore.com\/nl\/wp-json\/wp\/v2\/product"}],"about":[{"href":"https:\/\/puffvapestore.com\/nl\/wp-json\/wp\/v2\/types\/product"}],"replies":[{"embeddable":true,"href":"https:\/\/puffvapestore.com\/nl\/wp-json\/wp\/v2\/comments?post=2318"}],"version-history":[{"count":8,"href":"https:\/\/puffvapestore.com\/nl\/wp-json\/wp\/v2\/product\/2318\/revisions"}],"predecessor-version":[{"id":2442,"href":"https:\/\/puffvapestore.com\/nl\/wp-json\/wp\/v2\/product\/2318\/revisions\/2442"}],"wp:featuredmedia":[{"embeddable":true,"href":"https:\/\/puffvapestore.com\/nl\/wp-json\/wp\/v2\/media\/2245"}],"wp:attachment":[{"href":"https:\/\/puffvapestore.com\/nl\/wp-json\/wp\/v2\/media?parent=2318"}],"wp:term":[{"taxonomy":"product_brand","embeddable":true,"href":"https:\/\/puffvapestore.com\/nl\/wp-json\/wp\/v2\/product_brand?post=2318"},{"taxonomy":"product_cat","embeddable":true,"href":"https:\/\/puffvapestore.com\/nl\/wp-json\/wp\/v2\/product_cat?post=2318"},{"taxonomy":"product_tag","embeddable":true,"href":"https:\/\/puffvapestore.com\/nl\/wp-json\/wp\/v2\/product_tag?post=2318"}],"curies":[{"name":"wp","href":"https:\/\/api.w.org\/{rel}","templated":true}]}}