{"id":2120,"date":"2025-04-18T12:07:59","date_gmt":"2025-04-18T12:07:59","guid":{"rendered":"https:\/\/puffvapestore.com\/?post_type=product&#038;p=2120"},"modified":"2026-01-19T10:37:33","modified_gmt":"2026-01-19T10:37:33","slug":"watermelon-ice-18k-jnr-falcon-puff","status":"publish","type":"product","link":"https:\/\/puffvapestore.com\/nl\/product\/watermeloen-ijs-18k-jnr-falcon-soesje\/","title":{"rendered":"Watermeloen ijs 18K JNR Falcon X soesje"},"content":{"rendered":"<div data-elementor-type=\"wp-post\" data-elementor-id=\"2120\" class=\"elementor elementor-2120\">\n\t\t\t\t<div class=\"elementor-element elementor-element-65af89b e-flex e-con-boxed e-con e-parent\" data-id=\"65af89b\" data-element_type=\"container\" data-e-type=\"container\">\n\t\t\t\t\t<div class=\"e-con-inner\">\n\t\t<div class=\"elementor-element elementor-element-3caab23 e-con-full e-flex e-con e-child\" data-id=\"3caab23\" data-element_type=\"container\" data-e-type=\"container\">\n\t\t\t\t<div class=\"elementor-element elementor-element-38df38c elementor-widget elementor-widget-text-editor\" data-id=\"38df38c\" data-element_type=\"widget\" data-e-type=\"widget\" data-widget_type=\"text-editor.default\">\n\t\t\t\t<div class=\"elementor-widget-container\">\n\t\t\t\t\t\t\t\t\t<h2>Specificaties voor JNR Falcon 18K Watermeloen IJs:<\/h2><p>Pufjes : Tot 18.000 trekjes<br \/>Vloeistof: 24 ml<br \/>Nicotineniveaus: 0 %, 2 %, 5 %<br \/>Weerstand: 0,6 ohm<br \/>Batterijcapaciteit: 950 mAh<br \/>Opladen: Type-C<br \/>Verstelbare luchtstroom: Ja<br \/>Digitaal display<br \/>Dubbele maas en dubbele kernweerstand<br \/>Afmetingen: 53,5 x 32 x 121 mm<\/p>\t\t\t\t\t\t\t\t<\/div>\n\t\t\t\t<\/div>\n\t\t\t\t<\/div>\n\t\t<div class=\"elementor-element elementor-element-c38df58 e-con-full e-flex e-con e-child\" data-id=\"c38df58\" data-element_type=\"container\" data-e-type=\"container\">\n\t\t\t\t<div class=\"elementor-element elementor-element-332ba99 elementor-widget elementor-widget-image-gallery\" data-id=\"332ba99\" data-element_type=\"widget\" data-e-type=\"widget\" data-widget_type=\"image-gallery.default\">\n\t\t\t\t<div class=\"elementor-widget-container\">\n\t\t\t\t\t\t\t<div class=\"elementor-image-gallery\">\n\t\t\t<div id='gallery-1' class='gallery galleryid-2120 gallery-columns-1 gallery-size-medium_large'><figure class='gallery-item'>\n\t\t\t<div class='gallery-icon portrait'>\n\t\t\t\t<img fetchpriority=\"high\" decoding=\"async\" width=\"654\" height=\"690\" src=\"https:\/\/puffvapestore.com\/wp-content\/uploads\/2025\/04\/pvajf18000-28.jpg\" class=\"attachment-medium_large size-medium_large\" alt=\"JNR Falcon 18k Watermeloen IJs pvajf18000\" aria-describedby=\"gallery-1-1968\" srcset=\"https:\/\/puffvapestore.com\/wp-content\/uploads\/2025\/04\/pvajf18000-28.jpg 654w, https:\/\/puffvapestore.com\/wp-content\/uploads\/2025\/04\/pvajf18000-28-284x300.jpg 284w, https:\/\/puffvapestore.com\/wp-content\/uploads\/2025\/04\/pvajf18000-28-600x633.jpg 600w\" sizes=\"(max-width: 654px) 100vw, 654px\" \/>\n\t\t\t<\/div>\n\t\t\t\t<figcaption class='wp-caption-text gallery-caption' id='gallery-1-1968'>\n\t\t\t\tJNR Falcon 18k Watermeloen IJs pvajf18000\n\t\t\t\t<\/figcaption><\/figure>\n\t\t<\/div>\n\t\t<\/div>\n\t\t\t\t\t\t<\/div>\n\t\t\t\t<\/div>\n\t\t\t\t<\/div>\n\t\t\t\t\t<\/div>\n\t\t\t\t<\/div>\n\t\t<div class=\"elementor-element elementor-element-824a998 e-flex e-con-boxed e-con e-parent\" data-id=\"824a998\" data-element_type=\"container\" data-e-type=\"container\">\n\t\t\t\t\t<div class=\"e-con-inner\">\n\t\t\t\t\t<\/div>\n\t\t\t\t<\/div>\n\t\t<div class=\"elementor-element elementor-element-b64795d e-flex e-con-boxed e-con e-parent\" data-id=\"b64795d\" data-element_type=\"container\" data-e-type=\"container\">\n\t\t\t\t\t<div class=\"e-con-inner\">\n\t\t\t\t<div class=\"elementor-element elementor-element-3adcd0f elementor-widget elementor-widget-n-accordion\" data-id=\"3adcd0f\" data-element_type=\"widget\" data-e-type=\"widget\" data-settings=\"{&quot;default_state&quot;:&quot;expanded&quot;,&quot;max_items_expended&quot;:&quot;one&quot;,&quot;n_accordion_animation_duration&quot;:{&quot;unit&quot;:&quot;ms&quot;,&quot;size&quot;:400,&quot;sizes&quot;:[]}}\" data-widget_type=\"nested-accordion.default\">\n\t\t\t\t<div class=\"elementor-widget-container\">\n\t\t\t\t\t\t\t<div class=\"e-n-accordion\" aria-label=\"Accordeon. Links openen met Enter of Spatie, sluiten met Escape en navigeren met Pijltjestoetsen\">\n\t\t\t\t\t\t<details id=\"e-n-accordion-item-6170\" class=\"e-n-accordion-item\" open>\n\t\t\t\t<summary class=\"e-n-accordion-item-title\" data-accordion-index=\"1\" tabindex=\"0\" aria-expanded=\"true\" aria-controls=\"e-n-accordion-item-6170\" >\n\t\t\t\t\t<span class='e-n-accordion-item-title-header'><div class=\"e-n-accordion-item-title-text\"> Kenmerken en functies van de JNR Falcon X 18K Watermelon Ice <\/div><\/span>\n\t\t\t\t\t\t\t<span class='e-n-accordion-item-title-icon'>\n\t\t\t<span class='e-opened' ><svg aria-hidden=\"true\" class=\"e-font-icon-svg e-fas-minus\" viewbox=\"0 0 448 512\" xmlns=\"http:\/\/www.w3.org\/2000\/svg\"><path d=\"M416 208H32c-17.67 0-32 14.33-32 32v32c0 17.67 14.33 32 32 32h384c17.67 0 32-14.33 32-32v-32c0-17.67-14.33-32-32-32z\"><\/path><\/svg><\/span>\n\t\t\t<span class='e-closed'><svg aria-hidden=\"true\" class=\"e-font-icon-svg e-fas-plus\" viewbox=\"0 0 448 512\" xmlns=\"http:\/\/www.w3.org\/2000\/svg\"><path d=\"M416 208H272V64c0-17.67-14.33-32-32-32h-32c-17.67 0-32 14.33-32 32v144H32c-17.67 0-32 14.33-32 32v32c0 17.67 14.33 32 32 32h144v144c0 17.67 14.33 32 32 32h32c17.67 0 32-14.33 32-32V304h144c17.67 0 32-14.33 32-32v-32c0-17.67-14.33-32-32-32z\"><\/path><\/svg><\/span>\n\t\t<\/span>\n\n\t\t\t\t\t\t<\/summary>\n\t\t\t\t<div role=\"region\" aria-labelledby=\"e-n-accordion-item-6170\" class=\"elementor-element elementor-element-8063191 e-con-full e-flex e-con e-child\" data-id=\"8063191\" data-element_type=\"container\" data-e-type=\"container\">\n\t\t<div role=\"region\" aria-labelledby=\"e-n-accordion-item-6170\" class=\"elementor-element elementor-element-050ba91 e-flex e-con-boxed e-con e-child\" data-id=\"050ba91\" data-element_type=\"container\" data-e-type=\"container\">\n\t\t\t\t\t<div class=\"e-con-inner\">\n\t\t\t\t<div class=\"elementor-element elementor-element-63d74fb elementor-widget elementor-widget-text-editor\" data-id=\"63d74fb\" data-element_type=\"widget\" data-e-type=\"widget\" data-widget_type=\"text-editor.default\">\n\t\t\t\t<div class=\"elementor-widget-container\">\n\t\t\t\t\t\t\t\t\t<h2>Grote e-vloeistof capaciteit<\/h2><p>De JNR Falcon-X 18K biedt een e-liquid capaciteit van 24 ml, meer dan de meeste elektronische wegwerpsigaretten op de markt. Deze royale capaciteit vermindert niet alleen de behoefte aan frequente navullingen, maar betekent ook dat je lange periodes kunt roken zonder onderbreking. Ideaal dus voor wie op zoek is naar langdurig gebruik en een consistente smaak op het werk, onderweg of in de vrije tijd.<\/p><p>De JNR Falcon-X 18K is uitgerust met een ge\u00efntegreerde 950 mAh krachtige batterij voor de hele dag gebruik. De moderne Type-C oplaadpoort maakt opladen sneller en veiliger, zodat je je apparaat kunt opladen zonder lang te wachten.<\/p><h2>Dual-Mesh Dual-Core weerstanden van 0,6 ohm voor verbeterde stoom en smaak<\/h2><p>De JNR Falcon-X 18K maakt gebruik van een Dual-Mesh Dual-Core weerstand van 0,6 ohm, waardoor de dampproductie en -dikte drastisch worden verbeterd. De dual-wick structuur zorgt voor een gelijkmatigere verwarming, voorkomt verbrande geurtjes en levert een soepelere, meer verfijnde vaping ervaring. Of je nu op zoek bent naar een hoog volume damp of een pure smaak, de JNR Falcon 18K is perfect voor jouw behoeften.<\/p><h2>Flexibel, instelbaar luchtstroomsysteem voor gepersonaliseerde inhalatie<\/h2><p>De JNR Falcon-X 18K heeft een innovatieve luchtstroomaanpassingsfunctie, waarmee gebruikers de hoeveelheid ingeademde lucht vrij kunnen aanpassen aan hun voorkeuren, waardoor een gevarieerde rookervaring ontstaat, van een stevige, zachte rook tot een volle, ruime rook.<\/p><h2>Duurzaam, zuinig en praktisch<\/h2><p>Dankzij de geavanceerde technologie biedt de JNR Falcon-X 18K tot 18.000 trekjes, wat veel langer is dan de levensduur van conventionele elektronische wegwerpsigaretten. De duurzaamheid verbetert de prijs-kwaliteitverhouding aanzienlijk, waardoor het apparaat ideaal is voor intensieve gebruikers en langdurig gebruik. Hij hoeft niet vaak te worden vervangen en is dus zowel milieuvriendelijk als zuinig.<\/p><p>Een ge\u00efntegreerd high-definition digitaal display toont het batterijniveau en de resterende e-liquid in real time, zodat gebruikers een duidelijk beeld hebben van de status van het apparaat. Intu\u00eftieve feedback vereenvoudigt het gebruik en voorkomt onderbrekingen als gevolg van een lege batterij of uitgeputte e-liquid, waardoor je elke keer weer verzekerd bent van een soepele, zorgeloze trek.<\/p><p>De JNR Falcon-X 18K biedt drie nicotineniveaus: 0 %, 2 % en 5 %, om te voldoen aan de stoppen met roken behoeften en smaken van elke gebruiker. Van puur genot zonder nicotine tot geleidelijk stoppen met roken met lage nicotineniveaus en hoge nicotinebehoeften, flexibele opties helpen je de oplossing te vinden die bij jou past.<\/p>\t\t\t\t\t\t\t\t<\/div>\n\t\t\t\t<\/div>\n\t\t\t\t\t<\/div>\n\t\t\t\t<\/div>\n\t\t\t\t<\/div>\n\t\t\t\t\t<\/details>\n\t\t\t\t\t\t<details id=\"e-n-accordion-item-6171\" class=\"e-n-accordion-item\" >\n\t\t\t\t<summary class=\"e-n-accordion-item-title\" data-accordion-index=\"2\" tabindex=\"-1\" aria-expanded=\"false\" aria-controls=\"e-n-accordion-item-6171\" >\n\t\t\t\t\t<span class='e-n-accordion-item-title-header'><div class=\"e-n-accordion-item-title-text\"> Puff watermeloen ijs JNR Falcon X 18K <\/div><\/span>\n\t\t\t\t\t\t\t<span class='e-n-accordion-item-title-icon'>\n\t\t\t<span class='e-opened' ><svg aria-hidden=\"true\" class=\"e-font-icon-svg e-fas-minus\" viewbox=\"0 0 448 512\" xmlns=\"http:\/\/www.w3.org\/2000\/svg\"><path d=\"M416 208H32c-17.67 0-32 14.33-32 32v32c0 17.67 14.33 32 32 32h384c17.67 0 32-14.33 32-32v-32c0-17.67-14.33-32-32-32z\"><\/path><\/svg><\/span>\n\t\t\t<span class='e-closed'><svg aria-hidden=\"true\" class=\"e-font-icon-svg e-fas-plus\" viewbox=\"0 0 448 512\" xmlns=\"http:\/\/www.w3.org\/2000\/svg\"><path d=\"M416 208H272V64c0-17.67-14.33-32-32-32h-32c-17.67 0-32 14.33-32 32v144H32c-17.67 0-32 14.33-32 32v32c0 17.67 14.33 32 32 32h144v144c0 17.67 14.33 32 32 32h32c17.67 0 32-14.33 32-32V304h144c17.67 0 32-14.33 32-32v-32c0-17.67-14.33-32-32-32z\"><\/path><\/svg><\/span>\n\t\t<\/span>\n\n\t\t\t\t\t\t<\/summary>\n\t\t\t\t<div role=\"region\" aria-labelledby=\"e-n-accordion-item-6171\" class=\"elementor-element elementor-element-231aa4f e-con-full e-flex e-con e-child\" data-id=\"231aa4f\" data-element_type=\"container\" data-e-type=\"container\">\n\t\t<div role=\"region\" aria-labelledby=\"e-n-accordion-item-6171\" class=\"elementor-element elementor-element-e726889 e-flex e-con-boxed e-con e-child\" data-id=\"e726889\" data-element_type=\"container\" data-e-type=\"container\">\n\t\t\t\t\t<div class=\"e-con-inner\">\n\t\t\t\t<div class=\"elementor-element elementor-element-55fd5fa elementor-widget elementor-widget-text-editor\" data-id=\"55fd5fa\" data-element_type=\"widget\" data-e-type=\"widget\" data-widget_type=\"text-editor.default\">\n\t\t\t\t<div class=\"elementor-widget-container\">\n\t\t\t\t\t\t\t\t\t<p>De steegjes bij het Louvre in Parijs hebben altijd een unieke charme. Ik was er gistermiddag, met een JNR Falcon X 18000 elektronische sigaret in mijn hand, om hun Watermelon Icy smaak uit te proberen. Om eerlijk te zijn, de prestaties van deze e-sigaret overtroffen echt mijn verwachtingen.<\/p><p>Dit apparaat is vrij klein en ligt perfect in de hand zonder lomp te zijn. Ik ben vooral blij met het LED-scherm, waarop je gemakkelijk kunt zien hoeveel batterij je nog hebt en hoeveel trekjes je hebt genomen. Het is erg praktisch. De watermeloen-ijssmaak is in het begin een beetje zoet, maar niet vettig, en dan is er een koele sensatie, wat vooral in de zomer fijn is om te roken.<\/p>\t\t\t\t\t\t\t\t<\/div>\n\t\t\t\t<\/div>\n\t\t<div role=\"region\" aria-labelledby=\"e-n-accordion-item-6171\" class=\"elementor-element elementor-element-942ccb0 e-con-full e-flex e-con e-child\" data-id=\"942ccb0\" data-element_type=\"container\" data-e-type=\"container\">\n\t\t<div role=\"region\" aria-labelledby=\"e-n-accordion-item-6171\" class=\"elementor-element elementor-element-d5e4b56 e-con-full e-flex e-con e-child\" data-id=\"d5e4b56\" data-element_type=\"container\" data-e-type=\"container\">\n\t\t\t\t<div class=\"elementor-element elementor-element-381dfcb elementor-widget elementor-widget-image-gallery\" data-id=\"381dfcb\" data-element_type=\"widget\" data-e-type=\"widget\" data-widget_type=\"image-gallery.default\">\n\t\t\t\t<div class=\"elementor-widget-container\">\n\t\t\t\t\t\t\t<div class=\"elementor-image-gallery\">\n\t\t\t<div id='gallery-1' class='gallery galleryid-2120 gallery-columns-1 gallery-size-medium_large'><figure class='gallery-item'>\n\t\t\t<div class='gallery-icon portrait'>\n\t\t\t\t<img fetchpriority=\"high\" decoding=\"async\" width=\"654\" height=\"690\" src=\"https:\/\/puffvapestore.com\/wp-content\/uploads\/2025\/04\/pvajf18000-28.jpg\" class=\"attachment-medium_large size-medium_large\" alt=\"JNR Falcon 18k Watermeloen IJs pvajf18000\" aria-describedby=\"gallery-1-1968\" srcset=\"https:\/\/puffvapestore.com\/wp-content\/uploads\/2025\/04\/pvajf18000-28.jpg 654w, https:\/\/puffvapestore.com\/wp-content\/uploads\/2025\/04\/pvajf18000-28-284x300.jpg 284w, https:\/\/puffvapestore.com\/wp-content\/uploads\/2025\/04\/pvajf18000-28-600x633.jpg 600w\" sizes=\"(max-width: 654px) 100vw, 654px\" \/>\n\t\t\t<\/div>\n\t\t\t\t<figcaption class='wp-caption-text gallery-caption' id='gallery-1-1968'>\n\t\t\t\tJNR Falcon 18k Watermeloen IJs pvajf18000\n\t\t\t\t<\/figcaption><\/figure>\n\t\t<\/div>\n\t\t<\/div>\n\t\t\t\t\t\t<\/div>\n\t\t\t\t<\/div>\n\t\t\t\t<\/div>\n\t\t<div role=\"region\" aria-labelledby=\"e-n-accordion-item-6171\" class=\"elementor-element elementor-element-577deeb e-con-full e-flex e-con e-child\" data-id=\"577deeb\" data-element_type=\"container\" data-e-type=\"container\">\n\t\t\t\t<div class=\"elementor-element elementor-element-5d167cf elementor-widget elementor-widget-text-editor\" data-id=\"5d167cf\" data-element_type=\"widget\" data-e-type=\"widget\" data-widget_type=\"text-editor.default\">\n\t\t\t\t<div class=\"elementor-widget-container\">\n\t\t\t\t\t\t\t\t\t<p>Ik vond dat de 0.6 ohm coil precies werkte zoals geadverteerd, met een dikke, gelijkmatige damp. Het is ook erg handig om de airflow in te stellen, en je kunt het aanpassen aan je voorkeuren. Na een hele dag roken is de 950mAh batterij meer dan voldoende en hij laadt heel snel op via Type-C, dus je kunt hem na een korte tijd gewoon blijven gebruiken.<\/p><p>Wat de smaak betreft, is de watermeloensmaak heel natuurlijk en niet kunstmatig zoals bij sommige elektronische sigaretten. De ijssensatie is perfect, niet te koud. Het nicotinegehalte van de 2% past perfect bij me, met een throat hit die niet te sterk is.<\/p>\t\t\t\t\t\t\t\t<\/div>\n\t\t\t\t<\/div>\n\t\t\t\t<\/div>\n\t\t\t\t<\/div>\n\t\t<div role=\"region\" aria-labelledby=\"e-n-accordion-item-6171\" class=\"elementor-element elementor-element-7926c6b e-con-full e-flex e-con e-child\" data-id=\"7926c6b\" data-element_type=\"container\" data-e-type=\"container\">\n\t\t\t\t<div class=\"elementor-element elementor-element-2b41948 elementor-widget elementor-widget-text-editor\" data-id=\"2b41948\" data-element_type=\"widget\" data-e-type=\"widget\" data-widget_type=\"text-editor.default\">\n\t\t\t\t<div class=\"elementor-widget-container\">\n\t\t\t\t\t\t\t\t\t<p>Wat me het meest verraste was de levensduur van de e-liquid. De offici\u00eble claim was 18.000 trekjes, maar ik heb hem twee dagen gebruikt en ik had nog steeds het gevoel dat er genoeg over was. De capaciteit van 24 ml is echt krachtig, dus je hoeft je geen zorgen te maken dat je vloeistof opraakt.<\/p><p>Het is echt toepasselijk om deze te roken in de achterstraten van Parijs, vooral 's avonds, als je hem rookt terwijl je wandelt. De verfrissende smaak van watermeloen en de sfeer van Parijs komen op onverklaarbare wijze samen. Zelfs als je geen oude roker bent, denk ik dat deze JNR Falcon X 18000 elektronische sigaret het proberen waard is, vooral de watermeloen-ijssmaak, die echt lekker is.<\/p>\t\t\t\t\t\t\t\t<\/div>\n\t\t\t\t<\/div>\n\t\t\t\t<\/div>\n\t\t\t\t\t<\/div>\n\t\t\t\t<\/div>\n\t\t\t\t<\/div>\n\t\t\t\t\t<\/details>\n\t\t\t\t\t<\/div>\n\t\t\t\t\t\t<\/div>\n\t\t\t\t<\/div>\n\t\t\t\t\t<\/div>\n\t\t\t\t<\/div>\n\t\t\t\t<\/div>","protected":false},"excerpt":{"rendered":"<p>Caract\u00e9ristiques du JNR Falcon 18K Watermelon Ice: Bouff\u00e9es : Jusqu\u2019\u00e0 18000 bouff\u00e9es Liquide : 24 ml Taux de nicotine : 0 %, 2 %, 5 % R\u00e9sistance : 0.6 ohm Capacit\u00e9 de la batterie : 950 mAh Chargement : Type-C D\u00e9bit d\u2019air r\u00e9glable : Oui Affichage num\u00e9rique R\u00e9sistance double maille et double c\u0153ur Dimensions : [&hellip;]<\/p>\n","protected":false},"featured_media":1968,"comment_status":"open","ping_status":"closed","template":"","meta":{"site-sidebar-layout":"no-sidebar","site-content-layout":"page-builder","ast-site-content-layout":"normal-width-container","site-content-style":"default","site-sidebar-style":"default","ast-global-header-display":"","ast-banner-title-visibility":"","ast-main-header-display":"","ast-hfb-above-header-display":"","ast-hfb-below-header-display":"","ast-hfb-mobile-header-display":"","site-post-title":"disabled","ast-breadcrumbs-content":"","ast-featured-img":"disabled","footer-sml-layout":"","ast-disable-related-posts":"","theme-transparent-header-meta":"default","adv-header-id-meta":"","stick-header-meta":"default","header-above-stick-meta":"","header-main-stick-meta":"","header-below-stick-meta":"","astra-migrate-meta-layouts":"set","ast-page-background-enabled":"default","ast-page-background-meta":{"desktop":{"background-color":"","background-image":"","background-repeat":"repeat","background-position":"center center","background-size":"auto","background-attachment":"scroll","background-type":"","background-media":"","overlay-type":"","overlay-color":"","overlay-opacity":"","overlay-gradient":""},"tablet":{"background-color":"","background-image":"","background-repeat":"repeat","background-position":"center center","background-size":"auto","background-attachment":"scroll","background-type":"","background-media":"","overlay-type":"","overlay-color":"","overlay-opacity":"","overlay-gradient":""},"mobile":{"background-color":"","background-image":"","background-repeat":"repeat","background-position":"center center","background-size":"auto","background-attachment":"scroll","background-type":"","background-media":"","overlay-type":"","overlay-color":"","overlay-opacity":"","overlay-gradient":""}},"ast-content-background-meta":{"desktop":{"background-color":"var(--ast-global-color-5)","background-image":"","background-repeat":"repeat","background-position":"center center","background-size":"auto","background-attachment":"scroll","background-type":"","background-media":"","overlay-type":"","overlay-color":"","overlay-opacity":"","overlay-gradient":""},"tablet":{"background-color":"var(--ast-global-color-5)","background-image":"","background-repeat":"repeat","background-position":"center center","background-size":"auto","background-attachment":"scroll","background-type":"","background-media":"","overlay-type":"","overlay-color":"","overlay-opacity":"","overlay-gradient":""},"mobile":{"background-color":"var(--ast-global-color-5)","background-image":"","background-repeat":"repeat","background-position":"center center","background-size":"auto","background-attachment":"scroll","background-type":"","background-media":"","overlay-type":"","overlay-color":"","overlay-opacity":"","overlay-gradient":""}}},"product_brand":[30],"product_cat":[40,84,77,31,15],"product_tag":[],"class_list":{"0":"post-2120","1":"product","2":"type-product","3":"status-publish","4":"has-post-thumbnail","6":"product_brand-jnr","7":"product_cat-jnr-18k","8":"product_cat-puff-18k","9":"product_cat-entrepot-de-lue","10":"product_cat-jnr-falcon","11":"product_cat-magasin-cigarette-electronique","12":"desktop-align-center","13":"tablet-align-center","14":"mobile-align-center","15":"ast-product-gallery-layout-horizontal","16":"ast-product-gallery-with-no-image","17":"ast-product-single-variable","18":"ast-product-tabs-layout-horizontal","19":"ast-qv-on-image","21":"first","22":"instock","23":"sale","24":"shipping-taxable","25":"purchasable","26":"product-type-variable","27":"has-default-attributes"},"tiered_pricing_type":"fixed","tiered_pricing_fixed_rules":{"30":10.08,"60":9.28,"100":8.13,"200":7.48,"500":7.28,"1000":6.98},"tiered_pricing_product_settings":{"layout":"default","base_unit_name":{"singular":null,"plural":null},"default_variation":null},"tiered_pricing_minimum_quantity":null,"tiered_pricing_roles_data":[],"tiered_pricing_percentage_rules":[],"_links":{"self":[{"href":"https:\/\/puffvapestore.com\/nl\/wp-json\/wp\/v2\/product\/2120","targetHints":{"allow":["GET"]}}],"collection":[{"href":"https:\/\/puffvapestore.com\/nl\/wp-json\/wp\/v2\/product"}],"about":[{"href":"https:\/\/puffvapestore.com\/nl\/wp-json\/wp\/v2\/types\/product"}],"replies":[{"embeddable":true,"href":"https:\/\/puffvapestore.com\/nl\/wp-json\/wp\/v2\/comments?post=2120"}],"version-history":[{"count":23,"href":"https:\/\/puffvapestore.com\/nl\/wp-json\/wp\/v2\/product\/2120\/revisions"}],"predecessor-version":[{"id":13604,"href":"https:\/\/puffvapestore.com\/nl\/wp-json\/wp\/v2\/product\/2120\/revisions\/13604"}],"wp:featuredmedia":[{"embeddable":true,"href":"https:\/\/puffvapestore.com\/nl\/wp-json\/wp\/v2\/media\/1968"}],"wp:attachment":[{"href":"https:\/\/puffvapestore.com\/nl\/wp-json\/wp\/v2\/media?parent=2120"}],"wp:term":[{"taxonomy":"product_brand","embeddable":true,"href":"https:\/\/puffvapestore.com\/nl\/wp-json\/wp\/v2\/product_brand?post=2120"},{"taxonomy":"product_cat","embeddable":true,"href":"https:\/\/puffvapestore.com\/nl\/wp-json\/wp\/v2\/product_cat?post=2120"},{"taxonomy":"product_tag","embeddable":true,"href":"https:\/\/puffvapestore.com\/nl\/wp-json\/wp\/v2\/product_tag?post=2120"}],"curies":[{"name":"wp","href":"https:\/\/api.w.org\/{rel}","templated":true}]}}