{"id":2078,"date":"2025-04-14T22:15:25","date_gmt":"2025-04-14T22:15:25","guid":{"rendered":"https:\/\/puffvapestore.com\/?post_type=product&#038;p=2078"},"modified":"2026-01-19T10:37:34","modified_gmt":"2026-01-19T10:37:34","slug":"18k-jnr-falcon-vape-cherry-ice","status":"publish","type":"product","link":"https:\/\/puffvapestore.com\/nl\/product\/18k-jnr-falcon-vape-kersenijs\/","title":{"rendered":"18k JNR Falcon Vape Cherry Ice | JNR Falcon X 18000"},"content":{"rendered":"<div data-elementor-type=\"wp-post\" data-elementor-id=\"2078\" class=\"elementor elementor-2078\">\n\t\t\t\t<div class=\"elementor-element elementor-element-47e2034 e-flex e-con-boxed e-con e-parent\" data-id=\"47e2034\" data-element_type=\"container\" data-e-type=\"container\">\n\t\t\t\t\t<div class=\"e-con-inner\">\n\t\t<div class=\"elementor-element elementor-element-cd4e827 e-con-full e-flex e-con e-child\" data-id=\"cd4e827\" data-element_type=\"container\" data-e-type=\"container\">\n\t\t\t\t<div class=\"elementor-element elementor-element-57aa983 elementor-widget__width-initial elementor-widget elementor-widget-text-editor\" data-id=\"57aa983\" data-element_type=\"widget\" data-e-type=\"widget\" data-widget_type=\"text-editor.default\">\n\t\t\t\t<div class=\"elementor-widget-container\">\n\t\t\t\t\t\t\t\t\t<h2>Kenmerken van de JNR Falcon 18K Cherry Ice:<\/h2><p>Pufjes : Tot 18.000 trekjes<br \/>Vloeistof: 24 ml<br \/>Nicotineniveaus: 0 %, 2 %, 5 %<br \/>Weerstand: 0,6 ohm<br \/>Batterijcapaciteit: 950 mAh<br \/>Opladen: Type-C<br \/>Verstelbare luchtstroom: Ja<br \/>Digitaal display<br \/>Dubbele maas en dubbele kernweerstand<br \/>Afmetingen: 53,5 x 32 x 121 mm<\/p>\t\t\t\t\t\t\t\t<\/div>\n\t\t\t\t<\/div>\n\t\t\t\t<\/div>\n\t\t<div class=\"elementor-element elementor-element-7693e43 e-con-full e-flex e-con e-child\" data-id=\"7693e43\" data-element_type=\"container\" data-e-type=\"container\">\n\t\t\t\t<div class=\"elementor-element elementor-element-82cab76 elementor-widget elementor-widget-image-gallery\" data-id=\"82cab76\" data-element_type=\"widget\" data-e-type=\"widget\" data-widget_type=\"image-gallery.default\">\n\t\t\t\t<div class=\"elementor-widget-container\">\n\t\t\t\t\t\t\t<div class=\"elementor-image-gallery\">\n\t\t\t<div id='gallery-1' class='gallery galleryid-2078 gallery-columns-1 gallery-size-medium_large'><figure class='gallery-item'>\n\t\t\t<div class='gallery-icon portrait'>\n\t\t\t\t<img fetchpriority=\"high\" decoding=\"async\" width=\"654\" height=\"690\" src=\"https:\/\/puffvapestore.com\/wp-content\/uploads\/2025\/04\/pvajf18000-17.jpg\" class=\"attachment-medium_large size-medium_large\" alt=\"JNR Falcon 18000 29 smaken beschikbaar pvajf18000\" aria-describedby=\"gallery-1-1957\" srcset=\"https:\/\/puffvapestore.com\/wp-content\/uploads\/2025\/04\/pvajf18000-17.jpg 654w, https:\/\/puffvapestore.com\/wp-content\/uploads\/2025\/04\/pvajf18000-17-284x300.jpg 284w, https:\/\/puffvapestore.com\/wp-content\/uploads\/2025\/04\/pvajf18000-17-600x633.jpg 600w\" sizes=\"(max-width: 654px) 100vw, 654px\" \/>\n\t\t\t<\/div>\n\t\t\t\t<figcaption class='wp-caption-text gallery-caption' id='gallery-1-1957'>\n\t\t\t\tJNR Falcon 18000 29 smaken beschikbaar pvajf18000\n\t\t\t\t<\/figcaption><\/figure>\n\t\t<\/div>\n\t\t<\/div>\n\t\t\t\t\t\t<\/div>\n\t\t\t\t<\/div>\n\t\t\t\t<\/div>\n\t\t\t\t\t<\/div>\n\t\t\t\t<\/div>\n\t\t<div class=\"elementor-element elementor-element-19e44be e-flex e-con-boxed e-con e-parent\" data-id=\"19e44be\" data-element_type=\"container\" data-e-type=\"container\">\n\t\t\t\t\t<div class=\"e-con-inner\">\n\t\t\t\t<div class=\"elementor-element elementor-element-b5d3fb1 elementor-widget elementor-widget-n-accordion\" data-id=\"b5d3fb1\" data-element_type=\"widget\" data-e-type=\"widget\" data-settings=\"{&quot;default_state&quot;:&quot;expanded&quot;,&quot;max_items_expended&quot;:&quot;one&quot;,&quot;n_accordion_animation_duration&quot;:{&quot;unit&quot;:&quot;ms&quot;,&quot;size&quot;:400,&quot;sizes&quot;:[]}}\" data-widget_type=\"nested-accordion.default\">\n\t\t\t\t<div class=\"elementor-widget-container\">\n\t\t\t\t\t\t\t<div class=\"e-n-accordion\" aria-label=\"Accordeon. Links openen met Enter of Spatie, sluiten met Escape en navigeren met Pijltjestoetsen\">\n\t\t\t\t\t\t<details id=\"e-n-accordion-item-1900\" class=\"e-n-accordion-item\" open>\n\t\t\t\t<summary class=\"e-n-accordion-item-title\" data-accordion-index=\"1\" tabindex=\"0\" aria-expanded=\"true\" aria-controls=\"e-n-accordion-item-1900\" >\n\t\t\t\t\t<span class='e-n-accordion-item-title-header'><div class=\"e-n-accordion-item-title-text\"> Kenmerken en functies van de JNR Falcon X 18K Cherry Ice <\/div><\/span>\n\t\t\t\t\t\t\t<span class='e-n-accordion-item-title-icon'>\n\t\t\t<span class='e-opened' ><svg aria-hidden=\"true\" class=\"e-font-icon-svg e-fas-minus\" viewbox=\"0 0 448 512\" xmlns=\"http:\/\/www.w3.org\/2000\/svg\"><path d=\"M416 208H32c-17.67 0-32 14.33-32 32v32c0 17.67 14.33 32 32 32h384c17.67 0 32-14.33 32-32v-32c0-17.67-14.33-32-32-32z\"><\/path><\/svg><\/span>\n\t\t\t<span class='e-closed'><svg aria-hidden=\"true\" class=\"e-font-icon-svg e-fas-plus\" viewbox=\"0 0 448 512\" xmlns=\"http:\/\/www.w3.org\/2000\/svg\"><path d=\"M416 208H272V64c0-17.67-14.33-32-32-32h-32c-17.67 0-32 14.33-32 32v144H32c-17.67 0-32 14.33-32 32v32c0 17.67 14.33 32 32 32h144v144c0 17.67 14.33 32 32 32h32c17.67 0 32-14.33 32-32V304h144c17.67 0 32-14.33 32-32v-32c0-17.67-14.33-32-32-32z\"><\/path><\/svg><\/span>\n\t\t<\/span>\n\n\t\t\t\t\t\t<\/summary>\n\t\t\t\t<div role=\"region\" aria-labelledby=\"e-n-accordion-item-1900\" class=\"elementor-element elementor-element-2ec642b e-con-full e-flex e-con e-child\" data-id=\"2ec642b\" data-element_type=\"container\" data-e-type=\"container\">\n\t\t<div role=\"region\" aria-labelledby=\"e-n-accordion-item-1900\" class=\"elementor-element elementor-element-a58d769 e-flex e-con-boxed e-con e-child\" data-id=\"a58d769\" data-element_type=\"container\" data-e-type=\"container\">\n\t\t\t\t\t<div class=\"e-con-inner\">\n\t\t\t\t<div class=\"elementor-element elementor-element-648af64 elementor-widget elementor-widget-text-editor\" data-id=\"648af64\" data-element_type=\"widget\" data-e-type=\"widget\" data-widget_type=\"text-editor.default\">\n\t\t\t\t<div class=\"elementor-widget-container\">\n\t\t\t\t\t\t\t\t\t<h2>Grote e-liquid capaciteit voor een langdurige ervaring<\/h2><p>De JNR Falcon-X 18K elektronische sigaret biedt tot 18.000 trekjes, wat een langdurig gebruik garandeert zonder het apparaat vaak te moeten vervangen. Of u hem nu elke dag gebruikt of op reis, hij voldoet aan uw frequente behoefte aan e-vloeistof en verbetert uw comfort en gemak aanzienlijk.<\/p><p>De grote capaciteit van 24 ml e-vloeistof vermindert de noodzaak voor veelvuldig bijvullen aanzienlijk, zodat je lange tijd kunt genieten van een rijke, soepele ervaring. Of je nu af en toe of regelmatig vaper bent, het duurzame ontwerp betekent dat je het niveau van je e-liquid niet constant in de gaten hoeft te houden.<\/p><h2>Verschillende nicotineniveaus om aan je behoeften te voldoen<\/h2><p>De JNR Falcon-X 18K biedt drie nicotineniveaus: 0 %, 2 % en 5 %, ontworpen om te voldoen aan jouw smaakvoorkeuren en behoeften bij het stoppen met roken. Of je nu de voorkeur geeft aan de pure smaak van geen nicotine of op zoek bent naar een gematigd nicotineniveau, je zult gemakkelijk het niveau vinden dat bij je past.<\/p><h2>Nauwkeurig digitaal display voor duidelijke informatie in \u00e9\u00e9n oogopslag<\/h2><p>De JNR Falcon-X 18K is voorzien van een high-definition digitaal display dat belangrijke gegevens zoals batterijlading en resterende hoeveelheid e-vloeistof in realtime weergeeft. Hierdoor kunnen gebruikers de status van het apparaat duidelijk in de gaten houden, waardoor g\u00eanante situaties zoals stroomuitval of het opraken van de e-vloeistof worden voorkomen. De gebruikerservaring is verbeterd en het beheer en onderhoud van het apparaat zijn vereenvoudigd.<\/p><p>De ge\u00efntegreerde lithium-ionbatterij met een hoge capaciteit van 950 mAh maakt langdurig gebruik mogelijk, terwijl de Type-C snellaadpoort het opladen effici\u00ebnter en gemakkelijker maakt. Of u nu aan het werk bent, onderweg of in het dagelijks leven, het vermogen is constant, zodat u niet vaak hoeft op te laden.<\/p><h2>Verstelbare luchtstroom voor een persoonlijke inhalatie-ervaring<\/h2><p>Met het unieke luchtstroomaanpassingssysteem kunnen gebruikers de inhalatieweerstand aanpassen aan hun voorkeuren. Of je nu de voorkeur geeft aan een stevigere of zachtere damp, je kunt de inhalatieweerstand eenvoudig aanpassen om de perfecte vaping ervaring voor jou te krijgen.<\/p><p>De JNR Falcon-X 18K maakt gebruik van geavanceerde 0,6 ohm dual-mesh, dual-core weerstandstechnologie, het verbeteren van de verstuivingseffici\u00ebntie en dampdichtheid, het leveren van een rijkere, vollere smaak en een soepeler inhalatie. Elk trekje is gevuld met een delicate, zachte rook, die voldoet aan de behoeften van muziekliefhebbers.<\/p>\t\t\t\t\t\t\t\t<\/div>\n\t\t\t\t<\/div>\n\t\t\t\t\t<\/div>\n\t\t\t\t<\/div>\n\t\t\t\t<\/div>\n\t\t\t\t\t<\/details>\n\t\t\t\t\t\t<details id=\"e-n-accordion-item-1901\" class=\"e-n-accordion-item\" >\n\t\t\t\t<summary class=\"e-n-accordion-item-title\" data-accordion-index=\"2\" tabindex=\"-1\" aria-expanded=\"false\" aria-controls=\"e-n-accordion-item-1901\" >\n\t\t\t\t\t<span class='e-n-accordion-item-title-header'><div class=\"e-n-accordion-item-title-text\"> Puff Cherry Ice JNR Falcon X 18K <\/div><\/span>\n\t\t\t\t\t\t\t<span class='e-n-accordion-item-title-icon'>\n\t\t\t<span class='e-opened' ><svg aria-hidden=\"true\" class=\"e-font-icon-svg e-fas-minus\" viewbox=\"0 0 448 512\" xmlns=\"http:\/\/www.w3.org\/2000\/svg\"><path d=\"M416 208H32c-17.67 0-32 14.33-32 32v32c0 17.67 14.33 32 32 32h384c17.67 0 32-14.33 32-32v-32c0-17.67-14.33-32-32-32z\"><\/path><\/svg><\/span>\n\t\t\t<span class='e-closed'><svg aria-hidden=\"true\" class=\"e-font-icon-svg e-fas-plus\" viewbox=\"0 0 448 512\" xmlns=\"http:\/\/www.w3.org\/2000\/svg\"><path d=\"M416 208H272V64c0-17.67-14.33-32-32-32h-32c-17.67 0-32 14.33-32 32v144H32c-17.67 0-32 14.33-32 32v32c0 17.67 14.33 32 32 32h144v144c0 17.67 14.33 32 32 32h32c17.67 0 32-14.33 32-32V304h144c17.67 0 32-14.33 32-32v-32c0-17.67-14.33-32-32-32z\"><\/path><\/svg><\/span>\n\t\t<\/span>\n\n\t\t\t\t\t\t<\/summary>\n\t\t\t\t<div role=\"region\" aria-labelledby=\"e-n-accordion-item-1901\" class=\"elementor-element elementor-element-59ad1af e-con-full e-flex e-con e-child\" data-id=\"59ad1af\" data-element_type=\"container\" data-e-type=\"container\">\n\t\t<div role=\"region\" aria-labelledby=\"e-n-accordion-item-1901\" class=\"elementor-element elementor-element-7fae7b4 e-flex e-con-boxed e-con e-child\" data-id=\"7fae7b4\" data-element_type=\"container\" data-e-type=\"container\">\n\t\t\t\t\t<div class=\"e-con-inner\">\n\t\t\t\t<div class=\"elementor-element elementor-element-55fd5fa elementor-widget elementor-widget-text-editor\" data-id=\"55fd5fa\" data-element_type=\"widget\" data-e-type=\"widget\" data-widget_type=\"text-editor.default\">\n\t\t\t\t<div class=\"elementor-widget-container\">\n\t\t\t\t\t\t\t\t\t<h2>Cherry Ice - Elektronische sigaret JNR Falcon X 18000<\/h2><p>Toen ik op het uitkijkplatform in de Franse Alpen stond en de elektronische sigaret Cherry Ice diep inademde, was ik meteen gewonnen voor het zoete kersenaroma en de verkoelende sensatie die daarop volgde. De JNR Falcon X 18000 Cherry Ice smaak is de perfecte beloning na een dag wandelen.<\/p><p>De Cherry Ice smaak is echt speciaal. Het begint met een rijke kersenzoete smaak en verandert dan langzaam in een verfrissende ijzige sensatie, die een aangename nasmaak in de mond achterlaat. Ik vond het 0,6 ohm dual mesh coil ontwerp van deze e-sigaret echt uitstekend, met een perfecte smaakafgifte en een bevredigend rookvolume bij elke trek.<\/p>\t\t\t\t\t\t\t\t<\/div>\n\t\t\t\t<\/div>\n\t\t<div role=\"region\" aria-labelledby=\"e-n-accordion-item-1901\" class=\"elementor-element elementor-element-3c1fb34 e-con-full e-flex e-con e-child\" data-id=\"3c1fb34\" data-element_type=\"container\" data-e-type=\"container\">\n\t\t<div role=\"region\" aria-labelledby=\"e-n-accordion-item-1901\" class=\"elementor-element elementor-element-2b9d469 e-con-full e-flex e-con e-child\" data-id=\"2b9d469\" data-element_type=\"container\" data-e-type=\"container\">\n\t\t\t\t<div class=\"elementor-element elementor-element-aa46266 elementor-widget elementor-widget-image-gallery\" data-id=\"aa46266\" data-element_type=\"widget\" data-e-type=\"widget\" data-widget_type=\"image-gallery.default\">\n\t\t\t\t<div class=\"elementor-widget-container\">\n\t\t\t\t\t\t\t<div class=\"elementor-image-gallery\">\n\t\t\t<div id='gallery-1' class='gallery galleryid-2078 gallery-columns-1 gallery-size-medium_large'><figure class='gallery-item'>\n\t\t\t<div class='gallery-icon portrait'>\n\t\t\t\t<img fetchpriority=\"high\" decoding=\"async\" width=\"654\" height=\"690\" src=\"https:\/\/puffvapestore.com\/wp-content\/uploads\/2025\/04\/pvajf18000-17.jpg\" class=\"attachment-medium_large size-medium_large\" alt=\"JNR Falcon 18000 29 smaken beschikbaar pvajf18000\" aria-describedby=\"gallery-1-1957\" srcset=\"https:\/\/puffvapestore.com\/wp-content\/uploads\/2025\/04\/pvajf18000-17.jpg 654w, https:\/\/puffvapestore.com\/wp-content\/uploads\/2025\/04\/pvajf18000-17-284x300.jpg 284w, https:\/\/puffvapestore.com\/wp-content\/uploads\/2025\/04\/pvajf18000-17-600x633.jpg 600w\" sizes=\"(max-width: 654px) 100vw, 654px\" \/>\n\t\t\t<\/div>\n\t\t\t\t<figcaption class='wp-caption-text gallery-caption' id='gallery-1-1957'>\n\t\t\t\tJNR Falcon 18000 29 smaken beschikbaar pvajf18000\n\t\t\t\t<\/figcaption><\/figure>\n\t\t<\/div>\n\t\t<\/div>\n\t\t\t\t\t\t<\/div>\n\t\t\t\t<\/div>\n\t\t\t\t<\/div>\n\t\t<div role=\"region\" aria-labelledby=\"e-n-accordion-item-1901\" class=\"elementor-element elementor-element-d5f00b5 e-con-full e-flex e-con e-child\" data-id=\"d5f00b5\" data-element_type=\"container\" data-e-type=\"container\">\n\t\t\t\t<div class=\"elementor-element elementor-element-b3c274b elementor-widget__width-initial elementor-widget elementor-widget-text-editor\" data-id=\"b3c274b\" data-element_type=\"widget\" data-e-type=\"widget\" data-widget_type=\"text-editor.default\">\n\t\t\t\t<div class=\"elementor-widget-container\">\n\t\t\t\t\t\t\t\t\t<p>Als ik op de top van de berg rust, vind ik het vooral leuk om de luchtstroom aan te passen. Soms wil ik een sterkere smaak, en soms wil ik een lichtere smaak. De instelbare luchtstroom van de JNR Falcon X is erg doordacht. Je kunt verschillende rookervaringen krijgen met eenvoudige aanpassingen.<\/p><p>Wat me het meest verraste was de duurzaamheid van deze e-sigaret. Met een e-liquid capaciteit van 24 ml en tot 18.000 trekjes, hoef je je geen zorgen te maken dat je e-liquid opraakt tijdens je bergbeklimming. Het LED-display is ook erg praktisch. Je kunt op elk moment zien hoeveel trekjes sigaretten je nog over hebt en hoeveel batterijstroom er nog over is, dus je zult niet geconfronteerd worden met de g\u00eanante situatie dat je plotseling zonder stroom komt te zitten.<\/p>\t\t\t\t\t\t\t\t<\/div>\n\t\t\t\t<\/div>\n\t\t\t\t<\/div>\n\t\t\t\t<\/div>\n\t\t<div role=\"region\" aria-labelledby=\"e-n-accordion-item-1901\" class=\"elementor-element elementor-element-7926c6b e-con-full e-flex e-con e-child\" data-id=\"7926c6b\" data-element_type=\"container\" data-e-type=\"container\">\n\t\t\t\t<div class=\"elementor-element elementor-element-2b41948 elementor-widget elementor-widget-text-editor\" data-id=\"2b41948\" data-element_type=\"widget\" data-e-type=\"widget\" data-widget_type=\"text-editor.default\">\n\t\t\t\t<div class=\"elementor-widget-container\">\n\t\t\t\t\t\t\t\t\t<p>Als de zon ondergaat en je op het uitkijkplatform staat en de bergen in de verte bewondert, geeft het 2 % nicotinegehalte van Cherry Ice je precies de juiste hoeveelheid bevrediging, niet te sterk en niet te zwak. De 950mAh batterij is gecombineerd met Type C snel opladen, dus zelfs als je hem vergeet op te laden, kun je hem snel opladen zonder je gebruik te vertragen.<\/p><p>Als je, net als ik, graag rookt tijdens je buitenactiviteiten, is de JNR Falcon X 18000 Cherry Ice zeker het proberen waard. De perfecte combinatie van de zoetheid en frisheid van kersen, gecombineerd met het prachtige berglandschap, is absoluut een onvergetelijke ervaring.<\/p>\t\t\t\t\t\t\t\t<\/div>\n\t\t\t\t<\/div>\n\t\t\t\t<\/div>\n\t\t\t\t\t<\/div>\n\t\t\t\t<\/div>\n\t\t\t\t<\/div>\n\t\t\t\t\t<\/details>\n\t\t\t\t\t<\/div>\n\t\t\t\t\t\t<\/div>\n\t\t\t\t<\/div>\n\t\t\t\t\t<\/div>\n\t\t\t\t<\/div>\n\t\t\t\t<\/div>","protected":false},"excerpt":{"rendered":"<p>Caract\u00e9ristiques du JNR Falcon 18K Cherry Ice: Bouff\u00e9es : Jusqu\u2019\u00e0 18000 bouff\u00e9es Liquide : 24 ml Taux de nicotine : 0 %, 2 %, 5 % R\u00e9sistance : 0.6 ohm Capacit\u00e9 de la batterie : 950 mAh Chargement : Type-C D\u00e9bit d\u2019air r\u00e9glable : Oui Affichage num\u00e9rique R\u00e9sistance double maille et double c\u0153ur Dimensions : [&hellip;]<\/p>\n","protected":false},"featured_media":1957,"comment_status":"open","ping_status":"closed","template":"","meta":{"site-sidebar-layout":"no-sidebar","site-content-layout":"page-builder","ast-site-content-layout":"normal-width-container","site-content-style":"default","site-sidebar-style":"default","ast-global-header-display":"","ast-banner-title-visibility":"","ast-main-header-display":"","ast-hfb-above-header-display":"","ast-hfb-below-header-display":"","ast-hfb-mobile-header-display":"","site-post-title":"disabled","ast-breadcrumbs-content":"","ast-featured-img":"disabled","footer-sml-layout":"","ast-disable-related-posts":"","theme-transparent-header-meta":"default","adv-header-id-meta":"","stick-header-meta":"default","header-above-stick-meta":"","header-main-stick-meta":"","header-below-stick-meta":"","astra-migrate-meta-layouts":"set","ast-page-background-enabled":"default","ast-page-background-meta":{"desktop":{"background-color":"","background-image":"","background-repeat":"repeat","background-position":"center center","background-size":"auto","background-attachment":"scroll","background-type":"","background-media":"","overlay-type":"","overlay-color":"","overlay-opacity":"","overlay-gradient":""},"tablet":{"background-color":"","background-image":"","background-repeat":"repeat","background-position":"center center","background-size":"auto","background-attachment":"scroll","background-type":"","background-media":"","overlay-type":"","overlay-color":"","overlay-opacity":"","overlay-gradient":""},"mobile":{"background-color":"","background-image":"","background-repeat":"repeat","background-position":"center center","background-size":"auto","background-attachment":"scroll","background-type":"","background-media":"","overlay-type":"","overlay-color":"","overlay-opacity":"","overlay-gradient":""}},"ast-content-background-meta":{"desktop":{"background-color":"var(--ast-global-color-5)","background-image":"","background-repeat":"repeat","background-position":"center center","background-size":"auto","background-attachment":"scroll","background-type":"","background-media":"","overlay-type":"","overlay-color":"","overlay-opacity":"","overlay-gradient":""},"tablet":{"background-color":"var(--ast-global-color-5)","background-image":"","background-repeat":"repeat","background-position":"center center","background-size":"auto","background-attachment":"scroll","background-type":"","background-media":"","overlay-type":"","overlay-color":"","overlay-opacity":"","overlay-gradient":""},"mobile":{"background-color":"var(--ast-global-color-5)","background-image":"","background-repeat":"repeat","background-position":"center center","background-size":"auto","background-attachment":"scroll","background-type":"","background-media":"","overlay-type":"","overlay-color":"","overlay-opacity":"","overlay-gradient":""}}},"product_brand":[30],"product_cat":[40,84,77,35,15],"product_tag":[],"class_list":{"0":"post-2078","1":"product","2":"type-product","3":"status-publish","4":"has-post-thumbnail","6":"product_brand-jnr","7":"product_cat-jnr-18k","8":"product_cat-puff-18k","9":"product_cat-entrepot-de-lue","10":"product_cat-jnr-vape","11":"product_cat-magasin-cigarette-electronique","12":"desktop-align-center","13":"tablet-align-center","14":"mobile-align-center","15":"ast-product-gallery-layout-horizontal","16":"ast-product-gallery-with-no-image","17":"ast-product-single-variable","18":"ast-product-tabs-layout-horizontal","19":"ast-qv-on-image","21":"first","22":"instock","23":"sale","24":"shipping-taxable","25":"purchasable","26":"product-type-variable","27":"has-default-attributes"},"tiered_pricing_type":"fixed","tiered_pricing_fixed_rules":{"30":10.08,"60":9.28,"100":8.13,"200":7.48,"500":7.28,"1000":6.98},"tiered_pricing_product_settings":{"layout":"default","base_unit_name":{"singular":null,"plural":null},"default_variation":null},"tiered_pricing_minimum_quantity":null,"tiered_pricing_roles_data":[],"tiered_pricing_percentage_rules":[],"_links":{"self":[{"href":"https:\/\/puffvapestore.com\/nl\/wp-json\/wp\/v2\/product\/2078","targetHints":{"allow":["GET"]}}],"collection":[{"href":"https:\/\/puffvapestore.com\/nl\/wp-json\/wp\/v2\/product"}],"about":[{"href":"https:\/\/puffvapestore.com\/nl\/wp-json\/wp\/v2\/types\/product"}],"replies":[{"embeddable":true,"href":"https:\/\/puffvapestore.com\/nl\/wp-json\/wp\/v2\/comments?post=2078"}],"version-history":[{"count":22,"href":"https:\/\/puffvapestore.com\/nl\/wp-json\/wp\/v2\/product\/2078\/revisions"}],"predecessor-version":[{"id":13611,"href":"https:\/\/puffvapestore.com\/nl\/wp-json\/wp\/v2\/product\/2078\/revisions\/13611"}],"wp:featuredmedia":[{"embeddable":true,"href":"https:\/\/puffvapestore.com\/nl\/wp-json\/wp\/v2\/media\/1957"}],"wp:attachment":[{"href":"https:\/\/puffvapestore.com\/nl\/wp-json\/wp\/v2\/media?parent=2078"}],"wp:term":[{"taxonomy":"product_brand","embeddable":true,"href":"https:\/\/puffvapestore.com\/nl\/wp-json\/wp\/v2\/product_brand?post=2078"},{"taxonomy":"product_cat","embeddable":true,"href":"https:\/\/puffvapestore.com\/nl\/wp-json\/wp\/v2\/product_cat?post=2078"},{"taxonomy":"product_tag","embeddable":true,"href":"https:\/\/puffvapestore.com\/nl\/wp-json\/wp\/v2\/product_tag?post=2078"}],"curies":[{"name":"wp","href":"https:\/\/api.w.org\/{rel}","templated":true}]}}