{"id":2071,"date":"2025-04-14T19:53:36","date_gmt":"2025-04-14T19:53:36","guid":{"rendered":"https:\/\/puffvapestore.com\/?post_type=product&#038;p=2071"},"modified":"2026-01-19T10:37:34","modified_gmt":"2026-01-19T10:37:34","slug":"strawberry-kiwi-jnr-falcon-18k-puff","status":"publish","type":"product","link":"https:\/\/puffvapestore.com\/nl\/product\/aardbei-kiwi-jnr-falcon-18k-manchet\/","title":{"rendered":"Aardbei Kiwi JNR Falcon 18k Puff | JNR Falcon X 18000"},"content":{"rendered":"<div data-elementor-type=\"wp-post\" data-elementor-id=\"2071\" class=\"elementor elementor-2071\">\n\t\t\t\t<div class=\"elementor-element elementor-element-bd61332 e-flex e-con-boxed e-con e-parent\" data-id=\"bd61332\" data-element_type=\"container\" data-e-type=\"container\">\n\t\t\t\t\t<div class=\"e-con-inner\">\n\t\t<div class=\"elementor-element elementor-element-d9df925 e-con-full e-flex e-con e-child\" data-id=\"d9df925\" data-element_type=\"container\" data-e-type=\"container\">\n\t\t\t\t<div class=\"elementor-element elementor-element-1e95bdb elementor-widget__width-initial elementor-widget elementor-widget-text-editor\" data-id=\"1e95bdb\" data-element_type=\"widget\" data-e-type=\"widget\" data-widget_type=\"text-editor.default\">\n\t\t\t\t<div class=\"elementor-widget-container\">\n\t\t\t\t\t\t\t\t\t<h2>Kenmerken van de JNR Falcon 18K Strawberry Kiwi:<\/h2><p>Pufjes : Tot 18.000 trekjes<br \/>Vloeistof: 24 ml<br \/>Nicotineniveaus: 0 %, 2 %, 5 %<br \/>Weerstand: 0,6 ohm<br \/>Batterijcapaciteit: 950 mAh<br \/>Opladen: Type-C<br \/>Verstelbare luchtstroom: Ja<br \/>Digitaal display<br \/>Dubbele maas en dubbele kernweerstand<br \/>Afmetingen: 53,5 x 32 x 121 mm<\/p>\t\t\t\t\t\t\t\t<\/div>\n\t\t\t\t<\/div>\n\t\t\t\t<\/div>\n\t\t<div class=\"elementor-element elementor-element-ea3cf48 e-con-full e-flex e-con e-child\" data-id=\"ea3cf48\" data-element_type=\"container\" data-e-type=\"container\">\n\t\t\t\t<div class=\"elementor-element elementor-element-1ef1549 elementor-widget elementor-widget-image-gallery\" data-id=\"1ef1549\" data-element_type=\"widget\" data-e-type=\"widget\" data-widget_type=\"image-gallery.default\">\n\t\t\t\t<div class=\"elementor-widget-container\">\n\t\t\t\t\t\t\t<div class=\"elementor-image-gallery\">\n\t\t\t<div id='gallery-1' class='gallery galleryid-2071 gallery-columns-1 gallery-size-medium_large'><figure class='gallery-item'>\n\t\t\t<div class='gallery-icon portrait'>\n\t\t\t\t<img fetchpriority=\"high\" decoding=\"async\" width=\"654\" height=\"690\" src=\"https:\/\/puffvapestore.com\/wp-content\/uploads\/2025\/04\/pvajf18000-23.jpg\" class=\"attachment-medium_large size-medium_large\" alt=\"JNR Falcon 18k Aardbei Kiwi pvajf18000\" aria-describedby=\"gallery-1-1963\" srcset=\"https:\/\/puffvapestore.com\/wp-content\/uploads\/2025\/04\/pvajf18000-23.jpg 654w, https:\/\/puffvapestore.com\/wp-content\/uploads\/2025\/04\/pvajf18000-23-284x300.jpg 284w, https:\/\/puffvapestore.com\/wp-content\/uploads\/2025\/04\/pvajf18000-23-600x633.jpg 600w\" sizes=\"(max-width: 654px) 100vw, 654px\" \/>\n\t\t\t<\/div>\n\t\t\t\t<figcaption class='wp-caption-text gallery-caption' id='gallery-1-1963'>\n\t\t\t\tJNR Falcon 18k Aardbei Kiwi pvajf18000\n\t\t\t\t<\/figcaption><\/figure>\n\t\t<\/div>\n\t\t<\/div>\n\t\t\t\t\t\t<\/div>\n\t\t\t\t<\/div>\n\t\t\t\t<\/div>\n\t\t\t\t\t<\/div>\n\t\t\t\t<\/div>\n\t\t<div class=\"elementor-element elementor-element-3349264 e-flex e-con-boxed e-con e-parent\" data-id=\"3349264\" data-element_type=\"container\" data-e-type=\"container\">\n\t\t\t\t\t<div class=\"e-con-inner\">\n\t\t\t\t<div class=\"elementor-element elementor-element-09b8c1b elementor-widget elementor-widget-n-accordion\" data-id=\"09b8c1b\" data-element_type=\"widget\" data-e-type=\"widget\" data-settings=\"{&quot;default_state&quot;:&quot;expanded&quot;,&quot;max_items_expended&quot;:&quot;one&quot;,&quot;n_accordion_animation_duration&quot;:{&quot;unit&quot;:&quot;ms&quot;,&quot;size&quot;:400,&quot;sizes&quot;:[]}}\" data-widget_type=\"nested-accordion.default\">\n\t\t\t\t<div class=\"elementor-widget-container\">\n\t\t\t\t\t\t\t<div class=\"e-n-accordion\" aria-label=\"Accordeon. Links openen met Enter of Spatie, sluiten met Escape en navigeren met Pijltjestoetsen\">\n\t\t\t\t\t\t<details id=\"e-n-accordion-item-1010\" class=\"e-n-accordion-item\" open>\n\t\t\t\t<summary class=\"e-n-accordion-item-title\" data-accordion-index=\"1\" tabindex=\"0\" aria-expanded=\"true\" aria-controls=\"e-n-accordion-item-1010\" >\n\t\t\t\t\t<span class='e-n-accordion-item-title-header'><div class=\"e-n-accordion-item-title-text\"> Kenmerken en functies van de JNR Falcon X 18K Strawberry Kiwi <\/div><\/span>\n\t\t\t\t\t\t\t<span class='e-n-accordion-item-title-icon'>\n\t\t\t<span class='e-opened' ><svg aria-hidden=\"true\" class=\"e-font-icon-svg e-fas-minus\" viewbox=\"0 0 448 512\" xmlns=\"http:\/\/www.w3.org\/2000\/svg\"><path d=\"M416 208H32c-17.67 0-32 14.33-32 32v32c0 17.67 14.33 32 32 32h384c17.67 0 32-14.33 32-32v-32c0-17.67-14.33-32-32-32z\"><\/path><\/svg><\/span>\n\t\t\t<span class='e-closed'><svg aria-hidden=\"true\" class=\"e-font-icon-svg e-fas-plus\" viewbox=\"0 0 448 512\" xmlns=\"http:\/\/www.w3.org\/2000\/svg\"><path d=\"M416 208H272V64c0-17.67-14.33-32-32-32h-32c-17.67 0-32 14.33-32 32v144H32c-17.67 0-32 14.33-32 32v32c0 17.67 14.33 32 32 32h144v144c0 17.67 14.33 32 32 32h32c17.67 0 32-14.33 32-32V304h144c17.67 0 32-14.33 32-32v-32c0-17.67-14.33-32-32-32z\"><\/path><\/svg><\/span>\n\t\t<\/span>\n\n\t\t\t\t\t\t<\/summary>\n\t\t\t\t<div role=\"region\" aria-labelledby=\"e-n-accordion-item-1010\" class=\"elementor-element elementor-element-3f2b372 e-con-full e-flex e-con e-child\" data-id=\"3f2b372\" data-element_type=\"container\" data-e-type=\"container\">\n\t\t<div role=\"region\" aria-labelledby=\"e-n-accordion-item-1010\" class=\"elementor-element elementor-element-53f1f53 e-flex e-con-boxed e-con e-child\" data-id=\"53f1f53\" data-element_type=\"container\" data-e-type=\"container\">\n\t\t\t\t\t<div class=\"e-con-inner\">\n\t\t\t\t<div class=\"elementor-element elementor-element-2fa5fe4 elementor-widget elementor-widget-text-editor\" data-id=\"2fa5fe4\" data-element_type=\"widget\" data-e-type=\"widget\" data-widget_type=\"text-editor.default\">\n\t\t\t\t<div class=\"elementor-widget-container\">\n\t\t\t\t\t\t\t\t\t<h2>Grote capaciteit van 24 ml e-vloeistof<\/h2><p>De elektronische sigaret JNR Falcon-X 18K bevat 24 ml e-liquid van hoge kwaliteit, wat zijn autonomie verveelvoudigt in vergelijking met conventionele elektronische wegwerpsigaretten. Dankzij deze royale capaciteit kunt u genieten van langdurige damp en smaak zonder vaak te moeten opladen of u zorgen te maken dat de vloeistof opraakt, waardoor hij ideaal is voor lange reizen of intensieve gebruikers.<\/p><h2>Tot 18.000 trekjes<\/h2><p>Dankzij het geoptimaliseerde luchtwegontwerp en het effici\u00ebnte verstuivingsmechanisme biedt de JNR Falcon-X 18K tot 18.000 trekjes. E\u00e9n apparaat is gelijk aan meerdere conventionele elektronische wegwerpsigaretten voor de prijs van \u00e9\u00e9n, maar met een langere levensduur.<\/p><p>Met drie nicotineniveaus: 0 %, 2 % en 5 %, kun je kiezen uit een breed scala aan nicotinevrije opties, van licht en nicotinevrij tot intens en bevredigend. Of je nu een beginner bent die de dosering onder controle wil houden of een ervaren vaper die op zoek is naar de ultieme nicotineboost, je zult de perfecte dosering vinden.<\/p><p>De JNR Falcon-X 18K heeft een 0,6 ohm dual mesh dual core ontwerp voor een gelijkmatige verwarming en effici\u00ebnte verstuiving, wat zorgt voor een rijke, zachte trek vol uitgesproken smaken. De dual mesh structuur verbetert niet alleen de smaakverfijning, maar biedt ook een rijker dampvolume, wat een ervaring oplevert die vergelijkbaar is met die van high-end apparaten.<\/p><h2>Uitzonderlijke autonomie voor zorgeloos vapen<\/h2><p>De JNR Falcon 18K is uitgerust met een lithium-ionbatterij met een hoge dichtheid van 950 mAh, die voldoende stroom levert voor langdurig gebruik. Dankzij de Type-C snellaadtechnologie laadt hij snel en effici\u00ebnt op, zodat je snel van een lege batterij naar een volle lading kunt gaan. Of je nu thuis bent, op kantoor of onderweg, je kunt probleemloos vapen zonder zorgen over de batterij.<\/p><p>Een miniatuur digitaal display toont de niveaus van de batterij en e-liquid in real time, zodat je direct kunt zien wat de status van het apparaat is. Zeg vaarwel tegen de frustraties van een plotselinge batterij- of e-liquidstoring en geniet van de gemoedsrust die bij het vapen hoort.<\/p><h2>Verstelbaar luchtstroomsysteem<\/h2><p>De JNR Falcon-X 18K is uitgerust met een precieze luchtstroomregelaar om de trekweerstand gemakkelijk aan te passen, zodat je vrij kunt schakelen tussen een soepele directe draw (DL) en een strakke draw (MTL), afhankelijk van je rookgewoonten en smaakvoorkeuren.<\/p>\t\t\t\t\t\t\t\t<\/div>\n\t\t\t\t<\/div>\n\t\t\t\t\t<\/div>\n\t\t\t\t<\/div>\n\t\t\t\t<\/div>\n\t\t\t\t\t<\/details>\n\t\t\t\t\t\t<details id=\"e-n-accordion-item-1011\" class=\"e-n-accordion-item\" >\n\t\t\t\t<summary class=\"e-n-accordion-item-title\" data-accordion-index=\"2\" tabindex=\"-1\" aria-expanded=\"false\" aria-controls=\"e-n-accordion-item-1011\" >\n\t\t\t\t\t<span class='e-n-accordion-item-title-header'><div class=\"e-n-accordion-item-title-text\"> Pof Aardbei Kiwi JNR Falcon X 18K <\/div><\/span>\n\t\t\t\t\t\t\t<span class='e-n-accordion-item-title-icon'>\n\t\t\t<span class='e-opened' ><svg aria-hidden=\"true\" class=\"e-font-icon-svg e-fas-minus\" viewbox=\"0 0 448 512\" xmlns=\"http:\/\/www.w3.org\/2000\/svg\"><path d=\"M416 208H32c-17.67 0-32 14.33-32 32v32c0 17.67 14.33 32 32 32h384c17.67 0 32-14.33 32-32v-32c0-17.67-14.33-32-32-32z\"><\/path><\/svg><\/span>\n\t\t\t<span class='e-closed'><svg aria-hidden=\"true\" class=\"e-font-icon-svg e-fas-plus\" viewbox=\"0 0 448 512\" xmlns=\"http:\/\/www.w3.org\/2000\/svg\"><path d=\"M416 208H272V64c0-17.67-14.33-32-32-32h-32c-17.67 0-32 14.33-32 32v144H32c-17.67 0-32 14.33-32 32v32c0 17.67 14.33 32 32 32h144v144c0 17.67 14.33 32 32 32h32c17.67 0 32-14.33 32-32V304h144c17.67 0 32-14.33 32-32v-32c0-17.67-14.33-32-32-32z\"><\/path><\/svg><\/span>\n\t\t<\/span>\n\n\t\t\t\t\t\t<\/summary>\n\t\t\t\t<div role=\"region\" aria-labelledby=\"e-n-accordion-item-1011\" class=\"elementor-element elementor-element-3c767a1 e-con-full e-flex e-con e-child\" data-id=\"3c767a1\" data-element_type=\"container\" data-e-type=\"container\">\n\t\t<div role=\"region\" aria-labelledby=\"e-n-accordion-item-1011\" class=\"elementor-element elementor-element-9b6c024 e-flex e-con-boxed e-con e-child\" data-id=\"9b6c024\" data-element_type=\"container\" data-e-type=\"container\">\n\t\t\t\t\t<div class=\"e-con-inner\">\n\t\t\t\t<div class=\"elementor-element elementor-element-55fd5fa elementor-widget elementor-widget-text-editor\" data-id=\"55fd5fa\" data-element_type=\"widget\" data-e-type=\"widget\" data-widget_type=\"text-editor.default\">\n\t\t\t\t<div class=\"elementor-widget-container\">\n\t\t\t\t\t\t\t\t\t<p>De Strawberry Kiwi smaak is echt een van de hoogtepunten van de JNR Falcon 18000 serie! Deze smaak combineert perfect de zoetheid van aardbeien met de frisheid van kiwi, waardoor je bij elke trek een onvergetelijke nasmaak krijgt.<\/p>\t\t\t\t\t\t\t\t<\/div>\n\t\t\t\t<\/div>\n\t\t<div role=\"region\" aria-labelledby=\"e-n-accordion-item-1011\" class=\"elementor-element elementor-element-3c1fb34 e-con-full e-flex e-con e-child\" data-id=\"3c1fb34\" data-element_type=\"container\" data-e-type=\"container\">\n\t\t<div role=\"region\" aria-labelledby=\"e-n-accordion-item-1011\" class=\"elementor-element elementor-element-2b9d469 e-con-full e-flex e-con e-child\" data-id=\"2b9d469\" data-element_type=\"container\" data-e-type=\"container\">\n\t\t\t\t<div class=\"elementor-element elementor-element-aa46266 elementor-widget elementor-widget-image-gallery\" data-id=\"aa46266\" data-element_type=\"widget\" data-e-type=\"widget\" data-widget_type=\"image-gallery.default\">\n\t\t\t\t<div class=\"elementor-widget-container\">\n\t\t\t\t\t\t\t<div class=\"elementor-image-gallery\">\n\t\t\t<div id='gallery-1' class='gallery galleryid-2071 gallery-columns-1 gallery-size-medium_large'><figure class='gallery-item'>\n\t\t\t<div class='gallery-icon portrait'>\n\t\t\t\t<img fetchpriority=\"high\" decoding=\"async\" width=\"654\" height=\"690\" src=\"https:\/\/puffvapestore.com\/wp-content\/uploads\/2025\/04\/pvajf18000-23.jpg\" class=\"attachment-medium_large size-medium_large\" alt=\"JNR Falcon 18k Aardbei Kiwi pvajf18000\" aria-describedby=\"gallery-1-1963\" srcset=\"https:\/\/puffvapestore.com\/wp-content\/uploads\/2025\/04\/pvajf18000-23.jpg 654w, https:\/\/puffvapestore.com\/wp-content\/uploads\/2025\/04\/pvajf18000-23-284x300.jpg 284w, https:\/\/puffvapestore.com\/wp-content\/uploads\/2025\/04\/pvajf18000-23-600x633.jpg 600w\" sizes=\"(max-width: 654px) 100vw, 654px\" \/>\n\t\t\t<\/div>\n\t\t\t\t<figcaption class='wp-caption-text gallery-caption' id='gallery-1-1963'>\n\t\t\t\tJNR Falcon 18k Aardbei Kiwi pvajf18000\n\t\t\t\t<\/figcaption><\/figure>\n\t\t<\/div>\n\t\t<\/div>\n\t\t\t\t\t\t<\/div>\n\t\t\t\t<\/div>\n\t\t\t\t<\/div>\n\t\t<div role=\"region\" aria-labelledby=\"e-n-accordion-item-1011\" class=\"elementor-element elementor-element-d5f00b5 e-con-full e-flex e-con e-child\" data-id=\"d5f00b5\" data-element_type=\"container\" data-e-type=\"container\">\n\t\t\t\t<div class=\"elementor-element elementor-element-b3c274b elementor-widget__width-initial elementor-widget elementor-widget-text-editor\" data-id=\"b3c274b\" data-element_type=\"widget\" data-e-type=\"widget\" data-widget_type=\"text-editor.default\">\n\t\t\t\t<div class=\"elementor-widget-container\">\n\t\t\t\t\t\t\t\t\t<p>Ik nam hem laatst mee toen ik langs de strandpromenade in Nice liep en het was absoluut ongelooflijk! De zon, de zeebries en deze elektronische sigaret vormen een perfect huwelijk. Vooral wanneer de mediterrane wind waait, lijkt de smaak van de aardbei kiwi intenser.<\/p><p>De levensduur van 18.000 trekjes van de e-liquid in deze JNR Falcon is echt indrukwekkend, en ik hoefde het apparaat de hele vakantie niet te vervangen. De grote 24ml e-liquid capaciteit en 950mAh batterij gaan inderdaad lang mee zoals geadverteerd. Ik vind vooral het ontwerp met verstelbare luchtstroom erg goed. Soms, als je een mildere smaak wilt, kun je de luchtstroom op een lager niveau instellen. Als je een sterkere smaak wilt, kun je de luchtstroom verhogen. Het is erg gebruiksvriendelijk.<\/p>\t\t\t\t\t\t\t\t<\/div>\n\t\t\t\t<\/div>\n\t\t\t\t<\/div>\n\t\t\t\t<\/div>\n\t\t<div role=\"region\" aria-labelledby=\"e-n-accordion-item-1011\" class=\"elementor-element elementor-element-7926c6b e-con-full e-flex e-con e-child\" data-id=\"7926c6b\" data-element_type=\"container\" data-e-type=\"container\">\n\t\t\t\t<div class=\"elementor-element elementor-element-2b41948 elementor-widget elementor-widget-text-editor\" data-id=\"2b41948\" data-element_type=\"widget\" data-e-type=\"widget\" data-widget_type=\"text-editor.default\">\n\t\t\t\t<div class=\"elementor-widget-container\">\n\t\t\t\t\t\t\t\t\t<p>Het LED-scherm op de body is ook erg praktisch. Je kunt altijd zien hoeveel energie er nog over is en hoeveel trekjes er zijn gebruikt, wat erg attent is. De 0,6 ohm dual mesh coil levert echt een rijke damp, met de perfecte balans van aardbei en kiwi in elk trekje.<\/p><p>Eerlijk gezegd had ik geen hoge verwachtingen van elektronische wegwerpsigaretten, maar het ontwerp van deze 2% nicotinesterkte is perfect, niet te sterk maar niet onmerkbaar. Het formaat is ook erg draagbaar, het zit niet in de weg in je zak en het ligt ook erg licht in de hand.<\/p><p>De C-type oplaadpoort is trouwens erg handig. Ik kan dezelfde oplader gebruiken als mijn mobiele telefoon.<\/p><p>Als je van elektronische sigaretten met fruitige smaken houdt, is de JNR Falcon 18000 Strawberry Kiwi zeker het proberen waard. Of je nu op vakantie aan het strand bent of hem elke dag gebruikt, de prestaties van dit product zullen je niet teleurstellen!<\/p>\t\t\t\t\t\t\t\t<\/div>\n\t\t\t\t<\/div>\n\t\t\t\t<\/div>\n\t\t\t\t\t<\/div>\n\t\t\t\t<\/div>\n\t\t\t\t<\/div>\n\t\t\t\t\t<\/details>\n\t\t\t\t\t<\/div>\n\t\t\t\t\t\t<\/div>\n\t\t\t\t<\/div>\n\t\t\t\t\t<\/div>\n\t\t\t\t<\/div>\n\t\t\t\t<\/div>","protected":false},"excerpt":{"rendered":"<p>Caract\u00e9ristiques du JNR Falcon 18K Strawberry Kiwi: Bouff\u00e9es : Jusqu\u2019\u00e0 18000 bouff\u00e9es Liquide : 24 ml Taux de nicotine : 0 %, 2 %, 5 % R\u00e9sistance : 0.6 ohm Capacit\u00e9 de la batterie : 950 mAh Chargement : Type-C D\u00e9bit d\u2019air r\u00e9glable : Oui Affichage num\u00e9rique R\u00e9sistance double maille et double c\u0153ur Dimensions : [&hellip;]<\/p>\n","protected":false},"featured_media":1963,"comment_status":"open","ping_status":"closed","template":"","meta":{"site-sidebar-layout":"no-sidebar","site-content-layout":"page-builder","ast-site-content-layout":"normal-width-container","site-content-style":"default","site-sidebar-style":"default","ast-global-header-display":"","ast-banner-title-visibility":"","ast-main-header-display":"","ast-hfb-above-header-display":"","ast-hfb-below-header-display":"","ast-hfb-mobile-header-display":"","site-post-title":"disabled","ast-breadcrumbs-content":"","ast-featured-img":"disabled","footer-sml-layout":"","ast-disable-related-posts":"","theme-transparent-header-meta":"default","adv-header-id-meta":"","stick-header-meta":"default","header-above-stick-meta":"","header-main-stick-meta":"","header-below-stick-meta":"","astra-migrate-meta-layouts":"set","ast-page-background-enabled":"default","ast-page-background-meta":{"desktop":{"background-color":"","background-image":"","background-repeat":"repeat","background-position":"center center","background-size":"auto","background-attachment":"scroll","background-type":"","background-media":"","overlay-type":"","overlay-color":"","overlay-opacity":"","overlay-gradient":""},"tablet":{"background-color":"","background-image":"","background-repeat":"repeat","background-position":"center center","background-size":"auto","background-attachment":"scroll","background-type":"","background-media":"","overlay-type":"","overlay-color":"","overlay-opacity":"","overlay-gradient":""},"mobile":{"background-color":"","background-image":"","background-repeat":"repeat","background-position":"center center","background-size":"auto","background-attachment":"scroll","background-type":"","background-media":"","overlay-type":"","overlay-color":"","overlay-opacity":"","overlay-gradient":""}},"ast-content-background-meta":{"desktop":{"background-color":"var(--ast-global-color-5)","background-image":"","background-repeat":"repeat","background-position":"center center","background-size":"auto","background-attachment":"scroll","background-type":"","background-media":"","overlay-type":"","overlay-color":"","overlay-opacity":"","overlay-gradient":""},"tablet":{"background-color":"var(--ast-global-color-5)","background-image":"","background-repeat":"repeat","background-position":"center center","background-size":"auto","background-attachment":"scroll","background-type":"","background-media":"","overlay-type":"","overlay-color":"","overlay-opacity":"","overlay-gradient":""},"mobile":{"background-color":"var(--ast-global-color-5)","background-image":"","background-repeat":"repeat","background-position":"center center","background-size":"auto","background-attachment":"scroll","background-type":"","background-media":"","overlay-type":"","overlay-color":"","overlay-opacity":"","overlay-gradient":""}}},"product_brand":[30],"product_cat":[40,84,77,31,15],"product_tag":[],"class_list":{"0":"post-2071","1":"product","2":"type-product","3":"status-publish","4":"has-post-thumbnail","6":"product_brand-jnr","7":"product_cat-jnr-18k","8":"product_cat-puff-18k","9":"product_cat-entrepot-de-lue","10":"product_cat-jnr-falcon","11":"product_cat-magasin-cigarette-electronique","12":"desktop-align-center","13":"tablet-align-center","14":"mobile-align-center","15":"ast-product-gallery-layout-horizontal","16":"ast-product-gallery-with-no-image","17":"ast-product-single-variable","18":"ast-product-tabs-layout-horizontal","19":"ast-qv-on-image","21":"first","22":"instock","23":"sale","24":"shipping-taxable","25":"purchasable","26":"product-type-variable","27":"has-default-attributes"},"tiered_pricing_type":"fixed","tiered_pricing_fixed_rules":{"30":10.08,"60":9.28,"100":8.13,"200":7.48,"500":7.28,"1000":6.98},"tiered_pricing_product_settings":{"layout":"default","base_unit_name":{"singular":null,"plural":null},"default_variation":null},"tiered_pricing_minimum_quantity":null,"tiered_pricing_roles_data":[],"tiered_pricing_percentage_rules":[],"_links":{"self":[{"href":"https:\/\/puffvapestore.com\/nl\/wp-json\/wp\/v2\/product\/2071","targetHints":{"allow":["GET"]}}],"collection":[{"href":"https:\/\/puffvapestore.com\/nl\/wp-json\/wp\/v2\/product"}],"about":[{"href":"https:\/\/puffvapestore.com\/nl\/wp-json\/wp\/v2\/types\/product"}],"replies":[{"embeddable":true,"href":"https:\/\/puffvapestore.com\/nl\/wp-json\/wp\/v2\/comments?post=2071"}],"version-history":[{"count":22,"href":"https:\/\/puffvapestore.com\/nl\/wp-json\/wp\/v2\/product\/2071\/revisions"}],"predecessor-version":[{"id":13612,"href":"https:\/\/puffvapestore.com\/nl\/wp-json\/wp\/v2\/product\/2071\/revisions\/13612"}],"wp:featuredmedia":[{"embeddable":true,"href":"https:\/\/puffvapestore.com\/nl\/wp-json\/wp\/v2\/media\/1963"}],"wp:attachment":[{"href":"https:\/\/puffvapestore.com\/nl\/wp-json\/wp\/v2\/media?parent=2071"}],"wp:term":[{"taxonomy":"product_brand","embeddable":true,"href":"https:\/\/puffvapestore.com\/nl\/wp-json\/wp\/v2\/product_brand?post=2071"},{"taxonomy":"product_cat","embeddable":true,"href":"https:\/\/puffvapestore.com\/nl\/wp-json\/wp\/v2\/product_cat?post=2071"},{"taxonomy":"product_tag","embeddable":true,"href":"https:\/\/puffvapestore.com\/nl\/wp-json\/wp\/v2\/product_tag?post=2071"}],"curies":[{"name":"wp","href":"https:\/\/api.w.org\/{rel}","templated":true}]}}