{"id":2008,"date":"2025-04-12T01:23:52","date_gmt":"2025-04-12T01:23:52","guid":{"rendered":"https:\/\/puffvapestore.com\/?post_type=product&#038;p=2008"},"modified":"2026-01-19T10:37:34","modified_gmt":"2026-01-19T10:37:34","slug":"puff-jnr-falcon-18000-strawberry-watermelon-ice","status":"publish","type":"product","link":"https:\/\/puffvapestore.com\/nl\/product\/puff-jnr-falcon-18000-aardbei-watermeloen-ijs\/","title":{"rendered":"Puff JNR Falcon 18000 Aardbei Watermeloen IJs | JNR Falcon X 18K"},"content":{"rendered":"<div data-elementor-type=\"wp-post\" data-elementor-id=\"2008\" class=\"elementor elementor-2008\">\n\t\t\t\t<div class=\"elementor-element elementor-element-802ad32 e-flex e-con-boxed e-con e-parent\" data-id=\"802ad32\" data-element_type=\"container\" data-e-type=\"container\">\n\t\t\t\t\t<div class=\"e-con-inner\">\n\t\t<div class=\"elementor-element elementor-element-04ce208 e-con-full e-flex e-con e-child\" data-id=\"04ce208\" data-element_type=\"container\" data-e-type=\"container\">\n\t\t\t\t<div class=\"elementor-element elementor-element-5182eba elementor-widget elementor-widget-text-editor\" data-id=\"5182eba\" data-element_type=\"widget\" data-e-type=\"widget\" data-widget_type=\"text-editor.default\">\n\t\t\t\t<div class=\"elementor-widget-container\">\n\t\t\t\t\t\t\t\t\t<h2>Kenmerken van de JNR Falcon 18K Aardbei Watermeloen IJs:<\/h2><p>Pufjes : Tot 18.000 trekjes<br \/>Vloeistof: 24 ml<br \/>Nicotineniveaus: 0 %, 2 %, 5 %<br \/>Weerstand: 0,6 ohm<br \/>Batterijcapaciteit: 950 mAh<br \/>Opladen: Type-C<br \/>Verstelbare luchtstroom: Ja<br \/>Digitaal display<br \/>Dubbele maas en dubbele kernweerstand<br \/>Afmetingen: 53,5 x 32 x 121 mm<\/p>\t\t\t\t\t\t\t\t<\/div>\n\t\t\t\t<\/div>\n\t\t\t\t<\/div>\n\t\t<div class=\"elementor-element elementor-element-af5711f e-con-full e-flex e-con e-child\" data-id=\"af5711f\" data-element_type=\"container\" data-e-type=\"container\">\n\t\t\t\t<div class=\"elementor-element elementor-element-9ba78ac elementor-widget elementor-widget-image-gallery\" data-id=\"9ba78ac\" data-element_type=\"widget\" data-e-type=\"widget\" data-widget_type=\"image-gallery.default\">\n\t\t\t\t<div class=\"elementor-widget-container\">\n\t\t\t\t\t\t\t<div class=\"elementor-image-gallery\">\n\t\t\t<div id='gallery-1' class='gallery galleryid-2008 gallery-columns-1 gallery-size-medium_large'><figure class='gallery-item'>\n\t\t\t<div class='gallery-icon portrait'>\n\t\t\t\t<img fetchpriority=\"high\" decoding=\"async\" width=\"654\" height=\"690\" src=\"https:\/\/puffvapestore.com\/wp-content\/uploads\/2025\/04\/pvajf18000-27.jpg\" class=\"attachment-medium_large size-medium_large\" alt=\"JNR Falcon 18k Aardbei Watermeloen IJs pvajf18000\" aria-describedby=\"gallery-1-1967\" srcset=\"https:\/\/puffvapestore.com\/wp-content\/uploads\/2025\/04\/pvajf18000-27.jpg 654w, https:\/\/puffvapestore.com\/wp-content\/uploads\/2025\/04\/pvajf18000-27-284x300.jpg 284w, https:\/\/puffvapestore.com\/wp-content\/uploads\/2025\/04\/pvajf18000-27-600x633.jpg 600w\" sizes=\"(max-width: 654px) 100vw, 654px\" \/>\n\t\t\t<\/div>\n\t\t\t\t<figcaption class='wp-caption-text gallery-caption' id='gallery-1-1967'>\n\t\t\t\tJNR Falcon 18k Aardbei Watermeloen IJs pvajf18000\n\t\t\t\t<\/figcaption><\/figure>\n\t\t<\/div>\n\t\t<\/div>\n\t\t\t\t\t\t<\/div>\n\t\t\t\t<\/div>\n\t\t\t\t<\/div>\n\t\t\t\t\t<\/div>\n\t\t\t\t<\/div>\n\t\t<div class=\"elementor-element elementor-element-ccd38f6 e-flex e-con-boxed e-con e-parent\" data-id=\"ccd38f6\" data-element_type=\"container\" data-e-type=\"container\">\n\t\t\t\t\t<div class=\"e-con-inner\">\n\t\t\t\t<div class=\"elementor-element elementor-element-91ef3b5 elementor-widget elementor-widget-n-accordion\" data-id=\"91ef3b5\" data-element_type=\"widget\" data-e-type=\"widget\" data-settings=\"{&quot;default_state&quot;:&quot;expanded&quot;,&quot;max_items_expended&quot;:&quot;one&quot;,&quot;n_accordion_animation_duration&quot;:{&quot;unit&quot;:&quot;ms&quot;,&quot;size&quot;:400,&quot;sizes&quot;:[]}}\" data-widget_type=\"nested-accordion.default\">\n\t\t\t\t<div class=\"elementor-widget-container\">\n\t\t\t\t\t\t\t<div class=\"e-n-accordion\" aria-label=\"Accordeon. Links openen met Enter of Spatie, sluiten met Escape en navigeren met Pijltjestoetsen\">\n\t\t\t\t\t\t<details id=\"e-n-accordion-item-1530\" class=\"e-n-accordion-item\" open>\n\t\t\t\t<summary class=\"e-n-accordion-item-title\" data-accordion-index=\"1\" tabindex=\"0\" aria-expanded=\"true\" aria-controls=\"e-n-accordion-item-1530\" >\n\t\t\t\t\t<span class='e-n-accordion-item-title-header'><div class=\"e-n-accordion-item-title-text\"> Kenmerken en functies van de JNR Falcon X 18K Strawberry Watermelon Ice <\/div><\/span>\n\t\t\t\t\t\t\t<span class='e-n-accordion-item-title-icon'>\n\t\t\t<span class='e-opened' ><svg aria-hidden=\"true\" class=\"e-font-icon-svg e-fas-minus\" viewbox=\"0 0 448 512\" xmlns=\"http:\/\/www.w3.org\/2000\/svg\"><path d=\"M416 208H32c-17.67 0-32 14.33-32 32v32c0 17.67 14.33 32 32 32h384c17.67 0 32-14.33 32-32v-32c0-17.67-14.33-32-32-32z\"><\/path><\/svg><\/span>\n\t\t\t<span class='e-closed'><svg aria-hidden=\"true\" class=\"e-font-icon-svg e-fas-plus\" viewbox=\"0 0 448 512\" xmlns=\"http:\/\/www.w3.org\/2000\/svg\"><path d=\"M416 208H272V64c0-17.67-14.33-32-32-32h-32c-17.67 0-32 14.33-32 32v144H32c-17.67 0-32 14.33-32 32v32c0 17.67 14.33 32 32 32h144v144c0 17.67 14.33 32 32 32h32c17.67 0 32-14.33 32-32V304h144c17.67 0 32-14.33 32-32v-32c0-17.67-14.33-32-32-32z\"><\/path><\/svg><\/span>\n\t\t<\/span>\n\n\t\t\t\t\t\t<\/summary>\n\t\t\t\t<div role=\"region\" aria-labelledby=\"e-n-accordion-item-1530\" class=\"elementor-element elementor-element-d3b3f7c e-con-full e-flex e-con e-child\" data-id=\"d3b3f7c\" data-element_type=\"container\" data-e-type=\"container\">\n\t\t<div role=\"region\" aria-labelledby=\"e-n-accordion-item-1530\" class=\"elementor-element elementor-element-2373663 e-flex e-con-boxed e-con e-child\" data-id=\"2373663\" data-element_type=\"container\" data-e-type=\"container\">\n\t\t\t\t\t<div class=\"e-con-inner\">\n\t\t\t\t<div class=\"elementor-element elementor-element-95bb838 elementor-widget elementor-widget-text-editor\" data-id=\"95bb838\" data-element_type=\"widget\" data-e-type=\"widget\" data-widget_type=\"text-editor.default\">\n\t\t\t\t<div class=\"elementor-widget-container\">\n\t\t\t\t\t\t\t\t\t<h2>Batterij met ultra lange levensduur en hoge capaciteit<\/h2><p>De JNR Falcon-X 18K is uitgerust met een lithium-ionbatterij met een hoge dichtheid van 950 mAh en een geoptimaliseerd energiebeheersysteem, waardoor een langere autonomie wordt gegarandeerd bij elke lading. Zelfs frequente gebruikers kunnen hem comfortabel de hele dag gebruiken zonder vaak te hoeven opladen. De Type-C snellaadpoort zorgt voor snel, betrouwbaar en veilig opladen.<\/p><h2>Groot reservoir van 24 ml<\/h2><p>E\u00e9n enkele JNR Falcon-X 18K biedt tot 18.000 trekjes, veel langer dan een conventionele elektronische wegwerpsigaret. Of het nu voor dagelijks gebruik is of voor lange reizen, dit apparaat biedt een consistente smaakervaring, waardoor het niet vaak vervangen hoeft te worden en langdurig plezier gegarandeerd is.<\/p><p>Dankzij het reservoir van 24 ml kun je hem langer gebruiken. Dit is een praktisch voordeel voor mensen die veel reizen of liever niet vaak bijvullen. De e-liquid tank met grote capaciteit vermindert ook het risico op droogbranden van de weerstand van de verstuiver, waardoor een consistente smaak wordt gegarandeerd.<\/p><h2>Verschillende nicotinedoseringen<\/h2><p>De JNR Falcon-X 18K biedt drie nicotinedoseringen: 0 %, 2 % en 5 %, die voorzien in verschillende vaping-behoeften, van een lichte nicotinevrije smaak tot een krachtige keelhit. Of je nu een beginnende vaper bent of een ervaren gebruiker die op zoek is naar een meer bevredigende ervaring, je zult de smaakoplossing vinden die bij je past.<\/p><h2>Dubbele gaasconstructie + dubbele kern<\/h2><p>De JNR Falcon-X 18K maakt gebruik van een dubbelmazig verwarmingssysteem met een dubbele kernweerstand voor een gelijkmatigere verwarming en verfijnde damp. Deze dubbele gaasstructuur verwarmt de e-vloeistof gelijkmatig en direct, waardoor plaatselijke oververhitting tot een minimum wordt beperkt. Het ontwerp met dubbele kern zorgt voor een langere levensduur van de weerstand en een consistenter smaakprofiel. Geniet bij elk trekje van een rijke smaak en zachte damp.<\/p><p>De JNR Falcon-X 18K heeft een weerstand van 0,6 ohm met een lage luchtweerstand, die de perfecte balans biedt tussen smaak en dampvolume. Dit low-drag ontwerp biedt een groter dampvolume en een soepelere draw, ideaal voor directe longinhalatie. Ook is de luchtstroom instelbaar voor mond-op-mond puffen, voor een meer persoonlijke ervaring.<\/p><h2>Verstelbaar luchtstroomontwerp<\/h2><p>De JNR Falcon-X 18K is voorzien van een instelbaar luchtstroomsysteem, waardoor gebruikers vrij kunnen schakelen tussen de directe longstand met hoge damp en de strakke mond-op-mondstand, afhankelijk van hun voorkeur. Of je nu de voorkeur geeft aan een zachte, luchtige inhalatie of een rijke, geconcentreerde throat hit, je kunt eenvoudig de meest comfortabele instelling vinden.<\/p><p>Het ge\u00efntegreerde high-definition digitale display toont het niveau van de batterij en de e-vloeistof in realtime, zodat je de status van het apparaat in \u00e9\u00e9n oogopslag kunt zien en onverwachte stroomonderbrekingen of droge brandwonden kunt voorkomen. Intu\u00eftieve visuele informatie zorgt voor een veiliger, stressvrij gebruik.<\/p><p>Met zijn afmetingen van 53,5 \u00d7 32 \u00d7 121 mm beschikt de JNR Falcon-X 18K over een batterij en tank met hoge capaciteit, terwijl hij een comfortabele grip en geweldige draagbaarheid biedt. In je zak of je tas, hij glijdt gemakkelijk op zijn plaats en geeft je een vape-ervaring van hoge kwaliteit, waar je ook bent.<\/p><p>De JNR Falcon-X 18K heeft een slank ontwerp met ergonomische rondingen. De oppervlaktebehandeling is zowel slijtvast als antislip, voor optimaal comfort. De minimalistische, high-end kleuren en zorgvuldige details maken het veel meer dan alleen een elektronische sigaret: het is een stijlvol accessoire om overal mee naartoe te nemen.<\/p>\t\t\t\t\t\t\t\t<\/div>\n\t\t\t\t<\/div>\n\t\t\t\t\t<\/div>\n\t\t\t\t<\/div>\n\t\t\t\t<\/div>\n\t\t\t\t\t<\/details>\n\t\t\t\t\t\t<details id=\"e-n-accordion-item-1531\" class=\"e-n-accordion-item\" >\n\t\t\t\t<summary class=\"e-n-accordion-item-title\" data-accordion-index=\"2\" tabindex=\"-1\" aria-expanded=\"false\" aria-controls=\"e-n-accordion-item-1531\" >\n\t\t\t\t\t<span class='e-n-accordion-item-title-header'><div class=\"e-n-accordion-item-title-text\"> Aardbei Watermeloen IJs JNR Falcon X 18K <\/div><\/span>\n\t\t\t\t\t\t\t<span class='e-n-accordion-item-title-icon'>\n\t\t\t<span class='e-opened' ><svg aria-hidden=\"true\" class=\"e-font-icon-svg e-fas-minus\" viewbox=\"0 0 448 512\" xmlns=\"http:\/\/www.w3.org\/2000\/svg\"><path d=\"M416 208H32c-17.67 0-32 14.33-32 32v32c0 17.67 14.33 32 32 32h384c17.67 0 32-14.33 32-32v-32c0-17.67-14.33-32-32-32z\"><\/path><\/svg><\/span>\n\t\t\t<span class='e-closed'><svg aria-hidden=\"true\" class=\"e-font-icon-svg e-fas-plus\" viewbox=\"0 0 448 512\" xmlns=\"http:\/\/www.w3.org\/2000\/svg\"><path d=\"M416 208H272V64c0-17.67-14.33-32-32-32h-32c-17.67 0-32 14.33-32 32v144H32c-17.67 0-32 14.33-32 32v32c0 17.67 14.33 32 32 32h144v144c0 17.67 14.33 32 32 32h32c17.67 0 32-14.33 32-32V304h144c17.67 0 32-14.33 32-32v-32c0-17.67-14.33-32-32-32z\"><\/path><\/svg><\/span>\n\t\t<\/span>\n\n\t\t\t\t\t\t<\/summary>\n\t\t\t\t<div role=\"region\" aria-labelledby=\"e-n-accordion-item-1531\" class=\"elementor-element elementor-element-a796dfc e-con-full e-flex e-con e-child\" data-id=\"a796dfc\" data-element_type=\"container\" data-e-type=\"container\">\n\t\t<div role=\"region\" aria-labelledby=\"e-n-accordion-item-1531\" class=\"elementor-element elementor-element-0f769d2 e-flex e-con-boxed e-con e-child\" data-id=\"0f769d2\" data-element_type=\"container\" data-e-type=\"container\">\n\t\t\t\t\t<div class=\"e-con-inner\">\n\t\t\t\t<div class=\"elementor-element elementor-element-55fd5fa elementor-widget elementor-widget-text-editor\" data-id=\"55fd5fa\" data-element_type=\"widget\" data-e-type=\"widget\" data-widget_type=\"text-editor.default\">\n\t\t\t\t<div class=\"elementor-widget-container\">\n\t\t\t\t\t\t\t\t\t<p>Terwijl ik op de trein wachtte buiten een Parijs metrostation, met mensen die om me heen kwamen en gingen, pakte ik mijn JNR Falcon 18000 elektronische sigaret uit mijn zak en koos ik mijn favoriete smaak aardbeien- en watermeloenijs. Deze elektronische sigaret heeft me echt mijn vervelende wachttijd bespaard.<\/p><p>De smaakcombinatie van aardbeien- en watermeloenijs is absoluut ongelooflijk! Het eerste vleugje rook brengt de zoetheid van de aardbei naar voren, gevolgd door de sappigheid van de watermeloen en laat ten slotte een vleugje frisse munt achter in de mond. Als je voor een broeierig metrostation staat, is deze sensatie van frisheid bijzonder aangenaam.<\/p>\t\t\t\t\t\t\t\t<\/div>\n\t\t\t\t<\/div>\n\t\t<div role=\"region\" aria-labelledby=\"e-n-accordion-item-1531\" class=\"elementor-element elementor-element-942ccb0 e-con-full e-flex e-con e-child\" data-id=\"942ccb0\" data-element_type=\"container\" data-e-type=\"container\">\n\t\t<div role=\"region\" aria-labelledby=\"e-n-accordion-item-1531\" class=\"elementor-element elementor-element-d5e4b56 e-con-full e-flex e-con e-child\" data-id=\"d5e4b56\" data-element_type=\"container\" data-e-type=\"container\">\n\t\t\t\t<div class=\"elementor-element elementor-element-381dfcb elementor-widget elementor-widget-image-gallery\" data-id=\"381dfcb\" data-element_type=\"widget\" data-e-type=\"widget\" data-widget_type=\"image-gallery.default\">\n\t\t\t\t<div class=\"elementor-widget-container\">\n\t\t\t\t\t\t\t<div class=\"elementor-image-gallery\">\n\t\t\t<div id='gallery-1' class='gallery galleryid-2008 gallery-columns-1 gallery-size-medium_large'><figure class='gallery-item'>\n\t\t\t<div class='gallery-icon portrait'>\n\t\t\t\t<img fetchpriority=\"high\" decoding=\"async\" width=\"654\" height=\"690\" src=\"https:\/\/puffvapestore.com\/wp-content\/uploads\/2025\/04\/pvajf18000-27.jpg\" class=\"attachment-medium_large size-medium_large\" alt=\"JNR Falcon 18k Aardbei Watermeloen IJs pvajf18000\" aria-describedby=\"gallery-1-1967\" srcset=\"https:\/\/puffvapestore.com\/wp-content\/uploads\/2025\/04\/pvajf18000-27.jpg 654w, https:\/\/puffvapestore.com\/wp-content\/uploads\/2025\/04\/pvajf18000-27-284x300.jpg 284w, https:\/\/puffvapestore.com\/wp-content\/uploads\/2025\/04\/pvajf18000-27-600x633.jpg 600w\" sizes=\"(max-width: 654px) 100vw, 654px\" \/>\n\t\t\t<\/div>\n\t\t\t\t<figcaption class='wp-caption-text gallery-caption' id='gallery-1-1967'>\n\t\t\t\tJNR Falcon 18k Aardbei Watermeloen IJs pvajf18000\n\t\t\t\t<\/figcaption><\/figure>\n\t\t<\/div>\n\t\t<\/div>\n\t\t\t\t\t\t<\/div>\n\t\t\t\t<\/div>\n\t\t\t\t<\/div>\n\t\t<div role=\"region\" aria-labelledby=\"e-n-accordion-item-1531\" class=\"elementor-element elementor-element-577deeb e-con-full e-flex e-con e-child\" data-id=\"577deeb\" data-element_type=\"container\" data-e-type=\"container\">\n\t\t\t\t<div class=\"elementor-element elementor-element-5d167cf elementor-widget elementor-widget-text-editor\" data-id=\"5d167cf\" data-element_type=\"widget\" data-e-type=\"widget\" data-widget_type=\"text-editor.default\">\n\t\t\t\t<div class=\"elementor-widget-container\">\n\t\t\t\t\t\t\t\t\t<p>Eerlijk gezegd heb ik al veel elektronische sigaretten geprobeerd, maar de dual mesh coil technologie van de JNR maakt de smaak echt puurder. De weerstand van 0,6 ohm maakt de rook vol en zacht. Ik vind het fijn om het luchtstroomsysteem aan te passen. Soms wil ik dat de rook dikker is, en soms wil ik dat hij zachter is. Dit kan helemaal gebaseerd zijn op mijn eigen voorkeuren.<\/p><p>Het beste deel is de levensduur van de batterij! Met 18.000 trekjes hoef ik hem maar om de twee weken te vervangen. De 24 ml e-vloeistof is een aanzienlijke hoeveelheid, dus je hoeft niet bang te zijn dat je batterij leeg raakt. Ik gebruik het apparaat vaak als ik onderweg ben en ik heb nog nooit het g\u00eanante gevoel gehad dat de batterij halverwege leeg was. Zelfs als de batterij bijna leeg is, kan de Type C-lading hem snel opladen.<\/p><p>Het LED-scherm is erg praktisch. Je kunt zien hoeveel trekjes je nog hebt en hoeveel batterij er nog over is zonder te hoeven gokken. Persoonlijk vind ik dat de nicotineconcentratie van de 2% precies goed is, met een sterk gevoel van bevrediging, maar niet te sterk.<\/p>\t\t\t\t\t\t\t\t<\/div>\n\t\t\t\t<\/div>\n\t\t\t\t<\/div>\n\t\t\t\t<\/div>\n\t\t<div role=\"region\" aria-labelledby=\"e-n-accordion-item-1531\" class=\"elementor-element elementor-element-7926c6b e-con-full e-flex e-con e-child\" data-id=\"7926c6b\" data-element_type=\"container\" data-e-type=\"container\">\n\t\t\t\t<div class=\"elementor-element elementor-element-2b41948 elementor-widget elementor-widget-text-editor\" data-id=\"2b41948\" data-element_type=\"widget\" data-e-type=\"widget\" data-widget_type=\"text-editor.default\">\n\t\t\t\t<div class=\"elementor-widget-container\">\n\t\t\t\t\t\t\t\t\t<p>Het formaat van deze e-sigaret is perfect, hij ligt erg prettig in de hand en ziet er ook erg modieus uit. Je kunt hem natuurlijk gebruiken in een caf\u00e9 of tijdens het wachten op de metro, en hij zal niet te veel opvallen.<\/p><p>Als je ook van fruitige smaken houdt en een verfrissende sensatie wilt, is aardbeien- en watermeloenijs zeker het proberen waard. Vooral in de zomer is het een redder in nood. De kwaliteit van de JNR Falcon 18000 en deze smaak zijn een perfecte combinatie, waardoor elke rookervaring een plezierige is.<\/p>\t\t\t\t\t\t\t\t<\/div>\n\t\t\t\t<\/div>\n\t\t\t\t<\/div>\n\t\t\t\t\t<\/div>\n\t\t\t\t<\/div>\n\t\t\t\t<\/div>\n\t\t\t\t\t<\/details>\n\t\t\t\t\t<\/div>\n\t\t\t\t\t\t<\/div>\n\t\t\t\t<\/div>\n\t\t\t\t\t<\/div>\n\t\t\t\t<\/div>\n\t\t\t\t<\/div>","protected":false},"excerpt":{"rendered":"<p>Caract\u00e9ristiques du JNR Falcon 18K Strawberry Watermelon Ice: Bouff\u00e9es : Jusqu\u2019\u00e0 18000 bouff\u00e9es Liquide : 24 ml Taux de nicotine : 0 %, 2 %, 5 % R\u00e9sistance : 0.6 ohm Capacit\u00e9 de la batterie : 950 mAh Chargement : Type-C D\u00e9bit d\u2019air r\u00e9glable : Oui Affichage num\u00e9rique R\u00e9sistance double maille et double c\u0153ur Dimensions [&hellip;]<\/p>\n","protected":false},"featured_media":1967,"comment_status":"open","ping_status":"closed","template":"","meta":{"site-sidebar-layout":"no-sidebar","site-content-layout":"page-builder","ast-site-content-layout":"normal-width-container","site-content-style":"default","site-sidebar-style":"default","ast-global-header-display":"","ast-banner-title-visibility":"","ast-main-header-display":"","ast-hfb-above-header-display":"","ast-hfb-below-header-display":"","ast-hfb-mobile-header-display":"","site-post-title":"disabled","ast-breadcrumbs-content":"","ast-featured-img":"disabled","footer-sml-layout":"","ast-disable-related-posts":"","theme-transparent-header-meta":"default","adv-header-id-meta":"","stick-header-meta":"default","header-above-stick-meta":"","header-main-stick-meta":"","header-below-stick-meta":"","astra-migrate-meta-layouts":"set","ast-page-background-enabled":"default","ast-page-background-meta":{"desktop":{"background-color":"","background-image":"","background-repeat":"repeat","background-position":"center center","background-size":"auto","background-attachment":"scroll","background-type":"","background-media":"","overlay-type":"","overlay-color":"","overlay-opacity":"","overlay-gradient":""},"tablet":{"background-color":"","background-image":"","background-repeat":"repeat","background-position":"center center","background-size":"auto","background-attachment":"scroll","background-type":"","background-media":"","overlay-type":"","overlay-color":"","overlay-opacity":"","overlay-gradient":""},"mobile":{"background-color":"","background-image":"","background-repeat":"repeat","background-position":"center center","background-size":"auto","background-attachment":"scroll","background-type":"","background-media":"","overlay-type":"","overlay-color":"","overlay-opacity":"","overlay-gradient":""}},"ast-content-background-meta":{"desktop":{"background-color":"var(--ast-global-color-5)","background-image":"","background-repeat":"repeat","background-position":"center center","background-size":"auto","background-attachment":"scroll","background-type":"","background-media":"","overlay-type":"","overlay-color":"","overlay-opacity":"","overlay-gradient":""},"tablet":{"background-color":"var(--ast-global-color-5)","background-image":"","background-repeat":"repeat","background-position":"center center","background-size":"auto","background-attachment":"scroll","background-type":"","background-media":"","overlay-type":"","overlay-color":"","overlay-opacity":"","overlay-gradient":""},"mobile":{"background-color":"var(--ast-global-color-5)","background-image":"","background-repeat":"repeat","background-position":"center center","background-size":"auto","background-attachment":"scroll","background-type":"","background-media":"","overlay-type":"","overlay-color":"","overlay-opacity":"","overlay-gradient":""}}},"product_brand":[30],"product_cat":[40,84,77,34,35,31,15],"product_tag":[],"class_list":{"0":"post-2008","1":"product","2":"type-product","3":"status-publish","4":"has-post-thumbnail","6":"product_brand-jnr","7":"product_cat-jnr-18k","8":"product_cat-puff-18k","9":"product_cat-entrepot-de-lue","10":"product_cat-puff-jnr","11":"product_cat-jnr-vape","12":"product_cat-jnr-falcon","13":"product_cat-magasin-cigarette-electronique","14":"desktop-align-center","15":"tablet-align-center","16":"mobile-align-center","17":"ast-product-gallery-layout-horizontal","18":"ast-product-gallery-with-no-image","19":"ast-product-single-variable","20":"ast-product-tabs-layout-horizontal","21":"ast-qv-on-image","23":"first","24":"instock","25":"sale","26":"shipping-taxable","27":"purchasable","28":"product-type-variable","29":"has-default-attributes"},"tiered_pricing_type":"fixed","tiered_pricing_fixed_rules":{"30":10.08,"60":9.28,"100":8.13,"200":7.48,"500":7.28,"1000":6.98},"tiered_pricing_product_settings":{"layout":"default","base_unit_name":{"singular":null,"plural":null},"default_variation":null},"tiered_pricing_minimum_quantity":null,"tiered_pricing_roles_data":[],"tiered_pricing_percentage_rules":[],"_links":{"self":[{"href":"https:\/\/puffvapestore.com\/nl\/wp-json\/wp\/v2\/product\/2008","targetHints":{"allow":["GET"]}}],"collection":[{"href":"https:\/\/puffvapestore.com\/nl\/wp-json\/wp\/v2\/product"}],"about":[{"href":"https:\/\/puffvapestore.com\/nl\/wp-json\/wp\/v2\/types\/product"}],"replies":[{"embeddable":true,"href":"https:\/\/puffvapestore.com\/nl\/wp-json\/wp\/v2\/comments?post=2008"}],"version-history":[{"count":22,"href":"https:\/\/puffvapestore.com\/nl\/wp-json\/wp\/v2\/product\/2008\/revisions"}],"predecessor-version":[{"id":13622,"href":"https:\/\/puffvapestore.com\/nl\/wp-json\/wp\/v2\/product\/2008\/revisions\/13622"}],"wp:featuredmedia":[{"embeddable":true,"href":"https:\/\/puffvapestore.com\/nl\/wp-json\/wp\/v2\/media\/1967"}],"wp:attachment":[{"href":"https:\/\/puffvapestore.com\/nl\/wp-json\/wp\/v2\/media?parent=2008"}],"wp:term":[{"taxonomy":"product_brand","embeddable":true,"href":"https:\/\/puffvapestore.com\/nl\/wp-json\/wp\/v2\/product_brand?post=2008"},{"taxonomy":"product_cat","embeddable":true,"href":"https:\/\/puffvapestore.com\/nl\/wp-json\/wp\/v2\/product_cat?post=2008"},{"taxonomy":"product_tag","embeddable":true,"href":"https:\/\/puffvapestore.com\/nl\/wp-json\/wp\/v2\/product_tag?post=2008"}],"curies":[{"name":"wp","href":"https:\/\/api.w.org\/{rel}","templated":true}]}}