{"id":1854,"date":"2025-03-31T02:49:42","date_gmt":"2025-03-31T02:49:42","guid":{"rendered":"https:\/\/puffvapestore.com\/?post_type=product&#038;p=1854"},"modified":"2026-04-20T11:03:27","modified_gmt":"2026-04-20T11:03:27","slug":"jnr-falcon-16000-cola-ice","status":"publish","type":"product","link":"https:\/\/puffvapestore.com\/nl\/product\/jnr-falcon-16000-cola-ijs\/","title":{"rendered":"JNR Falcon 16000 Cola ijs"},"content":{"rendered":"<div data-elementor-type=\"wp-post\" data-elementor-id=\"1854\" class=\"elementor elementor-1854\">\n\t\t\t\t<div class=\"elementor-element elementor-element-824a998 e-flex e-con-boxed e-con e-parent\" data-id=\"824a998\" data-element_type=\"container\" data-e-type=\"container\">\n\t\t\t\t\t<div class=\"e-con-inner\">\n\t\t\t\t<div class=\"elementor-element elementor-element-55fd5fa elementor-widget elementor-widget-text-editor\" data-id=\"55fd5fa\" data-element_type=\"widget\" data-e-type=\"widget\" data-widget_type=\"text-editor.default\">\n\t\t\t\t<div class=\"elementor-widget-container\">\n\t\t\t\t\t\t\t\t\t<h2>JNR Falcon 16000 Cola ijs<\/h2><p>In Frankrijk is het genieten van een gekoeld glas Coca-Cola een plezier dat veel mensen onweerstaanbaar vinden. Of het nu een terrasje is op een zomerse namiddag of een laat gesprek met vrienden, de vertrouwde zoete, frisse smaak met licht bubbelende bubbels verleidt mensen altijd om te blijven hangen. Vanaf nu, <strong>JNR Falcon 16000 - Cola Ice<\/strong> kan die klassieke ervaring naar je elektronische sigaret brengen, zodat je altijd en overal kunt genieten van die vertrouwde verfrissende smaak!<\/p>\t\t\t\t\t\t\t\t<\/div>\n\t\t\t\t<\/div>\n\t\t\t\t\t<\/div>\n\t\t\t\t<\/div>\n\t\t<div class=\"elementor-element elementor-element-942ccb0 e-flex e-con-boxed e-con e-parent\" data-id=\"942ccb0\" data-element_type=\"container\" data-e-type=\"container\">\n\t\t\t\t\t<div class=\"e-con-inner\">\n\t\t<div class=\"elementor-element elementor-element-577deeb e-con-full e-flex e-con e-child\" data-id=\"577deeb\" data-element_type=\"container\" data-e-type=\"container\">\n\t\t\t\t<div class=\"elementor-element elementor-element-5d167cf elementor-widget elementor-widget-text-editor\" data-id=\"5d167cf\" data-element_type=\"widget\" data-e-type=\"widget\" data-widget_type=\"text-editor.default\">\n\t\t\t\t<div class=\"elementor-widget-container\">\n\t\t\t\t\t\t\t\t\t<h2>Details van JNR Falcon 16000 Cola Ice<\/h2><p>Pufjes : Tot 16.000 trekjes<br \/>Vloeistof: 22 ml<br \/>Nicotineniveaus: 0 %, 2 %, 5 %<br \/>Weerstand: 1,0 ohm<br \/>Batterijcapaciteit: 850 mAh<br \/>Opladen: Type-C<br \/>Dubbele maas en dubbele kernweerstand<br \/>Afmetingen: 53,5 x 32 x 110 mm<\/p>\t\t\t\t\t\t\t\t<\/div>\n\t\t\t\t<\/div>\n\t\t\t\t<\/div>\n\t\t<div class=\"elementor-element elementor-element-d5e4b56 e-con-full e-flex e-con e-child\" data-id=\"d5e4b56\" data-element_type=\"container\" data-e-type=\"container\">\n\t\t\t\t<div class=\"elementor-element elementor-element-381dfcb elementor-widget elementor-widget-image-gallery\" data-id=\"381dfcb\" data-element_type=\"widget\" data-e-type=\"widget\" data-widget_type=\"image-gallery.default\">\n\t\t\t\t<div class=\"elementor-widget-container\">\n\t\t\t\t\t\t\t<div class=\"elementor-image-gallery\">\n\t\t\t<div id='gallery-1' class='gallery galleryid-1854 gallery-columns-1 gallery-size-medium_large'><figure class='gallery-item'>\n\t\t\t<div class='gallery-icon portrait'>\n\t\t\t\t<img fetchpriority=\"high\" decoding=\"async\" width=\"654\" height=\"690\" src=\"https:\/\/puffvapestore.com\/wp-content\/uploads\/2025\/03\/pvajf16000-18.jpg\" class=\"attachment-medium_large size-medium_large\" alt=\"JNR Falcon 16K Cola Ice\" aria-describedby=\"gallery-1-1565\" srcset=\"https:\/\/puffvapestore.com\/wp-content\/uploads\/2025\/03\/pvajf16000-18.jpg 654w, https:\/\/puffvapestore.com\/wp-content\/uploads\/2025\/03\/pvajf16000-18-284x300.jpg 284w, https:\/\/puffvapestore.com\/wp-content\/uploads\/2025\/03\/pvajf16000-18-600x633.jpg 600w\" sizes=\"(max-width: 654px) 100vw, 654px\" \/>\n\t\t\t<\/div>\n\t\t\t\t<figcaption class='wp-caption-text gallery-caption' id='gallery-1-1565'>\n\t\t\t\tJNR Falcon 16K Cola Ice\n\t\t\t\t<\/figcaption><\/figure>\n\t\t<\/div>\n\t\t<\/div>\n\t\t\t\t\t\t<\/div>\n\t\t\t\t<\/div>\n\t\t\t\t<\/div>\n\t\t\t\t\t<\/div>\n\t\t\t\t<\/div>\n\t\t<div class=\"elementor-element elementor-element-7926c6b e-flex e-con-boxed e-con e-parent\" data-id=\"7926c6b\" data-element_type=\"container\" data-e-type=\"container\">\n\t\t\t\t\t<div class=\"e-con-inner\">\n\t\t\t\t<div class=\"elementor-element elementor-element-2b41948 elementor-widget elementor-widget-text-editor\" data-id=\"2b41948\" data-element_type=\"widget\" data-e-type=\"widget\" data-widget_type=\"text-editor.default\">\n\t\t\t\t<div class=\"elementor-widget-container\">\n\t\t\t\t\t\t\t\t\t<h2>Cola Ice: de frisheid van het geheugen omzetten in stoom<\/h2><p>Weet je nog de eerste keer dat je een gekoeld blikje Coca-Cola opende? De zoetheid van de karamel met een subtiel citrusaroma, vermengd met de frisse bubbels, raakt je smaakpapillen, verdrijft onmiddellijk de hitte en zorgt ervoor dat je nog een slok wilt nemen. La <strong>elektronische sigaret JNR Falcon 16000 - Cola Ice<\/strong> reproduceert deze ervaring perfect en voegt een extra vleugje ijs toe, waardoor elke inhalatie van rook als een verfrissende ademhaling midden in de nacht is en je smaakpapillen meteen wakker worden!<\/p><ul><li><strong>Echte colasmaak<\/strong> De rijkdom van de karamel, de lichte citrussmaak en de perfecte combinatie van die klassieke \u00abfrisdranksensatie\u00bb.<\/li><li><strong>Coole upgrade<\/strong> Precies de juiste hoeveelheid frisheid, zoals een blikje cola net uit de koelkast, stimulerend maar niet irriterend voor de keel, verfrissend maar niet te stimulerend.<\/li><li><strong>Langdurige nasmaak<\/strong> Cola Ice: In tegenstelling tot echte cola, die flauw wordt als het ijs smelt, blijft de smaak van deze Cola Ice e-sigaret stabiel van het eerste tot het laatste trekje, waardoor je altijd puur smaakplezier beleeft.<\/li><\/ul><h3>Waarom is Cola Ice zo populair in Frankrijk?<\/h3><p>De Fransen staan bekend om hun zoektocht naar smaak, en het is geen toeval dat Cola Ice de kritische Franse e-sigaretfans voor zich heeft gewonnen.<\/p><h4>1. Aan klassiekers geen gebrek om nostalgie op te roepen<\/h4><p>Coke is niet zomaar een drankje, het is een collectief geheugen. Van de verjaardagsfeestjes in mijn kindertijd tot de bioscoopsnacks in mijn tienerjaren en de middagdutjes op volwassen leeftijd, de smaak van Coca-Cola draagt herinneringen met zich mee van vreugde, vrijheid en roekeloosheid. <strong>JNR Falcon 16000 - Cola Ice<\/strong> Telkens als mensen de rook inademen, kunnen ze die prachtige herinneringen oproepen, alsof ze teruggaan in de tijd naar die zorgeloze zomermiddag.<\/p><h4>2. Geschikt voor alle gelegenheden, een veelzijdige keuze<\/h4><p>In tegenstelling tot sommige sterke of complexe smaken die een specifieke stemming of sc\u00e8ne vereisen om van te genieten, is Cola Ice het soort smaak van de elektronische sigaret dat altijd en overal plezier kan brengen. Of het nu gaat om een trekje in de ochtend om je op te frissen, een vleugje koelte in de middag of een moment van ontspanning in de avond, het past perfect om je ervaring consistent te maken.<\/p>\t\t\t\t\t\t\t\t<\/div>\n\t\t\t\t<\/div>\n\t\t\t\t\t<\/div>\n\t\t\t\t<\/div>\n\t\t\t\t<\/div>","protected":false},"excerpt":{"rendered":"<p>JNR Falcon 16000 Cola Ice En France, d\u00e9guster un verre de Coca-Cola bien frais est un plaisir que beaucoup de gens trouvent irr\u00e9sistible. Qu&rsquo;il s&rsquo;agisse d&rsquo;un caf\u00e9 en plein air un apr\u00e8s-midi d&rsquo;\u00e9t\u00e9 ou d&rsquo;une discussion avec des amis tard le soir, le go\u00fbt familier, sucr\u00e9 et frais, avec des bulles l\u00e9g\u00e8rement sautillantes, incite toujours [&hellip;]<\/p>\n","protected":false},"featured_media":1565,"comment_status":"open","ping_status":"closed","template":"","meta":{"site-sidebar-layout":"no-sidebar","site-content-layout":"page-builder","ast-site-content-layout":"normal-width-container","site-content-style":"default","site-sidebar-style":"default","ast-global-header-display":"","ast-banner-title-visibility":"","ast-main-header-display":"","ast-hfb-above-header-display":"","ast-hfb-below-header-display":"","ast-hfb-mobile-header-display":"","site-post-title":"disabled","ast-breadcrumbs-content":"","ast-featured-img":"disabled","footer-sml-layout":"","ast-disable-related-posts":"","theme-transparent-header-meta":"default","adv-header-id-meta":"","stick-header-meta":"default","header-above-stick-meta":"","header-main-stick-meta":"","header-below-stick-meta":"","astra-migrate-meta-layouts":"set","ast-page-background-enabled":"default","ast-page-background-meta":{"desktop":{"background-color":"","background-image":"","background-repeat":"repeat","background-position":"center center","background-size":"auto","background-attachment":"scroll","background-type":"","background-media":"","overlay-type":"","overlay-color":"","overlay-opacity":"","overlay-gradient":""},"tablet":{"background-color":"","background-image":"","background-repeat":"repeat","background-position":"center center","background-size":"auto","background-attachment":"scroll","background-type":"","background-media":"","overlay-type":"","overlay-color":"","overlay-opacity":"","overlay-gradient":""},"mobile":{"background-color":"","background-image":"","background-repeat":"repeat","background-position":"center center","background-size":"auto","background-attachment":"scroll","background-type":"","background-media":"","overlay-type":"","overlay-color":"","overlay-opacity":"","overlay-gradient":""}},"ast-content-background-meta":{"desktop":{"background-color":"var(--ast-global-color-5)","background-image":"","background-repeat":"repeat","background-position":"center center","background-size":"auto","background-attachment":"scroll","background-type":"","background-media":"","overlay-type":"","overlay-color":"","overlay-opacity":"","overlay-gradient":""},"tablet":{"background-color":"var(--ast-global-color-5)","background-image":"","background-repeat":"repeat","background-position":"center center","background-size":"auto","background-attachment":"scroll","background-type":"","background-media":"","overlay-type":"","overlay-color":"","overlay-opacity":"","overlay-gradient":""},"mobile":{"background-color":"var(--ast-global-color-5)","background-image":"","background-repeat":"repeat","background-position":"center center","background-size":"auto","background-attachment":"scroll","background-type":"","background-media":"","overlay-type":"","overlay-color":"","overlay-opacity":"","overlay-gradient":""}}},"product_brand":[30],"product_cat":[15,81,77,36],"product_tag":[],"class_list":{"0":"post-1854","1":"product","2":"type-product","3":"status-publish","4":"has-post-thumbnail","6":"product_brand-jnr","7":"product_cat-magasin-cigarette-electronique","8":"product_cat-puff-16k","9":"product_cat-entrepot-de-lue","10":"product_cat-jnr-16k","11":"desktop-align-center","12":"tablet-align-center","13":"mobile-align-center","14":"ast-product-gallery-layout-horizontal","15":"ast-product-gallery-with-no-image","16":"ast-product-single-variable","17":"ast-product-tabs-layout-horizontal","18":"ast-qv-on-image","20":"first","21":"instock","22":"sale","23":"shipping-taxable","24":"purchasable","25":"product-type-variable","26":"has-default-attributes"},"tiered_pricing_type":"fixed","tiered_pricing_fixed_rules":{"30":9.88,"60":9.26,"100":8.06,"200":7.38,"500":6.98,"1000":6.8},"tiered_pricing_product_settings":{"layout":"default","base_unit_name":{"singular":null,"plural":null},"default_variation":null},"tiered_pricing_minimum_quantity":null,"tiered_pricing_roles_data":[],"tiered_pricing_percentage_rules":[],"_links":{"self":[{"href":"https:\/\/puffvapestore.com\/nl\/wp-json\/wp\/v2\/product\/1854","targetHints":{"allow":["GET"]}}],"collection":[{"href":"https:\/\/puffvapestore.com\/nl\/wp-json\/wp\/v2\/product"}],"about":[{"href":"https:\/\/puffvapestore.com\/nl\/wp-json\/wp\/v2\/types\/product"}],"replies":[{"embeddable":true,"href":"https:\/\/puffvapestore.com\/nl\/wp-json\/wp\/v2\/comments?post=1854"}],"version-history":[{"count":16,"href":"https:\/\/puffvapestore.com\/nl\/wp-json\/wp\/v2\/product\/1854\/revisions"}],"predecessor-version":[{"id":17681,"href":"https:\/\/puffvapestore.com\/nl\/wp-json\/wp\/v2\/product\/1854\/revisions\/17681"}],"wp:featuredmedia":[{"embeddable":true,"href":"https:\/\/puffvapestore.com\/nl\/wp-json\/wp\/v2\/media\/1565"}],"wp:attachment":[{"href":"https:\/\/puffvapestore.com\/nl\/wp-json\/wp\/v2\/media?parent=1854"}],"wp:term":[{"taxonomy":"product_brand","embeddable":true,"href":"https:\/\/puffvapestore.com\/nl\/wp-json\/wp\/v2\/product_brand?post=1854"},{"taxonomy":"product_cat","embeddable":true,"href":"https:\/\/puffvapestore.com\/nl\/wp-json\/wp\/v2\/product_cat?post=1854"},{"taxonomy":"product_tag","embeddable":true,"href":"https:\/\/puffvapestore.com\/nl\/wp-json\/wp\/v2\/product_tag?post=1854"}],"curies":[{"name":"wp","href":"https:\/\/api.w.org\/{rel}","templated":true}]}}