{"id":1833,"date":"2025-03-27T13:10:19","date_gmt":"2025-03-27T13:10:19","guid":{"rendered":"https:\/\/puffvapestore.com\/?post_type=product&#038;p=1833"},"modified":"2026-04-20T11:06:37","modified_gmt":"2026-04-20T11:06:37","slug":"jnr-falcon-16000-mixed-berries","status":"publish","type":"product","link":"https:\/\/puffvapestore.com\/nl\/product\/jnr-falcon-16000-gemengde-bessen\/","title":{"rendered":"JNR Falcon 16000 Gemengde bessen"},"content":{"rendered":"<div data-elementor-type=\"wp-post\" data-elementor-id=\"1833\" class=\"elementor elementor-1833\">\n\t\t\t\t<div class=\"elementor-element elementor-element-824a998 e-flex e-con-boxed e-con e-parent\" data-id=\"824a998\" data-element_type=\"container\" data-e-type=\"container\">\n\t\t\t\t\t<div class=\"e-con-inner\">\n\t\t\t\t<div class=\"elementor-element elementor-element-55fd5fa elementor-widget elementor-widget-text-editor\" data-id=\"55fd5fa\" data-element_type=\"widget\" data-e-type=\"widget\" data-widget_type=\"text-editor.default\">\n\t\t\t\t<div class=\"elementor-widget-container\">\n\t\t\t\t\t\t\t\t\t<h2>JNR Falcon 16000 Gemengde rekken<\/h2><p>In Frankrijk is eten niet alleen een manier om de maag te vullen, het is ook een kunst, een plezier en een liefde voor het leven. Wijn, kaas, croissants... en natuurlijk het bedwelmende fruitaroma. De Mixed Berries smaak van de JNR Falcon 16000 is speciaal ontworpen voor liefhebbers van elektronische sigaretten die van Franse smaken houden en op zoek zijn naar een pure smaak.<\/p><p>Heb je ooit verse bessen geproefd op een zomeravond in de Provence? Of ben je ooit een patisserie tegengekomen in een hoekje van een Parijs steegje en heb je een hapje geproefd van de zoetzure bessentaart? La <strong>gemengde bessensmaak van JNR Falcon 16000<\/strong> is als een verzameling van al die prachtige herinneringen, waardoor je je in de omarming van de Franse stijl waant telkens als je de rook inhaleert.<\/p>\t\t\t\t\t\t\t\t<\/div>\n\t\t\t\t<\/div>\n\t\t\t\t\t<\/div>\n\t\t\t\t<\/div>\n\t\t<div class=\"elementor-element elementor-element-942ccb0 e-flex e-con-boxed e-con e-parent\" data-id=\"942ccb0\" data-element_type=\"container\" data-e-type=\"container\">\n\t\t\t\t\t<div class=\"e-con-inner\">\n\t\t<div class=\"elementor-element elementor-element-577deeb e-con-full e-flex e-con e-child\" data-id=\"577deeb\" data-element_type=\"container\" data-e-type=\"container\">\n\t\t\t\t<div class=\"elementor-element elementor-element-5d167cf elementor-widget elementor-widget-text-editor\" data-id=\"5d167cf\" data-element_type=\"widget\" data-e-type=\"widget\" data-widget_type=\"text-editor.default\">\n\t\t\t\t<div class=\"elementor-widget-container\">\n\t\t\t\t\t\t\t\t\t<h2>Details van JNR Falcon 16000 Gemengde Bessen<\/h2><p>Pufjes : Tot 16.000 trekjes<br \/>Vloeistof: 22 ml<br \/>Nicotineniveaus: 0 %, 2 %, 5 %<br \/>Weerstand: 1,0 ohm<br \/>Batterijcapaciteit: 850 mAh<br \/>Opladen: Type-C<br \/>Dubbele maas en dubbele kernweerstand<br \/>Afmetingen: 53,5 x 32 x 110 mm<\/p>\t\t\t\t\t\t\t\t<\/div>\n\t\t\t\t<\/div>\n\t\t\t\t<\/div>\n\t\t<div class=\"elementor-element elementor-element-d5e4b56 e-con-full e-flex e-con e-child\" data-id=\"d5e4b56\" data-element_type=\"container\" data-e-type=\"container\">\n\t\t\t\t<div class=\"elementor-element elementor-element-381dfcb elementor-widget elementor-widget-image-gallery\" data-id=\"381dfcb\" data-element_type=\"widget\" data-e-type=\"widget\" data-widget_type=\"image-gallery.default\">\n\t\t\t\t<div class=\"elementor-widget-container\">\n\t\t\t\t\t\t\t<div class=\"elementor-image-gallery\">\n\t\t\t<div id='gallery-1' class='gallery galleryid-1833 gallery-columns-1 gallery-size-medium_large'><figure class='gallery-item'>\n\t\t\t<div class='gallery-icon portrait'>\n\t\t\t\t<img fetchpriority=\"high\" decoding=\"async\" width=\"654\" height=\"690\" src=\"https:\/\/puffvapestore.com\/wp-content\/uploads\/2025\/03\/pvajf16000-17.jpg\" class=\"attachment-medium_large size-medium_large\" alt=\"JNR Falcon 16K Gemengde bessen\" aria-describedby=\"gallery-1-1564\" srcset=\"https:\/\/puffvapestore.com\/wp-content\/uploads\/2025\/03\/pvajf16000-17.jpg 654w, https:\/\/puffvapestore.com\/wp-content\/uploads\/2025\/03\/pvajf16000-17-284x300.jpg 284w, https:\/\/puffvapestore.com\/wp-content\/uploads\/2025\/03\/pvajf16000-17-600x633.jpg 600w\" sizes=\"(max-width: 654px) 100vw, 654px\" \/>\n\t\t\t<\/div>\n\t\t\t\t<figcaption class='wp-caption-text gallery-caption' id='gallery-1-1564'>\n\t\t\t\tJNR Falcon 16K Gemengde bessen\n\t\t\t\t<\/figcaption><\/figure>\n\t\t<\/div>\n\t\t<\/div>\n\t\t\t\t\t\t<\/div>\n\t\t\t\t<\/div>\n\t\t\t\t<\/div>\n\t\t\t\t\t<\/div>\n\t\t\t\t<\/div>\n\t\t<div class=\"elementor-element elementor-element-7926c6b e-flex e-con-boxed e-con e-parent\" data-id=\"7926c6b\" data-element_type=\"container\" data-e-type=\"container\">\n\t\t\t\t\t<div class=\"e-con-inner\">\n\t\t\t\t<div class=\"elementor-element elementor-element-2b41948 elementor-widget elementor-widget-text-editor\" data-id=\"2b41948\" data-element_type=\"widget\" data-e-type=\"widget\" data-widget_type=\"text-editor.default\">\n\t\t\t\t<div class=\"elementor-widget-container\">\n\t\t\t\t\t\t\t\t\t<h2>Waarom zijn gemengde bessen zo verslavend?<\/h2><h3>1. Rijk fruitig aroma, een slok die je meeneemt door de vier seizoenen.<\/h3><p>De Mixed Berries smaak combineert rijpe aardbeien, zure frambozen, verse zwarte bessen en een zoete bosbessen nasmaak, waardoor elk trekje vol smaaklagen zit. Of het nu een zomermiddag of een winternacht is, deze smaak geeft je precies de juiste hoeveelheid voldoening.<\/p><h3>2. 16.000 happen langdurige ervaring, voor een ononderbroken heerlijke smaak<\/h3><p>Hou je van bessencocktails? Stel je dit eens voor <strong>heerlijke smaak die 16.000 trekjes meegaat<\/strong>, Elke inademing is als het zachtjes nippen van een zorgvuldig samengestelde fruitige cocktail, zoet, zuur en vol nasmaak. Bovendien hoef je niet vaak van apparatuur te wisselen, zodat je jezelf kunt onderdompelen in puur genot.<\/p>\t\t\t\t\t\t\t\t<\/div>\n\t\t\t\t<\/div>\n\t\t\t\t\t<\/div>\n\t\t\t\t<\/div>\n\t\t\t\t<\/div>","protected":false},"excerpt":{"rendered":"<p>JNR Falcon 16000 Baies m\u00e9lang\u00e9es En France, la nourriture n&rsquo;est pas seulement un moyen de se remplir l&rsquo;estomac, c&rsquo;est aussi un art, un plaisir et un amour de la vie. Du vin, du fromage, des croissants\u2026 et bien s\u00fbr, l\u2019ar\u00f4me fruit\u00e9 enivrant. La saveur Mixed Berries du JNR Falcon 16000 est sp\u00e9cialement con\u00e7ue pour les [&hellip;]<\/p>\n","protected":false},"featured_media":1564,"comment_status":"open","ping_status":"closed","template":"","meta":{"site-sidebar-layout":"no-sidebar","site-content-layout":"page-builder","ast-site-content-layout":"normal-width-container","site-content-style":"default","site-sidebar-style":"default","ast-global-header-display":"","ast-banner-title-visibility":"","ast-main-header-display":"","ast-hfb-above-header-display":"","ast-hfb-below-header-display":"","ast-hfb-mobile-header-display":"","site-post-title":"disabled","ast-breadcrumbs-content":"","ast-featured-img":"disabled","footer-sml-layout":"","ast-disable-related-posts":"","theme-transparent-header-meta":"default","adv-header-id-meta":"","stick-header-meta":"default","header-above-stick-meta":"","header-main-stick-meta":"","header-below-stick-meta":"","astra-migrate-meta-layouts":"set","ast-page-background-enabled":"default","ast-page-background-meta":{"desktop":{"background-color":"","background-image":"","background-repeat":"repeat","background-position":"center center","background-size":"auto","background-attachment":"scroll","background-type":"","background-media":"","overlay-type":"","overlay-color":"","overlay-opacity":"","overlay-gradient":""},"tablet":{"background-color":"","background-image":"","background-repeat":"repeat","background-position":"center center","background-size":"auto","background-attachment":"scroll","background-type":"","background-media":"","overlay-type":"","overlay-color":"","overlay-opacity":"","overlay-gradient":""},"mobile":{"background-color":"","background-image":"","background-repeat":"repeat","background-position":"center center","background-size":"auto","background-attachment":"scroll","background-type":"","background-media":"","overlay-type":"","overlay-color":"","overlay-opacity":"","overlay-gradient":""}},"ast-content-background-meta":{"desktop":{"background-color":"var(--ast-global-color-5)","background-image":"","background-repeat":"repeat","background-position":"center center","background-size":"auto","background-attachment":"scroll","background-type":"","background-media":"","overlay-type":"","overlay-color":"","overlay-opacity":"","overlay-gradient":""},"tablet":{"background-color":"var(--ast-global-color-5)","background-image":"","background-repeat":"repeat","background-position":"center center","background-size":"auto","background-attachment":"scroll","background-type":"","background-media":"","overlay-type":"","overlay-color":"","overlay-opacity":"","overlay-gradient":""},"mobile":{"background-color":"var(--ast-global-color-5)","background-image":"","background-repeat":"repeat","background-position":"center center","background-size":"auto","background-attachment":"scroll","background-type":"","background-media":"","overlay-type":"","overlay-color":"","overlay-opacity":"","overlay-gradient":""}}},"product_brand":[30],"product_cat":[15,81,77,36],"product_tag":[],"class_list":{"0":"post-1833","1":"product","2":"type-product","3":"status-publish","4":"has-post-thumbnail","6":"product_brand-jnr","7":"product_cat-magasin-cigarette-electronique","8":"product_cat-puff-16k","9":"product_cat-entrepot-de-lue","10":"product_cat-jnr-16k","11":"desktop-align-center","12":"tablet-align-center","13":"mobile-align-center","14":"ast-product-gallery-layout-horizontal","15":"ast-product-gallery-with-no-image","16":"ast-product-single-variable","17":"ast-product-tabs-layout-horizontal","18":"ast-qv-on-image","20":"first","21":"instock","22":"sale","23":"shipping-taxable","24":"purchasable","25":"product-type-variable","26":"has-default-attributes"},"tiered_pricing_type":"fixed","tiered_pricing_fixed_rules":{"30":9.88,"60":9.26,"100":8.06,"200":7.38,"500":6.98,"1000":6.8},"tiered_pricing_product_settings":{"layout":"default","base_unit_name":{"singular":null,"plural":null},"default_variation":null},"tiered_pricing_minimum_quantity":null,"tiered_pricing_roles_data":[],"tiered_pricing_percentage_rules":[],"_links":{"self":[{"href":"https:\/\/puffvapestore.com\/nl\/wp-json\/wp\/v2\/product\/1833","targetHints":{"allow":["GET"]}}],"collection":[{"href":"https:\/\/puffvapestore.com\/nl\/wp-json\/wp\/v2\/product"}],"about":[{"href":"https:\/\/puffvapestore.com\/nl\/wp-json\/wp\/v2\/types\/product"}],"replies":[{"embeddable":true,"href":"https:\/\/puffvapestore.com\/nl\/wp-json\/wp\/v2\/comments?post=1833"}],"version-history":[{"count":16,"href":"https:\/\/puffvapestore.com\/nl\/wp-json\/wp\/v2\/product\/1833\/revisions"}],"predecessor-version":[{"id":17702,"href":"https:\/\/puffvapestore.com\/nl\/wp-json\/wp\/v2\/product\/1833\/revisions\/17702"}],"wp:featuredmedia":[{"embeddable":true,"href":"https:\/\/puffvapestore.com\/nl\/wp-json\/wp\/v2\/media\/1564"}],"wp:attachment":[{"href":"https:\/\/puffvapestore.com\/nl\/wp-json\/wp\/v2\/media?parent=1833"}],"wp:term":[{"taxonomy":"product_brand","embeddable":true,"href":"https:\/\/puffvapestore.com\/nl\/wp-json\/wp\/v2\/product_brand?post=1833"},{"taxonomy":"product_cat","embeddable":true,"href":"https:\/\/puffvapestore.com\/nl\/wp-json\/wp\/v2\/product_cat?post=1833"},{"taxonomy":"product_tag","embeddable":true,"href":"https:\/\/puffvapestore.com\/nl\/wp-json\/wp\/v2\/product_tag?post=1833"}],"curies":[{"name":"wp","href":"https:\/\/api.w.org\/{rel}","templated":true}]}}