{"id":1819,"date":"2025-03-26T01:55:05","date_gmt":"2025-03-26T01:55:05","guid":{"rendered":"https:\/\/puffvapestore.com\/?post_type=product&#038;p=1819"},"modified":"2026-04-20T11:06:44","modified_gmt":"2026-04-20T11:06:44","slug":"jnr-falcon-16000-cherry-berry","status":"publish","type":"product","link":"https:\/\/puffvapestore.com\/nl\/product\/jnr-falcon-16000-kersenbes\/","title":{"rendered":"JNR Falcon 16000 Kersenbes"},"content":{"rendered":"<div data-elementor-type=\"wp-post\" data-elementor-id=\"1819\" class=\"elementor elementor-1819\">\n\t\t\t\t<div class=\"elementor-element elementor-element-824a998 e-flex e-con-boxed e-con e-parent\" data-id=\"824a998\" data-element_type=\"container\" data-e-type=\"container\">\n\t\t\t\t\t<div class=\"e-con-inner\">\n\t\t\t\t<div class=\"elementor-element elementor-element-55fd5fa elementor-widget elementor-widget-text-editor\" data-id=\"55fd5fa\" data-element_type=\"widget\" data-e-type=\"widget\" data-widget_type=\"text-editor.default\">\n\t\t\t\t<div class=\"elementor-widget-container\">\n\t\t\t\t\t\t\t\t\t<h2>JNR Falcon 16000 Kersenbes<\/h2><p>In Frankrijk is genieten van het leven een kunst, en de elektronische sigaret <strong>JNR Falcon 16000 Kersenbes<\/strong> is de belichaming van deze kunst. Het is niet zomaar een elektronische sigaret, maar een smaakreis, een meeslepende fruitige ervaring waardoor elk trekje van de rook aanvoelt als een feest van Franse desserts.<\/p><h3>De perfecte combinatie van kersen en bessen laat je smaakpapillen dansen<\/h3><p>Als de Franse liefde voor lekker eten in \u00e9\u00e9n enkele vape-smaak zou kunnen worden gedistilleerd, dan zou dat zijn <strong>Kersen Bessen<\/strong>. De lichte zuurheid van de kersen en de zoetheid van de bessen smelten samen als een zorgvuldig bereide fruitige cocktail, met de verfrissende stimulatie van de eerste liefde en een aanhoudende zoete nasmaak. Elke keer dat je de rook inademt, is het een feest voor de zintuigen, waardoor je je in de boomgaarden van de Provence waant, met de zon en het aroma van fruit.<\/p>\t\t\t\t\t\t\t\t<\/div>\n\t\t\t\t<\/div>\n\t\t\t\t\t<\/div>\n\t\t\t\t<\/div>\n\t\t<div class=\"elementor-element elementor-element-942ccb0 e-flex e-con-boxed e-con e-parent\" data-id=\"942ccb0\" data-element_type=\"container\" data-e-type=\"container\">\n\t\t\t\t\t<div class=\"e-con-inner\">\n\t\t<div class=\"elementor-element elementor-element-577deeb e-con-full e-flex e-con e-child\" data-id=\"577deeb\" data-element_type=\"container\" data-e-type=\"container\">\n\t\t\t\t<div class=\"elementor-element elementor-element-5d167cf elementor-widget elementor-widget-text-editor\" data-id=\"5d167cf\" data-element_type=\"widget\" data-e-type=\"widget\" data-widget_type=\"text-editor.default\">\n\t\t\t\t<div class=\"elementor-widget-container\">\n\t\t\t\t\t\t\t\t\t<h2>Details van JNR Falcon 16000 Kersenbes<\/h2><p>Pufjes : Tot 16.000 trekjes<br \/>Vloeistof: 22 ml<br \/>Nicotineniveaus: 0 %, 2 %, 5 %<br \/>Weerstand: 1,0 ohm<br \/>Batterijcapaciteit: 850 mAh<br \/>Opladen: Type-C<br \/>Dubbele maas en dubbele kernweerstand<br \/>Afmetingen: 53,5 x 32 x 110 mm<\/p>\t\t\t\t\t\t\t\t<\/div>\n\t\t\t\t<\/div>\n\t\t\t\t<\/div>\n\t\t<div class=\"elementor-element elementor-element-d5e4b56 e-con-full e-flex e-con e-child\" data-id=\"d5e4b56\" data-element_type=\"container\" data-e-type=\"container\">\n\t\t\t\t<div class=\"elementor-element elementor-element-381dfcb elementor-widget elementor-widget-image-gallery\" data-id=\"381dfcb\" data-element_type=\"widget\" data-e-type=\"widget\" data-widget_type=\"image-gallery.default\">\n\t\t\t\t<div class=\"elementor-widget-container\">\n\t\t\t\t\t\t\t<div class=\"elementor-image-gallery\">\n\t\t\t<div id='gallery-1' class='gallery galleryid-1819 gallery-columns-1 gallery-size-medium_large'><figure class='gallery-item'>\n\t\t\t<div class='gallery-icon portrait'>\n\t\t\t\t<img fetchpriority=\"high\" decoding=\"async\" width=\"654\" height=\"690\" src=\"https:\/\/puffvapestore.com\/wp-content\/uploads\/2025\/03\/pvajf16000-15.jpg\" class=\"attachment-medium_large size-medium_large\" alt=\"JNR Falcon 16K Kersenbes\" aria-describedby=\"gallery-1-1562\" srcset=\"https:\/\/puffvapestore.com\/wp-content\/uploads\/2025\/03\/pvajf16000-15.jpg 654w, https:\/\/puffvapestore.com\/wp-content\/uploads\/2025\/03\/pvajf16000-15-284x300.jpg 284w, https:\/\/puffvapestore.com\/wp-content\/uploads\/2025\/03\/pvajf16000-15-600x633.jpg 600w\" sizes=\"(max-width: 654px) 100vw, 654px\" \/>\n\t\t\t<\/div>\n\t\t\t\t<figcaption class='wp-caption-text gallery-caption' id='gallery-1-1562'>\n\t\t\t\tJNR Falcon 16K Kersenbes\n\t\t\t\t<\/figcaption><\/figure>\n\t\t<\/div>\n\t\t<\/div>\n\t\t\t\t\t\t<\/div>\n\t\t\t\t<\/div>\n\t\t\t\t<\/div>\n\t\t\t\t\t<\/div>\n\t\t\t\t<\/div>\n\t\t<div class=\"elementor-element elementor-element-7926c6b e-flex e-con-boxed e-con e-parent\" data-id=\"7926c6b\" data-element_type=\"container\" data-e-type=\"container\">\n\t\t\t\t\t<div class=\"e-con-inner\">\n\t\t\t\t<div class=\"elementor-element elementor-element-2b41948 elementor-widget elementor-widget-text-editor\" data-id=\"2b41948\" data-element_type=\"widget\" data-e-type=\"widget\" data-widget_type=\"text-editor.default\">\n\t\t\t\t<div class=\"elementor-widget-container\">\n\t\t\t\t\t\t\t\t\t<h3>16.000 rookwolken om je elke avond in Parijs te vergezellen<\/h3><p>Op een avond in Parijs, de wind waait langs de Seine, je zit in een openluchtcaf\u00e9, met vertrouwde vrienden aan je zijde en een glas rode wijn vers ingeschonken op tafel. In je hand houd je een <strong>JNR Falcon 16000 Kersenbes<\/strong>. Zodra je een trekje neemt, waait het aroma van kersen en bessen je mond binnen, alsof het de nacht nog romantischer maakt. Met een langdurige ervaring van 16.000 trekjes hoef je je geen zorgen te maken over het vervangen van je apparaat, maar kun je jezelf onderdompelen in deze reis van Franse smaken.<\/p><h3>Een krachtige batterij en twee oplaadpoorten maken wachten verleden tijd<\/h3><p>JNR Falcon 16000 Cherry Berry is niet alleen lekker, maar ook krachtig. De batterij met een hoge capaciteit van 850 mAh garandeert langdurig gebruik, dus zelfs e-sigaret fans hoeven niet vaak op te laden. De dubbele Type-C en Lightning oplaadpoorten maken het gemakkelijk om je MacBook of iPhone op te laden, zodat je je geen zorgen meer hoeft te maken over \u00abwaar is de oplader?\u00bb.\u00bb<\/p><h3>Grote rook + dubbelmazige spoel, elk trekje is een meeslepend genot<\/h3><p>Als je van een zachte rook houdt, zal de JNR Falcon 16000 Cherry Berry je nooit teleurstellen. Dual mesh coil technologie zorgt voor een zachtere, vollere rook, en elk trekje rook is zo zacht als een mellow wijn. Of je nu op straat loopt, geniet van het ochtendlicht op het balkon of met vrienden kletst op een avondfeest, het kan een perfecte metgezel in je hand zijn.<\/p><h3>Een symbool van Franse elegantie, perfect afgestemd op het moderne leven<\/h3><p>De Fransen hebben nooit concessies gedaan aan hun zoektocht naar esthetiek, en de <strong>JNR Falcon 16000 Kersenbes<\/strong> is geen uitzondering. Eenvoudig, verfijnd ontwerp, vloeiende lijnen en een eersteklas textuur, perfect passend bij uw levensstijl. Het is niet alleen een elektronische sigaret, het is een levenshouding: elegant, verfijnd en geraffineerd.<\/p>\t\t\t\t\t\t\t\t<\/div>\n\t\t\t\t<\/div>\n\t\t\t\t\t<\/div>\n\t\t\t\t<\/div>\n\t\t\t\t<\/div>","protected":false},"excerpt":{"rendered":"<p>JNR Falcon 16000 Cherry Berry En France, profiter de la vie est un art, et la cigarette \u00e9lectronique JNR Falcon 16000 Cherry Berry est l&rsquo;incarnation de cet art. Ce n\u2019est pas seulement une cigarette \u00e9lectronique, mais un voyage gustatif, une exp\u00e9rience fruit\u00e9e immersive qui fait que chaque bouff\u00e9e de fum\u00e9e ressemble \u00e0 un festin de [&hellip;]<\/p>\n","protected":false},"featured_media":1562,"comment_status":"open","ping_status":"closed","template":"","meta":{"site-sidebar-layout":"no-sidebar","site-content-layout":"page-builder","ast-site-content-layout":"normal-width-container","site-content-style":"default","site-sidebar-style":"default","ast-global-header-display":"","ast-banner-title-visibility":"","ast-main-header-display":"","ast-hfb-above-header-display":"","ast-hfb-below-header-display":"","ast-hfb-mobile-header-display":"","site-post-title":"disabled","ast-breadcrumbs-content":"","ast-featured-img":"disabled","footer-sml-layout":"","ast-disable-related-posts":"","theme-transparent-header-meta":"default","adv-header-id-meta":"","stick-header-meta":"default","header-above-stick-meta":"","header-main-stick-meta":"","header-below-stick-meta":"","astra-migrate-meta-layouts":"set","ast-page-background-enabled":"default","ast-page-background-meta":{"desktop":{"background-color":"","background-image":"","background-repeat":"repeat","background-position":"center center","background-size":"auto","background-attachment":"scroll","background-type":"","background-media":"","overlay-type":"","overlay-color":"","overlay-opacity":"","overlay-gradient":""},"tablet":{"background-color":"","background-image":"","background-repeat":"repeat","background-position":"center center","background-size":"auto","background-attachment":"scroll","background-type":"","background-media":"","overlay-type":"","overlay-color":"","overlay-opacity":"","overlay-gradient":""},"mobile":{"background-color":"","background-image":"","background-repeat":"repeat","background-position":"center center","background-size":"auto","background-attachment":"scroll","background-type":"","background-media":"","overlay-type":"","overlay-color":"","overlay-opacity":"","overlay-gradient":""}},"ast-content-background-meta":{"desktop":{"background-color":"var(--ast-global-color-5)","background-image":"","background-repeat":"repeat","background-position":"center center","background-size":"auto","background-attachment":"scroll","background-type":"","background-media":"","overlay-type":"","overlay-color":"","overlay-opacity":"","overlay-gradient":""},"tablet":{"background-color":"var(--ast-global-color-5)","background-image":"","background-repeat":"repeat","background-position":"center center","background-size":"auto","background-attachment":"scroll","background-type":"","background-media":"","overlay-type":"","overlay-color":"","overlay-opacity":"","overlay-gradient":""},"mobile":{"background-color":"var(--ast-global-color-5)","background-image":"","background-repeat":"repeat","background-position":"center center","background-size":"auto","background-attachment":"scroll","background-type":"","background-media":"","overlay-type":"","overlay-color":"","overlay-opacity":"","overlay-gradient":""}}},"product_brand":[30],"product_cat":[15,81,77,36],"product_tag":[],"class_list":{"0":"post-1819","1":"product","2":"type-product","3":"status-publish","4":"has-post-thumbnail","6":"product_brand-jnr","7":"product_cat-magasin-cigarette-electronique","8":"product_cat-puff-16k","9":"product_cat-entrepot-de-lue","10":"product_cat-jnr-16k","11":"desktop-align-center","12":"tablet-align-center","13":"mobile-align-center","14":"ast-product-gallery-layout-horizontal","15":"ast-product-gallery-with-no-image","16":"ast-product-single-variable","17":"ast-product-tabs-layout-horizontal","18":"ast-qv-on-image","20":"first","21":"instock","22":"sale","23":"shipping-taxable","24":"purchasable","25":"product-type-variable","26":"has-default-attributes"},"tiered_pricing_type":"fixed","tiered_pricing_fixed_rules":{"30":9.88,"60":9.26,"100":8.06,"200":7.38,"500":6.98,"1000":6.8},"tiered_pricing_product_settings":{"layout":"default","base_unit_name":{"singular":null,"plural":null},"default_variation":null},"tiered_pricing_minimum_quantity":null,"tiered_pricing_roles_data":[],"tiered_pricing_percentage_rules":[],"_links":{"self":[{"href":"https:\/\/puffvapestore.com\/nl\/wp-json\/wp\/v2\/product\/1819","targetHints":{"allow":["GET"]}}],"collection":[{"href":"https:\/\/puffvapestore.com\/nl\/wp-json\/wp\/v2\/product"}],"about":[{"href":"https:\/\/puffvapestore.com\/nl\/wp-json\/wp\/v2\/types\/product"}],"replies":[{"embeddable":true,"href":"https:\/\/puffvapestore.com\/nl\/wp-json\/wp\/v2\/comments?post=1819"}],"version-history":[{"count":16,"href":"https:\/\/puffvapestore.com\/nl\/wp-json\/wp\/v2\/product\/1819\/revisions"}],"predecessor-version":[{"id":17707,"href":"https:\/\/puffvapestore.com\/nl\/wp-json\/wp\/v2\/product\/1819\/revisions\/17707"}],"wp:featuredmedia":[{"embeddable":true,"href":"https:\/\/puffvapestore.com\/nl\/wp-json\/wp\/v2\/media\/1562"}],"wp:attachment":[{"href":"https:\/\/puffvapestore.com\/nl\/wp-json\/wp\/v2\/media?parent=1819"}],"wp:term":[{"taxonomy":"product_brand","embeddable":true,"href":"https:\/\/puffvapestore.com\/nl\/wp-json\/wp\/v2\/product_brand?post=1819"},{"taxonomy":"product_cat","embeddable":true,"href":"https:\/\/puffvapestore.com\/nl\/wp-json\/wp\/v2\/product_cat?post=1819"},{"taxonomy":"product_tag","embeddable":true,"href":"https:\/\/puffvapestore.com\/nl\/wp-json\/wp\/v2\/product_tag?post=1819"}],"curies":[{"name":"wp","href":"https:\/\/api.w.org\/{rel}","templated":true}]}}